{"id":10527,"date":"2024-02-16T15:11:09","date_gmt":"2024-02-16T12:11:09","guid":{"rendered":"https:\/\/cubo.com.tr\/?page_id=10527"},"modified":"2024-04-04T13:29:02","modified_gmt":"2024-04-04T10:29:02","slug":"havuz","status":"publish","type":"page","link":"https:\/\/cubo.com.tr\/en\/havuz\/","title":{"rendered":"Pool"},"content":{"rendered":"<div id=\"fws_69e8eb32c2f9d\"  data-column-margin=\"default\" data-midnight=\"dark\" data-top-percent=\"8%\" data-bottom-percent=\"8%\"  class=\"wpb_row vc_row-fluid vc_row full-width-section\"  style=\"padding-top: calc(100vw * 0.08); padding-bottom: calc(100vw * 0.08); \"><div class=\"row-bg-wrap\" data-bg-animation=\"none\" data-bg-animation-delay=\"\" data-bg-overlay=\"false\"><div class=\"inner-wrap row-bg-layer\" ><div class=\"row-bg viewport-desktop\"  style=\"\"><\/div><\/div><\/div><div class=\"row_col_wrap_12 col span_12 dark left\">\n\t<div  class=\"vc_col-sm-12 wpb_column column_container vc_column_container col no-extra-padding inherit_tablet inherit_phone\"  data-padding-pos=\"all\" data-has-bg-color=\"false\" data-bg-color=\"\" data-bg-opacity=\"1\" data-animation=\"\" data-delay=\"0\" >\n\t\t<div class=\"vc_column-inner\" >\n\t\t\t<div class=\"wpb_wrapper\">\n\t\t\t\t<div class=\"nectar-split-heading\" data-align=\"default\" data-m-align=\"inherit\" data-text-effect=\"default\" data-animation-type=\"line-reveal-by-space\" data-animation-delay=\"0\" data-animation-offset=\"\" data-m-rm-animation=\"\" data-stagger=\"\" data-custom-font-size=\"false\" ><h2 >Ceramic Adhesives and Joint Fillers<\/h2><\/div><div class=\"woocommerce columns-4\">\n\t\t\n\t\t\n\t\t\n  <ul class=\"products columns-4\" data-n-lazy=\"off\" data-rm-m-hover=\"off\" data-n-desktop-columns=\"4\" data-n-desktop-small-columns=\"3\" data-n-tablet-columns=\"default\" data-n-phone-columns=\"default\" data-product-style=\"classic\">\n\n\n\n\t\t\t\n\t\t\t\t\n\t<li class=\"classic product type-product post-9322 status-publish first instock product_cat-cimento-esasli-yapistirici-ve-derz-dolgular product_cat-cubo-build-yapi-sistemleri product_cat-seramik-yapistirici-ve-derz-dolgular has-post-thumbnail shipping-taxable product-type-simple\" >\n\n\n\t\n\n\t\t\t   <div class=\"product-wrap\">\n\t\t\t<a href=\"https:\/\/cubo.com.tr\/en\/cubofix-cta-600h-havuz-seramik-yapistirima-harci-c2te\/\" aria-label=\"CUBOFIX CTA-600H HAVUZ SERAM\u0130K YAPI\u015eTIRIMA HARCI - C2TE\"><img loading=\"lazy\" decoding=\"async\" width=\"300\" height=\"300\" src=\"https:\/\/cubo.com.tr\/wp-content\/uploads\/CuboFix-CTA-600H-Havuz-Seramik-Yapistirma-Harci.png\" class=\"attachment-woocommerce_thumbnail size-woocommerce_thumbnail\" alt=\"\" \/><\/a>\n\t\t\t<div class=\"product-add-to-cart\" data-nectar-quickview=\"false\"><a href=\"https:\/\/cubo.com.tr\/en\/cubofix-cta-600h-havuz-seramik-yapistirima-harci-c2te\/\" aria-describedby=\"woocommerce_loop_add_to_cart_link_describedby_9322\" data-quantity=\"1\" class=\"button product_type_simple\" data-product_id=\"9322\" data-product_sku=\"\" aria-label=\"Read more about \u201cCUBOFIX CTA-600H HAVUZ SERAM\u0130K YAPI\u015eTIRIMA HARCI - C2TE\u201d\" rel=\"nofollow\" data-success_message=\"\" data-no-translation=\"\" data-trp-gettext=\"\" data-no-translation-aria-label=\"\">Read more<\/a><span id=\"woocommerce_loop_add_to_cart_link_describedby_9322\" class=\"screen-reader-text\">\n\t<\/span><\/div>\t\t   <\/div>\n\t\t\t\t\n\t  \n\n\t\t<h2 class=\"woocommerce-loop-product__title\">CUBOFIX CTA-600H HAVUZ SERAM\u0130K YAPI\u015eTIRIMA HARCI &#8211; C2TE<\/h2>\n\n\t\n\n\t\n<\/li>\n\t\t\t\n\t\t\t\t\n\t<li class=\"classic product type-product post-9330 status-publish instock product_cat-cimento-esasli-yapistirici-ve-derz-dolgular product_cat-cubo-build-yapi-sistemleri product_cat-seramik-yapistirici-ve-derz-dolgular has-post-thumbnail shipping-taxable product-type-simple\" >\n\n\n\t\n\n\t\t\t   <div class=\"product-wrap\">\n\t\t\t<a href=\"https:\/\/cubo.com.tr\/en\/cubofix-cdd-s700-silikonlu-flex-derz-dolgu-3-10-mm\/\" aria-label=\"CUBOFIX CDD-S700 S\u0130L\u0130KONLU FLEX DERZ DOLGU 3-10 MM - CG2WA\"><img loading=\"lazy\" decoding=\"async\" width=\"300\" height=\"300\" src=\"https:\/\/cubo.com.tr\/wp-content\/uploads\/CuboFix-CDD-S700-Silikonlu-Flex-Derz-Dolgu-20kg.png\" class=\"attachment-woocommerce_thumbnail size-woocommerce_thumbnail\" alt=\"\" \/><\/a>\n\t\t\t<div class=\"product-add-to-cart\" data-nectar-quickview=\"false\"><a href=\"https:\/\/cubo.com.tr\/en\/cubofix-cdd-s700-silikonlu-flex-derz-dolgu-3-10-mm\/\" aria-describedby=\"woocommerce_loop_add_to_cart_link_describedby_9330\" data-quantity=\"1\" class=\"button product_type_simple\" data-product_id=\"9330\" data-product_sku=\"\" aria-label=\"Read more about \u201cCUBOFIX CDD-S700 S\u0130L\u0130KONLU FLEX DERZ DOLGU 3-10 MM - CG2WA\u201d\" rel=\"nofollow\" data-success_message=\"\" data-no-translation=\"\" data-trp-gettext=\"\" data-no-translation-aria-label=\"\">Read more<\/a><span id=\"woocommerce_loop_add_to_cart_link_describedby_9330\" class=\"screen-reader-text\">\n\t<\/span><\/div>\t\t   <\/div>\n\t\t\t\t\n\t  \n\n\t\t<h2 class=\"woocommerce-loop-product__title\">CUBOFIX CDD-S700 SILICONE FLEX JOINT FILLER 3-10 MM \u2013 CG2WA<\/h2>\n\n\t\n\n\t\n<\/li>\n\t\t\t\n\t\t<\/ul>\n\n\t\t\n\t<\/div><div class=\"divider-wrap\" data-alignment=\"default\"><div style=\"height: 50px;\" class=\"divider\"><\/div><\/div><div class=\"nectar-split-heading\" data-align=\"default\" data-m-align=\"inherit\" data-text-effect=\"default\" data-animation-type=\"line-reveal-by-space\" data-animation-delay=\"0\" data-animation-offset=\"\" data-m-rm-animation=\"\" data-stagger=\"\" data-custom-font-size=\"false\" ><h2 >Water Insulation<\/h2><\/div><div class=\"woocommerce columns-4\">\n\t\t\n\t\t\n\t\t\n  <ul class=\"products columns-4\" data-n-lazy=\"off\" data-rm-m-hover=\"off\" data-n-desktop-columns=\"4\" data-n-desktop-small-columns=\"3\" data-n-tablet-columns=\"default\" data-n-phone-columns=\"default\" data-product-style=\"classic\">\n\n\n\n\t\t\t\n\t\t\t\t\n\t<li class=\"classic product type-product post-9371 status-publish instock product_cat-cimento-esasli-su-yalitim product_cat-cubo-insulation-yalitim-sistemleri product_cat-su-yalitim has-post-thumbnail shipping-taxable product-type-simple\" >\n\n\n\t\n\n\t\t\t   <div class=\"product-wrap\">\n\t\t\t<a href=\"https:\/\/cubo.com.tr\/en\/__trashed-34\/\" aria-label=\"CUBOSEAL CA 20 SEMI-ELASTIC WATERPROOFING MATERIAL\"><img loading=\"lazy\" decoding=\"async\" width=\"300\" height=\"300\" src=\"https:\/\/cubo.com.tr\/wp-content\/uploads\/2024\/01\/CS1-CUBOSEAL-CA-20-YARI-ELASTIK-SU-YALITIM-MALZEMESI-300x300.png\" class=\"attachment-woocommerce_thumbnail size-woocommerce_thumbnail\" alt=\"\" srcset=\"https:\/\/cubo.com.tr\/wp-content\/uploads\/2024\/01\/CS1-CUBOSEAL-CA-20-YARI-ELASTIK-SU-YALITIM-MALZEMESI-300x300.png 300w, https:\/\/cubo.com.tr\/wp-content\/uploads\/2024\/01\/CS1-CUBOSEAL-CA-20-YARI-ELASTIK-SU-YALITIM-MALZEMESI-1024x1024.png 1024w, https:\/\/cubo.com.tr\/wp-content\/uploads\/2024\/01\/CS1-CUBOSEAL-CA-20-YARI-ELASTIK-SU-YALITIM-MALZEMESI-150x150.png 150w, https:\/\/cubo.com.tr\/wp-content\/uploads\/2024\/01\/CS1-CUBOSEAL-CA-20-YARI-ELASTIK-SU-YALITIM-MALZEMESI-768x768.png 768w, https:\/\/cubo.com.tr\/wp-content\/uploads\/2024\/01\/CS1-CUBOSEAL-CA-20-YARI-ELASTIK-SU-YALITIM-MALZEMESI-140x140.png 140w, https:\/\/cubo.com.tr\/wp-content\/uploads\/2024\/01\/CS1-CUBOSEAL-CA-20-YARI-ELASTIK-SU-YALITIM-MALZEMESI-100x100.png 100w, https:\/\/cubo.com.tr\/wp-content\/uploads\/2024\/01\/CS1-CUBOSEAL-CA-20-YARI-ELASTIK-SU-YALITIM-MALZEMESI-500x500.png 500w, https:\/\/cubo.com.tr\/wp-content\/uploads\/2024\/01\/CS1-CUBOSEAL-CA-20-YARI-ELASTIK-SU-YALITIM-MALZEMESI-350x350.png 350w, https:\/\/cubo.com.tr\/wp-content\/uploads\/2024\/01\/CS1-CUBOSEAL-CA-20-YARI-ELASTIK-SU-YALITIM-MALZEMESI-1000x1000.png 1000w, https:\/\/cubo.com.tr\/wp-content\/uploads\/2024\/01\/CS1-CUBOSEAL-CA-20-YARI-ELASTIK-SU-YALITIM-MALZEMESI-800x800.png 800w, https:\/\/cubo.com.tr\/wp-content\/uploads\/2024\/01\/CS1-CUBOSEAL-CA-20-YARI-ELASTIK-SU-YALITIM-MALZEMESI-600x600.png 600w, https:\/\/cubo.com.tr\/wp-content\/uploads\/2024\/01\/CS1-CUBOSEAL-CA-20-YARI-ELASTIK-SU-YALITIM-MALZEMESI.png 1181w\" sizes=\"auto, (max-width: 300px) 100vw, 300px\" \/><\/a>\n\t\t\t<div class=\"product-add-to-cart\" data-nectar-quickview=\"false\"><a href=\"https:\/\/cubo.com.tr\/en\/__trashed-34\/\" aria-describedby=\"woocommerce_loop_add_to_cart_link_describedby_9371\" data-quantity=\"1\" class=\"button product_type_simple\" data-product_id=\"9371\" data-product_sku=\"\" aria-label=\"Read more about \u201cCUBOSEAL CA 20 YARI ELAST\u0130K SU YALITIM MALZEMES\u0130\u201d\" rel=\"nofollow\" data-success_message=\"\" data-no-translation=\"\" data-trp-gettext=\"\" data-no-translation-aria-label=\"\">Read more<\/a><span id=\"woocommerce_loop_add_to_cart_link_describedby_9371\" class=\"screen-reader-text\">\n\t<\/span><\/div>\t\t   <\/div>\n\t\t\t\t\n\t  \n\n\t\t<h2 class=\"woocommerce-loop-product__title\">CUBOSEAL CA 20 SEMI-ELASTIC WATERPROOFING MATERIAL<\/h2>\n\n\t\n\n\t\n<\/li>\n\t\t\t\n\t\t\t\t\n\t<li class=\"classic product type-product post-9374 status-publish last instock product_cat-cimento-esasli-su-yalitim product_cat-cubo-insulation-yalitim-sistemleri product_cat-su-yalitim has-post-thumbnail shipping-taxable product-type-simple\" >\n\n\n\t\n\n\t\t\t   <div class=\"product-wrap\">\n\t\t\t<a href=\"https:\/\/cubo.com.tr\/en\/cuboseal-ca-30-tam-elastik-su-yalitim-malzemesi\/\" aria-label=\"CUBOSEAL CA 30 FULLY ELASTIC WATERPROOFING MATERIAL\"><img loading=\"lazy\" decoding=\"async\" width=\"300\" height=\"300\" src=\"https:\/\/cubo.com.tr\/wp-content\/uploads\/2024\/01\/CS2-CUBOSEAL-CA-30-TAM-ELASTIK-SU-YALITIM-MALZEMESI-300x300.png\" class=\"attachment-woocommerce_thumbnail size-woocommerce_thumbnail\" alt=\"\" srcset=\"https:\/\/cubo.com.tr\/wp-content\/uploads\/2024\/01\/CS2-CUBOSEAL-CA-30-TAM-ELASTIK-SU-YALITIM-MALZEMESI-300x300.png 300w, https:\/\/cubo.com.tr\/wp-content\/uploads\/2024\/01\/CS2-CUBOSEAL-CA-30-TAM-ELASTIK-SU-YALITIM-MALZEMESI-1024x1024.png 1024w, https:\/\/cubo.com.tr\/wp-content\/uploads\/2024\/01\/CS2-CUBOSEAL-CA-30-TAM-ELASTIK-SU-YALITIM-MALZEMESI-150x150.png 150w, https:\/\/cubo.com.tr\/wp-content\/uploads\/2024\/01\/CS2-CUBOSEAL-CA-30-TAM-ELASTIK-SU-YALITIM-MALZEMESI-768x768.png 768w, https:\/\/cubo.com.tr\/wp-content\/uploads\/2024\/01\/CS2-CUBOSEAL-CA-30-TAM-ELASTIK-SU-YALITIM-MALZEMESI-140x140.png 140w, https:\/\/cubo.com.tr\/wp-content\/uploads\/2024\/01\/CS2-CUBOSEAL-CA-30-TAM-ELASTIK-SU-YALITIM-MALZEMESI-100x100.png 100w, https:\/\/cubo.com.tr\/wp-content\/uploads\/2024\/01\/CS2-CUBOSEAL-CA-30-TAM-ELASTIK-SU-YALITIM-MALZEMESI-500x500.png 500w, https:\/\/cubo.com.tr\/wp-content\/uploads\/2024\/01\/CS2-CUBOSEAL-CA-30-TAM-ELASTIK-SU-YALITIM-MALZEMESI-350x350.png 350w, https:\/\/cubo.com.tr\/wp-content\/uploads\/2024\/01\/CS2-CUBOSEAL-CA-30-TAM-ELASTIK-SU-YALITIM-MALZEMESI-1000x1000.png 1000w, https:\/\/cubo.com.tr\/wp-content\/uploads\/2024\/01\/CS2-CUBOSEAL-CA-30-TAM-ELASTIK-SU-YALITIM-MALZEMESI-800x800.png 800w, https:\/\/cubo.com.tr\/wp-content\/uploads\/2024\/01\/CS2-CUBOSEAL-CA-30-TAM-ELASTIK-SU-YALITIM-MALZEMESI-600x600.png 600w, https:\/\/cubo.com.tr\/wp-content\/uploads\/2024\/01\/CS2-CUBOSEAL-CA-30-TAM-ELASTIK-SU-YALITIM-MALZEMESI.png 1181w\" sizes=\"auto, (max-width: 300px) 100vw, 300px\" \/><\/a>\n\t\t\t<div class=\"product-add-to-cart\" data-nectar-quickview=\"false\"><a href=\"https:\/\/cubo.com.tr\/en\/cuboseal-ca-30-tam-elastik-su-yalitim-malzemesi\/\" aria-describedby=\"woocommerce_loop_add_to_cart_link_describedby_9374\" data-quantity=\"1\" class=\"button product_type_simple\" data-product_id=\"9374\" data-product_sku=\"\" aria-label=\"Read more about \u201cCUBOSEAL CA 30 TAM ELAST\u0130K SU YALITIM MALZEMES\u0130\u201d\" rel=\"nofollow\" data-success_message=\"\" data-no-translation=\"\" data-trp-gettext=\"\" data-no-translation-aria-label=\"\">Read more<\/a><span id=\"woocommerce_loop_add_to_cart_link_describedby_9374\" class=\"screen-reader-text\">\n\t<\/span><\/div>\t\t   <\/div>\n\t\t\t\t\n\t  \n\n\t\t<h2 class=\"woocommerce-loop-product__title\">CUBOSEAL CA 30 FULLY ELASTIC WATERPROOFING MATERIAL<\/h2>\n\n\t\n\n\t\n<\/li>\n\t\t\t\n\t\t\t\t\n\t<li class=\"classic product type-product post-9375 status-publish first instock product_cat-cimento-esasli-su-yalitim product_cat-cubo-insulation-yalitim-sistemleri product_cat-su-yalitim has-post-thumbnail shipping-taxable product-type-simple\" >\n\n\n\t\n\n\t\t\t   <div class=\"product-wrap\">\n\t\t\t<a href=\"https:\/\/cubo.com.tr\/en\/cuboseal-ca-30-uv-tam-elastik-su-yalitim-malzemesi\/\" aria-label=\"CUBOSEAL CA 30 UV FULLY ELASTIC WATERPROOFING MATERIAL\"><img loading=\"lazy\" decoding=\"async\" width=\"300\" height=\"300\" src=\"https:\/\/cubo.com.tr\/wp-content\/uploads\/2024\/01\/CS3-CUBOSEAL-CA-30-UV-TAM-ELASTIK-SU-YALITIM-MALZEMESI_-300x300.png\" class=\"attachment-woocommerce_thumbnail size-woocommerce_thumbnail\" alt=\"\" srcset=\"https:\/\/cubo.com.tr\/wp-content\/uploads\/2024\/01\/CS3-CUBOSEAL-CA-30-UV-TAM-ELASTIK-SU-YALITIM-MALZEMESI_-300x300.png 300w, https:\/\/cubo.com.tr\/wp-content\/uploads\/2024\/01\/CS3-CUBOSEAL-CA-30-UV-TAM-ELASTIK-SU-YALITIM-MALZEMESI_-1024x1024.png 1024w, https:\/\/cubo.com.tr\/wp-content\/uploads\/2024\/01\/CS3-CUBOSEAL-CA-30-UV-TAM-ELASTIK-SU-YALITIM-MALZEMESI_-150x150.png 150w, https:\/\/cubo.com.tr\/wp-content\/uploads\/2024\/01\/CS3-CUBOSEAL-CA-30-UV-TAM-ELASTIK-SU-YALITIM-MALZEMESI_-768x768.png 768w, https:\/\/cubo.com.tr\/wp-content\/uploads\/2024\/01\/CS3-CUBOSEAL-CA-30-UV-TAM-ELASTIK-SU-YALITIM-MALZEMESI_-140x140.png 140w, https:\/\/cubo.com.tr\/wp-content\/uploads\/2024\/01\/CS3-CUBOSEAL-CA-30-UV-TAM-ELASTIK-SU-YALITIM-MALZEMESI_-100x100.png 100w, https:\/\/cubo.com.tr\/wp-content\/uploads\/2024\/01\/CS3-CUBOSEAL-CA-30-UV-TAM-ELASTIK-SU-YALITIM-MALZEMESI_-500x500.png 500w, https:\/\/cubo.com.tr\/wp-content\/uploads\/2024\/01\/CS3-CUBOSEAL-CA-30-UV-TAM-ELASTIK-SU-YALITIM-MALZEMESI_-350x350.png 350w, https:\/\/cubo.com.tr\/wp-content\/uploads\/2024\/01\/CS3-CUBOSEAL-CA-30-UV-TAM-ELASTIK-SU-YALITIM-MALZEMESI_-1000x1000.png 1000w, https:\/\/cubo.com.tr\/wp-content\/uploads\/2024\/01\/CS3-CUBOSEAL-CA-30-UV-TAM-ELASTIK-SU-YALITIM-MALZEMESI_-800x800.png 800w, https:\/\/cubo.com.tr\/wp-content\/uploads\/2024\/01\/CS3-CUBOSEAL-CA-30-UV-TAM-ELASTIK-SU-YALITIM-MALZEMESI_-600x600.png 600w, https:\/\/cubo.com.tr\/wp-content\/uploads\/2024\/01\/CS3-CUBOSEAL-CA-30-UV-TAM-ELASTIK-SU-YALITIM-MALZEMESI_.png 1181w\" sizes=\"auto, (max-width: 300px) 100vw, 300px\" \/><\/a>\n\t\t\t<div class=\"product-add-to-cart\" data-nectar-quickview=\"false\"><a href=\"https:\/\/cubo.com.tr\/en\/cuboseal-ca-30-uv-tam-elastik-su-yalitim-malzemesi\/\" aria-describedby=\"woocommerce_loop_add_to_cart_link_describedby_9375\" data-quantity=\"1\" class=\"button product_type_simple\" data-product_id=\"9375\" data-product_sku=\"\" aria-label=\"Read more about \u201cCUBOSEAL CA 30 UV TAM ELAST\u0130K SU YALITIM MALZEMES\u0130\u201d\" rel=\"nofollow\" data-success_message=\"\" data-no-translation=\"\" data-trp-gettext=\"\" data-no-translation-aria-label=\"\">Read more<\/a><span id=\"woocommerce_loop_add_to_cart_link_describedby_9375\" class=\"screen-reader-text\">\n\t<\/span><\/div>\t\t   <\/div>\n\t\t\t\t\n\t  \n\n\t\t<h2 class=\"woocommerce-loop-product__title\">CUBOSEAL CA 30 UV FULLY ELASTIC WATERPROOFING MATERIAL<\/h2>\n\n\t\n\n\t\n<\/li>\n\t\t\t\n\t\t\t\t\n\t<li class=\"classic product type-product post-9376 status-publish instock product_cat-cimento-esasli-su-yalitim product_cat-cubo-insulation-yalitim-sistemleri product_cat-su-yalitim has-post-thumbnail shipping-taxable product-type-simple\" >\n\n\n\t\n\n\t\t\t   <div class=\"product-wrap\">\n\t\t\t<a href=\"https:\/\/cubo.com.tr\/en\/cuboseal-cr-kristalize-su-yalitim-malzemesi\/\" aria-label=\"CUBOSEAL CR CRYSTALLIZED WATERPROOFING MATERIAL\"><img loading=\"lazy\" decoding=\"async\" width=\"300\" height=\"300\" src=\"https:\/\/cubo.com.tr\/wp-content\/uploads\/2024\/01\/CS4-CUBOSEAL-CR-KRISTALIZE-SU-YALITIM-MALZEMESI-300x300.png\" class=\"attachment-woocommerce_thumbnail size-woocommerce_thumbnail\" alt=\"\" srcset=\"https:\/\/cubo.com.tr\/wp-content\/uploads\/2024\/01\/CS4-CUBOSEAL-CR-KRISTALIZE-SU-YALITIM-MALZEMESI-300x300.png 300w, https:\/\/cubo.com.tr\/wp-content\/uploads\/2024\/01\/CS4-CUBOSEAL-CR-KRISTALIZE-SU-YALITIM-MALZEMESI-1024x1024.png 1024w, https:\/\/cubo.com.tr\/wp-content\/uploads\/2024\/01\/CS4-CUBOSEAL-CR-KRISTALIZE-SU-YALITIM-MALZEMESI-150x150.png 150w, https:\/\/cubo.com.tr\/wp-content\/uploads\/2024\/01\/CS4-CUBOSEAL-CR-KRISTALIZE-SU-YALITIM-MALZEMESI-768x768.png 768w, https:\/\/cubo.com.tr\/wp-content\/uploads\/2024\/01\/CS4-CUBOSEAL-CR-KRISTALIZE-SU-YALITIM-MALZEMESI-140x140.png 140w, https:\/\/cubo.com.tr\/wp-content\/uploads\/2024\/01\/CS4-CUBOSEAL-CR-KRISTALIZE-SU-YALITIM-MALZEMESI-100x100.png 100w, https:\/\/cubo.com.tr\/wp-content\/uploads\/2024\/01\/CS4-CUBOSEAL-CR-KRISTALIZE-SU-YALITIM-MALZEMESI-500x500.png 500w, https:\/\/cubo.com.tr\/wp-content\/uploads\/2024\/01\/CS4-CUBOSEAL-CR-KRISTALIZE-SU-YALITIM-MALZEMESI-350x350.png 350w, https:\/\/cubo.com.tr\/wp-content\/uploads\/2024\/01\/CS4-CUBOSEAL-CR-KRISTALIZE-SU-YALITIM-MALZEMESI-1000x1000.png 1000w, https:\/\/cubo.com.tr\/wp-content\/uploads\/2024\/01\/CS4-CUBOSEAL-CR-KRISTALIZE-SU-YALITIM-MALZEMESI-800x800.png 800w, https:\/\/cubo.com.tr\/wp-content\/uploads\/2024\/01\/CS4-CUBOSEAL-CR-KRISTALIZE-SU-YALITIM-MALZEMESI-600x600.png 600w, https:\/\/cubo.com.tr\/wp-content\/uploads\/2024\/01\/CS4-CUBOSEAL-CR-KRISTALIZE-SU-YALITIM-MALZEMESI.png 1181w\" sizes=\"auto, (max-width: 300px) 100vw, 300px\" \/><\/a>\n\t\t\t<div class=\"product-add-to-cart\" data-nectar-quickview=\"false\"><a href=\"https:\/\/cubo.com.tr\/en\/cuboseal-cr-kristalize-su-yalitim-malzemesi\/\" aria-describedby=\"woocommerce_loop_add_to_cart_link_describedby_9376\" data-quantity=\"1\" class=\"button product_type_simple\" data-product_id=\"9376\" data-product_sku=\"\" aria-label=\"Read more about \u201cCUBOSEAL CR KR\u0130STAL\u0130ZE SU YALITIM MALZEMES\u0130\u201d\" rel=\"nofollow\" data-success_message=\"\" data-no-translation=\"\" data-trp-gettext=\"\" data-no-translation-aria-label=\"\">Read more<\/a><span id=\"woocommerce_loop_add_to_cart_link_describedby_9376\" class=\"screen-reader-text\">\n\t<\/span><\/div>\t\t   <\/div>\n\t\t\t\t\n\t  \n\n\t\t<h2 class=\"woocommerce-loop-product__title\">CUBOSEAL CR CRYSTALLIZED WATERPROOFING MATERIAL<\/h2>\n\n\t\n\n\t\n<\/li>\n\t\t\t\n\t\t<\/ul>\n\n\t\t\n\t<\/div>\n\t\t\t<\/div> \n\t\t<\/div>\n\t<\/div> \n<\/div><\/div>","protected":false},"excerpt":{"rendered":"","protected":false},"author":1,"featured_media":0,"parent":0,"menu_order":0,"comment_status":"closed","ping_status":"closed","template":"","meta":{"inline_featured_image":false,"footnotes":"","_links_to":"","_links_to_target":""},"class_list":["post-10527","page","type-page","status-publish"],"_links":{"self":[{"href":"https:\/\/cubo.com.tr\/en\/wp-json\/wp\/v2\/pages\/10527","targetHints":{"allow":["GET"]}}],"collection":[{"href":"https:\/\/cubo.com.tr\/en\/wp-json\/wp\/v2\/pages"}],"about":[{"href":"https:\/\/cubo.com.tr\/en\/wp-json\/wp\/v2\/types\/page"}],"author":[{"embeddable":true,"href":"https:\/\/cubo.com.tr\/en\/wp-json\/wp\/v2\/users\/1"}],"replies":[{"embeddable":true,"href":"https:\/\/cubo.com.tr\/en\/wp-json\/wp\/v2\/comments?post=10527"}],"version-history":[{"count":8,"href":"https:\/\/cubo.com.tr\/en\/wp-json\/wp\/v2\/pages\/10527\/revisions"}],"predecessor-version":[{"id":12854,"href":"https:\/\/cubo.com.tr\/en\/wp-json\/wp\/v2\/pages\/10527\/revisions\/12854"}],"wp:attachment":[{"href":"https:\/\/cubo.com.tr\/en\/wp-json\/wp\/v2\/media?parent=10527"}],"curies":[{"name":"wp","href":"https:\/\/api.w.org\/{rel}","templated":true}]}}