{"id":10834,"date":"2024-02-20T15:36:24","date_gmt":"2024-02-20T12:36:24","guid":{"rendered":"https:\/\/cubo.com.tr\/?page_id=10834"},"modified":"2024-03-13T19:18:48","modified_gmt":"2024-03-13T16:18:48","slug":"ozel-amacli-urunler","status":"publish","type":"page","link":"https:\/\/cubo.com.tr\/en\/ozel-amacli-urunler\/","title":{"rendered":"Special Purpose Products"},"content":{"rendered":"<div id=\"fws_69f284d196b74\"  data-column-margin=\"default\" data-midnight=\"dark\" data-top-percent=\"8%\" data-bottom-percent=\"8%\"  class=\"wpb_row vc_row-fluid vc_row full-width-section\"  style=\"padding-top: calc(100vw * 0.08); padding-bottom: calc(100vw * 0.08); \"><div class=\"row-bg-wrap\" data-bg-animation=\"none\" data-bg-animation-delay=\"\" data-bg-overlay=\"false\"><div class=\"inner-wrap row-bg-layer\" ><div class=\"row-bg viewport-desktop\"  style=\"\"><\/div><\/div><\/div><div class=\"row_col_wrap_12 col span_12 dark left\">\n\t<div  class=\"vc_col-sm-12 wpb_column column_container vc_column_container col no-extra-padding inherit_tablet inherit_phone\"  data-padding-pos=\"all\" data-has-bg-color=\"false\" data-bg-color=\"\" data-bg-opacity=\"1\" data-animation=\"\" data-delay=\"0\" >\n\t\t<div class=\"vc_column-inner\" >\n\t\t\t<div class=\"wpb_wrapper\">\n\t\t\t\t<div class=\"nectar-split-heading\" data-align=\"default\" data-m-align=\"inherit\" data-text-effect=\"default\" data-animation-type=\"line-reveal-by-space\" data-animation-delay=\"0\" data-animation-offset=\"\" data-m-rm-animation=\"\" data-stagger=\"\" data-custom-font-size=\"false\" ><h2 >Special Purpose Products<\/h2><\/div><div class=\"woocommerce columns-4\">\n\t\t\n\t\t\n\t\t\n  <ul class=\"products columns-4\" data-n-lazy=\"off\" data-rm-m-hover=\"off\" data-n-desktop-columns=\"4\" data-n-desktop-small-columns=\"3\" data-n-tablet-columns=\"default\" data-n-phone-columns=\"default\" data-product-style=\"classic\">\n\n\n\n\t\t\t\n\t\t\t\t\n\t<li class=\"classic product type-product post-14825 status-publish first instock product_cat-insaat-boyalari product_cat-insaat-ve-sanayi-boyalari product_cat-ozel-amacli-urunler has-post-thumbnail shipping-taxable product-type-simple\" >\n\n\n\t\n\n\t\t\t   <div class=\"product-wrap\">\n\t\t\t<a href=\"https:\/\/cubo.com.tr\/en\/cuboset-cati-izolasyon-malzemesi\/\" aria-label=\"CUBOSET ROOF INSULATION MATERIAL\"><img loading=\"lazy\" decoding=\"async\" width=\"300\" height=\"300\" src=\"https:\/\/cubo.com.tr\/wp-content\/uploads\/Cuboset-Cati-Izolasyon-Malzemesi.png\" class=\"attachment-woocommerce_thumbnail size-woocommerce_thumbnail\" alt=\"\" \/><\/a>\n\t\t\t<div class=\"product-add-to-cart\" data-nectar-quickview=\"false\"><a href=\"https:\/\/cubo.com.tr\/en\/cuboset-cati-izolasyon-malzemesi\/\" aria-describedby=\"woocommerce_loop_add_to_cart_link_describedby_14825\" data-quantity=\"1\" class=\"button product_type_simple\" data-product_id=\"14825\" data-product_sku=\"\" aria-label=\"Read more about \u201cCUBOSET \u00c7ATI \u0130ZOLASYON MALZEMES\u0130\u201d\" rel=\"nofollow\" data-success_message=\"\" data-no-translation=\"\" data-trp-gettext=\"\" data-no-translation-aria-label=\"\">Read more<\/a><span id=\"woocommerce_loop_add_to_cart_link_describedby_14825\" class=\"screen-reader-text\">\n\t<\/span><\/div>\t\t   <\/div>\n\t\t\t\t\n\t  \n\n\t\t<h2 class=\"woocommerce-loop-product__title\">CUBOSET ROOF INSULATION MATERIAL<\/h2>\n\n\t\n\n\t\n<\/li>\n\t\t\t\n\t\t\t\t\n\t<li class=\"classic product type-product post-9252 status-publish instock product_cat-insaat-boyalari product_cat-insaat-ve-sanayi-boyalari product_cat-ozel-amacli-urunler has-post-thumbnail shipping-taxable product-type-simple\" >\n\n\n\t\n\n\t\t\t   <div class=\"product-wrap\">\n\t\t\t<a href=\"https:\/\/cubo.com.tr\/en\/cuboset-cati-izolasyon-malzemesi-elyafli-3\/\" aria-label=\"CUBOSET \u00c7ATI \u0130ZOLASYON MALZEMES\u0130 - ELYAFLI\"><img loading=\"lazy\" decoding=\"async\" width=\"300\" height=\"300\" src=\"https:\/\/cubo.com.tr\/wp-content\/uploads\/Cuboset-Cati-Izolasyon-Malzemesi-Elyafli-1.png\" class=\"attachment-woocommerce_thumbnail size-woocommerce_thumbnail\" alt=\"\" \/><\/a>\n\t\t\t<div class=\"product-add-to-cart\" data-nectar-quickview=\"false\"><a href=\"https:\/\/cubo.com.tr\/en\/cuboset-cati-izolasyon-malzemesi-elyafli-3\/\" aria-describedby=\"woocommerce_loop_add_to_cart_link_describedby_9252\" data-quantity=\"1\" class=\"button product_type_simple\" data-product_id=\"9252\" data-product_sku=\"\" aria-label=\"Read more about \u201cCUBOSET \u00c7ATI \u0130ZOLASYON MALZEMES\u0130 - ELYAFLI\u201d\" rel=\"nofollow\" data-success_message=\"\" data-no-translation=\"\" data-trp-gettext=\"\" data-no-translation-aria-label=\"\">Read more<\/a><span id=\"woocommerce_loop_add_to_cart_link_describedby_9252\" class=\"screen-reader-text\">\n\t<\/span><\/div>\t\t   <\/div>\n\t\t\t\t\n\t  \n\n\t\t<h2 class=\"woocommerce-loop-product__title\">CUBOSET \u00c7ATI \u0130ZOLASYON MALZEMES\u0130 &#8211; ELYAFLI<\/h2>\n\n\t\n\n\t\n<\/li>\n\t\t\t\n\t\t\t\t\n\t<li class=\"classic product type-product post-9253 status-publish instock product_cat-insaat-boyalari product_cat-insaat-ve-sanayi-boyalari product_cat-ozel-amacli-urunler has-post-thumbnail shipping-taxable product-type-simple\" >\n\n\n\t\n\n\t\t\t   <div class=\"product-wrap\">\n\t\t\t<a href=\"https:\/\/cubo.com.tr\/en\/tenis-kort-boyasi\/\" aria-label=\"TENNIS COURT PAINT\"><img loading=\"lazy\" decoding=\"async\" width=\"300\" height=\"300\" src=\"https:\/\/cubo.com.tr\/wp-content\/uploads\/Tenis-Kort-Boyasi.png\" class=\"attachment-woocommerce_thumbnail size-woocommerce_thumbnail\" alt=\"\" \/><\/a>\n\t\t\t<div class=\"product-add-to-cart\" data-nectar-quickview=\"false\"><a href=\"https:\/\/cubo.com.tr\/en\/tenis-kort-boyasi\/\" aria-describedby=\"woocommerce_loop_add_to_cart_link_describedby_9253\" data-quantity=\"1\" class=\"button product_type_simple\" data-product_id=\"9253\" data-product_sku=\"\" aria-label=\"Read more about \u201cTEN\u0130S KORT BOYASI\u201d\" rel=\"nofollow\" data-success_message=\"\" data-no-translation=\"\" data-trp-gettext=\"\" data-no-translation-aria-label=\"\">Read more<\/a><span id=\"woocommerce_loop_add_to_cart_link_describedby_9253\" class=\"screen-reader-text\">\n\t<\/span><\/div>\t\t   <\/div>\n\t\t\t\t\n\t  \n\n\t\t<h2 class=\"woocommerce-loop-product__title\">TENNIS COURT PAINT<\/h2>\n\n\t\n\n\t\n<\/li>\n\t\t\t\n\t\t\t\t\n\t<li class=\"classic product type-product post-9251 status-publish last instock product_cat-insaat-boyalari product_cat-insaat-ve-sanayi-boyalari product_cat-ozel-amacli-urunler has-post-thumbnail shipping-taxable product-type-simple\" >\n\n\n\t\n\n\t\t\t   <div class=\"product-wrap\">\n\t\t\t<a href=\"https:\/\/cubo.com.tr\/en\/is-orten\/\" aria-label=\"MAX \u0130S \u00d6RTEN\"><img loading=\"lazy\" decoding=\"async\" width=\"300\" height=\"300\" src=\"https:\/\/cubo.com.tr\/wp-content\/uploads\/Max-Is-Orten.png\" class=\"attachment-woocommerce_thumbnail size-woocommerce_thumbnail\" alt=\"\" \/><\/a>\n\t\t\t<div class=\"product-add-to-cart\" data-nectar-quickview=\"false\"><a href=\"https:\/\/cubo.com.tr\/en\/is-orten\/\" aria-describedby=\"woocommerce_loop_add_to_cart_link_describedby_9251\" data-quantity=\"1\" class=\"button product_type_simple\" data-product_id=\"9251\" data-product_sku=\"\" aria-label=\"Read more about \u201cMAX \u0130S \u00d6RTEN\u201d\" rel=\"nofollow\" data-success_message=\"\" data-no-translation=\"\" data-trp-gettext=\"\" data-no-translation-aria-label=\"\">Read more<\/a><span id=\"woocommerce_loop_add_to_cart_link_describedby_9251\" class=\"screen-reader-text\">\n\t<\/span><\/div>\t\t   <\/div>\n\t\t\t\t\n\t  \n\n\t\t<h2 class=\"woocommerce-loop-product__title\">MAX \u0130S \u00d6RTEN<\/h2>\n\n\t\n\n\t\n<\/li>\n\t\t\t\n\t\t\t\t\n\t<li class=\"classic product type-product post-9250 status-publish first instock product_cat-insaat-boyalari product_cat-insaat-ve-sanayi-boyalari product_cat-ozel-amacli-urunler has-post-thumbnail shipping-taxable product-type-simple\" >\n\n\n\t\n\n\t\t\t   <div class=\"product-wrap\">\n\t\t\t<a href=\"https:\/\/cubo.com.tr\/en\/cubo-tas-vernigi-1\/\" aria-label=\"STONE VARNISH\"><img loading=\"lazy\" decoding=\"async\" width=\"300\" height=\"300\" src=\"https:\/\/cubo.com.tr\/wp-content\/uploads\/TAS-VERNIGI-1.png\" class=\"attachment-woocommerce_thumbnail size-woocommerce_thumbnail\" alt=\"\" \/><\/a>\n\t\t\t<div class=\"product-add-to-cart\" data-nectar-quickview=\"false\"><a href=\"https:\/\/cubo.com.tr\/en\/cubo-tas-vernigi-1\/\" aria-describedby=\"woocommerce_loop_add_to_cart_link_describedby_9250\" data-quantity=\"1\" class=\"button product_type_simple\" data-product_id=\"9250\" data-product_sku=\"\" aria-label=\"Read more about \u201cCUBO TA\u015e VERN\u0130\u011e\u0130\u201d\" rel=\"nofollow\" data-success_message=\"\" data-no-translation=\"\" data-trp-gettext=\"\" data-no-translation-aria-label=\"\">Read more<\/a><span id=\"woocommerce_loop_add_to_cart_link_describedby_9250\" class=\"screen-reader-text\">\n\t<\/span><\/div>\t\t   <\/div>\n\t\t\t\t\n\t  \n\n\t\t<h2 class=\"woocommerce-loop-product__title\">STONE VARNISH<\/h2>\n\n\t\n\n\t\n<\/li>\n\t\t\t\n\t\t\t\t\n\t<li class=\"classic product type-product post-9254 status-publish instock product_cat-insaat-boyalari product_cat-insaat-ve-sanayi-boyalari product_cat-ozel-amacli-urunler has-post-thumbnail shipping-taxable product-type-simple\" >\n\n\n\t\n\n\t\t\t   <div class=\"product-wrap\">\n\t\t\t<a href=\"https:\/\/cubo.com.tr\/en\/cubo-road-s-solventli-soguk-yol-cizgi-boyasi\/\" aria-label=\"CUBO ROAD S - SOLVENTL\u0130 SO\u011eUK YOL \u00c7\u0130ZG\u0130 BOYASI\"><img loading=\"lazy\" decoding=\"async\" width=\"300\" height=\"300\" src=\"https:\/\/cubo.com.tr\/wp-content\/uploads\/CUBO-ROAD-S-BUYUK-SOLVENTLI-SOGUK-YOL-CIZGI-BOYASI.png\" class=\"attachment-woocommerce_thumbnail size-woocommerce_thumbnail\" alt=\"\" \/><\/a>\n\t\t\t<div class=\"product-add-to-cart\" data-nectar-quickview=\"false\"><a href=\"https:\/\/cubo.com.tr\/en\/cubo-road-s-solventli-soguk-yol-cizgi-boyasi\/\" aria-describedby=\"woocommerce_loop_add_to_cart_link_describedby_9254\" data-quantity=\"1\" class=\"button product_type_simple\" data-product_id=\"9254\" data-product_sku=\"\" aria-label=\"Read more about \u201cCUBO ROAD S - SOLVENTL\u0130 SO\u011eUK YOL \u00c7\u0130ZG\u0130 BOYASI\u201d\" rel=\"nofollow\" data-success_message=\"\" data-no-translation=\"\" data-trp-gettext=\"\" data-no-translation-aria-label=\"\">Read more<\/a><span id=\"woocommerce_loop_add_to_cart_link_describedby_9254\" class=\"screen-reader-text\">\n\t<\/span><\/div>\t\t   <\/div>\n\t\t\t\t\n\t  \n\n\t\t<h2 class=\"woocommerce-loop-product__title\">CUBO ROAD S - SOLVENT COLD ROAD MARKING PAINT<\/h2>\n\n\t\n\n\t\n<\/li>\n\t\t\t\n\t\t\t\t\n\t<li class=\"classic product type-product post-9255 status-publish instock product_cat-insaat-boyalari product_cat-insaat-ve-sanayi-boyalari product_cat-ozel-amacli-urunler has-post-thumbnail shipping-taxable product-type-simple\" >\n\n\n\t\n\n\t\t\t   <div class=\"product-wrap\">\n\t\t\t<a href=\"https:\/\/cubo.com.tr\/en\/cubo-road-w-su-bazli-yol-cizgi-boyasi\/\" aria-label=\"CUBO ROAD W - SU BAZLI YOL \u00c7\u0130ZG\u0130 BOYASI\"><img loading=\"lazy\" decoding=\"async\" width=\"300\" height=\"300\" src=\"https:\/\/cubo.com.tr\/wp-content\/uploads\/CuboRoad-W-Yol-Cizgi-Boyasi.png\" class=\"attachment-woocommerce_thumbnail size-woocommerce_thumbnail\" alt=\"\" \/><\/a>\n\t\t\t<div class=\"product-add-to-cart\" data-nectar-quickview=\"false\"><a href=\"https:\/\/cubo.com.tr\/en\/cubo-road-w-su-bazli-yol-cizgi-boyasi\/\" aria-describedby=\"woocommerce_loop_add_to_cart_link_describedby_9255\" data-quantity=\"1\" class=\"button product_type_simple\" data-product_id=\"9255\" data-product_sku=\"\" aria-label=\"Read more about \u201cCUBO ROAD W - SU BAZLI YOL \u00c7\u0130ZG\u0130 BOYASI\u201d\" rel=\"nofollow\" data-success_message=\"\" data-no-translation=\"\" data-trp-gettext=\"\" data-no-translation-aria-label=\"\">Read more<\/a><span id=\"woocommerce_loop_add_to_cart_link_describedby_9255\" class=\"screen-reader-text\">\n\t<\/span><\/div>\t\t   <\/div>\n\t\t\t\t\n\t  \n\n\t\t<h2 class=\"woocommerce-loop-product__title\">CUBO ROAD W - WATER BASED ROAD MARKING PAINT<\/h2>\n\n\t\n\n\t\n<\/li>\n\t\t\t\n\t\t<\/ul>\n\n\t\t\n\t<\/div>\n\t\t\t<\/div> \n\t\t<\/div>\n\t<\/div> \n<\/div><\/div>","protected":false},"excerpt":{"rendered":"","protected":false},"author":1,"featured_media":0,"parent":0,"menu_order":0,"comment_status":"closed","ping_status":"closed","template":"","meta":{"inline_featured_image":false,"footnotes":"","_links_to":"","_links_to_target":""},"class_list":["post-10834","page","type-page","status-publish"],"_links":{"self":[{"href":"https:\/\/cubo.com.tr\/en\/wp-json\/wp\/v2\/pages\/10834","targetHints":{"allow":["GET"]}}],"collection":[{"href":"https:\/\/cubo.com.tr\/en\/wp-json\/wp\/v2\/pages"}],"about":[{"href":"https:\/\/cubo.com.tr\/en\/wp-json\/wp\/v2\/types\/page"}],"author":[{"embeddable":true,"href":"https:\/\/cubo.com.tr\/en\/wp-json\/wp\/v2\/users\/1"}],"replies":[{"embeddable":true,"href":"https:\/\/cubo.com.tr\/en\/wp-json\/wp\/v2\/comments?post=10834"}],"version-history":[{"count":4,"href":"https:\/\/cubo.com.tr\/en\/wp-json\/wp\/v2\/pages\/10834\/revisions"}],"predecessor-version":[{"id":11997,"href":"https:\/\/cubo.com.tr\/en\/wp-json\/wp\/v2\/pages\/10834\/revisions\/11997"}],"wp:attachment":[{"href":"https:\/\/cubo.com.tr\/en\/wp-json\/wp\/v2\/media?parent=10834"}],"curies":[{"name":"wp","href":"https:\/\/api.w.org\/{rel}","templated":true}]}}