{"id":10923,"date":"2024-02-21T15:09:38","date_gmt":"2024-02-21T12:09:38","guid":{"rendered":"https:\/\/cubo.com.tr\/?page_id=10923"},"modified":"2024-02-21T15:11:23","modified_gmt":"2024-02-21T12:11:23","slug":"teknik-urunler","status":"publish","type":"page","link":"https:\/\/cubo.com.tr\/en\/teknik-urunler\/","title":{"rendered":"Technical Products"},"content":{"rendered":"<div id=\"fws_69e0e4bd33821\"  data-column-margin=\"default\" data-midnight=\"dark\" data-top-percent=\"8%\" data-bottom-percent=\"8%\"  class=\"wpb_row vc_row-fluid vc_row full-width-section\"  style=\"padding-top: calc(100vw * 0.08); padding-bottom: calc(100vw * 0.08); \"><div class=\"row-bg-wrap\" data-bg-animation=\"none\" data-bg-animation-delay=\"\" data-bg-overlay=\"false\"><div class=\"inner-wrap row-bg-layer\" ><div class=\"row-bg viewport-desktop\"  style=\"\"><\/div><\/div><\/div><div class=\"row_col_wrap_12 col span_12 dark left\">\n\t<div  class=\"vc_col-sm-12 wpb_column column_container vc_column_container col no-extra-padding inherit_tablet inherit_phone\"  data-padding-pos=\"all\" data-has-bg-color=\"false\" data-bg-color=\"\" data-bg-opacity=\"1\" data-animation=\"\" data-delay=\"0\" >\n\t\t<div class=\"vc_column-inner\" >\n\t\t\t<div class=\"wpb_wrapper\">\n\t\t\t\t<div class=\"nectar-split-heading\" data-align=\"default\" data-m-align=\"inherit\" data-text-effect=\"default\" data-animation-type=\"line-reveal-by-space\" data-animation-delay=\"0\" data-animation-offset=\"\" data-m-rm-animation=\"\" data-stagger=\"\" data-custom-font-size=\"false\" ><h2 >Technical Products<\/h2><\/div><div class=\"woocommerce columns-4\">\n\t\t\n\t\t\n\t\t\n  <ul class=\"products columns-4\" data-n-lazy=\"off\" data-rm-m-hover=\"off\" data-n-desktop-columns=\"4\" data-n-desktop-small-columns=\"3\" data-n-tablet-columns=\"default\" data-n-phone-columns=\"default\" data-product-style=\"classic\">\n\n\n\n\t\t\t\n\t\t\t\t\n\t<li class=\"classic product type-product post-9332 status-publish first instock product_cat-cimento-esasli-teknik-urunler product_cat-cubo-build-yapi-sistemleri product_cat-teknik-urunler has-post-thumbnail shipping-taxable product-type-simple\" >\n\n\n\t\n\n\t\t\t   <div class=\"product-wrap\">\n\t\t\t<a href=\"https:\/\/cubo.com.tr\/en\/cubotech-hp-100b-lif-takviyeli-el-sivasi-kalin\/\" aria-label=\"CUBOTECH HP-100B L\u0130F TAKV\u0130YEL\u0130 EL SIVASI - KALIN\"><img loading=\"lazy\" decoding=\"async\" width=\"300\" height=\"300\" src=\"https:\/\/cubo.com.tr\/wp-content\/uploads\/CuboTech-HP-100B-Lif-Takviyeli-El-Sivasi.png\" class=\"attachment-woocommerce_thumbnail size-woocommerce_thumbnail\" alt=\"\" \/><\/a>\n\t\t\t<div class=\"product-add-to-cart\" data-nectar-quickview=\"false\"><a href=\"https:\/\/cubo.com.tr\/en\/cubotech-hp-100b-lif-takviyeli-el-sivasi-kalin\/\" aria-describedby=\"woocommerce_loop_add_to_cart_link_describedby_9332\" data-quantity=\"1\" class=\"button product_type_simple\" data-product_id=\"9332\" data-product_sku=\"\" aria-label=\"Read more about \u201cCUBOTECH HP-100B L\u0130F TAKV\u0130YEL\u0130 EL SIVASI - KALIN\u201d\" rel=\"nofollow\" data-success_message=\"\" data-no-translation=\"\" data-trp-gettext=\"\" data-no-translation-aria-label=\"\">Read more<\/a><span id=\"woocommerce_loop_add_to_cart_link_describedby_9332\" class=\"screen-reader-text\">\n\t<\/span><\/div>\t\t   <\/div>\n\t\t\t\t\n\t  \n\n\t\t<h2 class=\"woocommerce-loop-product__title\">CUBOTECH HP-100B FIBER REINFORCED HAND PLASTER - THICK<\/h2>\n\n\t\n\n\t\n<\/li>\n\t\t\t\n\t\t\t\t\n\t<li class=\"classic product type-product post-9333 status-publish instock product_cat-cimento-esasli-teknik-urunler product_cat-cubo-build-yapi-sistemleri product_cat-teknik-urunler has-post-thumbnail shipping-taxable product-type-simple\" >\n\n\n\t\n\n\t\t\t   <div class=\"product-wrap\">\n\t\t\t<a href=\"https:\/\/cubo.com.tr\/en\/cubotech-hp-100t-lif-takviyeli-el-sivasi-ince\/\" aria-label=\"CUBOTECH HP-100T L\u0130F TAKV\u0130YEL\u0130 EL SIVASI - \u0130NCE\"><img loading=\"lazy\" decoding=\"async\" width=\"300\" height=\"300\" src=\"https:\/\/cubo.com.tr\/wp-content\/uploads\/CuboTech-HP-100T-Lif-Takviyeli-Ince-El-Sivasi.png\" class=\"attachment-woocommerce_thumbnail size-woocommerce_thumbnail\" alt=\"\" \/><\/a>\n\t\t\t<div class=\"product-add-to-cart\" data-nectar-quickview=\"false\"><a href=\"https:\/\/cubo.com.tr\/en\/cubotech-hp-100t-lif-takviyeli-el-sivasi-ince\/\" aria-describedby=\"woocommerce_loop_add_to_cart_link_describedby_9333\" data-quantity=\"1\" class=\"button product_type_simple\" data-product_id=\"9333\" data-product_sku=\"\" aria-label=\"Read more about \u201cCUBOTECH HP-100T L\u0130F TAKV\u0130YEL\u0130 EL SIVASI - \u0130NCE\u201d\" rel=\"nofollow\" data-success_message=\"\" data-no-translation=\"\" data-trp-gettext=\"\" data-no-translation-aria-label=\"\">Read more<\/a><span id=\"woocommerce_loop_add_to_cart_link_describedby_9333\" class=\"screen-reader-text\">\n\t<\/span><\/div>\t\t   <\/div>\n\t\t\t\t\n\t  \n\n\t\t<h2 class=\"woocommerce-loop-product__title\">CUBOTECH HP-100T FIBER REINFORCED HAND PLASTER - THIN<\/h2>\n\n\t\n\n\t\n<\/li>\n\t\t\t\n\t\t\t\t\n\t<li class=\"classic product type-product post-9334 status-publish instock product_cat-cimento-esasli-teknik-urunler product_cat-cubo-build-yapi-sistemleri product_cat-teknik-urunler has-post-thumbnail shipping-taxable product-type-simple\" >\n\n\n\t\n\n\t\t\t   <div class=\"product-wrap\">\n\t\t\t<a href=\"https:\/\/cubo.com.tr\/en\/cubotech-mp-200-lif-takviyeli-makine-sivasi\/\" aria-label=\"CUBOTECH MP-200 FIBER REINFORCED MACHINE PLASTER\"><img loading=\"lazy\" decoding=\"async\" width=\"300\" height=\"300\" src=\"https:\/\/cubo.com.tr\/wp-content\/uploads\/CuboTech-MP-200-Lif-Takviyeli-Makine-Sivasi.png\" class=\"attachment-woocommerce_thumbnail size-woocommerce_thumbnail\" alt=\"\" \/><\/a>\n\t\t\t<div class=\"product-add-to-cart\" data-nectar-quickview=\"false\"><a href=\"https:\/\/cubo.com.tr\/en\/cubotech-mp-200-lif-takviyeli-makine-sivasi\/\" aria-describedby=\"woocommerce_loop_add_to_cart_link_describedby_9334\" data-quantity=\"1\" class=\"button product_type_simple\" data-product_id=\"9334\" data-product_sku=\"\" aria-label=\"Read more about \u201cCUBOTECH MP-200 L\u0130F TAKV\u0130YEL\u0130 MAK\u0130NE SIVASI\u201d\" rel=\"nofollow\" data-success_message=\"\" data-no-translation=\"\" data-trp-gettext=\"\" data-no-translation-aria-label=\"\">Read more<\/a><span id=\"woocommerce_loop_add_to_cart_link_describedby_9334\" class=\"screen-reader-text\">\n\t<\/span><\/div>\t\t   <\/div>\n\t\t\t\t\n\t  \n\n\t\t<h2 class=\"woocommerce-loop-product__title\">CUBOTECH MP-200 FIBER REINFORCED MACHINE PLASTER<\/h2>\n\n\t\n\n\t\n<\/li>\n\t\t\t\n\t\t\t\t\n\t<li class=\"classic product type-product post-9335 status-publish last instock product_cat-cimento-esasli-teknik-urunler product_cat-cubo-build-yapi-sistemleri product_cat-teknik-urunler has-post-thumbnail shipping-taxable product-type-simple\" >\n\n\n\t\n\n\t\t\t   <div class=\"product-wrap\">\n\t\t\t<a href=\"https:\/\/cubo.com.tr\/en\/cubotech-sp-300-saten-siva-beyaz\/\" aria-label=\"CUBOTECH SP-300 SATEN SIVA\"><img loading=\"lazy\" decoding=\"async\" width=\"300\" height=\"300\" src=\"https:\/\/cubo.com.tr\/wp-content\/uploads\/CuboTech-SP-300-Saten-Siva-1.png\" class=\"attachment-woocommerce_thumbnail size-woocommerce_thumbnail\" alt=\"\" \/><\/a>\n\t\t\t<div class=\"product-add-to-cart\" data-nectar-quickview=\"false\"><a href=\"https:\/\/cubo.com.tr\/en\/cubotech-sp-300-saten-siva-beyaz\/\" aria-describedby=\"woocommerce_loop_add_to_cart_link_describedby_9335\" data-quantity=\"1\" class=\"button product_type_simple\" data-product_id=\"9335\" data-product_sku=\"\" aria-label=\"Read more about \u201cCUBOTECH SP-300 SATEN SIVA\u201d\" rel=\"nofollow\" data-success_message=\"\" data-no-translation=\"\" data-trp-gettext=\"\" data-no-translation-aria-label=\"\">Read more<\/a><span id=\"woocommerce_loop_add_to_cart_link_describedby_9335\" class=\"screen-reader-text\">\n\t<\/span><\/div>\t\t   <\/div>\n\t\t\t\t\n\t  \n\n\t\t<h2 class=\"woocommerce-loop-product__title\">CUBOTECH SP-300 SATEN SIVA<\/h2>\n\n\t\n\n\t\n<\/li>\n\t\t\t\n\t\t\t\t\n\t<li class=\"classic product type-product post-9336 status-publish first instock product_cat-cimento-esasli-teknik-urunler product_cat-cubo-build-yapi-sistemleri product_cat-teknik-urunler has-post-thumbnail shipping-taxable product-type-simple\" >\n\n\n\t\n\n\t\t\t   <div class=\"product-wrap\">\n\t\t\t<a href=\"https:\/\/cubo.com.tr\/en\/cubotech-hg-mortar-5-lif-takviyeli-ince-tamir-harci-r2\/\" aria-label=\"CUBOTECH HG MORTAR 5 \u0130NCE TAM\u0130R HARCI - R2\"><img loading=\"lazy\" decoding=\"async\" width=\"300\" height=\"300\" src=\"https:\/\/cubo.com.tr\/wp-content\/uploads\/CuboTech-HG-MORTAR-5-Ince-Tamir-Harci.png\" class=\"attachment-woocommerce_thumbnail size-woocommerce_thumbnail\" alt=\"\" \/><\/a>\n\t\t\t<div class=\"product-add-to-cart\" data-nectar-quickview=\"false\"><a href=\"https:\/\/cubo.com.tr\/en\/cubotech-hg-mortar-5-lif-takviyeli-ince-tamir-harci-r2\/\" aria-describedby=\"woocommerce_loop_add_to_cart_link_describedby_9336\" data-quantity=\"1\" class=\"button product_type_simple\" data-product_id=\"9336\" data-product_sku=\"\" aria-label=\"Read more about \u201cCUBOTECH HG MORTAR 5 \u0130NCE TAM\u0130R HARCI - R2\u201d\" rel=\"nofollow\" data-success_message=\"\" data-no-translation=\"\" data-trp-gettext=\"\" data-no-translation-aria-label=\"\">Read more<\/a><span id=\"woocommerce_loop_add_to_cart_link_describedby_9336\" class=\"screen-reader-text\">\n\t<\/span><\/div>\t\t   <\/div>\n\t\t\t\t\n\t  \n\n\t\t<h2 class=\"woocommerce-loop-product__title\">CUBOTECH HG MORTAR 5 \u0130NCE TAM\u0130R HARCI &#8211; R2<\/h2>\n\n\t\n\n\t\n<\/li>\n\t\t\t\n\t\t\t\t\n\t<li class=\"classic product type-product post-9337 status-publish instock product_cat-cimento-esasli-teknik-urunler product_cat-cubo-build-yapi-sistemleri product_cat-teknik-urunler has-post-thumbnail shipping-taxable product-type-simple\" >\n\n\n\t\n\n\t\t\t   <div class=\"product-wrap\">\n\t\t\t<a href=\"https:\/\/cubo.com.tr\/en\/cubotech-hg-mortar-20-lif-takviyeli-kalin-tamir-harci-r2\/\" aria-label=\"CUBOTECH HG MORTAR 20 KALIN TAM\u0130R HARCI - R2\"><img loading=\"lazy\" decoding=\"async\" width=\"300\" height=\"300\" src=\"https:\/\/cubo.com.tr\/wp-content\/uploads\/CuboTech-HG-MORTAR-20-Kalin-Tamir-Harci.png\" class=\"attachment-woocommerce_thumbnail size-woocommerce_thumbnail\" alt=\"\" \/><\/a>\n\t\t\t<div class=\"product-add-to-cart\" data-nectar-quickview=\"false\"><a href=\"https:\/\/cubo.com.tr\/en\/cubotech-hg-mortar-20-lif-takviyeli-kalin-tamir-harci-r2\/\" aria-describedby=\"woocommerce_loop_add_to_cart_link_describedby_9337\" data-quantity=\"1\" class=\"button product_type_simple\" data-product_id=\"9337\" data-product_sku=\"\" aria-label=\"Read more about \u201cCUBOTECH HG MORTAR 20 KALIN TAM\u0130R HARCI - R2\u201d\" rel=\"nofollow\" data-success_message=\"\" data-no-translation=\"\" data-trp-gettext=\"\" data-no-translation-aria-label=\"\">Read more<\/a><span id=\"woocommerce_loop_add_to_cart_link_describedby_9337\" class=\"screen-reader-text\">\n\t<\/span><\/div>\t\t   <\/div>\n\t\t\t\t\n\t  \n\n\t\t<h2 class=\"woocommerce-loop-product__title\">CUBOTECH HG MORTAR 20 KALIN TAM\u0130R HARCI &#8211; R2<\/h2>\n\n\t\n\n\t\n<\/li>\n\t\t\t\n\t\t\t\t\n\t<li class=\"classic product type-product post-9338 status-publish instock product_cat-cimento-esasli-teknik-urunler product_cat-cubo-build-yapi-sistemleri product_cat-teknik-urunler has-post-thumbnail shipping-taxable product-type-simple\" >\n\n\n\t\n\n\t\t\t   <div class=\"product-wrap\">\n\t\t\t<a href=\"https:\/\/cubo.com.tr\/en\/cubotech-hg-mortar-30-yapisal-tamir-harci-r3\/\" aria-label=\"CUBOTECH HG MORTAR 30 YAPISAL TAM\u0130R HARCI - R3\"><img loading=\"lazy\" decoding=\"async\" width=\"300\" height=\"300\" src=\"https:\/\/cubo.com.tr\/wp-content\/uploads\/CuboTech-HG-MORTAR-30-Yapisal-Tamir-Harci-R3.png\" class=\"attachment-woocommerce_thumbnail size-woocommerce_thumbnail\" alt=\"\" \/><\/a>\n\t\t\t<div class=\"product-add-to-cart\" data-nectar-quickview=\"false\"><a href=\"https:\/\/cubo.com.tr\/en\/cubotech-hg-mortar-30-yapisal-tamir-harci-r3\/\" aria-describedby=\"woocommerce_loop_add_to_cart_link_describedby_9338\" data-quantity=\"1\" class=\"button product_type_simple\" data-product_id=\"9338\" data-product_sku=\"\" aria-label=\"Read more about \u201cCUBOTECH HG MORTAR 30 YAPISAL TAM\u0130R HARCI - R3\u201d\" rel=\"nofollow\" data-success_message=\"\" data-no-translation=\"\" data-trp-gettext=\"\" data-no-translation-aria-label=\"\">Read more<\/a><span id=\"woocommerce_loop_add_to_cart_link_describedby_9338\" class=\"screen-reader-text\">\n\t<\/span><\/div>\t\t   <\/div>\n\t\t\t\t\n\t  \n\n\t\t<h2 class=\"woocommerce-loop-product__title\">CUBOTECH HG MORTAR 30 STRUCTURAL REPAIR MORTAR - R3<\/h2>\n\n\t\n\n\t\n<\/li>\n\t\t\t\n\t\t\t\t\n\t<li class=\"classic product type-product post-9339 status-publish last instock product_cat-cimento-esasli-teknik-urunler product_cat-cubo-build-yapi-sistemleri product_cat-teknik-urunler has-post-thumbnail shipping-taxable product-type-simple\" >\n\n\n\t\n\n\t\t\t   <div class=\"product-wrap\">\n\t\t\t<a href=\"https:\/\/cubo.com.tr\/en\/cubotech-hg-mortar-40-yapisal-tamir-harci-r4\/\" aria-label=\"CUBOTECH HG MORTAR 40 YAPISAL TAM\u0130R HARCI - R4\"><img loading=\"lazy\" decoding=\"async\" width=\"300\" height=\"300\" src=\"https:\/\/cubo.com.tr\/wp-content\/uploads\/CuboTech-HG-MORTAR-40-Yapisal-Tamir-Harci-R4.png\" class=\"attachment-woocommerce_thumbnail size-woocommerce_thumbnail\" alt=\"\" \/><\/a>\n\t\t\t<div class=\"product-add-to-cart\" data-nectar-quickview=\"false\"><a href=\"https:\/\/cubo.com.tr\/en\/cubotech-hg-mortar-40-yapisal-tamir-harci-r4\/\" aria-describedby=\"woocommerce_loop_add_to_cart_link_describedby_9339\" data-quantity=\"1\" class=\"button product_type_simple\" data-product_id=\"9339\" data-product_sku=\"\" aria-label=\"Read more about \u201cCUBOTECH HG MORTAR 40 YAPISAL TAM\u0130R HARCI - R4\u201d\" rel=\"nofollow\" data-success_message=\"\" data-no-translation=\"\" data-trp-gettext=\"\" data-no-translation-aria-label=\"\">Read more<\/a><span id=\"woocommerce_loop_add_to_cart_link_describedby_9339\" class=\"screen-reader-text\">\n\t<\/span><\/div>\t\t   <\/div>\n\t\t\t\t\n\t  \n\n\t\t<h2 class=\"woocommerce-loop-product__title\">CUBOTECH HG MORTAR 40 STRUCTURAL REPAIR MORTAR - R4<\/h2>\n\n\t\n\n\t\n<\/li>\n\t\t\t\n\t\t\t\t\n\t<li class=\"classic product type-product post-9340 status-publish first instock product_cat-cimento-esasli-teknik-urunler product_cat-cubo-build-yapi-sistemleri product_cat-teknik-urunler has-post-thumbnail shipping-taxable product-type-simple\" >\n\n\n\t\n\n\t\t\t   <div class=\"product-wrap\">\n\t\t\t<a href=\"https:\/\/cubo.com.tr\/en\/cubotech-cg-400-akiskan-grout-harci-r4\/\" aria-label=\"CUBOTECH CG-400 AKI\u015eKAN GROUT HARCI - R4\"><img loading=\"lazy\" decoding=\"async\" width=\"300\" height=\"300\" src=\"https:\/\/cubo.com.tr\/wp-content\/uploads\/CuboTech-CG-400-Akiskan-Grout-Harci-R4.png\" class=\"attachment-woocommerce_thumbnail size-woocommerce_thumbnail\" alt=\"\" \/><\/a>\n\t\t\t<div class=\"product-add-to-cart\" data-nectar-quickview=\"false\"><a href=\"https:\/\/cubo.com.tr\/en\/cubotech-cg-400-akiskan-grout-harci-r4\/\" aria-describedby=\"woocommerce_loop_add_to_cart_link_describedby_9340\" data-quantity=\"1\" class=\"button product_type_simple\" data-product_id=\"9340\" data-product_sku=\"\" aria-label=\"Read more about \u201cCUBOTECH CG-400 AKI\u015eKAN GROUT HARCI - R4\u201d\" rel=\"nofollow\" data-success_message=\"\" data-no-translation=\"\" data-trp-gettext=\"\" data-no-translation-aria-label=\"\">Read more<\/a><span id=\"woocommerce_loop_add_to_cart_link_describedby_9340\" class=\"screen-reader-text\">\n\t<\/span><\/div>\t\t   <\/div>\n\t\t\t\t\n\t  \n\n\t\t<h2 class=\"woocommerce-loop-product__title\">CUBOTECH CG-400 FLUID GROUT MORTAR - R4<\/h2>\n\n\t\n\n\t\n<\/li>\n\t\t\t\n\t\t\t\t\n\t<li class=\"classic product type-product post-9341 status-publish instock product_cat-cimento-esasli-teknik-urunler product_cat-cubo-build-yapi-sistemleri product_cat-teknik-urunler has-post-thumbnail shipping-taxable product-type-simple\" >\n\n\n\t\n\n\t\t\t   <div class=\"product-wrap\">\n\t\t\t<a href=\"https:\/\/cubo.com.tr\/en\/cubotech-cg-400a-super-akiskan-grout-harci-r4\/\" aria-label=\"CUBOTECH CG-400A S\u00dcPER AKI\u015eKAN GROUT HARCI - R4\"><img loading=\"lazy\" decoding=\"async\" width=\"300\" height=\"300\" src=\"https:\/\/cubo.com.tr\/wp-content\/uploads\/CuboTech-CG-400A-Super-Akiskan-Grout-Harci-R4.png\" class=\"attachment-woocommerce_thumbnail size-woocommerce_thumbnail\" alt=\"\" \/><\/a>\n\t\t\t<div class=\"product-add-to-cart\" data-nectar-quickview=\"false\"><a href=\"https:\/\/cubo.com.tr\/en\/cubotech-cg-400a-super-akiskan-grout-harci-r4\/\" aria-describedby=\"woocommerce_loop_add_to_cart_link_describedby_9341\" data-quantity=\"1\" class=\"button product_type_simple\" data-product_id=\"9341\" data-product_sku=\"\" aria-label=\"Read more about \u201cCUBOTECH CG-400A S\u00dcPER AKI\u015eKAN GROUT HARCI - R4\u201d\" rel=\"nofollow\" data-success_message=\"\" data-no-translation=\"\" data-trp-gettext=\"\" data-no-translation-aria-label=\"\">Read more<\/a><span id=\"woocommerce_loop_add_to_cart_link_describedby_9341\" class=\"screen-reader-text\">\n\t<\/span><\/div>\t\t   <\/div>\n\t\t\t\t\n\t  \n\n\t\t<h2 class=\"woocommerce-loop-product__title\">CUBOTECH CG-400A SUPER FLUID GROUT MORTAR - R4<\/h2>\n\n\t\n\n\t\n<\/li>\n\t\t\t\n\t\t<\/ul>\n\n\t\t\n\t<\/div>\n\t\t\t<\/div> \n\t\t<\/div>\n\t<\/div> \n<\/div><\/div>","protected":false},"excerpt":{"rendered":"","protected":false},"author":1,"featured_media":0,"parent":0,"menu_order":0,"comment_status":"closed","ping_status":"closed","template":"","meta":{"inline_featured_image":false,"footnotes":"","_links_to":"","_links_to_target":""},"class_list":["post-10923","page","type-page","status-publish"],"_links":{"self":[{"href":"https:\/\/cubo.com.tr\/en\/wp-json\/wp\/v2\/pages\/10923","targetHints":{"allow":["GET"]}}],"collection":[{"href":"https:\/\/cubo.com.tr\/en\/wp-json\/wp\/v2\/pages"}],"about":[{"href":"https:\/\/cubo.com.tr\/en\/wp-json\/wp\/v2\/types\/page"}],"author":[{"embeddable":true,"href":"https:\/\/cubo.com.tr\/en\/wp-json\/wp\/v2\/users\/1"}],"replies":[{"embeddable":true,"href":"https:\/\/cubo.com.tr\/en\/wp-json\/wp\/v2\/comments?post=10923"}],"version-history":[{"count":2,"href":"https:\/\/cubo.com.tr\/en\/wp-json\/wp\/v2\/pages\/10923\/revisions"}],"predecessor-version":[{"id":10925,"href":"https:\/\/cubo.com.tr\/en\/wp-json\/wp\/v2\/pages\/10923\/revisions\/10925"}],"wp:attachment":[{"href":"https:\/\/cubo.com.tr\/en\/wp-json\/wp\/v2\/media?parent=10923"}],"curies":[{"name":"wp","href":"https:\/\/api.w.org\/{rel}","templated":true}]}}