{"id":10926,"date":"2024-02-21T15:25:49","date_gmt":"2024-02-21T12:25:49","guid":{"rendered":"https:\/\/cubo.com.tr\/?page_id=10926"},"modified":"2024-06-03T15:48:22","modified_gmt":"2024-06-03T12:48:22","slug":"seramik-yapistirici-ve-derz-dolgular","status":"publish","type":"page","link":"https:\/\/cubo.com.tr\/en\/seramik-yapistirici-ve-derz-dolgular\/","title":{"rendered":"Ceramic Adhesives and Joint Fillers"},"content":{"rendered":"<div id=\"fws_69e346e536efa\"  data-column-margin=\"default\" data-midnight=\"dark\" data-top-percent=\"8%\" data-bottom-percent=\"8%\"  class=\"wpb_row vc_row-fluid vc_row full-width-section\"  style=\"padding-top: calc(100vw * 0.08); padding-bottom: calc(100vw * 0.08); \"><div class=\"row-bg-wrap\" data-bg-animation=\"none\" data-bg-animation-delay=\"\" data-bg-overlay=\"false\"><div class=\"inner-wrap row-bg-layer\" ><div class=\"row-bg viewport-desktop\"  style=\"\"><\/div><\/div><\/div><div class=\"row_col_wrap_12 col span_12 dark left\">\n\t<div  class=\"vc_col-sm-12 wpb_column column_container vc_column_container col no-extra-padding inherit_tablet inherit_phone\"  data-padding-pos=\"all\" data-has-bg-color=\"false\" data-bg-color=\"\" data-bg-opacity=\"1\" data-animation=\"\" data-delay=\"0\" >\n\t\t<div class=\"vc_column-inner\" >\n\t\t\t<div class=\"wpb_wrapper\">\n\t\t\t\t\n<div class=\"wpb_text_column wpb_content_element\" >\n\t<div class=\"wpb_wrapper\">\n\t\t<h2 style=\"text-align: left;\">Ceramic Adhesives and Joint Sealants<\/h2>\n\t<\/div>\n<\/div>\n\n\n\n<div class=\"woocommerce columns-4\">\n\t\t\n\t\t\n\t\t\n  <ul class=\"products columns-4\" data-n-lazy=\"off\" data-rm-m-hover=\"off\" data-n-desktop-columns=\"4\" data-n-desktop-small-columns=\"3\" data-n-tablet-columns=\"default\" data-n-phone-columns=\"default\" data-product-style=\"classic\">\n\n\n\n\t\t\t\n\t\t\t\t\n\t<li class=\"classic product type-product post-9317 status-publish first instock product_cat-cimento-esasli-yapistirici-ve-derz-dolgular product_cat-cubo-build-yapi-sistemleri product_cat-seramik-yapistirici-ve-derz-dolgular has-post-thumbnail shipping-taxable product-type-simple\" >\n\n\n\t\n\n\t\t\t   <div class=\"product-wrap\">\n\t\t\t<a href=\"https:\/\/cubo.com.tr\/en\/cubofix-cta-200-fayans-seramik-yapistirma-harci-c1t\/\" aria-label=\"CUBOFIX CTA-200 FAYANS SERAM\u0130K YAPI\u015eTIRMA HARCI - C1T\"><img loading=\"lazy\" decoding=\"async\" width=\"300\" height=\"300\" src=\"https:\/\/cubo.com.tr\/wp-content\/uploads\/CuboFix-CTA-200-Fayans-Seramik-Yapistirma-Harci.png\" class=\"attachment-woocommerce_thumbnail size-woocommerce_thumbnail\" alt=\"\" \/><\/a>\n\t\t\t<div class=\"product-add-to-cart\" data-nectar-quickview=\"false\"><a href=\"https:\/\/cubo.com.tr\/en\/cubofix-cta-200-fayans-seramik-yapistirma-harci-c1t\/\" aria-describedby=\"woocommerce_loop_add_to_cart_link_describedby_9317\" data-quantity=\"1\" class=\"button product_type_simple\" data-product_id=\"9317\" data-product_sku=\"\" aria-label=\"Read more about \u201cCUBOFIX CTA-200 FAYANS SERAM\u0130K YAPI\u015eTIRMA HARCI - C1T\u201d\" rel=\"nofollow\" data-success_message=\"\" data-no-translation=\"\" data-trp-gettext=\"\" data-no-translation-aria-label=\"\">Read more<\/a><span id=\"woocommerce_loop_add_to_cart_link_describedby_9317\" class=\"screen-reader-text\">\n\t<\/span><\/div>\t\t   <\/div>\n\t\t\t\t\n\t  \n\n\t\t<h2 class=\"woocommerce-loop-product__title\">CUBOFIX CTA-200 TILE CERAMIC ADHESIVE MORTAR - C1T<\/h2>\n\n\t\n\n\t\n<\/li>\n\t\t\t\n\t\t\t\t\n\t<li class=\"classic product type-product post-9318 status-publish instock product_cat-cimento-esasli-yapistirici-ve-derz-dolgular product_cat-cubo-build-yapi-sistemleri product_cat-seramik-yapistirici-ve-derz-dolgular has-post-thumbnail shipping-taxable product-type-simple\" >\n\n\n\t\n\n\t\t\t   <div class=\"product-wrap\">\n\t\t\t<a href=\"https:\/\/cubo.com.tr\/en\/cubofix-cta-300-seramik-yapistirma-harci-c1te\/\" aria-label=\"CUBOFIX CTA-300 SERAM\u0130K YAPI\u015eTIRMA HARCI - C1TE\"><img loading=\"lazy\" decoding=\"async\" width=\"300\" height=\"300\" src=\"https:\/\/cubo.com.tr\/wp-content\/uploads\/CuboFix-CTA-300-Seramik-Yapistirma-Harci.png\" class=\"attachment-woocommerce_thumbnail size-woocommerce_thumbnail\" alt=\"\" \/><\/a>\n\t\t\t<div class=\"product-add-to-cart\" data-nectar-quickview=\"false\"><a href=\"https:\/\/cubo.com.tr\/en\/cubofix-cta-300-seramik-yapistirma-harci-c1te\/\" aria-describedby=\"woocommerce_loop_add_to_cart_link_describedby_9318\" data-quantity=\"1\" class=\"button product_type_simple\" data-product_id=\"9318\" data-product_sku=\"\" aria-label=\"Read more about \u201cCUBOFIX CTA-300 SERAM\u0130K YAPI\u015eTIRMA HARCI - C1TE\u201d\" rel=\"nofollow\" data-success_message=\"\" data-no-translation=\"\" data-trp-gettext=\"\" data-no-translation-aria-label=\"\">Read more<\/a><span id=\"woocommerce_loop_add_to_cart_link_describedby_9318\" class=\"screen-reader-text\">\n\t<\/span><\/div>\t\t   <\/div>\n\t\t\t\t\n\t  \n\n\t\t<h2 class=\"woocommerce-loop-product__title\">CUBOFIX CTA-300 CERAMIC ADHESIVE MORTAR - C1TE<\/h2>\n\n\t\n\n\t\n<\/li>\n\t\t\t\n\t\t\t\t\n\t<li class=\"classic product type-product post-9320 status-publish instock product_cat-cimento-esasli-yapistirici-ve-derz-dolgular product_cat-cubo-build-yapi-sistemleri product_cat-seramik-yapistirici-ve-derz-dolgular has-post-thumbnail shipping-taxable product-type-simple\" >\n\n\n\t\n\n\t\t\t   <div class=\"product-wrap\">\n\t\t\t<a href=\"https:\/\/cubo.com.tr\/en\/cubofix-cta-f500-hizli-sertlesen-seramik-yapistirma-harci-c2ft\/\" aria-label=\"CUBOFIX CTA-F500 HIZLI SERTLE\u015eEN SERAM\u0130K YAPI\u015eTIRMA HARCI - C2FT\"><img loading=\"lazy\" decoding=\"async\" width=\"300\" height=\"300\" src=\"https:\/\/cubo.com.tr\/wp-content\/uploads\/CuboFix-CTA-F500-Hizli-Sertlesen-Seramik-Yapistirma-Harci.png\" class=\"attachment-woocommerce_thumbnail size-woocommerce_thumbnail\" alt=\"\" \/><\/a>\n\t\t\t<div class=\"product-add-to-cart\" data-nectar-quickview=\"false\"><a href=\"https:\/\/cubo.com.tr\/en\/cubofix-cta-f500-hizli-sertlesen-seramik-yapistirma-harci-c2ft\/\" aria-describedby=\"woocommerce_loop_add_to_cart_link_describedby_9320\" data-quantity=\"1\" class=\"button product_type_simple\" data-product_id=\"9320\" data-product_sku=\"\" aria-label=\"Read more about \u201cCUBOFIX CTA-F500 HIZLI SERTLE\u015eEN SERAM\u0130K YAPI\u015eTIRMA HARCI - C2FT\u201d\" rel=\"nofollow\" data-success_message=\"\" data-no-translation=\"\" data-trp-gettext=\"\" data-no-translation-aria-label=\"\">Read more<\/a><span id=\"woocommerce_loop_add_to_cart_link_describedby_9320\" class=\"screen-reader-text\">\n\t<\/span><\/div>\t\t   <\/div>\n\t\t\t\t\n\t  \n\n\t\t<h2 class=\"woocommerce-loop-product__title\">CUBOFIX CTA-F500 FAST HARDENING CERAMIC ADHESIVE MORTAR - C2FT<\/h2>\n\n\t\n\n\t\n<\/li>\n\t\t\t\n\t\t\t\t\n\t<li class=\"classic product type-product post-9323 status-publish last instock product_cat-cimento-esasli-yapistirici-ve-derz-dolgular product_cat-cubo-build-yapi-sistemleri product_cat-seramik-yapistirici-ve-derz-dolgular has-post-thumbnail shipping-taxable product-type-simple\" >\n\n\n\t\n\n\t\t\t   <div class=\"product-wrap\">\n\t\t\t<a href=\"https:\/\/cubo.com.tr\/en\/cubofix-cta-600s-flex-seramik-yapistirma-harci-c2te\/\" aria-label=\"CUBOFIX CTA-600S FLEX SERAM\u0130K YAPI\u015eTIRMA HARCI - C2TE\"><img loading=\"lazy\" decoding=\"async\" width=\"300\" height=\"300\" src=\"https:\/\/cubo.com.tr\/wp-content\/uploads\/CuboFix-CTA-600S-Seramik-Flex-Yapistirma-Harci.png\" class=\"attachment-woocommerce_thumbnail size-woocommerce_thumbnail\" alt=\"\" \/><\/a>\n\t\t\t<div class=\"product-add-to-cart\" data-nectar-quickview=\"false\"><a href=\"https:\/\/cubo.com.tr\/en\/cubofix-cta-600s-flex-seramik-yapistirma-harci-c2te\/\" aria-describedby=\"woocommerce_loop_add_to_cart_link_describedby_9323\" data-quantity=\"1\" class=\"button product_type_simple\" data-product_id=\"9323\" data-product_sku=\"\" aria-label=\"Read more about \u201cCUBOFIX CTA-600S FLEX SERAM\u0130K YAPI\u015eTIRMA HARCI - C2TE\u201d\" rel=\"nofollow\" data-success_message=\"\" data-no-translation=\"\" data-trp-gettext=\"\" data-no-translation-aria-label=\"\">Read more<\/a><span id=\"woocommerce_loop_add_to_cart_link_describedby_9323\" class=\"screen-reader-text\">\n\t<\/span><\/div>\t\t   <\/div>\n\t\t\t\t\n\t  \n\n\t\t<h2 class=\"woocommerce-loop-product__title\">CUBOFIX CTA-600S FLEX CERAMIC ADHESIVE MORTAR - C2TE<\/h2>\n\n\t\n\n\t\n<\/li>\n\t\t\t\n\t\t\t\t\n\t<li class=\"classic product type-product post-9322 status-publish first instock product_cat-cimento-esasli-yapistirici-ve-derz-dolgular product_cat-cubo-build-yapi-sistemleri product_cat-seramik-yapistirici-ve-derz-dolgular has-post-thumbnail shipping-taxable product-type-simple\" >\n\n\n\t\n\n\t\t\t   <div class=\"product-wrap\">\n\t\t\t<a href=\"https:\/\/cubo.com.tr\/en\/cubofix-cta-600h-havuz-seramik-yapistirima-harci-c2te\/\" aria-label=\"CUBOFIX CTA-600H HAVUZ SERAM\u0130K YAPI\u015eTIRIMA HARCI - C2TE\"><img loading=\"lazy\" decoding=\"async\" width=\"300\" height=\"300\" src=\"https:\/\/cubo.com.tr\/wp-content\/uploads\/CuboFix-CTA-600H-Havuz-Seramik-Yapistirma-Harci.png\" class=\"attachment-woocommerce_thumbnail size-woocommerce_thumbnail\" alt=\"\" \/><\/a>\n\t\t\t<div class=\"product-add-to-cart\" data-nectar-quickview=\"false\"><a href=\"https:\/\/cubo.com.tr\/en\/cubofix-cta-600h-havuz-seramik-yapistirima-harci-c2te\/\" aria-describedby=\"woocommerce_loop_add_to_cart_link_describedby_9322\" data-quantity=\"1\" class=\"button product_type_simple\" data-product_id=\"9322\" data-product_sku=\"\" aria-label=\"Read more about \u201cCUBOFIX CTA-600H HAVUZ SERAM\u0130K YAPI\u015eTIRIMA HARCI - C2TE\u201d\" rel=\"nofollow\" data-success_message=\"\" data-no-translation=\"\" data-trp-gettext=\"\" data-no-translation-aria-label=\"\">Read more<\/a><span id=\"woocommerce_loop_add_to_cart_link_describedby_9322\" class=\"screen-reader-text\">\n\t<\/span><\/div>\t\t   <\/div>\n\t\t\t\t\n\t  \n\n\t\t<h2 class=\"woocommerce-loop-product__title\">CUBOFIX CTA-600H HAVUZ SERAM\u0130K YAPI\u015eTIRIMA HARCI &#8211; C2TE<\/h2>\n\n\t\n\n\t\n<\/li>\n\t\t\t\n\t\t\t\t\n\t<li class=\"classic product type-product post-9324 status-publish instock product_cat-cimento-esasli-yapistirici-ve-derz-dolgular product_cat-cubo-build-yapi-sistemleri product_cat-seramik-yapistirici-ve-derz-dolgular has-post-thumbnail shipping-taxable product-type-simple\" >\n\n\n\t\n\n\t\t\t   <div class=\"product-wrap\">\n\t\t\t<a href=\"https:\/\/cubo.com.tr\/en\/cubofix-cta-700gm-granit-mermer-flex-yapistirma-harci-c2tes1\/\" aria-label=\"CUBOFIX CTA-700GM GRAN\u0130T &amp; MERMER FLEX YAPI\u015eTIRMA HARCI - C2TES1\"><img loading=\"lazy\" decoding=\"async\" width=\"300\" height=\"300\" src=\"https:\/\/cubo.com.tr\/wp-content\/uploads\/CuboFix-CTA-700GM-GranitMermer-Flex-Yapistirma-Harci.png\" class=\"attachment-woocommerce_thumbnail size-woocommerce_thumbnail\" alt=\"\" \/><\/a>\n\t\t\t<div class=\"product-add-to-cart\" data-nectar-quickview=\"false\"><a href=\"https:\/\/cubo.com.tr\/en\/cubofix-cta-700gm-granit-mermer-flex-yapistirma-harci-c2tes1\/\" aria-describedby=\"woocommerce_loop_add_to_cart_link_describedby_9324\" data-quantity=\"1\" class=\"button product_type_simple\" data-product_id=\"9324\" data-product_sku=\"\" aria-label=\"Read more about \u201cCUBOFIX CTA-700GM GRAN\u0130T &amp; MERMER FLEX YAPI\u015eTIRMA HARCI - C2TES1\u201d\" rel=\"nofollow\" data-success_message=\"\" data-no-translation=\"\" data-trp-gettext=\"\" data-no-translation-aria-label=\"\">Read more<\/a><span id=\"woocommerce_loop_add_to_cart_link_describedby_9324\" class=\"screen-reader-text\">\n\t<\/span><\/div>\t\t   <\/div>\n\t\t\t\t\n\t  \n\n\t\t<h2 class=\"woocommerce-loop-product__title\">CUBOFIX CTA-700GM GRANITE &amp; MARBLE FLEX ADHESIVE MORTAR - C2TES1<\/h2>\n\n\t\n\n\t\n<\/li>\n\t\t\t\n\t\t\t\t\n\t<li class=\"classic product type-product post-9325 status-publish instock product_cat-cimento-esasli-yapistirici-ve-derz-dolgular product_cat-cubo-build-yapi-sistemleri product_cat-seramik-yapistirici-ve-derz-dolgular has-post-thumbnail shipping-taxable product-type-simple\" >\n\n\n\t\n\n\t\t\t   <div class=\"product-wrap\">\n\t\t\t<a href=\"https:\/\/cubo.com.tr\/en\/cubofix-cta-900gm-granit-mermer-flex-yapistirma-harci-c2tes2\/\" aria-label=\"CUBOFIX CTA-900GM GRAN\u0130T &amp; MERMER FLEX YAPI\u015eTIRMA HARCI - C2TES2\"><img loading=\"lazy\" decoding=\"async\" width=\"300\" height=\"300\" src=\"https:\/\/cubo.com.tr\/wp-content\/uploads\/CuboFix-CTA-900GM-GranitMermer-Flex-Yapistirma-Harci.png\" class=\"attachment-woocommerce_thumbnail size-woocommerce_thumbnail\" alt=\"\" \/><\/a>\n\t\t\t<div class=\"product-add-to-cart\" data-nectar-quickview=\"false\"><a href=\"https:\/\/cubo.com.tr\/en\/cubofix-cta-900gm-granit-mermer-flex-yapistirma-harci-c2tes2\/\" aria-describedby=\"woocommerce_loop_add_to_cart_link_describedby_9325\" data-quantity=\"1\" class=\"button product_type_simple\" data-product_id=\"9325\" data-product_sku=\"\" aria-label=\"Read more about \u201cCUBOFIX CTA-900GM GRAN\u0130T &amp; MERMER FLEX YAPI\u015eTIRMA HARCI - C2TES2\u201d\" rel=\"nofollow\" data-success_message=\"\" data-no-translation=\"\" data-trp-gettext=\"\" data-no-translation-aria-label=\"\">Read more<\/a><span id=\"woocommerce_loop_add_to_cart_link_describedby_9325\" class=\"screen-reader-text\">\n\t<\/span><\/div>\t\t   <\/div>\n\t\t\t\t\n\t  \n\n\t\t<h2 class=\"woocommerce-loop-product__title\">CUBOFIX CTA-900GM GRANITE &amp; MARBLE FLEX ADHESIVE MORTAR - C2TES2<\/h2>\n\n\t\n\n\t\n<\/li>\n\t\t\t\n\t\t\t\t\n\t<li class=\"classic product type-product post-9331 status-publish last instock product_cat-cimento-esasli-yapistirici-ve-derz-dolgular product_cat-cubo-build-yapi-sistemleri product_cat-seramik-yapistirici-ve-derz-dolgular has-post-thumbnail shipping-taxable product-type-simple\" >\n\n\n\t\n\n\t\t\t   <div class=\"product-wrap\">\n\t\t\t<a href=\"https:\/\/cubo.com.tr\/en\/cubo-fix-ultra-primer-seramik-ustu-astar\/\" aria-label=\"CUBOFIX CTP-001 ULTRA PRIMER (Primer on Ceramic)\"><img loading=\"lazy\" decoding=\"async\" width=\"300\" height=\"300\" src=\"https:\/\/cubo.com.tr\/wp-content\/uploads\/CuboFix-CTP-001-Ultra-Primer.png\" class=\"attachment-woocommerce_thumbnail size-woocommerce_thumbnail\" alt=\"\" \/><\/a>\n\t\t\t<div class=\"product-add-to-cart\" data-nectar-quickview=\"false\"><a href=\"https:\/\/cubo.com.tr\/en\/cubo-fix-ultra-primer-seramik-ustu-astar\/\" aria-describedby=\"woocommerce_loop_add_to_cart_link_describedby_9331\" data-quantity=\"1\" class=\"button product_type_simple\" data-product_id=\"9331\" data-product_sku=\"\" aria-label=\"Read more about \u201cCUBOFIX CTP-001 ULTRA PRIMER SERAM\u0130K \u00dcST\u00dc ASTAR\u201d\" rel=\"nofollow\" data-success_message=\"\" data-no-translation=\"\" data-trp-gettext=\"\" data-no-translation-aria-label=\"\">Read more<\/a><span id=\"woocommerce_loop_add_to_cart_link_describedby_9331\" class=\"screen-reader-text\">\n\t<\/span><\/div>\t\t   <\/div>\n\t\t\t\t\n\t  \n\n\t\t<h2 class=\"woocommerce-loop-product__title\">CUBOFIX CTP-001 ULTRA PRIMER (Primer on Ceramic)<\/h2>\n\n\t\n\n\t\n<\/li>\n\t\t\t\n\t\t\t\t\n\t<li class=\"classic product type-product post-9330 status-publish first instock product_cat-cimento-esasli-yapistirici-ve-derz-dolgular product_cat-cubo-build-yapi-sistemleri product_cat-seramik-yapistirici-ve-derz-dolgular has-post-thumbnail shipping-taxable product-type-simple\" >\n\n\n\t\n\n\t\t\t   <div class=\"product-wrap\">\n\t\t\t<a href=\"https:\/\/cubo.com.tr\/en\/cubofix-cdd-s700-silikonlu-flex-derz-dolgu-3-10-mm\/\" aria-label=\"CUBOFIX CDD-S700 S\u0130L\u0130KONLU FLEX DERZ DOLGU 3-10 MM - CG2WA\"><img loading=\"lazy\" decoding=\"async\" width=\"300\" height=\"300\" src=\"https:\/\/cubo.com.tr\/wp-content\/uploads\/CuboFix-CDD-S700-Silikonlu-Flex-Derz-Dolgu-20kg.png\" class=\"attachment-woocommerce_thumbnail size-woocommerce_thumbnail\" alt=\"\" \/><\/a>\n\t\t\t<div class=\"product-add-to-cart\" data-nectar-quickview=\"false\"><a href=\"https:\/\/cubo.com.tr\/en\/cubofix-cdd-s700-silikonlu-flex-derz-dolgu-3-10-mm\/\" aria-describedby=\"woocommerce_loop_add_to_cart_link_describedby_9330\" data-quantity=\"1\" class=\"button product_type_simple\" data-product_id=\"9330\" data-product_sku=\"\" aria-label=\"Read more about \u201cCUBOFIX CDD-S700 S\u0130L\u0130KONLU FLEX DERZ DOLGU 3-10 MM - CG2WA\u201d\" rel=\"nofollow\" data-success_message=\"\" data-no-translation=\"\" data-trp-gettext=\"\" data-no-translation-aria-label=\"\">Read more<\/a><span id=\"woocommerce_loop_add_to_cart_link_describedby_9330\" class=\"screen-reader-text\">\n\t<\/span><\/div>\t\t   <\/div>\n\t\t\t\t\n\t  \n\n\t\t<h2 class=\"woocommerce-loop-product__title\">CUBOFIX CDD-S700 SILICONE FLEX JOINT FILLER 3-10 MM \u2013 CG2WA<\/h2>\n\n\t\n\n\t\n<\/li>\n\t\t\t\n\t\t\t\t\n\t<li class=\"classic product type-product post-9329 status-publish instock product_cat-cimento-esasli-yapistirici-ve-derz-dolgular product_cat-cubo-build-yapi-sistemleri product_cat-seramik-yapistirici-ve-derz-dolgular has-post-thumbnail shipping-taxable product-type-simple\" >\n\n\n\t\n\n\t\t\t   <div class=\"product-wrap\">\n\t\t\t<a href=\"https:\/\/cubo.com.tr\/en\/cubofix-cdd-600-derz-dolgu-1-6-mm\/\" aria-label=\"CUBOFIX CDD-600 DERZ DOLGU 1-6 MM - CG2A\"><img loading=\"lazy\" decoding=\"async\" width=\"300\" height=\"300\" src=\"https:\/\/cubo.com.tr\/wp-content\/uploads\/CuboFix-CDD-600-Derz-Dolgu-20kg.png\" class=\"attachment-woocommerce_thumbnail size-woocommerce_thumbnail\" alt=\"\" \/><\/a>\n\t\t\t<div class=\"product-add-to-cart\" data-nectar-quickview=\"false\"><a href=\"https:\/\/cubo.com.tr\/en\/cubofix-cdd-600-derz-dolgu-1-6-mm\/\" aria-describedby=\"woocommerce_loop_add_to_cart_link_describedby_9329\" data-quantity=\"1\" class=\"button product_type_simple\" data-product_id=\"9329\" data-product_sku=\"\" aria-label=\"Read more about \u201cCUBOFIX CDD-600 DERZ DOLGU 1-6 MM - CG2A\u201d\" rel=\"nofollow\" data-success_message=\"\" data-no-translation=\"\" data-trp-gettext=\"\" data-no-translation-aria-label=\"\">Read more<\/a><span id=\"woocommerce_loop_add_to_cart_link_describedby_9329\" class=\"screen-reader-text\">\n\t<\/span><\/div>\t\t   <\/div>\n\t\t\t\t\n\t  \n\n\t\t<h2 class=\"woocommerce-loop-product__title\">CUBOFIX CDD-600 JOINT FILLER 1-6 MM- CG2A<\/h2>\n\n\t\n\n\t\n<\/li>\n\t\t\t\n\t\t\t\t\n\t<li class=\"classic product type-product post-9327 status-publish instock product_cat-cimento-esasli-yapistirici-ve-derz-dolgular product_cat-cubo-build-yapi-sistemleri product_cat-seramik-yapistirici-ve-derz-dolgular has-post-thumbnail shipping-taxable product-type-simple\" >\n\n\n\t\n\n\t\t\t   <div class=\"product-wrap\">\n\t\t\t<a href=\"https:\/\/cubo.com.tr\/en\/cubofix-cgb-100-gaz-beton-orgu-harci\/\" aria-label=\"CUBOFIX CGB-100 GAS CONCRETE MORTAR\"><img loading=\"lazy\" decoding=\"async\" width=\"300\" height=\"300\" src=\"https:\/\/cubo.com.tr\/wp-content\/uploads\/CuboFix-CGB-100-Gazbeton-Orgu-Harci.png\" class=\"attachment-woocommerce_thumbnail size-woocommerce_thumbnail\" alt=\"\" \/><\/a>\n\t\t\t<div class=\"product-add-to-cart\" data-nectar-quickview=\"false\"><a href=\"https:\/\/cubo.com.tr\/en\/cubofix-cgb-100-gaz-beton-orgu-harci\/\" aria-describedby=\"woocommerce_loop_add_to_cart_link_describedby_9327\" data-quantity=\"1\" class=\"button product_type_simple\" data-product_id=\"9327\" data-product_sku=\"\" aria-label=\"Read more about \u201cCUBOFIX CGB-100 GAZ BETON \u00d6RG\u00dc HARCI\u201d\" rel=\"nofollow\" data-success_message=\"\" data-no-translation=\"\" data-trp-gettext=\"\" data-no-translation-aria-label=\"\">Read more<\/a><span id=\"woocommerce_loop_add_to_cart_link_describedby_9327\" class=\"screen-reader-text\">\n\t<\/span><\/div>\t\t   <\/div>\n\t\t\t\t\n\t  \n\n\t\t<h2 class=\"woocommerce-loop-product__title\">CUBOFIX CGB-100 GAS CONCRETE MORTAR<\/h2>\n\n\t\n\n\t\n<\/li>\n\t\t\t\n\t\t\t\t\n\t<li class=\"classic product type-product post-9326 status-publish last instock product_cat-cimento-esasli-yapistirici-ve-derz-dolgular product_cat-cubo-build-yapi-sistemleri product_cat-seramik-yapistirici-ve-derz-dolgular has-post-thumbnail shipping-taxable product-type-simple\" >\n\n\n\t\n\n\t\t\t   <div class=\"product-wrap\">\n\t\t\t<a href=\"https:\/\/cubo.com.tr\/en\/cubofix-ctb-100-tugla-ve-bims-yapistirma-harci\/\" aria-label=\"CUBOFIX CTB-100 BRICK AND BIMS ADHESIVE MORTAR\"><img loading=\"lazy\" decoding=\"async\" width=\"300\" height=\"300\" src=\"https:\/\/cubo.com.tr\/wp-content\/uploads\/CuboFix-CTB-100-Tugla-ve-Bims-Tugla-Yapistirma-Harci.png\" class=\"attachment-woocommerce_thumbnail size-woocommerce_thumbnail\" alt=\"\" \/><\/a>\n\t\t\t<div class=\"product-add-to-cart\" data-nectar-quickview=\"false\"><a href=\"https:\/\/cubo.com.tr\/en\/cubofix-ctb-100-tugla-ve-bims-yapistirma-harci\/\" aria-describedby=\"woocommerce_loop_add_to_cart_link_describedby_9326\" data-quantity=\"1\" class=\"button product_type_simple\" data-product_id=\"9326\" data-product_sku=\"\" aria-label=\"Read more about \u201cCUBOFIX CTB-100 TU\u011eLA VE B\u0130MS YAPI\u015eTIRMA HARCI\u201d\" rel=\"nofollow\" data-success_message=\"\" data-no-translation=\"\" data-trp-gettext=\"\" data-no-translation-aria-label=\"\">Read more<\/a><span id=\"woocommerce_loop_add_to_cart_link_describedby_9326\" class=\"screen-reader-text\">\n\t<\/span><\/div>\t\t   <\/div>\n\t\t\t\t\n\t  \n\n\t\t<h2 class=\"woocommerce-loop-product__title\">CUBOFIX CTB-100 BRICK AND BIMS ADHESIVE MORTAR<\/h2>\n\n\t\n\n\t\n<\/li>\n\t\t\t\n\t\t\t\t\n\t<li class=\"classic product type-product post-9328 status-publish first instock product_cat-cimento-esasli-yapistirici-ve-derz-dolgular product_cat-cubo-build-yapi-sistemleri product_cat-seramik-yapistirici-ve-derz-dolgular has-post-thumbnail shipping-taxable product-type-simple\" >\n\n\n\t\n\n\t\t\t   <div class=\"product-wrap\">\n\t\t\t<a href=\"https:\/\/cubo.com.tr\/en\/cubofix-cmk-100-mahya-kiremidi-yapistirma-harci\/\" aria-label=\"CUBOFIX CMK-100 RIDGE TILE ADHESIVE MORTAR\"><img loading=\"lazy\" decoding=\"async\" width=\"300\" height=\"300\" src=\"https:\/\/cubo.com.tr\/wp-content\/uploads\/CuboFix-CMK-100-Mahya-Kiremidi-Yapistirma-Harci.png\" class=\"attachment-woocommerce_thumbnail size-woocommerce_thumbnail\" alt=\"\" \/><\/a>\n\t\t\t<div class=\"product-add-to-cart\" data-nectar-quickview=\"false\"><a href=\"https:\/\/cubo.com.tr\/en\/cubofix-cmk-100-mahya-kiremidi-yapistirma-harci\/\" aria-describedby=\"woocommerce_loop_add_to_cart_link_describedby_9328\" data-quantity=\"1\" class=\"button product_type_simple\" data-product_id=\"9328\" data-product_sku=\"\" aria-label=\"Read more about \u201cCUBOFIX CMK-100 MAHYA K\u0130REM\u0130D\u0130 YAPI\u015eTIRMA HARCI\u201d\" rel=\"nofollow\" data-success_message=\"\" data-no-translation=\"\" data-trp-gettext=\"\" data-no-translation-aria-label=\"\">Read more<\/a><span id=\"woocommerce_loop_add_to_cart_link_describedby_9328\" class=\"screen-reader-text\">\n\t<\/span><\/div>\t\t   <\/div>\n\t\t\t\t\n\t  \n\n\t\t<h2 class=\"woocommerce-loop-product__title\">CUBOFIX CMK-100 RIDGE TILE ADHESIVE MORTAR<\/h2>\n\n\t\n\n\t\n<\/li>\n\t\t\t\n\t\t<\/ul>\n\n\t\t\n\t<\/div><div class=\"divider-wrap\" data-alignment=\"default\"><div style=\"height: 50px;\" class=\"divider\"><\/div><\/div><div class=\"divider-wrap\" data-alignment=\"default\"><div style=\"height: 50px;\" class=\"divider\"><\/div><\/div>\n\t\t\t<\/div> \n\t\t<\/div>\n\t<\/div> \n<\/div><\/div>","protected":false},"excerpt":{"rendered":"","protected":false},"author":1,"featured_media":0,"parent":0,"menu_order":0,"comment_status":"closed","ping_status":"closed","template":"","meta":{"inline_featured_image":false,"footnotes":"","_links_to":"","_links_to_target":""},"class_list":["post-10926","page","type-page","status-publish"],"_links":{"self":[{"href":"https:\/\/cubo.com.tr\/en\/wp-json\/wp\/v2\/pages\/10926","targetHints":{"allow":["GET"]}}],"collection":[{"href":"https:\/\/cubo.com.tr\/en\/wp-json\/wp\/v2\/pages"}],"about":[{"href":"https:\/\/cubo.com.tr\/en\/wp-json\/wp\/v2\/types\/page"}],"author":[{"embeddable":true,"href":"https:\/\/cubo.com.tr\/en\/wp-json\/wp\/v2\/users\/1"}],"replies":[{"embeddable":true,"href":"https:\/\/cubo.com.tr\/en\/wp-json\/wp\/v2\/comments?post=10926"}],"version-history":[{"count":7,"href":"https:\/\/cubo.com.tr\/en\/wp-json\/wp\/v2\/pages\/10926\/revisions"}],"predecessor-version":[{"id":13206,"href":"https:\/\/cubo.com.tr\/en\/wp-json\/wp\/v2\/pages\/10926\/revisions\/13206"}],"wp:attachment":[{"href":"https:\/\/cubo.com.tr\/en\/wp-json\/wp\/v2\/media?parent=10926"}],"curies":[{"name":"wp","href":"https:\/\/api.w.org\/{rel}","templated":true}]}}