{"id":10940,"date":"2024-02-21T16:44:35","date_gmt":"2024-02-21T13:44:35","guid":{"rendered":"https:\/\/cubo.com.tr\/?page_id=10940"},"modified":"2025-02-14T15:14:17","modified_gmt":"2025-02-14T12:14:17","slug":"ahsap-boyalar","status":"publish","type":"page","link":"https:\/\/cubo.com.tr\/en\/ahsap-boyalar\/","title":{"rendered":"Ah\u015fap Boyalar"},"content":{"rendered":"<div id=\"fws_69e0b21f1b79a\"  data-column-margin=\"default\" data-midnight=\"dark\" data-top-percent=\"8%\" data-bottom-percent=\"8%\"  class=\"wpb_row vc_row-fluid vc_row full-width-section\"  style=\"padding-top: calc(100vw * 0.08); padding-bottom: calc(100vw * 0.08); \"><div class=\"row-bg-wrap\" data-bg-animation=\"none\" data-bg-animation-delay=\"\" data-bg-overlay=\"false\"><div class=\"inner-wrap row-bg-layer\" ><div class=\"row-bg viewport-desktop\"  style=\"\"><\/div><\/div><\/div><div class=\"row_col_wrap_12 col span_12 dark left\">\n\t<div  class=\"vc_col-sm-12 wpb_column column_container vc_column_container col no-extra-padding inherit_tablet inherit_phone\"  data-padding-pos=\"all\" data-has-bg-color=\"false\" data-bg-color=\"\" data-bg-opacity=\"1\" data-animation=\"\" data-delay=\"0\" >\n\t\t<div class=\"vc_column-inner\" >\n\t\t\t<div class=\"wpb_wrapper\">\n\t\t\t\t\n<div class=\"wpb_text_column wpb_content_element\" >\n\t<div class=\"wpb_wrapper\">\n\t\t<h2 style=\"text-align: left;\">Wood Protectors and Varnishes<\/h2>\n\t<\/div>\n<\/div>\n\n\n\n<div class=\"woocommerce columns-4\">\n\t\t\n\t\t\n\t\t\n  <ul class=\"products columns-4\" data-n-lazy=\"off\" data-rm-m-hover=\"off\" data-n-desktop-columns=\"4\" data-n-desktop-small-columns=\"3\" data-n-tablet-columns=\"default\" data-n-phone-columns=\"default\" data-product-style=\"classic\">\n\n\n\n\t\t\t\n\t\t\t\t\n\t<li class=\"classic product type-product post-9165 status-publish first instock product_cat-ahsap-boyalar product_cat-ic-mekan-benzer-urunler product_cat-ic-mekan-boyalari product_cat-insaat-boyalari product_cat-insaat-ve-sanayi-boyalari product_cat-metal-benzer-urunler product_cat-metal-boyalar has-post-thumbnail shipping-taxable product-type-simple\" >\n\n\n\t\n\n\t\t\t   <div class=\"product-wrap\">\n\t\t\t<a href=\"https:\/\/cubo.com.tr\/en\/consept-luks-kokusuz-parlak-boya\/\" aria-label=\"CONSEPT LUXURY ODORLESS GLOSS PAINT\"><img loading=\"lazy\" decoding=\"async\" width=\"300\" height=\"300\" src=\"https:\/\/cubo.com.tr\/wp-content\/uploads\/Concept-Lux-Kokusuz-Parlak-Boya-2.png\" class=\"attachment-woocommerce_thumbnail size-woocommerce_thumbnail\" alt=\"\" \/><\/a>\n\t\t\t<div class=\"product-add-to-cart\" data-nectar-quickview=\"false\"><a href=\"https:\/\/cubo.com.tr\/en\/consept-luks-kokusuz-parlak-boya\/\" aria-describedby=\"woocommerce_loop_add_to_cart_link_describedby_9165\" data-quantity=\"1\" class=\"button product_type_simple\" data-product_id=\"9165\" data-product_sku=\"\" aria-label=\"Read more about \u201cCONCEPT LUX KOKUSUZ PARLAK BOYA\u201d\" rel=\"nofollow\" data-success_message=\"\" data-no-translation=\"\" data-trp-gettext=\"\" data-no-translation-aria-label=\"\">Read more<\/a><span id=\"woocommerce_loop_add_to_cart_link_describedby_9165\" class=\"screen-reader-text\">\n\t<\/span><\/div>\t\t   <\/div>\n\t\t\t\t\n\t  \n\n\t\t<h2 class=\"woocommerce-loop-product__title\">CONSEPT LUXURY ODORLESS GLOSS PAINT<\/h2>\n\n\t\n\n\t\n<\/li>\n\t\t\t\n\t\t\t\t\n\t<li class=\"classic product type-product post-14425 status-publish instock product_cat-ahsap-benzer-urunler product_cat-ahsap-boyalar product_cat-insaat-boyalari product_cat-insaat-ve-sanayi-boyalari has-post-thumbnail shipping-taxable product-type-simple\" >\n\n\n\t\n\n\t\t\t   <div class=\"product-wrap\">\n\t\t\t<a href=\"https:\/\/cubo.com.tr\/en\/cubowood-su-bazli-vernikli-parlak-ahsap-koruyucu\/\" aria-label=\"CUBOWOOD WATER-BASED VARNISH GLOSSY WOOD PROTECTOR\"><img loading=\"lazy\" decoding=\"async\" width=\"300\" height=\"300\" src=\"https:\/\/cubo.com.tr\/wp-content\/uploads\/Su-Bazli-Vernikli-Parlak-Ahsap-Koruyucu-2.png\" class=\"attachment-woocommerce_thumbnail size-woocommerce_thumbnail\" alt=\"\" \/><\/a>\n\t\t\t<div class=\"product-add-to-cart\" data-nectar-quickview=\"false\"><a href=\"https:\/\/cubo.com.tr\/en\/cubowood-su-bazli-vernikli-parlak-ahsap-koruyucu\/\" aria-describedby=\"woocommerce_loop_add_to_cart_link_describedby_14425\" data-quantity=\"1\" class=\"button product_type_simple\" data-product_id=\"14425\" data-product_sku=\"\" aria-label=\"Read more about \u201cCUBOWOOD SU BAZLI VERN\u0130KL\u0130 PARLAK AH\u015eAP KORUYUCU\u201d\" rel=\"nofollow\" data-success_message=\"\" data-no-translation=\"\" data-trp-gettext=\"\" data-no-translation-aria-label=\"\">Read more<\/a><span id=\"woocommerce_loop_add_to_cart_link_describedby_14425\" class=\"screen-reader-text\">\n\t<\/span><\/div>\t\t   <\/div>\n\t\t\t\t\n\t  \n\n\t\t<h2 class=\"woocommerce-loop-product__title\">CUBOWOOD WATER-BASED VARNISH GLOSSY WOOD PROTECTOR<\/h2>\n\n\t\n\n\t\n<\/li>\n\t\t\t\n\t\t\t\t\n\t<li class=\"classic product type-product post-9243 status-publish instock product_cat-ahsap-benzer-urunler product_cat-ahsap-boyalar product_cat-insaat-boyalari product_cat-insaat-ve-sanayi-boyalari has-post-thumbnail shipping-taxable product-type-simple\" >\n\n\n\t\n\n\t\t\t   <div class=\"product-wrap\">\n\t\t\t<a href=\"https:\/\/cubo.com.tr\/en\/cubowood-su-bazli-dekoratif-mat-ahsap-koruyucu\/\" aria-label=\"CUBOWOOD WATER-BASED DECORATIVE MATT WOOD PROTECTOR\"><img loading=\"lazy\" decoding=\"async\" width=\"300\" height=\"300\" src=\"https:\/\/cubo.com.tr\/wp-content\/uploads\/Su-Bazli-Dekoratif-Mat-Ahsap-Koruyucu.png\" class=\"attachment-woocommerce_thumbnail size-woocommerce_thumbnail\" alt=\"\" \/><\/a>\n\t\t\t<div class=\"product-add-to-cart\" data-nectar-quickview=\"false\"><a href=\"https:\/\/cubo.com.tr\/en\/cubowood-su-bazli-dekoratif-mat-ahsap-koruyucu\/\" aria-describedby=\"woocommerce_loop_add_to_cart_link_describedby_9243\" data-quantity=\"1\" class=\"button product_type_simple\" data-product_id=\"9243\" data-product_sku=\"\" aria-label=\"Read more about \u201cCUBOWOOD SU BAZLI DEKORAT\u0130F MAT AH\u015eAP KORUYUCU\u201d\" rel=\"nofollow\" data-success_message=\"\" data-no-translation=\"\" data-trp-gettext=\"\" data-no-translation-aria-label=\"\">Read more<\/a><span id=\"woocommerce_loop_add_to_cart_link_describedby_9243\" class=\"screen-reader-text\">\n\t<\/span><\/div>\t\t   <\/div>\n\t\t\t\t\n\t  \n\n\t\t<h2 class=\"woocommerce-loop-product__title\">CUBOWOOD WATER-BASED DECORATIVE MATT WOOD PROTECTOR<\/h2>\n\n\t\n\n\t\n<\/li>\n\t\t\t\n\t\t\t\t\n\t<li class=\"classic product type-product post-9244 status-publish last instock product_cat-ahsap-boyalar product_cat-insaat-boyalari product_cat-insaat-ve-sanayi-boyalari has-post-thumbnail shipping-taxable product-type-simple\" >\n\n\n\t\n\n\t\t\t   <div class=\"product-wrap\">\n\t\t\t<a href=\"https:\/\/cubo.com.tr\/en\/cubowood-su-bazli-parlak-vernik\/\" aria-label=\"CUBOWOOD WATER BASED GLOSS VARNISH\"><img loading=\"lazy\" decoding=\"async\" width=\"300\" height=\"300\" src=\"https:\/\/cubo.com.tr\/wp-content\/uploads\/Su-Bazli-Parlak-Vernik-1.png\" class=\"attachment-woocommerce_thumbnail size-woocommerce_thumbnail\" alt=\"\" \/><\/a>\n\t\t\t<div class=\"product-add-to-cart\" data-nectar-quickview=\"false\"><a href=\"https:\/\/cubo.com.tr\/en\/cubowood-su-bazli-parlak-vernik\/\" aria-describedby=\"woocommerce_loop_add_to_cart_link_describedby_9244\" data-quantity=\"1\" class=\"button product_type_simple\" data-product_id=\"9244\" data-product_sku=\"\" aria-label=\"Read more about \u201cCUBOWOOD SU BAZLI PARLAK VERN\u0130K\u201d\" rel=\"nofollow\" data-success_message=\"\" data-no-translation=\"\" data-trp-gettext=\"\" data-no-translation-aria-label=\"\">Read more<\/a><span id=\"woocommerce_loop_add_to_cart_link_describedby_9244\" class=\"screen-reader-text\">\n\t<\/span><\/div>\t\t   <\/div>\n\t\t\t\t\n\t  \n\n\t\t<h2 class=\"woocommerce-loop-product__title\">CUBOWOOD WATER BASED GLOSS VARNISH<\/h2>\n\n\t\n\n\t\n<\/li>\n\t\t\t\n\t\t\t\t\n\t<li class=\"classic product type-product post-9245 status-publish first instock product_cat-ahsap-boyalar product_cat-insaat-boyalari product_cat-insaat-ve-sanayi-boyalari has-post-thumbnail shipping-taxable product-type-simple\" >\n\n\n\t\n\n\t\t\t   <div class=\"product-wrap\">\n\t\t\t<a href=\"https:\/\/cubo.com.tr\/en\/cubowood-su-bazli-mat-vernik\/\" aria-label=\"CUBOWOOD WATER-BASED MATT VARNISH\"><img loading=\"lazy\" decoding=\"async\" width=\"300\" height=\"300\" src=\"https:\/\/cubo.com.tr\/wp-content\/uploads\/Su-Bazli-Mat-Vernik-1.png\" class=\"attachment-woocommerce_thumbnail size-woocommerce_thumbnail\" alt=\"\" \/><\/a>\n\t\t\t<div class=\"product-add-to-cart\" data-nectar-quickview=\"false\"><a href=\"https:\/\/cubo.com.tr\/en\/cubowood-su-bazli-mat-vernik\/\" aria-describedby=\"woocommerce_loop_add_to_cart_link_describedby_9245\" data-quantity=\"1\" class=\"button product_type_simple\" data-product_id=\"9245\" data-product_sku=\"\" aria-label=\"Read more about \u201cCUBOWOOD SU BAZLI MAT VERN\u0130K\u201d\" rel=\"nofollow\" data-success_message=\"\" data-no-translation=\"\" data-trp-gettext=\"\" data-no-translation-aria-label=\"\">Read more<\/a><span id=\"woocommerce_loop_add_to_cart_link_describedby_9245\" class=\"screen-reader-text\">\n\t<\/span><\/div>\t\t   <\/div>\n\t\t\t\t\n\t  \n\n\t\t<h2 class=\"woocommerce-loop-product__title\">CUBOWOOD WATER-BASED MATT VARNISH<\/h2>\n\n\t\n\n\t\n<\/li>\n\t\t\t\n\t\t\t\t\n\t<li class=\"classic product type-product post-12056 status-publish instock product_cat-ahsap-benzer-urunler product_cat-ahsap-boyalar product_cat-insaat-boyalari product_cat-insaat-ve-sanayi-boyalari has-post-thumbnail shipping-taxable product-type-simple\" >\n\n\n\t\n\n\t\t\t   <div class=\"product-wrap\">\n\t\t\t<a href=\"https:\/\/cubo.com.tr\/en\/cubowood-vernikli-parlak-ahsap-koruyucu-3\/\" aria-label=\"CUBOWOOD VARNISHED GLOSSY WOOD PROTECTOR\"><img loading=\"lazy\" decoding=\"async\" width=\"300\" height=\"300\" src=\"https:\/\/cubo.com.tr\/wp-content\/uploads\/Solvent-Bazli-Vernikli-Parlak-Ahsap-Koruyucu.png\" class=\"attachment-woocommerce_thumbnail size-woocommerce_thumbnail\" alt=\"\" \/><\/a>\n\t\t\t<div class=\"product-add-to-cart\" data-nectar-quickview=\"false\"><a href=\"https:\/\/cubo.com.tr\/en\/cubowood-vernikli-parlak-ahsap-koruyucu-3\/\" aria-describedby=\"woocommerce_loop_add_to_cart_link_describedby_12056\" data-quantity=\"1\" class=\"button product_type_simple\" data-product_id=\"12056\" data-product_sku=\"\" aria-label=\"Read more about \u201cCUBOWOOD VERN\u0130KL\u0130 PARLAK AH\u015eAP KORUYUCU\u201d\" rel=\"nofollow\" data-success_message=\"\" data-no-translation=\"\" data-trp-gettext=\"\" data-no-translation-aria-label=\"\">Read more<\/a><span id=\"woocommerce_loop_add_to_cart_link_describedby_12056\" class=\"screen-reader-text\">\n\t<\/span><\/div>\t\t   <\/div>\n\t\t\t\t\n\t  \n\n\t\t<h2 class=\"woocommerce-loop-product__title\">CUBOWOOD VARNISHED GLOSSY WOOD PROTECTOR<\/h2>\n\n\t\n\n\t\n<\/li>\n\t\t\t\n\t\t\t\t\n\t<li class=\"classic product type-product post-9246 status-publish instock product_cat-ahsap-benzer-urunler product_cat-ahsap-boyalar product_cat-insaat-boyalari product_cat-insaat-ve-sanayi-boyalari has-post-thumbnail shipping-taxable product-type-simple\" >\n\n\n\t\n\n\t\t\t   <div class=\"product-wrap\">\n\t\t\t<a href=\"https:\/\/cubo.com.tr\/en\/cubowood-dekoratif-mat-ahsap-koruyucu\/\" aria-label=\"CUBOWOOD DECORATIVE MATT WOOD PROTECTOR\"><img loading=\"lazy\" decoding=\"async\" width=\"300\" height=\"300\" src=\"https:\/\/cubo.com.tr\/wp-content\/uploads\/Solvent-Bazli-Dekoratif-Mat-Ahsap-Koruyucu.png\" class=\"attachment-woocommerce_thumbnail size-woocommerce_thumbnail\" alt=\"\" \/><\/a>\n\t\t\t<div class=\"product-add-to-cart\" data-nectar-quickview=\"false\"><a href=\"https:\/\/cubo.com.tr\/en\/cubowood-dekoratif-mat-ahsap-koruyucu\/\" aria-describedby=\"woocommerce_loop_add_to_cart_link_describedby_9246\" data-quantity=\"1\" class=\"button product_type_simple\" data-product_id=\"9246\" data-product_sku=\"\" aria-label=\"Read more about \u201cCUBOWOOD DEKORAT\u0130F MAT AH\u015eAP KORUYUCU\u201d\" rel=\"nofollow\" data-success_message=\"\" data-no-translation=\"\" data-trp-gettext=\"\" data-no-translation-aria-label=\"\">Read more<\/a><span id=\"woocommerce_loop_add_to_cart_link_describedby_9246\" class=\"screen-reader-text\">\n\t<\/span><\/div>\t\t   <\/div>\n\t\t\t\t\n\t  \n\n\t\t<h2 class=\"woocommerce-loop-product__title\">CUBOWOOD DECORATIVE MATT WOOD PROTECTOR<\/h2>\n\n\t\n\n\t\n<\/li>\n\t\t\t\n\t\t\t\t\n\t<li class=\"classic product type-product post-12055 status-publish last instock product_cat-ahsap-boyalar product_cat-insaat-boyalari product_cat-insaat-ve-sanayi-boyalari has-post-thumbnail shipping-taxable product-type-simple\" >\n\n\n\t\n\n\t\t\t   <div class=\"product-wrap\">\n\t\t\t<a href=\"https:\/\/cubo.com.tr\/en\/cubowood-parke-vernigicam-cila\/\" aria-label=\"CUBOWOOD PARQUET VARNISH (GLASS POLISH)\"><img loading=\"lazy\" decoding=\"async\" width=\"300\" height=\"300\" src=\"https:\/\/cubo.com.tr\/wp-content\/uploads\/Solvent-Bazli-Cam-Cila-Parke-Vernigi.png\" class=\"attachment-woocommerce_thumbnail size-woocommerce_thumbnail\" alt=\"\" \/><\/a>\n\t\t\t<div class=\"product-add-to-cart\" data-nectar-quickview=\"false\"><a href=\"https:\/\/cubo.com.tr\/en\/cubowood-parke-vernigicam-cila\/\" aria-describedby=\"woocommerce_loop_add_to_cart_link_describedby_12055\" data-quantity=\"1\" class=\"button product_type_simple\" data-product_id=\"12055\" data-product_sku=\"\" aria-label=\"Read more about \u201cCUBOWOOD PARKE VERN\u0130\u011e\u0130 (CAM C\u0130LA)\u201d\" rel=\"nofollow\" data-success_message=\"\" data-no-translation=\"\" data-trp-gettext=\"\" data-no-translation-aria-label=\"\">Read more<\/a><span id=\"woocommerce_loop_add_to_cart_link_describedby_12055\" class=\"screen-reader-text\">\n\t<\/span><\/div>\t\t   <\/div>\n\t\t\t\t\n\t  \n\n\t\t<h2 class=\"woocommerce-loop-product__title\">CUBOWOOD PARQUET VARNISH (GLASS POLISH)<\/h2>\n\n\t\n\n\t\n<\/li>\n\t\t\t\n\t\t\t\t\n\t<li class=\"classic product type-product post-9247 status-publish first instock product_cat-ahsap-boyalar product_cat-insaat-boyalari product_cat-insaat-ve-sanayi-boyalari has-post-thumbnail shipping-taxable product-type-simple\" >\n\n\n\t\n\n\t\t\t   <div class=\"product-wrap\">\n\t\t\t<a href=\"https:\/\/cubo.com.tr\/en\/cubowood-yat-vernik\/\" aria-label=\"CUBOWOOD YACHT VARNISH\"><img loading=\"lazy\" decoding=\"async\" width=\"300\" height=\"300\" src=\"https:\/\/cubo.com.tr\/wp-content\/uploads\/Solvent-Bazli-Yat-Vernik.png\" class=\"attachment-woocommerce_thumbnail size-woocommerce_thumbnail\" alt=\"\" \/><\/a>\n\t\t\t<div class=\"product-add-to-cart\" data-nectar-quickview=\"false\"><a href=\"https:\/\/cubo.com.tr\/en\/cubowood-yat-vernik\/\" aria-describedby=\"woocommerce_loop_add_to_cart_link_describedby_9247\" data-quantity=\"1\" class=\"button product_type_simple\" data-product_id=\"9247\" data-product_sku=\"\" aria-label=\"Read more about \u201cCUBOWOOD YAT VERN\u0130K\u201d\" rel=\"nofollow\" data-success_message=\"\" data-no-translation=\"\" data-trp-gettext=\"\" data-no-translation-aria-label=\"\">Read more<\/a><span id=\"woocommerce_loop_add_to_cart_link_describedby_9247\" class=\"screen-reader-text\">\n\t<\/span><\/div>\t\t   <\/div>\n\t\t\t\t\n\t  \n\n\t\t<h2 class=\"woocommerce-loop-product__title\">CUBOWOOD YACHT VARNISH<\/h2>\n\n\t\n\n\t\n<\/li>\n\t\t\t\n\t\t<\/ul>\n\n\t\t\n\t<\/div>\n\t\t\t<\/div> \n\t\t<\/div>\n\t<\/div> \n<\/div><\/div>","protected":false},"excerpt":{"rendered":"","protected":false},"author":1,"featured_media":0,"parent":0,"menu_order":0,"comment_status":"closed","ping_status":"closed","template":"","meta":{"inline_featured_image":false,"footnotes":"","_links_to":"","_links_to_target":""},"class_list":["post-10940","page","type-page","status-publish"],"_links":{"self":[{"href":"https:\/\/cubo.com.tr\/en\/wp-json\/wp\/v2\/pages\/10940","targetHints":{"allow":["GET"]}}],"collection":[{"href":"https:\/\/cubo.com.tr\/en\/wp-json\/wp\/v2\/pages"}],"about":[{"href":"https:\/\/cubo.com.tr\/en\/wp-json\/wp\/v2\/types\/page"}],"author":[{"embeddable":true,"href":"https:\/\/cubo.com.tr\/en\/wp-json\/wp\/v2\/users\/1"}],"replies":[{"embeddable":true,"href":"https:\/\/cubo.com.tr\/en\/wp-json\/wp\/v2\/comments?post=10940"}],"version-history":[{"count":5,"href":"https:\/\/cubo.com.tr\/en\/wp-json\/wp\/v2\/pages\/10940\/revisions"}],"predecessor-version":[{"id":13204,"href":"https:\/\/cubo.com.tr\/en\/wp-json\/wp\/v2\/pages\/10940\/revisions\/13204"}],"wp:attachment":[{"href":"https:\/\/cubo.com.tr\/en\/wp-json\/wp\/v2\/media?parent=10940"}],"curies":[{"name":"wp","href":"https:\/\/api.w.org\/{rel}","templated":true}]}}