{"id":10990,"date":"2024-02-22T14:43:39","date_gmt":"2024-02-22T11:43:39","guid":{"rendered":"https:\/\/cubo.com.tr\/?page_id=10990"},"modified":"2024-06-03T15:48:36","modified_gmt":"2024-06-03T12:48:36","slug":"astarlar-ve-macunlar","status":"publish","type":"page","link":"https:\/\/cubo.com.tr\/en\/astarlar-ve-macunlar\/","title":{"rendered":"Primers and Putties"},"content":{"rendered":"<div id=\"fws_69fb693d3d6b1\"  data-column-margin=\"default\" data-midnight=\"dark\" data-top-percent=\"8%\" data-bottom-percent=\"8%\"  class=\"wpb_row vc_row-fluid vc_row full-width-section\"  style=\"padding-top: calc(100vw * 0.08); padding-bottom: calc(100vw * 0.08); \"><div class=\"row-bg-wrap\" data-bg-animation=\"none\" data-bg-animation-delay=\"\" data-bg-overlay=\"false\"><div class=\"inner-wrap row-bg-layer\" ><div class=\"row-bg viewport-desktop\"  style=\"\"><\/div><\/div><\/div><div class=\"row_col_wrap_12 col span_12 dark left\">\n\t<div  class=\"vc_col-sm-12 wpb_column column_container vc_column_container col no-extra-padding inherit_tablet inherit_phone\"  data-padding-pos=\"all\" data-has-bg-color=\"false\" data-bg-color=\"\" data-bg-opacity=\"1\" data-animation=\"\" data-delay=\"0\" >\n\t\t<div class=\"vc_column-inner\" >\n\t\t\t<div class=\"wpb_wrapper\">\n\t\t\t\t\n<div class=\"wpb_text_column wpb_content_element\" >\n\t<div class=\"wpb_wrapper\">\n\t\t<h2 style=\"text-align: left;\">Primers and Putties<\/h2>\n\t<\/div>\n<\/div>\n\n\n\n<div class=\"woocommerce columns-4\">\n\t\t\n\t\t\n\t\t\n  <ul class=\"products columns-4\" data-n-lazy=\"off\" data-rm-m-hover=\"off\" data-n-desktop-columns=\"4\" data-n-desktop-small-columns=\"3\" data-n-tablet-columns=\"default\" data-n-phone-columns=\"default\" data-product-style=\"classic\">\n\n\n\n\t\t\t\n\t\t\t\t\n\t<li class=\"classic product type-product post-9141 status-publish first instock product_cat-astarlar-ve-macunlar product_cat-dis-mekan-boyalari product_cat-ic-mekan-boyalari product_cat-insaat-boyalari product_cat-insaat-ve-sanayi-boyalari has-post-thumbnail shipping-taxable product-type-simple\" >\n\n\n\t\n\n\t\t\t   <div class=\"product-wrap\">\n\t\t\t<a href=\"https:\/\/cubo.com.tr\/en\/seffaf-astar-1-7-binder\/\" aria-label=\"TRANSPARENT PRIMER (1\/7 BINDER)\"><img loading=\"lazy\" decoding=\"async\" width=\"300\" height=\"300\" src=\"https:\/\/cubo.com.tr\/wp-content\/uploads\/Seffaf-Astar-3.png\" class=\"attachment-woocommerce_thumbnail size-woocommerce_thumbnail\" alt=\"\" \/><\/a>\n\t\t\t<div class=\"product-add-to-cart\" data-nectar-quickview=\"false\"><a href=\"https:\/\/cubo.com.tr\/en\/seffaf-astar-1-7-binder\/\" aria-describedby=\"woocommerce_loop_add_to_cart_link_describedby_9141\" data-quantity=\"1\" class=\"button product_type_simple\" data-product_id=\"9141\" data-product_sku=\"\" aria-label=\"Read more about \u201c\u015eEFFAF ASTAR (1\/7 KONSANTRE)\u201d\" rel=\"nofollow\" data-success_message=\"\" data-no-translation=\"\" data-trp-gettext=\"\" data-no-translation-aria-label=\"\">Read more<\/a><span id=\"woocommerce_loop_add_to_cart_link_describedby_9141\" class=\"screen-reader-text\">\n\t<\/span><\/div>\t\t   <\/div>\n\t\t\t\t\n\t  \n\n\t\t<h2 class=\"woocommerce-loop-product__title\">TRANSPARENT PRIMER (1\/7 BINDER)<\/h2>\n\n\t\n\n\t\n<\/li>\n\t\t\t\n\t\t\t\t\n\t<li class=\"classic product type-product post-9143 status-publish instock product_cat-astarlar-ve-macunlar product_cat-ic-mekan-boyalari product_cat-insaat-boyalari product_cat-insaat-ve-sanayi-boyalari has-post-thumbnail shipping-taxable product-type-simple\" >\n\n\n\t\n\n\t\t\t   <div class=\"product-wrap\">\n\t\t\t<a href=\"https:\/\/cubo.com.tr\/en\/saten-alci-astari\/\" aria-label=\"SATIN PLASTER PRIMER\"><img loading=\"lazy\" decoding=\"async\" width=\"300\" height=\"300\" src=\"https:\/\/cubo.com.tr\/wp-content\/uploads\/Saten-Alci-Astar-Astari-1.png\" class=\"attachment-woocommerce_thumbnail size-woocommerce_thumbnail\" alt=\"\" \/><\/a>\n\t\t\t<div class=\"product-add-to-cart\" data-nectar-quickview=\"false\"><a href=\"https:\/\/cubo.com.tr\/en\/saten-alci-astari\/\" aria-describedby=\"woocommerce_loop_add_to_cart_link_describedby_9143\" data-quantity=\"1\" class=\"button product_type_simple\" data-product_id=\"9143\" data-product_sku=\"\" aria-label=\"Read more about \u201cSATEN AL\u00c7I ASTARI\u201d\" rel=\"nofollow\" data-success_message=\"\" data-no-translation=\"\" data-trp-gettext=\"\" data-no-translation-aria-label=\"\">Read more<\/a><span id=\"woocommerce_loop_add_to_cart_link_describedby_9143\" class=\"screen-reader-text\">\n\t<\/span><\/div>\t\t   <\/div>\n\t\t\t\t\n\t  \n\n\t\t<h2 class=\"woocommerce-loop-product__title\">SATIN PLASTER PRIMER<\/h2>\n\n\t\n\n\t\n<\/li>\n\t\t\t\n\t\t\t\t\n\t<li class=\"classic product type-product post-9144 status-publish instock product_cat-astarlar-ve-macunlar product_cat-dis-mekan-boyalari product_cat-ic-mekan-boyalari product_cat-insaat-boyalari product_cat-insaat-ve-sanayi-boyalari has-post-thumbnail shipping-taxable product-type-simple\" >\n\n\n\t\n\n\t\t\t   <div class=\"product-wrap\">\n\t\t\t<a href=\"https:\/\/cubo.com.tr\/en\/universal-primer-astar\/\" aria-label=\"UNIVERSAL PRIMER\"><img loading=\"lazy\" decoding=\"async\" width=\"300\" height=\"300\" src=\"https:\/\/cubo.com.tr\/wp-content\/uploads\/Universal-Primer-2.png\" class=\"attachment-woocommerce_thumbnail size-woocommerce_thumbnail\" alt=\"\" \/><\/a>\n\t\t\t<div class=\"product-add-to-cart\" data-nectar-quickview=\"false\"><a href=\"https:\/\/cubo.com.tr\/en\/universal-primer-astar\/\" aria-describedby=\"woocommerce_loop_add_to_cart_link_describedby_9144\" data-quantity=\"1\" class=\"button product_type_simple\" data-product_id=\"9144\" data-product_sku=\"\" aria-label=\"Read more about \u201cUNIVERSAL PRIMER ASTAR\u201d\" rel=\"nofollow\" data-success_message=\"\" data-no-translation=\"\" data-trp-gettext=\"\" data-no-translation-aria-label=\"\">Read more<\/a><span id=\"woocommerce_loop_add_to_cart_link_describedby_9144\" class=\"screen-reader-text\">\n\t<\/span><\/div>\t\t   <\/div>\n\t\t\t\t\n\t  \n\n\t\t<h2 class=\"woocommerce-loop-product__title\">UNIVERSAL PRIMER<\/h2>\n\n\t\n\n\t\n<\/li>\n\t\t\t\n\t\t\t\t\n\t<li class=\"classic product type-product post-9145 status-publish last instock product_cat-astarlar-ve-macunlar product_cat-dis-mekan-boyalari product_cat-ic-mekan-boyalari product_cat-insaat-boyalari product_cat-insaat-ve-sanayi-boyalari has-post-thumbnail shipping-taxable product-type-simple\" >\n\n\n\t\n\n\t\t\t   <div class=\"product-wrap\">\n\t\t\t<a href=\"https:\/\/cubo.com.tr\/en\/donusum-astari\/\" aria-label=\"TRANSFORMATION PRIMER\"><img loading=\"lazy\" decoding=\"async\" width=\"300\" height=\"300\" src=\"https:\/\/cubo.com.tr\/wp-content\/uploads\/Donusum-Astari-2.png\" class=\"attachment-woocommerce_thumbnail size-woocommerce_thumbnail\" alt=\"\" \/><\/a>\n\t\t\t<div class=\"product-add-to-cart\" data-nectar-quickview=\"false\"><a href=\"https:\/\/cubo.com.tr\/en\/donusum-astari\/\" aria-describedby=\"woocommerce_loop_add_to_cart_link_describedby_9145\" data-quantity=\"1\" class=\"button product_type_simple\" data-product_id=\"9145\" data-product_sku=\"\" aria-label=\"Read more about \u201cD\u00d6N\u00dc\u015e\u00dcM ASTARI\u201d\" rel=\"nofollow\" data-success_message=\"\" data-no-translation=\"\" data-trp-gettext=\"\" data-no-translation-aria-label=\"\">Read more<\/a><span id=\"woocommerce_loop_add_to_cart_link_describedby_9145\" class=\"screen-reader-text\">\n\t<\/span><\/div>\t\t   <\/div>\n\t\t\t\t\n\t  \n\n\t\t<h2 class=\"woocommerce-loop-product__title\">TRANSFORMATION PRIMER<\/h2>\n\n\t\n\n\t\n<\/li>\n\t\t\t\n\t\t\t\t\n\t<li class=\"classic product type-product post-9146 status-publish first instock product_cat-astarlar-ve-macunlar product_cat-dis-mekan-boyalari product_cat-insaat-boyalari product_cat-insaat-ve-sanayi-boyalari has-post-thumbnail shipping-taxable product-type-simple\" >\n\n\n\t\n\n\t\t\t   <div class=\"product-wrap\">\n\t\t\t<a href=\"https:\/\/cubo.com.tr\/en\/acrytech-primer-astar\/\" aria-label=\"ACRYTECH PRIMER\"><img loading=\"lazy\" decoding=\"async\" width=\"300\" height=\"300\" src=\"https:\/\/cubo.com.tr\/wp-content\/uploads\/Acrytech-Primer-2.png\" class=\"attachment-woocommerce_thumbnail size-woocommerce_thumbnail\" alt=\"\" \/><\/a>\n\t\t\t<div class=\"product-add-to-cart\" data-nectar-quickview=\"false\"><a href=\"https:\/\/cubo.com.tr\/en\/acrytech-primer-astar\/\" aria-describedby=\"woocommerce_loop_add_to_cart_link_describedby_9146\" data-quantity=\"1\" class=\"button product_type_simple\" data-product_id=\"9146\" data-product_sku=\"\" aria-label=\"Read more about \u201cACRYTECH PRIMER ASTAR\u201d\" rel=\"nofollow\" data-success_message=\"\" data-no-translation=\"\" data-trp-gettext=\"\" data-no-translation-aria-label=\"\">Read more<\/a><span id=\"woocommerce_loop_add_to_cart_link_describedby_9146\" class=\"screen-reader-text\">\n\t<\/span><\/div>\t\t   <\/div>\n\t\t\t\t\n\t  \n\n\t\t<h2 class=\"woocommerce-loop-product__title\">ACRYTECH PRIMER<\/h2>\n\n\t\n\n\t\n<\/li>\n\t\t\t\n\t\t\t\t\n\t<li class=\"classic product type-product post-9147 status-publish instock product_cat-astarlar-ve-macunlar product_cat-dis-mekan-boyalari product_cat-insaat-boyalari product_cat-insaat-ve-sanayi-boyalari has-post-thumbnail shipping-taxable product-type-simple\" >\n\n\n\t\n\n\t\t\t   <div class=\"product-wrap\">\n\t\t\t<a href=\"https:\/\/cubo.com.tr\/en\/komfort-silikonlu-dis-cephe-astari\/\" aria-label=\"KOMFORT SILICONE EXTERIOR PRIMER\"><img loading=\"lazy\" decoding=\"async\" width=\"300\" height=\"300\" src=\"https:\/\/cubo.com.tr\/wp-content\/uploads\/Komfort-Silikonlu-Dis-Cephe-Astari-1.png\" class=\"attachment-woocommerce_thumbnail size-woocommerce_thumbnail\" alt=\"\" \/><\/a>\n\t\t\t<div class=\"product-add-to-cart\" data-nectar-quickview=\"false\"><a href=\"https:\/\/cubo.com.tr\/en\/komfort-silikonlu-dis-cephe-astari\/\" aria-describedby=\"woocommerce_loop_add_to_cart_link_describedby_9147\" data-quantity=\"1\" class=\"button product_type_simple\" data-product_id=\"9147\" data-product_sku=\"\" aria-label=\"Read more about \u201cKOMFORT S\u0130L\u0130KONLU DI\u015e CEPHE ASTARI\u201d\" rel=\"nofollow\" data-success_message=\"\" data-no-translation=\"\" data-trp-gettext=\"\" data-no-translation-aria-label=\"\">Read more<\/a><span id=\"woocommerce_loop_add_to_cart_link_describedby_9147\" class=\"screen-reader-text\">\n\t<\/span><\/div>\t\t   <\/div>\n\t\t\t\t\n\t  \n\n\t\t<h2 class=\"woocommerce-loop-product__title\">KOMFORT SILICONE EXTERIOR PRIMER<\/h2>\n\n\t\n\n\t\n<\/li>\n\t\t\t\n\t\t\t\t\n\t<li class=\"classic product type-product post-9148 status-publish instock product_cat-astarlar-ve-macunlar product_cat-dis-mekan-boyalari product_cat-insaat-boyalari product_cat-insaat-ve-sanayi-boyalari has-post-thumbnail shipping-taxable product-type-simple\" >\n\n\n\t\n\n\t\t\t   <div class=\"product-wrap\">\n\t\t\t<a href=\"https:\/\/cubo.com.tr\/en\/dekoratif-siva-astari\/\" aria-label=\"DECORATIVE PLASTER PRIMER\"><img loading=\"lazy\" decoding=\"async\" width=\"300\" height=\"300\" src=\"https:\/\/cubo.com.tr\/wp-content\/uploads\/Dekoratif-Siva-Astari-1.png\" class=\"attachment-woocommerce_thumbnail size-woocommerce_thumbnail\" alt=\"\" \/><\/a>\n\t\t\t<div class=\"product-add-to-cart\" data-nectar-quickview=\"false\"><a href=\"https:\/\/cubo.com.tr\/en\/dekoratif-siva-astari\/\" aria-describedby=\"woocommerce_loop_add_to_cart_link_describedby_9148\" data-quantity=\"1\" class=\"button product_type_simple\" data-product_id=\"9148\" data-product_sku=\"\" aria-label=\"Read more about \u201cDEKORAT\u0130F SIVA ASTARI\u201d\" rel=\"nofollow\" data-success_message=\"\" data-no-translation=\"\" data-trp-gettext=\"\" data-no-translation-aria-label=\"\">Read more<\/a><span id=\"woocommerce_loop_add_to_cart_link_describedby_9148\" class=\"screen-reader-text\">\n\t<\/span><\/div>\t\t   <\/div>\n\t\t\t\t\n\t  \n\n\t\t<h2 class=\"woocommerce-loop-product__title\">DECORATIVE PLASTER PRIMER<\/h2>\n\n\t\n\n\t\n<\/li>\n\t\t\t\n\t\t\t\t\n\t<li class=\"classic product type-product post-9149 status-publish last instock product_cat-astarlar-ve-macunlar product_cat-dis-mekan-boyalari product_cat-ic-mekan-boyalari product_cat-insaat-boyalari product_cat-insaat-ve-sanayi-boyalari has-post-thumbnail shipping-taxable product-type-simple\" >\n\n\n\t\n\n\t\t\t   <div class=\"product-wrap\">\n\t\t\t<a href=\"https:\/\/cubo.com.tr\/en\/brut-beton-astari\/\" aria-label=\"EXPOSED CONCRETE PRIMER\"><img loading=\"lazy\" decoding=\"async\" width=\"300\" height=\"300\" src=\"https:\/\/cubo.com.tr\/wp-content\/uploads\/Brut-Beton-Astari-2.png\" class=\"attachment-woocommerce_thumbnail size-woocommerce_thumbnail\" alt=\"\" \/><\/a>\n\t\t\t<div class=\"product-add-to-cart\" data-nectar-quickview=\"false\"><a href=\"https:\/\/cubo.com.tr\/en\/brut-beton-astari\/\" aria-describedby=\"woocommerce_loop_add_to_cart_link_describedby_9149\" data-quantity=\"1\" class=\"button product_type_simple\" data-product_id=\"9149\" data-product_sku=\"\" aria-label=\"Read more about \u201cBR\u00dcT BETON ASTARI\u201d\" rel=\"nofollow\" data-success_message=\"\" data-no-translation=\"\" data-trp-gettext=\"\" data-no-translation-aria-label=\"\">Read more<\/a><span id=\"woocommerce_loop_add_to_cart_link_describedby_9149\" class=\"screen-reader-text\">\n\t<\/span><\/div>\t\t   <\/div>\n\t\t\t\t\n\t  \n\n\t\t<h2 class=\"woocommerce-loop-product__title\">EXPOSED CONCRETE PRIMER<\/h2>\n\n\t\n\n\t\n<\/li>\n\t\t\t\n\t\t\t\t\n\t<li class=\"classic product type-product post-9150 status-publish first instock product_cat-astarlar-ve-macunlar product_cat-ic-mekan-boyalari product_cat-insaat-boyalari product_cat-insaat-ve-sanayi-boyalari has-post-thumbnail shipping-taxable product-type-simple\" >\n\n\n\t\n\n\t\t\t   <div class=\"product-wrap\">\n\t\t\t<a href=\"https:\/\/cubo.com.tr\/en\/acrylic-putty-int-ic-cephe-macunu\/\" aria-label=\"ACRYLIC PUTTY- INT INTERIOR PUTTY\"><img loading=\"lazy\" decoding=\"async\" width=\"300\" height=\"300\" src=\"https:\/\/cubo.com.tr\/wp-content\/uploads\/Acrylic-Putty-Int-1.png\" class=\"attachment-woocommerce_thumbnail size-woocommerce_thumbnail\" alt=\"\" \/><\/a>\n\t\t\t<div class=\"product-add-to-cart\" data-nectar-quickview=\"false\"><a href=\"https:\/\/cubo.com.tr\/en\/acrylic-putty-int-ic-cephe-macunu\/\" aria-describedby=\"woocommerce_loop_add_to_cart_link_describedby_9150\" data-quantity=\"1\" class=\"button product_type_simple\" data-product_id=\"9150\" data-product_sku=\"\" aria-label=\"Read more about \u201cACRYLIC PUTTY- INT \u0130\u00c7 CEPHE MACUNU\u201d\" rel=\"nofollow\" data-success_message=\"\" data-no-translation=\"\" data-trp-gettext=\"\" data-no-translation-aria-label=\"\">Read more<\/a><span id=\"woocommerce_loop_add_to_cart_link_describedby_9150\" class=\"screen-reader-text\">\n\t<\/span><\/div>\t\t   <\/div>\n\t\t\t\t\n\t  \n\n\t\t<h2 class=\"woocommerce-loop-product__title\">ACRYLIC PUTTY- INT INTERIOR PUTTY<\/h2>\n\n\t\n\n\t\n<\/li>\n\t\t\t\n\t\t\t\t\n\t<li class=\"classic product type-product post-9151 status-publish instock product_cat-astarlar-ve-macunlar product_cat-dis-mekan-boyalari product_cat-insaat-boyalari product_cat-insaat-ve-sanayi-boyalari has-post-thumbnail shipping-taxable product-type-simple\" >\n\n\n\t\n\n\t\t\t   <div class=\"product-wrap\">\n\t\t\t<a href=\"https:\/\/cubo.com.tr\/en\/acrylic-putty-ext-dis-cephe-macunu\/\" aria-label=\"ACRYLIC PUTTY- EXT EXTERIOR PUTTY\"><img loading=\"lazy\" decoding=\"async\" width=\"300\" height=\"300\" src=\"https:\/\/cubo.com.tr\/wp-content\/uploads\/Acrylic-Putty-Ext-1.png\" class=\"attachment-woocommerce_thumbnail size-woocommerce_thumbnail\" alt=\"\" \/><\/a>\n\t\t\t<div class=\"product-add-to-cart\" data-nectar-quickview=\"false\"><a href=\"https:\/\/cubo.com.tr\/en\/acrylic-putty-ext-dis-cephe-macunu\/\" aria-describedby=\"woocommerce_loop_add_to_cart_link_describedby_9151\" data-quantity=\"1\" class=\"button product_type_simple\" data-product_id=\"9151\" data-product_sku=\"\" aria-label=\"Read more about \u201cACRYLIC PUTTY - EXT DI\u015e CEPHE MACUNU\u201d\" rel=\"nofollow\" data-success_message=\"\" data-no-translation=\"\" data-trp-gettext=\"\" data-no-translation-aria-label=\"\">Read more<\/a><span id=\"woocommerce_loop_add_to_cart_link_describedby_9151\" class=\"screen-reader-text\">\n\t<\/span><\/div>\t\t   <\/div>\n\t\t\t\t\n\t  \n\n\t\t<h2 class=\"woocommerce-loop-product__title\">ACRYLIC PUTTY - EXT EXTERIOR PUTTY<\/h2>\n\n\t\n\n\t\n<\/li>\n\t\t\t\n\t\t<\/ul>\n\n\t\t\n\t<\/div>\n\t\t\t<\/div> \n\t\t<\/div>\n\t<\/div> \n<\/div><\/div>","protected":false},"excerpt":{"rendered":"","protected":false},"author":1,"featured_media":0,"parent":0,"menu_order":0,"comment_status":"closed","ping_status":"closed","template":"","meta":{"inline_featured_image":false,"footnotes":"","_links_to":"","_links_to_target":""},"class_list":["post-10990","page","type-page","status-publish"],"_links":{"self":[{"href":"https:\/\/cubo.com.tr\/en\/wp-json\/wp\/v2\/pages\/10990","targetHints":{"allow":["GET"]}}],"collection":[{"href":"https:\/\/cubo.com.tr\/en\/wp-json\/wp\/v2\/pages"}],"about":[{"href":"https:\/\/cubo.com.tr\/en\/wp-json\/wp\/v2\/types\/page"}],"author":[{"embeddable":true,"href":"https:\/\/cubo.com.tr\/en\/wp-json\/wp\/v2\/users\/1"}],"replies":[{"embeddable":true,"href":"https:\/\/cubo.com.tr\/en\/wp-json\/wp\/v2\/comments?post=10990"}],"version-history":[{"count":4,"href":"https:\/\/cubo.com.tr\/en\/wp-json\/wp\/v2\/pages\/10990\/revisions"}],"predecessor-version":[{"id":13207,"href":"https:\/\/cubo.com.tr\/en\/wp-json\/wp\/v2\/pages\/10990\/revisions\/13207"}],"wp:attachment":[{"href":"https:\/\/cubo.com.tr\/en\/wp-json\/wp\/v2\/media?parent=10990"}],"curies":[{"name":"wp","href":"https:\/\/api.w.org\/{rel}","templated":true}]}}