{"id":11007,"date":"2024-02-22T15:17:53","date_gmt":"2024-02-22T12:17:53","guid":{"rendered":"https:\/\/cubo.com.tr\/?page_id=11007"},"modified":"2024-06-03T15:49:04","modified_gmt":"2024-06-03T12:49:04","slug":"isi-yalitim","status":"publish","type":"page","link":"https:\/\/cubo.com.tr\/en\/isi-yalitim\/","title":{"rendered":"Heat Insulation"},"content":{"rendered":"<div id=\"fws_69fb692e4f660\"  data-column-margin=\"default\" data-midnight=\"dark\" data-top-percent=\"8%\" data-bottom-percent=\"8%\"  class=\"wpb_row vc_row-fluid vc_row full-width-section\"  style=\"padding-top: calc(100vw * 0.08); padding-bottom: calc(100vw * 0.08); \"><div class=\"row-bg-wrap\" data-bg-animation=\"none\" data-bg-animation-delay=\"\" data-bg-overlay=\"false\"><div class=\"inner-wrap row-bg-layer\" ><div class=\"row-bg viewport-desktop\"  style=\"\"><\/div><\/div><\/div><div class=\"row_col_wrap_12 col span_12 dark left\">\n\t<div  class=\"vc_col-sm-12 wpb_column column_container vc_column_container col no-extra-padding inherit_tablet inherit_phone\"  data-padding-pos=\"all\" data-has-bg-color=\"false\" data-bg-color=\"\" data-bg-opacity=\"1\" data-animation=\"\" data-delay=\"0\" >\n\t\t<div class=\"vc_column-inner\" >\n\t\t\t<div class=\"wpb_wrapper\">\n\t\t\t\t\n<div class=\"wpb_text_column wpb_content_element\" >\n\t<div class=\"wpb_wrapper\">\n\t\t<h2 style=\"text-align: left;\">Heat Insulation<\/h2>\n\t<\/div>\n<\/div>\n\n\n\n<div class=\"woocommerce columns-4\">\n\t\t\n\t\t\n\t\t\n  <ul class=\"products columns-4\" data-n-lazy=\"off\" data-rm-m-hover=\"off\" data-n-desktop-columns=\"4\" data-n-desktop-small-columns=\"3\" data-n-tablet-columns=\"default\" data-n-phone-columns=\"default\" data-product-style=\"classic\">\n\n\n\n\t\t\t\n\t\t\t\t\n\t<li class=\"classic product type-product post-9361 status-publish first instock product_cat-cubo-insulation-yalitim-sistemleri product_cat-isi-yalitim has-post-thumbnail shipping-taxable product-type-simple\" >\n\n\n\t\n\n\t\t\t   <div class=\"product-wrap\">\n\t\t\t<a href=\"https:\/\/cubo.com.tr\/en\/cubotherm-ly-1000-isi-yalitim-levha-yapistirma-harci\/\" aria-label=\"CUBOTHERM LY-1000 HEAT INSULATION BOARD ADHESIVE MORTAR\"><img loading=\"lazy\" decoding=\"async\" width=\"300\" height=\"300\" src=\"https:\/\/cubo.com.tr\/wp-content\/uploads\/CuboTherm-LY-1000-Isi-Yalitim-Levha-Yapistirma-Harci-1.png\" class=\"attachment-woocommerce_thumbnail size-woocommerce_thumbnail\" alt=\"\" \/><\/a>\n\t\t\t<div class=\"product-add-to-cart\" data-nectar-quickview=\"false\"><a href=\"https:\/\/cubo.com.tr\/en\/cubotherm-ly-1000-isi-yalitim-levha-yapistirma-harci\/\" aria-describedby=\"woocommerce_loop_add_to_cart_link_describedby_9361\" data-quantity=\"1\" class=\"button product_type_simple\" data-product_id=\"9361\" data-product_sku=\"\" aria-label=\"Read more about \u201cCUBOTHERM LY-1000 ISI YALITIM LEVHA YAPI\u015eTIRMA HARCI\u201d\" rel=\"nofollow\" data-success_message=\"\" data-no-translation=\"\" data-trp-gettext=\"\" data-no-translation-aria-label=\"\">Read more<\/a><span id=\"woocommerce_loop_add_to_cart_link_describedby_9361\" class=\"screen-reader-text\">\n\t<\/span><\/div>\t\t   <\/div>\n\t\t\t\t\n\t  \n\n\t\t<h2 class=\"woocommerce-loop-product__title\">CUBOTHERM LY-1000 HEAT INSULATION BOARD ADHESIVE MORTAR<\/h2>\n\n\t\n\n\t\n<\/li>\n\t\t\t\n\t\t\t\t\n\t<li class=\"classic product type-product post-9362 status-publish instock product_cat-cubo-insulation-yalitim-sistemleri product_cat-isi-yalitim has-post-thumbnail shipping-taxable product-type-simple\" >\n\n\n\t\n\n\t\t\t   <div class=\"product-wrap\">\n\t\t\t<a href=\"https:\/\/cubo.com.tr\/en\/cubotherm-ls-2000-isi-yalitim-levha-siva-harci\/\" aria-label=\"CUBOTHERM LS-2000 HEAT INSULATION BOARD PLASTER MORTAR\"><img loading=\"lazy\" decoding=\"async\" width=\"300\" height=\"300\" src=\"https:\/\/cubo.com.tr\/wp-content\/uploads\/CuboTherm-LS-2000-Isi-Yalitim-Levha-Siva-Harci.png\" class=\"attachment-woocommerce_thumbnail size-woocommerce_thumbnail\" alt=\"\" \/><\/a>\n\t\t\t<div class=\"product-add-to-cart\" data-nectar-quickview=\"false\"><a href=\"https:\/\/cubo.com.tr\/en\/cubotherm-ls-2000-isi-yalitim-levha-siva-harci\/\" aria-describedby=\"woocommerce_loop_add_to_cart_link_describedby_9362\" data-quantity=\"1\" class=\"button product_type_simple\" data-product_id=\"9362\" data-product_sku=\"\" aria-label=\"Read more about \u201cCUBOTHERM LS-2000 ISI YALITIM LEVHA SIVA HARCI\u201d\" rel=\"nofollow\" data-success_message=\"\" data-no-translation=\"\" data-trp-gettext=\"\" data-no-translation-aria-label=\"\">Read more<\/a><span id=\"woocommerce_loop_add_to_cart_link_describedby_9362\" class=\"screen-reader-text\">\n\t<\/span><\/div>\t\t   <\/div>\n\t\t\t\t\n\t  \n\n\t\t<h2 class=\"woocommerce-loop-product__title\">CUBOTHERM LS-2000 HEAT INSULATION BOARD PLASTER MORTAR<\/h2>\n\n\t\n\n\t\n<\/li>\n\t\t\t\n\t\t\t\t\n\t<li class=\"classic product type-product post-9363 status-publish instock product_cat-cubo-insulation-yalitim-sistemleri product_cat-isi-yalitim has-post-thumbnail shipping-taxable product-type-simple\" >\n\n\n\t\n\n\t\t\t   <div class=\"product-wrap\">\n\t\t\t<a href=\"https:\/\/cubo.com.tr\/en\/cubotherm-dt-3000-dekoratif-siva\/\" aria-label=\"CUBOTHERM DT-3000 DECORATIVE PLASTER\"><img loading=\"lazy\" decoding=\"async\" width=\"300\" height=\"300\" src=\"https:\/\/cubo.com.tr\/wp-content\/uploads\/CuboTherm-DT-3000-Dekoratif-Siva.png\" class=\"attachment-woocommerce_thumbnail size-woocommerce_thumbnail\" alt=\"\" \/><\/a>\n\t\t\t<div class=\"product-add-to-cart\" data-nectar-quickview=\"false\"><a href=\"https:\/\/cubo.com.tr\/en\/cubotherm-dt-3000-dekoratif-siva\/\" aria-describedby=\"woocommerce_loop_add_to_cart_link_describedby_9363\" data-quantity=\"1\" class=\"button product_type_simple\" data-product_id=\"9363\" data-product_sku=\"\" aria-label=\"Read more about \u201cCUBOTHERM DT-3000 DEKORAT\u0130F SIVA\u201d\" rel=\"nofollow\" data-success_message=\"\" data-no-translation=\"\" data-trp-gettext=\"\" data-no-translation-aria-label=\"\">Read more<\/a><span id=\"woocommerce_loop_add_to_cart_link_describedby_9363\" class=\"screen-reader-text\">\n\t<\/span><\/div>\t\t   <\/div>\n\t\t\t\t\n\t  \n\n\t\t<h2 class=\"woocommerce-loop-product__title\">CUBOTHERM DT-3000 DECORATIVE PLASTER<\/h2>\n\n\t\n\n\t\n<\/li>\n\t\t\t\n\t\t\t\t\n\t<li class=\"classic product type-product post-9364 status-publish last instock product_cat-cubo-insulation-yalitim-sistemleri product_cat-isi-yalitim has-post-thumbnail shipping-taxable product-type-simple\" >\n\n\n\t\n\n\t\t\t   <div class=\"product-wrap\">\n\t\t\t<a href=\"https:\/\/cubo.com.tr\/en\/cubotherm-h-5000-isi-yalitim-sivasi-isisesizolasyon\/\" aria-label=\"CUBOTHERM H-5000 ISI YALITIM SIVASI (ISI+SES \u0130ZOLASYON SIVASI)\"><img loading=\"lazy\" decoding=\"async\" width=\"300\" height=\"300\" src=\"https:\/\/cubo.com.tr\/wp-content\/uploads\/CuboTherm-HS-5000-Isi-Yalitim-Sivasi.png\" class=\"attachment-woocommerce_thumbnail size-woocommerce_thumbnail\" alt=\"\" \/><\/a>\n\t\t\t<div class=\"product-add-to-cart\" data-nectar-quickview=\"false\"><a href=\"https:\/\/cubo.com.tr\/en\/cubotherm-h-5000-isi-yalitim-sivasi-isisesizolasyon\/\" aria-describedby=\"woocommerce_loop_add_to_cart_link_describedby_9364\" data-quantity=\"1\" class=\"button product_type_simple\" data-product_id=\"9364\" data-product_sku=\"\" aria-label=\"Read more about \u201cCUBOTHERM H-5000 ISI YALITIM SIVASI (ISI+SES \u0130ZOLASYON SIVASI)\u201d\" rel=\"nofollow\" data-success_message=\"\" data-no-translation=\"\" data-trp-gettext=\"\" data-no-translation-aria-label=\"\">Read more<\/a><span id=\"woocommerce_loop_add_to_cart_link_describedby_9364\" class=\"screen-reader-text\">\n\t<\/span><\/div>\t\t   <\/div>\n\t\t\t\t\n\t  \n\n\t\t<h2 class=\"woocommerce-loop-product__title\">CUBOTHERM H-5000 ISI YALITIM SIVASI (ISI+SES \u0130ZOLASYON SIVASI)<\/h2>\n\n\t\n\n\t\n<\/li>\n\t\t\t\n\t\t\t\t\n\t<li class=\"classic product type-product post-9365 status-publish first instock product_cat-cubo-insulation-yalitim-sistemleri product_cat-isi-yalitim has-post-thumbnail shipping-taxable product-type-simple\" >\n\n\n\t\n\n\t\t\t   <div class=\"product-wrap\">\n\t\t\t<a href=\"https:\/\/cubo.com.tr\/en\/cubotherm-isi-yalitim-filesi-160-gr-m%c2%b2\/\" aria-label=\"CUBOTHERM DONATI F\u0130LES\u0130 - 160 gr\/m\u00b2\"><img loading=\"lazy\" decoding=\"async\" width=\"300\" height=\"225\" src=\"https:\/\/cubo.com.tr\/wp-content\/uploads\/CuboTherm-Donati-Filesi-160-gr-m2.png\" class=\"attachment-woocommerce_thumbnail size-woocommerce_thumbnail\" alt=\"\" \/><\/a>\n\t\t\t<div class=\"product-add-to-cart\" data-nectar-quickview=\"false\"><a href=\"https:\/\/cubo.com.tr\/en\/cubotherm-isi-yalitim-filesi-160-gr-m%c2%b2\/\" aria-describedby=\"woocommerce_loop_add_to_cart_link_describedby_9365\" data-quantity=\"1\" class=\"button product_type_simple\" data-product_id=\"9365\" data-product_sku=\"\" aria-label=\"Read more about \u201cCUBOTHERM DONATI F\u0130LES\u0130 - 160 gr\/m\u00b2\u201d\" rel=\"nofollow\" data-success_message=\"\" data-no-translation=\"\" data-trp-gettext=\"\" data-no-translation-aria-label=\"\">Read more<\/a><span id=\"woocommerce_loop_add_to_cart_link_describedby_9365\" class=\"screen-reader-text\">\n\t<\/span><\/div>\t\t   <\/div>\n\t\t\t\t\n\t  \n\n\t\t<h2 class=\"woocommerce-loop-product__title\">CUBOTHERM DONATI F\u0130LES\u0130 &#8211; 160 gr\/m\u00b2<\/h2>\n\n\t\n\n\t\n<\/li>\n\t\t\t\n\t\t\t\t\n\t<li class=\"classic product type-product post-9366 status-publish instock product_cat-cubo-insulation-yalitim-sistemleri product_cat-isi-yalitim has-post-thumbnail shipping-taxable product-type-simple\" >\n\n\n\t\n\n\t\t\t   <div class=\"product-wrap\">\n\t\t\t<a href=\"https:\/\/cubo.com.tr\/en\/cubotherm-fileli-kose-profili-pvc\/\" aria-label=\"CUBOTHERM F\u0130LEL\u0130 K\u00d6\u015eE PROF\u0130L\u0130 - PVC\"><img loading=\"lazy\" decoding=\"async\" width=\"300\" height=\"225\" src=\"https:\/\/cubo.com.tr\/wp-content\/uploads\/CuboTherm-Fileli-Kose-Profili-PVC.png\" class=\"attachment-woocommerce_thumbnail size-woocommerce_thumbnail\" alt=\"\" \/><\/a>\n\t\t\t<div class=\"product-add-to-cart\" data-nectar-quickview=\"false\"><a href=\"https:\/\/cubo.com.tr\/en\/cubotherm-fileli-kose-profili-pvc\/\" aria-describedby=\"woocommerce_loop_add_to_cart_link_describedby_9366\" data-quantity=\"1\" class=\"button product_type_simple\" data-product_id=\"9366\" data-product_sku=\"\" aria-label=\"Read more about \u201cCUBOTHERM F\u0130LEL\u0130 K\u00d6\u015eE PROF\u0130L\u0130 - PVC\u201d\" rel=\"nofollow\" data-success_message=\"\" data-no-translation=\"\" data-trp-gettext=\"\" data-no-translation-aria-label=\"\">Read more<\/a><span id=\"woocommerce_loop_add_to_cart_link_describedby_9366\" class=\"screen-reader-text\">\n\t<\/span><\/div>\t\t   <\/div>\n\t\t\t\t\n\t  \n\n\t\t<h2 class=\"woocommerce-loop-product__title\">CUBOTHERM MESH CORNER PROFILE - PVC<\/h2>\n\n\t\n\n\t\n<\/li>\n\t\t\t\n\t\t\t\t\n\t<li class=\"classic product type-product post-9367 status-publish instock product_cat-cubo-insulation-yalitim-sistemleri product_cat-isi-yalitim has-post-thumbnail shipping-taxable product-type-simple\" >\n\n\n\t\n\n\t\t\t   <div class=\"product-wrap\">\n\t\t\t<a href=\"https:\/\/cubo.com.tr\/en\/cubotherm-mantoloma-dubeli-celik-civili-tasyunu-icin\/\" aria-label=\"CUBOTHERM MANTOLOMA D\u00dcBEL\u0130 - \u00c7EL\u0130K \u00c7\u0130V\u0130L\u0130 (Ta\u015fy\u00fcn\u00fc i\u00e7in)\"><img loading=\"lazy\" decoding=\"async\" width=\"300\" height=\"200\" src=\"https:\/\/cubo.com.tr\/wp-content\/uploads\/CuboTherm-Mantolama-Dubeli-Celik-Civili.png\" class=\"attachment-woocommerce_thumbnail size-woocommerce_thumbnail\" alt=\"\" \/><\/a>\n\t\t\t<div class=\"product-add-to-cart\" data-nectar-quickview=\"false\"><a href=\"https:\/\/cubo.com.tr\/en\/cubotherm-mantoloma-dubeli-celik-civili-tasyunu-icin\/\" aria-describedby=\"woocommerce_loop_add_to_cart_link_describedby_9367\" data-quantity=\"1\" class=\"button product_type_simple\" data-product_id=\"9367\" data-product_sku=\"\" aria-label=\"Read more about \u201cCUBOTHERM MANTOLOMA D\u00dcBEL\u0130 - \u00c7EL\u0130K \u00c7\u0130V\u0130L\u0130 (Ta\u015fy\u00fcn\u00fc i\u00e7in)\u201d\" rel=\"nofollow\" data-success_message=\"\" data-no-translation=\"\" data-trp-gettext=\"\" data-no-translation-aria-label=\"\">Read more<\/a><span id=\"woocommerce_loop_add_to_cart_link_describedby_9367\" class=\"screen-reader-text\">\n\t<\/span><\/div>\t\t   <\/div>\n\t\t\t\t\n\t  \n\n\t\t<h2 class=\"woocommerce-loop-product__title\">CUBOTHERM INSULATION DOWEL - STEEL NAILED (for Rockwool)<\/h2>\n\n\t\n\n\t\n<\/li>\n\t\t\t\n\t\t\t\t\n\t<li class=\"classic product type-product post-9368 status-publish last instock product_cat-cubo-insulation-yalitim-sistemleri product_cat-isi-yalitim has-post-thumbnail shipping-taxable product-type-simple\" >\n\n\n\t\n\n\t\t\t   <div class=\"product-wrap\">\n\t\t\t<a href=\"https:\/\/cubo.com.tr\/en\/cubotherm-mantoloma-dubeli-plastik-civili\/\" aria-label=\"CUBOTHERM MANTOLOMA D\u00dcBEL\u0130 - PLAST\u0130K \u00c7\u0130V\u0130L\u0130\"><img loading=\"lazy\" decoding=\"async\" width=\"300\" height=\"197\" src=\"https:\/\/cubo.com.tr\/wp-content\/uploads\/CuboTherm-Mantolama-Dubeli-Plasik-Civili.png\" class=\"attachment-woocommerce_thumbnail size-woocommerce_thumbnail\" alt=\"\" \/><\/a>\n\t\t\t<div class=\"product-add-to-cart\" data-nectar-quickview=\"false\"><a href=\"https:\/\/cubo.com.tr\/en\/cubotherm-mantoloma-dubeli-plastik-civili\/\" aria-describedby=\"woocommerce_loop_add_to_cart_link_describedby_9368\" data-quantity=\"1\" class=\"button product_type_simple\" data-product_id=\"9368\" data-product_sku=\"\" aria-label=\"Read more about \u201cCUBOTHERM MANTOLOMA D\u00dcBEL\u0130 - PLAST\u0130K \u00c7\u0130V\u0130L\u0130\u201d\" rel=\"nofollow\" data-success_message=\"\" data-no-translation=\"\" data-trp-gettext=\"\" data-no-translation-aria-label=\"\">Read more<\/a><span id=\"woocommerce_loop_add_to_cart_link_describedby_9368\" class=\"screen-reader-text\">\n\t<\/span><\/div>\t\t   <\/div>\n\t\t\t\t\n\t  \n\n\t\t<h2 class=\"woocommerce-loop-product__title\">CUBOTHERM  INSULATION DOWEL  - PLASTIC NAIL<\/h2>\n\n\t\n\n\t\n<\/li>\n\t\t\t\n\t\t\t\t\n\t<li class=\"classic product type-product post-9369 status-publish first instock product_cat-cubo-insulation-yalitim-sistemleri product_cat-isi-yalitim has-post-thumbnail shipping-taxable product-type-simple\" >\n\n\n\t\n\n\t\t\t   <div class=\"product-wrap\">\n\t\t\t<a href=\"https:\/\/cubo.com.tr\/en\/cubotherm-sapphire-karbonlu-eps-levha-eps-70\/\" aria-label=\"CUBOTHERM SAPPHIRE KARBONLU EPS ISI YALITIM LEVHASI - EPS 70\"><img loading=\"lazy\" decoding=\"async\" width=\"300\" height=\"169\" src=\"https:\/\/cubo.com.tr\/wp-content\/uploads\/CuboTherm-Sapphire-Karbonlu-Eps-Isi-Yalitim-Levhasi-EPS-70.png\" class=\"attachment-woocommerce_thumbnail size-woocommerce_thumbnail\" alt=\"\" \/><\/a>\n\t\t\t<div class=\"product-add-to-cart\" data-nectar-quickview=\"false\"><a href=\"https:\/\/cubo.com.tr\/en\/cubotherm-sapphire-karbonlu-eps-levha-eps-70\/\" aria-describedby=\"woocommerce_loop_add_to_cart_link_describedby_9369\" data-quantity=\"1\" class=\"button product_type_simple\" data-product_id=\"9369\" data-product_sku=\"\" aria-label=\"Read more about \u201cCUBOTHERM SAPPHIRE KARBONLU EPS ISI YALITIM LEVHASI - EPS 70\u201d\" rel=\"nofollow\" data-success_message=\"\" data-no-translation=\"\" data-trp-gettext=\"\" data-no-translation-aria-label=\"\">Read more<\/a><span id=\"woocommerce_loop_add_to_cart_link_describedby_9369\" class=\"screen-reader-text\">\n\t<\/span><\/div>\t\t   <\/div>\n\t\t\t\t\n\t  \n\n\t\t<h2 class=\"woocommerce-loop-product__title\">CUBOTHERM SAPPHIRE KARBONLU EPS ISI YALITIM LEVHASI &#8211; EPS 70<\/h2>\n\n\t\n\n\t\n<\/li>\n\t\t\t\n\t\t\t\t\n\t<li class=\"classic product type-product post-9370 status-publish instock product_cat-cubo-insulation-yalitim-sistemleri product_cat-isi-yalitim has-post-thumbnail shipping-taxable product-type-simple\" >\n\n\n\t\n\n\t\t\t   <div class=\"product-wrap\">\n\t\t\t<a href=\"https:\/\/cubo.com.tr\/en\/cubotherm-emerald-karbonlu-eps-levha-eps-50\/\" aria-label=\"CUBOTHERM EMERALD KARBONLU EPS ISI YALITIM LEVHASI - EPS 50\"><img loading=\"lazy\" decoding=\"async\" width=\"300\" height=\"169\" src=\"https:\/\/cubo.com.tr\/wp-content\/uploads\/CuboTherm-Emerald-Karbonlu-Eps-Isi-Yalitim-Levhasi-EPS-50.png\" class=\"attachment-woocommerce_thumbnail size-woocommerce_thumbnail\" alt=\"\" \/><\/a>\n\t\t\t<div class=\"product-add-to-cart\" data-nectar-quickview=\"false\"><a href=\"https:\/\/cubo.com.tr\/en\/cubotherm-emerald-karbonlu-eps-levha-eps-50\/\" aria-describedby=\"woocommerce_loop_add_to_cart_link_describedby_9370\" data-quantity=\"1\" class=\"button product_type_simple\" data-product_id=\"9370\" data-product_sku=\"\" aria-label=\"Read more about \u201cCUBOTHERM EMERALD KARBONLU EPS ISI YALITIM LEVHASI - EPS 50\u201d\" rel=\"nofollow\" data-success_message=\"\" data-no-translation=\"\" data-trp-gettext=\"\" data-no-translation-aria-label=\"\">Read more<\/a><span id=\"woocommerce_loop_add_to_cart_link_describedby_9370\" class=\"screen-reader-text\">\n\t<\/span><\/div>\t\t   <\/div>\n\t\t\t\t\n\t  \n\n\t\t<h2 class=\"woocommerce-loop-product__title\">CUBOTHERM EMERALD KARBONLU EPS ISI YALITIM LEVHASI &#8211; EPS 50<\/h2>\n\n\t\n\n\t\n<\/li>\n\t\t\t\n\t\t<\/ul>\n\n\t\t\n\t<\/div>\n\t\t\t<\/div> \n\t\t<\/div>\n\t<\/div> \n<\/div><\/div>","protected":false},"excerpt":{"rendered":"","protected":false},"author":1,"featured_media":0,"parent":0,"menu_order":0,"comment_status":"closed","ping_status":"closed","template":"","meta":{"inline_featured_image":false,"footnotes":"","_links_to":"","_links_to_target":""},"class_list":["post-11007","page","type-page","status-publish"],"_links":{"self":[{"href":"https:\/\/cubo.com.tr\/en\/wp-json\/wp\/v2\/pages\/11007","targetHints":{"allow":["GET"]}}],"collection":[{"href":"https:\/\/cubo.com.tr\/en\/wp-json\/wp\/v2\/pages"}],"about":[{"href":"https:\/\/cubo.com.tr\/en\/wp-json\/wp\/v2\/types\/page"}],"author":[{"embeddable":true,"href":"https:\/\/cubo.com.tr\/en\/wp-json\/wp\/v2\/users\/1"}],"replies":[{"embeddable":true,"href":"https:\/\/cubo.com.tr\/en\/wp-json\/wp\/v2\/comments?post=11007"}],"version-history":[{"count":3,"href":"https:\/\/cubo.com.tr\/en\/wp-json\/wp\/v2\/pages\/11007\/revisions"}],"predecessor-version":[{"id":13208,"href":"https:\/\/cubo.com.tr\/en\/wp-json\/wp\/v2\/pages\/11007\/revisions\/13208"}],"wp:attachment":[{"href":"https:\/\/cubo.com.tr\/en\/wp-json\/wp\/v2\/media?parent=11007"}],"curies":[{"name":"wp","href":"https:\/\/api.w.org\/{rel}","templated":true}]}}