{"id":11008,"date":"2024-02-22T15:17:54","date_gmt":"2024-02-22T12:17:54","guid":{"rendered":"https:\/\/cubo.com.tr\/?page_id=11008"},"modified":"2024-06-03T15:49:53","modified_gmt":"2024-06-03T12:49:53","slug":"su-yalitim","status":"publish","type":"page","link":"https:\/\/cubo.com.tr\/en\/su-yalitim\/","title":{"rendered":"Water Insulation"},"content":{"rendered":"<div id=\"fws_69f1839ff09aa\"  data-column-margin=\"default\" data-midnight=\"dark\" data-top-percent=\"8%\" data-bottom-percent=\"8%\"  class=\"wpb_row vc_row-fluid vc_row full-width-section\"  style=\"padding-top: calc(100vw * 0.08); padding-bottom: calc(100vw * 0.08); \"><div class=\"row-bg-wrap\" data-bg-animation=\"none\" data-bg-animation-delay=\"\" data-bg-overlay=\"false\"><div class=\"inner-wrap row-bg-layer\" ><div class=\"row-bg viewport-desktop\"  style=\"\"><\/div><\/div><\/div><div class=\"row_col_wrap_12 col span_12 dark left\">\n\t<div  class=\"vc_col-sm-12 wpb_column column_container vc_column_container col no-extra-padding inherit_tablet inherit_phone\"  data-padding-pos=\"all\" data-has-bg-color=\"false\" data-bg-color=\"\" data-bg-opacity=\"1\" data-animation=\"\" data-delay=\"0\" >\n\t\t<div class=\"vc_column-inner\" >\n\t\t\t<div class=\"wpb_wrapper\">\n\t\t\t\t\n<div class=\"wpb_text_column wpb_content_element\" >\n\t<div class=\"wpb_wrapper\">\n\t\t<h2 style=\"text-align: left;\">Water Insulation<\/h2>\n\t<\/div>\n<\/div>\n\n\n\n<div class=\"woocommerce columns-4\">\n\t\t\n\t\t\n\t\t\n  <ul class=\"products columns-4\" data-n-lazy=\"off\" data-rm-m-hover=\"off\" data-n-desktop-columns=\"4\" data-n-desktop-small-columns=\"3\" data-n-tablet-columns=\"default\" data-n-phone-columns=\"default\" data-product-style=\"classic\">\n\n\n\n\t\t\t\n\t\t\t\t\n\t<li class=\"classic product type-product post-9371 status-publish first instock product_cat-cimento-esasli-su-yalitim product_cat-cubo-insulation-yalitim-sistemleri product_cat-su-yalitim has-post-thumbnail shipping-taxable product-type-simple\" >\n\n\n\t\n\n\t\t\t   <div class=\"product-wrap\">\n\t\t\t<a href=\"https:\/\/cubo.com.tr\/en\/__trashed-34\/\" aria-label=\"CUBOSEAL CA 20 SEMI-ELASTIC WATERPROOFING MATERIAL\"><img loading=\"lazy\" decoding=\"async\" width=\"300\" height=\"300\" src=\"https:\/\/cubo.com.tr\/wp-content\/uploads\/2024\/01\/CS1-CUBOSEAL-CA-20-YARI-ELASTIK-SU-YALITIM-MALZEMESI-300x300.png\" class=\"attachment-woocommerce_thumbnail size-woocommerce_thumbnail\" alt=\"\" srcset=\"https:\/\/cubo.com.tr\/wp-content\/uploads\/2024\/01\/CS1-CUBOSEAL-CA-20-YARI-ELASTIK-SU-YALITIM-MALZEMESI-300x300.png 300w, https:\/\/cubo.com.tr\/wp-content\/uploads\/2024\/01\/CS1-CUBOSEAL-CA-20-YARI-ELASTIK-SU-YALITIM-MALZEMESI-1024x1024.png 1024w, https:\/\/cubo.com.tr\/wp-content\/uploads\/2024\/01\/CS1-CUBOSEAL-CA-20-YARI-ELASTIK-SU-YALITIM-MALZEMESI-150x150.png 150w, https:\/\/cubo.com.tr\/wp-content\/uploads\/2024\/01\/CS1-CUBOSEAL-CA-20-YARI-ELASTIK-SU-YALITIM-MALZEMESI-768x768.png 768w, https:\/\/cubo.com.tr\/wp-content\/uploads\/2024\/01\/CS1-CUBOSEAL-CA-20-YARI-ELASTIK-SU-YALITIM-MALZEMESI-140x140.png 140w, https:\/\/cubo.com.tr\/wp-content\/uploads\/2024\/01\/CS1-CUBOSEAL-CA-20-YARI-ELASTIK-SU-YALITIM-MALZEMESI-100x100.png 100w, https:\/\/cubo.com.tr\/wp-content\/uploads\/2024\/01\/CS1-CUBOSEAL-CA-20-YARI-ELASTIK-SU-YALITIM-MALZEMESI-500x500.png 500w, https:\/\/cubo.com.tr\/wp-content\/uploads\/2024\/01\/CS1-CUBOSEAL-CA-20-YARI-ELASTIK-SU-YALITIM-MALZEMESI-350x350.png 350w, https:\/\/cubo.com.tr\/wp-content\/uploads\/2024\/01\/CS1-CUBOSEAL-CA-20-YARI-ELASTIK-SU-YALITIM-MALZEMESI-1000x1000.png 1000w, https:\/\/cubo.com.tr\/wp-content\/uploads\/2024\/01\/CS1-CUBOSEAL-CA-20-YARI-ELASTIK-SU-YALITIM-MALZEMESI-800x800.png 800w, https:\/\/cubo.com.tr\/wp-content\/uploads\/2024\/01\/CS1-CUBOSEAL-CA-20-YARI-ELASTIK-SU-YALITIM-MALZEMESI-600x600.png 600w, https:\/\/cubo.com.tr\/wp-content\/uploads\/2024\/01\/CS1-CUBOSEAL-CA-20-YARI-ELASTIK-SU-YALITIM-MALZEMESI.png 1181w\" sizes=\"auto, (max-width: 300px) 100vw, 300px\" \/><\/a>\n\t\t\t<div class=\"product-add-to-cart\" data-nectar-quickview=\"false\"><a href=\"https:\/\/cubo.com.tr\/en\/__trashed-34\/\" aria-describedby=\"woocommerce_loop_add_to_cart_link_describedby_9371\" data-quantity=\"1\" class=\"button product_type_simple\" data-product_id=\"9371\" data-product_sku=\"\" aria-label=\"Read more about \u201cCUBOSEAL CA 20 YARI ELAST\u0130K SU YALITIM MALZEMES\u0130\u201d\" rel=\"nofollow\" data-success_message=\"\" data-no-translation=\"\" data-trp-gettext=\"\" data-no-translation-aria-label=\"\">Read more<\/a><span id=\"woocommerce_loop_add_to_cart_link_describedby_9371\" class=\"screen-reader-text\">\n\t<\/span><\/div>\t\t   <\/div>\n\t\t\t\t\n\t  \n\n\t\t<h2 class=\"woocommerce-loop-product__title\">CUBOSEAL CA 20 SEMI-ELASTIC WATERPROOFING MATERIAL<\/h2>\n\n\t\n\n\t\n<\/li>\n\t\t\t\n\t\t\t\t\n\t<li class=\"classic product type-product post-9374 status-publish instock product_cat-cimento-esasli-su-yalitim product_cat-cubo-insulation-yalitim-sistemleri product_cat-su-yalitim has-post-thumbnail shipping-taxable product-type-simple\" >\n\n\n\t\n\n\t\t\t   <div class=\"product-wrap\">\n\t\t\t<a href=\"https:\/\/cubo.com.tr\/en\/cuboseal-ca-30-tam-elastik-su-yalitim-malzemesi\/\" aria-label=\"CUBOSEAL CA 30 FULLY ELASTIC WATERPROOFING MATERIAL\"><img loading=\"lazy\" decoding=\"async\" width=\"300\" height=\"300\" src=\"https:\/\/cubo.com.tr\/wp-content\/uploads\/2024\/01\/CS2-CUBOSEAL-CA-30-TAM-ELASTIK-SU-YALITIM-MALZEMESI-300x300.png\" class=\"attachment-woocommerce_thumbnail size-woocommerce_thumbnail\" alt=\"\" srcset=\"https:\/\/cubo.com.tr\/wp-content\/uploads\/2024\/01\/CS2-CUBOSEAL-CA-30-TAM-ELASTIK-SU-YALITIM-MALZEMESI-300x300.png 300w, https:\/\/cubo.com.tr\/wp-content\/uploads\/2024\/01\/CS2-CUBOSEAL-CA-30-TAM-ELASTIK-SU-YALITIM-MALZEMESI-1024x1024.png 1024w, https:\/\/cubo.com.tr\/wp-content\/uploads\/2024\/01\/CS2-CUBOSEAL-CA-30-TAM-ELASTIK-SU-YALITIM-MALZEMESI-150x150.png 150w, https:\/\/cubo.com.tr\/wp-content\/uploads\/2024\/01\/CS2-CUBOSEAL-CA-30-TAM-ELASTIK-SU-YALITIM-MALZEMESI-768x768.png 768w, https:\/\/cubo.com.tr\/wp-content\/uploads\/2024\/01\/CS2-CUBOSEAL-CA-30-TAM-ELASTIK-SU-YALITIM-MALZEMESI-140x140.png 140w, https:\/\/cubo.com.tr\/wp-content\/uploads\/2024\/01\/CS2-CUBOSEAL-CA-30-TAM-ELASTIK-SU-YALITIM-MALZEMESI-100x100.png 100w, https:\/\/cubo.com.tr\/wp-content\/uploads\/2024\/01\/CS2-CUBOSEAL-CA-30-TAM-ELASTIK-SU-YALITIM-MALZEMESI-500x500.png 500w, https:\/\/cubo.com.tr\/wp-content\/uploads\/2024\/01\/CS2-CUBOSEAL-CA-30-TAM-ELASTIK-SU-YALITIM-MALZEMESI-350x350.png 350w, https:\/\/cubo.com.tr\/wp-content\/uploads\/2024\/01\/CS2-CUBOSEAL-CA-30-TAM-ELASTIK-SU-YALITIM-MALZEMESI-1000x1000.png 1000w, https:\/\/cubo.com.tr\/wp-content\/uploads\/2024\/01\/CS2-CUBOSEAL-CA-30-TAM-ELASTIK-SU-YALITIM-MALZEMESI-800x800.png 800w, https:\/\/cubo.com.tr\/wp-content\/uploads\/2024\/01\/CS2-CUBOSEAL-CA-30-TAM-ELASTIK-SU-YALITIM-MALZEMESI-600x600.png 600w, https:\/\/cubo.com.tr\/wp-content\/uploads\/2024\/01\/CS2-CUBOSEAL-CA-30-TAM-ELASTIK-SU-YALITIM-MALZEMESI.png 1181w\" sizes=\"auto, (max-width: 300px) 100vw, 300px\" \/><\/a>\n\t\t\t<div class=\"product-add-to-cart\" data-nectar-quickview=\"false\"><a href=\"https:\/\/cubo.com.tr\/en\/cuboseal-ca-30-tam-elastik-su-yalitim-malzemesi\/\" aria-describedby=\"woocommerce_loop_add_to_cart_link_describedby_9374\" data-quantity=\"1\" class=\"button product_type_simple\" data-product_id=\"9374\" data-product_sku=\"\" aria-label=\"Read more about \u201cCUBOSEAL CA 30 TAM ELAST\u0130K SU YALITIM MALZEMES\u0130\u201d\" rel=\"nofollow\" data-success_message=\"\" data-no-translation=\"\" data-trp-gettext=\"\" data-no-translation-aria-label=\"\">Read more<\/a><span id=\"woocommerce_loop_add_to_cart_link_describedby_9374\" class=\"screen-reader-text\">\n\t<\/span><\/div>\t\t   <\/div>\n\t\t\t\t\n\t  \n\n\t\t<h2 class=\"woocommerce-loop-product__title\">CUBOSEAL CA 30 FULLY ELASTIC WATERPROOFING MATERIAL<\/h2>\n\n\t\n\n\t\n<\/li>\n\t\t\t\n\t\t\t\t\n\t<li class=\"classic product type-product post-9375 status-publish instock product_cat-cimento-esasli-su-yalitim product_cat-cubo-insulation-yalitim-sistemleri product_cat-su-yalitim has-post-thumbnail shipping-taxable product-type-simple\" >\n\n\n\t\n\n\t\t\t   <div class=\"product-wrap\">\n\t\t\t<a href=\"https:\/\/cubo.com.tr\/en\/cuboseal-ca-30-uv-tam-elastik-su-yalitim-malzemesi\/\" aria-label=\"CUBOSEAL CA 30 UV FULLY ELASTIC WATERPROOFING MATERIAL\"><img loading=\"lazy\" decoding=\"async\" width=\"300\" height=\"300\" src=\"https:\/\/cubo.com.tr\/wp-content\/uploads\/2024\/01\/CS3-CUBOSEAL-CA-30-UV-TAM-ELASTIK-SU-YALITIM-MALZEMESI_-300x300.png\" class=\"attachment-woocommerce_thumbnail size-woocommerce_thumbnail\" alt=\"\" srcset=\"https:\/\/cubo.com.tr\/wp-content\/uploads\/2024\/01\/CS3-CUBOSEAL-CA-30-UV-TAM-ELASTIK-SU-YALITIM-MALZEMESI_-300x300.png 300w, https:\/\/cubo.com.tr\/wp-content\/uploads\/2024\/01\/CS3-CUBOSEAL-CA-30-UV-TAM-ELASTIK-SU-YALITIM-MALZEMESI_-1024x1024.png 1024w, https:\/\/cubo.com.tr\/wp-content\/uploads\/2024\/01\/CS3-CUBOSEAL-CA-30-UV-TAM-ELASTIK-SU-YALITIM-MALZEMESI_-150x150.png 150w, https:\/\/cubo.com.tr\/wp-content\/uploads\/2024\/01\/CS3-CUBOSEAL-CA-30-UV-TAM-ELASTIK-SU-YALITIM-MALZEMESI_-768x768.png 768w, https:\/\/cubo.com.tr\/wp-content\/uploads\/2024\/01\/CS3-CUBOSEAL-CA-30-UV-TAM-ELASTIK-SU-YALITIM-MALZEMESI_-140x140.png 140w, https:\/\/cubo.com.tr\/wp-content\/uploads\/2024\/01\/CS3-CUBOSEAL-CA-30-UV-TAM-ELASTIK-SU-YALITIM-MALZEMESI_-100x100.png 100w, https:\/\/cubo.com.tr\/wp-content\/uploads\/2024\/01\/CS3-CUBOSEAL-CA-30-UV-TAM-ELASTIK-SU-YALITIM-MALZEMESI_-500x500.png 500w, https:\/\/cubo.com.tr\/wp-content\/uploads\/2024\/01\/CS3-CUBOSEAL-CA-30-UV-TAM-ELASTIK-SU-YALITIM-MALZEMESI_-350x350.png 350w, https:\/\/cubo.com.tr\/wp-content\/uploads\/2024\/01\/CS3-CUBOSEAL-CA-30-UV-TAM-ELASTIK-SU-YALITIM-MALZEMESI_-1000x1000.png 1000w, https:\/\/cubo.com.tr\/wp-content\/uploads\/2024\/01\/CS3-CUBOSEAL-CA-30-UV-TAM-ELASTIK-SU-YALITIM-MALZEMESI_-800x800.png 800w, https:\/\/cubo.com.tr\/wp-content\/uploads\/2024\/01\/CS3-CUBOSEAL-CA-30-UV-TAM-ELASTIK-SU-YALITIM-MALZEMESI_-600x600.png 600w, https:\/\/cubo.com.tr\/wp-content\/uploads\/2024\/01\/CS3-CUBOSEAL-CA-30-UV-TAM-ELASTIK-SU-YALITIM-MALZEMESI_.png 1181w\" sizes=\"auto, (max-width: 300px) 100vw, 300px\" \/><\/a>\n\t\t\t<div class=\"product-add-to-cart\" data-nectar-quickview=\"false\"><a href=\"https:\/\/cubo.com.tr\/en\/cuboseal-ca-30-uv-tam-elastik-su-yalitim-malzemesi\/\" aria-describedby=\"woocommerce_loop_add_to_cart_link_describedby_9375\" data-quantity=\"1\" class=\"button product_type_simple\" data-product_id=\"9375\" data-product_sku=\"\" aria-label=\"Read more about \u201cCUBOSEAL CA 30 UV TAM ELAST\u0130K SU YALITIM MALZEMES\u0130\u201d\" rel=\"nofollow\" data-success_message=\"\" data-no-translation=\"\" data-trp-gettext=\"\" data-no-translation-aria-label=\"\">Read more<\/a><span id=\"woocommerce_loop_add_to_cart_link_describedby_9375\" class=\"screen-reader-text\">\n\t<\/span><\/div>\t\t   <\/div>\n\t\t\t\t\n\t  \n\n\t\t<h2 class=\"woocommerce-loop-product__title\">CUBOSEAL CA 30 UV FULLY ELASTIC WATERPROOFING MATERIAL<\/h2>\n\n\t\n\n\t\n<\/li>\n\t\t\t\n\t\t\t\t\n\t<li class=\"classic product type-product post-9376 status-publish last instock product_cat-cimento-esasli-su-yalitim product_cat-cubo-insulation-yalitim-sistemleri product_cat-su-yalitim has-post-thumbnail shipping-taxable product-type-simple\" >\n\n\n\t\n\n\t\t\t   <div class=\"product-wrap\">\n\t\t\t<a href=\"https:\/\/cubo.com.tr\/en\/cuboseal-cr-kristalize-su-yalitim-malzemesi\/\" aria-label=\"CUBOSEAL CR CRYSTALLIZED WATERPROOFING MATERIAL\"><img loading=\"lazy\" decoding=\"async\" width=\"300\" height=\"300\" src=\"https:\/\/cubo.com.tr\/wp-content\/uploads\/2024\/01\/CS4-CUBOSEAL-CR-KRISTALIZE-SU-YALITIM-MALZEMESI-300x300.png\" class=\"attachment-woocommerce_thumbnail size-woocommerce_thumbnail\" alt=\"\" srcset=\"https:\/\/cubo.com.tr\/wp-content\/uploads\/2024\/01\/CS4-CUBOSEAL-CR-KRISTALIZE-SU-YALITIM-MALZEMESI-300x300.png 300w, https:\/\/cubo.com.tr\/wp-content\/uploads\/2024\/01\/CS4-CUBOSEAL-CR-KRISTALIZE-SU-YALITIM-MALZEMESI-1024x1024.png 1024w, https:\/\/cubo.com.tr\/wp-content\/uploads\/2024\/01\/CS4-CUBOSEAL-CR-KRISTALIZE-SU-YALITIM-MALZEMESI-150x150.png 150w, https:\/\/cubo.com.tr\/wp-content\/uploads\/2024\/01\/CS4-CUBOSEAL-CR-KRISTALIZE-SU-YALITIM-MALZEMESI-768x768.png 768w, https:\/\/cubo.com.tr\/wp-content\/uploads\/2024\/01\/CS4-CUBOSEAL-CR-KRISTALIZE-SU-YALITIM-MALZEMESI-140x140.png 140w, https:\/\/cubo.com.tr\/wp-content\/uploads\/2024\/01\/CS4-CUBOSEAL-CR-KRISTALIZE-SU-YALITIM-MALZEMESI-100x100.png 100w, https:\/\/cubo.com.tr\/wp-content\/uploads\/2024\/01\/CS4-CUBOSEAL-CR-KRISTALIZE-SU-YALITIM-MALZEMESI-500x500.png 500w, https:\/\/cubo.com.tr\/wp-content\/uploads\/2024\/01\/CS4-CUBOSEAL-CR-KRISTALIZE-SU-YALITIM-MALZEMESI-350x350.png 350w, https:\/\/cubo.com.tr\/wp-content\/uploads\/2024\/01\/CS4-CUBOSEAL-CR-KRISTALIZE-SU-YALITIM-MALZEMESI-1000x1000.png 1000w, https:\/\/cubo.com.tr\/wp-content\/uploads\/2024\/01\/CS4-CUBOSEAL-CR-KRISTALIZE-SU-YALITIM-MALZEMESI-800x800.png 800w, https:\/\/cubo.com.tr\/wp-content\/uploads\/2024\/01\/CS4-CUBOSEAL-CR-KRISTALIZE-SU-YALITIM-MALZEMESI-600x600.png 600w, https:\/\/cubo.com.tr\/wp-content\/uploads\/2024\/01\/CS4-CUBOSEAL-CR-KRISTALIZE-SU-YALITIM-MALZEMESI.png 1181w\" sizes=\"auto, (max-width: 300px) 100vw, 300px\" \/><\/a>\n\t\t\t<div class=\"product-add-to-cart\" data-nectar-quickview=\"false\"><a href=\"https:\/\/cubo.com.tr\/en\/cuboseal-cr-kristalize-su-yalitim-malzemesi\/\" aria-describedby=\"woocommerce_loop_add_to_cart_link_describedby_9376\" data-quantity=\"1\" class=\"button product_type_simple\" data-product_id=\"9376\" data-product_sku=\"\" aria-label=\"Read more about \u201cCUBOSEAL CR KR\u0130STAL\u0130ZE SU YALITIM MALZEMES\u0130\u201d\" rel=\"nofollow\" data-success_message=\"\" data-no-translation=\"\" data-trp-gettext=\"\" data-no-translation-aria-label=\"\">Read more<\/a><span id=\"woocommerce_loop_add_to_cart_link_describedby_9376\" class=\"screen-reader-text\">\n\t<\/span><\/div>\t\t   <\/div>\n\t\t\t\t\n\t  \n\n\t\t<h2 class=\"woocommerce-loop-product__title\">CUBOSEAL CR CRYSTALLIZED WATERPROOFING MATERIAL<\/h2>\n\n\t\n\n\t\n<\/li>\n\t\t\t\n\t\t\t\t\n\t<li class=\"classic product type-product post-9378 status-publish first instock product_cat-cubo-insulation-yalitim-sistemleri product_cat-poliurethan-esasli-su-yalitim product_cat-su-yalitim has-post-thumbnail shipping-taxable product-type-simple\" >\n\n\n\t\n\n\t\t\t   <div class=\"product-wrap\">\n\t\t\t<a href=\"https:\/\/cubo.com.tr\/en\/cuboseal-fast-waterstop-sok-tikac\/\" aria-label=\"CUBOSEAL FAST WATERSTOP SHOCK PLUG\"><img loading=\"lazy\" decoding=\"async\" width=\"300\" height=\"300\" src=\"https:\/\/cubo.com.tr\/wp-content\/uploads\/2024\/01\/CS6-CUBOSEAL-FAST-WATERSTOP-SOK-TIKAC-300x300.png\" class=\"attachment-woocommerce_thumbnail size-woocommerce_thumbnail\" alt=\"\" srcset=\"https:\/\/cubo.com.tr\/wp-content\/uploads\/2024\/01\/CS6-CUBOSEAL-FAST-WATERSTOP-SOK-TIKAC-300x300.png 300w, https:\/\/cubo.com.tr\/wp-content\/uploads\/2024\/01\/CS6-CUBOSEAL-FAST-WATERSTOP-SOK-TIKAC-1024x1024.png 1024w, https:\/\/cubo.com.tr\/wp-content\/uploads\/2024\/01\/CS6-CUBOSEAL-FAST-WATERSTOP-SOK-TIKAC-150x150.png 150w, https:\/\/cubo.com.tr\/wp-content\/uploads\/2024\/01\/CS6-CUBOSEAL-FAST-WATERSTOP-SOK-TIKAC-768x768.png 768w, https:\/\/cubo.com.tr\/wp-content\/uploads\/2024\/01\/CS6-CUBOSEAL-FAST-WATERSTOP-SOK-TIKAC-1536x1536.png 1536w, https:\/\/cubo.com.tr\/wp-content\/uploads\/2024\/01\/CS6-CUBOSEAL-FAST-WATERSTOP-SOK-TIKAC-2048x2048.png 2048w, https:\/\/cubo.com.tr\/wp-content\/uploads\/2024\/01\/CS6-CUBOSEAL-FAST-WATERSTOP-SOK-TIKAC-140x140.png 140w, https:\/\/cubo.com.tr\/wp-content\/uploads\/2024\/01\/CS6-CUBOSEAL-FAST-WATERSTOP-SOK-TIKAC-100x100.png 100w, https:\/\/cubo.com.tr\/wp-content\/uploads\/2024\/01\/CS6-CUBOSEAL-FAST-WATERSTOP-SOK-TIKAC-500x500.png 500w, https:\/\/cubo.com.tr\/wp-content\/uploads\/2024\/01\/CS6-CUBOSEAL-FAST-WATERSTOP-SOK-TIKAC-350x350.png 350w, https:\/\/cubo.com.tr\/wp-content\/uploads\/2024\/01\/CS6-CUBOSEAL-FAST-WATERSTOP-SOK-TIKAC-1000x1000.png 1000w, https:\/\/cubo.com.tr\/wp-content\/uploads\/2024\/01\/CS6-CUBOSEAL-FAST-WATERSTOP-SOK-TIKAC-800x800.png 800w, https:\/\/cubo.com.tr\/wp-content\/uploads\/2024\/01\/CS6-CUBOSEAL-FAST-WATERSTOP-SOK-TIKAC-600x600.png 600w\" sizes=\"auto, (max-width: 300px) 100vw, 300px\" \/><\/a>\n\t\t\t<div class=\"product-add-to-cart\" data-nectar-quickview=\"false\"><a href=\"https:\/\/cubo.com.tr\/en\/cuboseal-fast-waterstop-sok-tikac\/\" aria-describedby=\"woocommerce_loop_add_to_cart_link_describedby_9378\" data-quantity=\"1\" class=\"button product_type_simple\" data-product_id=\"9378\" data-product_sku=\"\" aria-label=\"Read more about \u201cCUBOSEAL FAST WATERSTOP \u015eOK TIKA\u00c7\u201d\" rel=\"nofollow\" data-success_message=\"\" data-no-translation=\"\" data-trp-gettext=\"\" data-no-translation-aria-label=\"\">Read more<\/a><span id=\"woocommerce_loop_add_to_cart_link_describedby_9378\" class=\"screen-reader-text\">\n\t<\/span><\/div>\t\t   <\/div>\n\t\t\t\t\n\t  \n\n\t\t<h2 class=\"woocommerce-loop-product__title\">CUBOSEAL FAST WATERSTOP SHOCK PLUG<\/h2>\n\n\t\n\n\t\n<\/li>\n\t\t\t\n\t\t<\/ul>\n\n\t\t\n\t<\/div>\n\t\t\t<\/div> \n\t\t<\/div>\n\t<\/div> \n<\/div><\/div>","protected":false},"excerpt":{"rendered":"","protected":false},"author":1,"featured_media":0,"parent":0,"menu_order":0,"comment_status":"closed","ping_status":"closed","template":"","meta":{"inline_featured_image":false,"footnotes":"","_links_to":"","_links_to_target":""},"class_list":["post-11008","page","type-page","status-publish"],"_links":{"self":[{"href":"https:\/\/cubo.com.tr\/en\/wp-json\/wp\/v2\/pages\/11008","targetHints":{"allow":["GET"]}}],"collection":[{"href":"https:\/\/cubo.com.tr\/en\/wp-json\/wp\/v2\/pages"}],"about":[{"href":"https:\/\/cubo.com.tr\/en\/wp-json\/wp\/v2\/types\/page"}],"author":[{"embeddable":true,"href":"https:\/\/cubo.com.tr\/en\/wp-json\/wp\/v2\/users\/1"}],"replies":[{"embeddable":true,"href":"https:\/\/cubo.com.tr\/en\/wp-json\/wp\/v2\/comments?post=11008"}],"version-history":[{"count":3,"href":"https:\/\/cubo.com.tr\/en\/wp-json\/wp\/v2\/pages\/11008\/revisions"}],"predecessor-version":[{"id":13209,"href":"https:\/\/cubo.com.tr\/en\/wp-json\/wp\/v2\/pages\/11008\/revisions\/13209"}],"wp:attachment":[{"href":"https:\/\/cubo.com.tr\/en\/wp-json\/wp\/v2\/media?parent=11008"}],"curies":[{"name":"wp","href":"https:\/\/api.w.org\/{rel}","templated":true}]}}