{"id":11280,"date":"2024-02-27T22:54:34","date_gmt":"2024-02-27T19:54:34","guid":{"rendered":"https:\/\/cubo.com.tr\/?page_id=11280"},"modified":"2024-02-27T23:00:21","modified_gmt":"2024-02-27T20:00:21","slug":"echol-grubu-urunler","status":"publish","type":"page","link":"https:\/\/cubo.com.tr\/en\/echol-grubu-urunler\/","title":{"rendered":"Echol Group Products"},"content":{"rendered":"<div id=\"fws_69fb6924354f5\"  data-column-margin=\"default\" data-midnight=\"dark\"  class=\"wpb_row vc_row-fluid vc_row\"  style=\"padding-top: 0px; padding-bottom: 0px; \"><div class=\"row-bg-wrap\" data-bg-animation=\"none\" data-bg-animation-delay=\"\" data-bg-overlay=\"false\"><div class=\"inner-wrap row-bg-layer\" ><div class=\"row-bg viewport-desktop\"  style=\"\"><\/div><\/div><\/div><div class=\"row_col_wrap_12 col span_12 dark left\">\n\t<div  class=\"vc_col-sm-12 wpb_column column_container vc_column_container col no-extra-padding inherit_tablet inherit_phone\"  data-padding-pos=\"all\" data-has-bg-color=\"false\" data-bg-color=\"\" data-bg-opacity=\"1\" data-animation=\"\" data-delay=\"0\" >\n\t\t<div class=\"vc_column-inner\" >\n\t\t\t<div class=\"wpb_wrapper\">\n\t\t\t\t<div class=\"nectar-split-heading\" data-align=\"default\" data-m-align=\"inherit\" data-text-effect=\"default\" data-animation-type=\"line-reveal-by-space\" data-animation-delay=\"0\" data-animation-offset=\"\" data-m-rm-animation=\"\" data-stagger=\"\" data-custom-font-size=\"false\" ><h2 >Echol Group Products<\/h2><\/div><div class=\"woocommerce columns-4\">\n\t\t\n\t\t\n\t\t\n  <ul class=\"products columns-4\" data-n-lazy=\"off\" data-rm-m-hover=\"off\" data-n-desktop-columns=\"4\" data-n-desktop-small-columns=\"3\" data-n-tablet-columns=\"default\" data-n-phone-columns=\"default\" data-product-style=\"classic\">\n\n\n\n\t\t\t\n\t\t\t\t\n\t<li class=\"classic product type-product post-9256 status-publish first instock product_cat-echol-grubu-urunler product_cat-insaat-boyalari product_cat-insaat-ve-sanayi-boyalari has-post-thumbnail shipping-taxable product-type-simple\" >\n\n\n\t\n\n\t\t\t   <div class=\"product-wrap\">\n\t\t\t<a href=\"https:\/\/cubo.com.tr\/en\/echol-silikonlu-ipek-mat-ic-cephe-boyasi\/\" aria-label=\"ECHOL SILICONE SILK MATT INTERIOR PAINT\"><img loading=\"lazy\" decoding=\"async\" width=\"300\" height=\"300\" src=\"https:\/\/cubo.com.tr\/wp-content\/uploads\/Echol-Silikonlu-Ipek-Mat-1.png\" class=\"attachment-woocommerce_thumbnail size-woocommerce_thumbnail\" alt=\"\" \/><\/a>\n\t\t\t<div class=\"product-add-to-cart\" data-nectar-quickview=\"false\"><a href=\"https:\/\/cubo.com.tr\/en\/echol-silikonlu-ipek-mat-ic-cephe-boyasi\/\" aria-describedby=\"woocommerce_loop_add_to_cart_link_describedby_9256\" data-quantity=\"1\" class=\"button product_type_simple\" data-product_id=\"9256\" data-product_sku=\"\" aria-label=\"Read more about \u201cECHOL S\u0130L\u0130KONLU \u0130PEK MAT\u201d\" rel=\"nofollow\" data-success_message=\"\" data-no-translation=\"\" data-trp-gettext=\"\" data-no-translation-aria-label=\"\">Read more<\/a><span id=\"woocommerce_loop_add_to_cart_link_describedby_9256\" class=\"screen-reader-text\">\n\t<\/span><\/div>\t\t   <\/div>\n\t\t\t\t\n\t  \n\n\t\t<h2 class=\"woocommerce-loop-product__title\">ECHOL SILICONE SILK MATT INTERIOR PAINT<\/h2>\n\n\t\n\n\t\n<\/li>\n\t\t\t\n\t\t\t\t\n\t<li class=\"classic product type-product post-9257 status-publish instock product_cat-echol-grubu-urunler product_cat-insaat-boyalari product_cat-insaat-ve-sanayi-boyalari has-post-thumbnail shipping-taxable product-type-simple\" >\n\n\n\t\n\n\t\t\t   <div class=\"product-wrap\">\n\t\t\t<a href=\"https:\/\/cubo.com.tr\/en\/echol-silikonlu-mat-ic-cephe-boyasi\/\" aria-label=\"ECHOL SILICONE MATT INTERIOR PAINT\"><img loading=\"lazy\" decoding=\"async\" width=\"300\" height=\"300\" src=\"https:\/\/cubo.com.tr\/wp-content\/uploads\/Echol-Silikonlu-Mat-1.png\" class=\"attachment-woocommerce_thumbnail size-woocommerce_thumbnail\" alt=\"\" \/><\/a>\n\t\t\t<div class=\"product-add-to-cart\" data-nectar-quickview=\"false\"><a href=\"https:\/\/cubo.com.tr\/en\/echol-silikonlu-mat-ic-cephe-boyasi\/\" aria-describedby=\"woocommerce_loop_add_to_cart_link_describedby_9257\" data-quantity=\"1\" class=\"button product_type_simple\" data-product_id=\"9257\" data-product_sku=\"\" aria-label=\"Read more about \u201cECHOL S\u0130L\u0130KONLU MAT\u201d\" rel=\"nofollow\" data-success_message=\"\" data-no-translation=\"\" data-trp-gettext=\"\" data-no-translation-aria-label=\"\">Read more<\/a><span id=\"woocommerce_loop_add_to_cart_link_describedby_9257\" class=\"screen-reader-text\">\n\t<\/span><\/div>\t\t   <\/div>\n\t\t\t\t\n\t  \n\n\t\t<h2 class=\"woocommerce-loop-product__title\">ECHOL SILICONE MATT INTERIOR PAINT<\/h2>\n\n\t\n\n\t\n<\/li>\n\t\t\t\n\t\t\t\t\n\t<li class=\"classic product type-product post-9258 status-publish instock product_cat-echol-grubu-urunler product_cat-insaat-boyalari product_cat-insaat-ve-sanayi-boyalari has-post-thumbnail shipping-taxable product-type-simple\" >\n\n\n\t\n\n\t\t\t   <div class=\"product-wrap\">\n\t\t\t<a href=\"https:\/\/cubo.com.tr\/en\/echol-mat-ic-cephe-boyasi\/\" aria-label=\"ECHOL MATT INTERIOR PAINT\"><img loading=\"lazy\" decoding=\"async\" width=\"300\" height=\"300\" src=\"https:\/\/cubo.com.tr\/wp-content\/uploads\/Echol-Mat-1.png\" class=\"attachment-woocommerce_thumbnail size-woocommerce_thumbnail\" alt=\"\" \/><\/a>\n\t\t\t<div class=\"product-add-to-cart\" data-nectar-quickview=\"false\"><a href=\"https:\/\/cubo.com.tr\/en\/echol-mat-ic-cephe-boyasi\/\" aria-describedby=\"woocommerce_loop_add_to_cart_link_describedby_9258\" data-quantity=\"1\" class=\"button product_type_simple\" data-product_id=\"9258\" data-product_sku=\"\" aria-label=\"Read more about \u201cECHOL MAT\u201d\" rel=\"nofollow\" data-success_message=\"\" data-no-translation=\"\" data-trp-gettext=\"\" data-no-translation-aria-label=\"\">Read more<\/a><span id=\"woocommerce_loop_add_to_cart_link_describedby_9258\" class=\"screen-reader-text\">\n\t<\/span><\/div>\t\t   <\/div>\n\t\t\t\t\n\t  \n\n\t\t<h2 class=\"woocommerce-loop-product__title\">ECHOL MATT INTERIOR PAINT<\/h2>\n\n\t\n\n\t\n<\/li>\n\t\t\t\n\t\t\t\t\n\t<li class=\"classic product type-product post-9259 status-publish last instock product_cat-echol-grubu-urunler product_cat-insaat-boyalari product_cat-insaat-ve-sanayi-boyalari has-post-thumbnail shipping-taxable product-type-simple\" >\n\n\n\t\n\n\t\t\t   <div class=\"product-wrap\">\n\t\t\t<a href=\"https:\/\/cubo.com.tr\/en\/echol-silikonlu-dis-cephe-boyasi\/\" aria-label=\"ECHOL S\u0130L\u0130KONLU DI\u015e CEPHE\"><img loading=\"lazy\" decoding=\"async\" width=\"300\" height=\"300\" src=\"https:\/\/cubo.com.tr\/wp-content\/uploads\/Echol-Silikonlu-Dis-Cephe-2.png\" class=\"attachment-woocommerce_thumbnail size-woocommerce_thumbnail\" alt=\"\" \/><\/a>\n\t\t\t<div class=\"product-add-to-cart\" data-nectar-quickview=\"false\"><a href=\"https:\/\/cubo.com.tr\/en\/echol-silikonlu-dis-cephe-boyasi\/\" aria-describedby=\"woocommerce_loop_add_to_cart_link_describedby_9259\" data-quantity=\"1\" class=\"button product_type_simple\" data-product_id=\"9259\" data-product_sku=\"\" aria-label=\"Read more about \u201cECHOL S\u0130L\u0130KONLU DI\u015e CEPHE\u201d\" rel=\"nofollow\" data-success_message=\"\" data-no-translation=\"\" data-trp-gettext=\"\" data-no-translation-aria-label=\"\">Read more<\/a><span id=\"woocommerce_loop_add_to_cart_link_describedby_9259\" class=\"screen-reader-text\">\n\t<\/span><\/div>\t\t   <\/div>\n\t\t\t\t\n\t  \n\n\t\t<h2 class=\"woocommerce-loop-product__title\">ECHOL S\u0130L\u0130KONLU DI\u015e CEPHE<\/h2>\n\n\t\n\n\t\n<\/li>\n\t\t\t\n\t\t\t\t\n\t<li class=\"classic product type-product post-9260 status-publish first instock product_cat-echol-grubu-urunler product_cat-insaat-boyalari product_cat-insaat-ve-sanayi-boyalari has-post-thumbnail shipping-taxable product-type-simple\" >\n\n\n\t\n\n\t\t\t   <div class=\"product-wrap\">\n\t\t\t<a href=\"https:\/\/cubo.com.tr\/en\/echol-silikonlu-ic-dis-astar\/\" aria-label=\"ECHOL S\u0130L\u0130KONLU \u0130\u00c7 &amp; DI\u015e ASTAR\"><img loading=\"lazy\" decoding=\"async\" width=\"300\" height=\"300\" src=\"https:\/\/cubo.com.tr\/wp-content\/uploads\/Echol-Silikonlu-Ic-Dis-Astar-3.png\" class=\"attachment-woocommerce_thumbnail size-woocommerce_thumbnail\" alt=\"\" \/><\/a>\n\t\t\t<div class=\"product-add-to-cart\" data-nectar-quickview=\"false\"><a href=\"https:\/\/cubo.com.tr\/en\/echol-silikonlu-ic-dis-astar\/\" aria-describedby=\"woocommerce_loop_add_to_cart_link_describedby_9260\" data-quantity=\"1\" class=\"button product_type_simple\" data-product_id=\"9260\" data-product_sku=\"\" aria-label=\"Read more about \u201cECHOL S\u0130L\u0130KONLU \u0130\u00c7 &amp; DI\u015e ASTAR\u201d\" rel=\"nofollow\" data-success_message=\"\" data-no-translation=\"\" data-trp-gettext=\"\" data-no-translation-aria-label=\"\">Read more<\/a><span id=\"woocommerce_loop_add_to_cart_link_describedby_9260\" class=\"screen-reader-text\">\n\t<\/span><\/div>\t\t   <\/div>\n\t\t\t\t\n\t  \n\n\t\t<h2 class=\"woocommerce-loop-product__title\">ECHOL SILICONE INTERIOR &amp; EXTERIOR PRIMER<\/h2>\n\n\t\n\n\t\n<\/li>\n\t\t\t\n\t\t<\/ul>\n\n\t\t\n\t<\/div>\n\t\t\t<\/div> \n\t\t<\/div>\n\t<\/div> \n<\/div><\/div>","protected":false},"excerpt":{"rendered":"","protected":false},"author":1,"featured_media":0,"parent":0,"menu_order":0,"comment_status":"closed","ping_status":"closed","template":"","meta":{"inline_featured_image":false,"footnotes":"","_links_to":"","_links_to_target":""},"class_list":["post-11280","page","type-page","status-publish"],"_links":{"self":[{"href":"https:\/\/cubo.com.tr\/en\/wp-json\/wp\/v2\/pages\/11280","targetHints":{"allow":["GET"]}}],"collection":[{"href":"https:\/\/cubo.com.tr\/en\/wp-json\/wp\/v2\/pages"}],"about":[{"href":"https:\/\/cubo.com.tr\/en\/wp-json\/wp\/v2\/types\/page"}],"author":[{"embeddable":true,"href":"https:\/\/cubo.com.tr\/en\/wp-json\/wp\/v2\/users\/1"}],"replies":[{"embeddable":true,"href":"https:\/\/cubo.com.tr\/en\/wp-json\/wp\/v2\/comments?post=11280"}],"version-history":[{"count":3,"href":"https:\/\/cubo.com.tr\/en\/wp-json\/wp\/v2\/pages\/11280\/revisions"}],"predecessor-version":[{"id":11287,"href":"https:\/\/cubo.com.tr\/en\/wp-json\/wp\/v2\/pages\/11280\/revisions\/11287"}],"wp:attachment":[{"href":"https:\/\/cubo.com.tr\/en\/wp-json\/wp\/v2\/media?parent=11280"}],"curies":[{"name":"wp","href":"https:\/\/api.w.org\/{rel}","templated":true}]}}