{"id":11314,"date":"2024-02-27T23:50:09","date_gmt":"2024-02-27T20:50:09","guid":{"rendered":"https:\/\/cubo.com.tr\/?page_id=11314"},"modified":"2024-02-27T23:51:32","modified_gmt":"2024-02-27T20:51:32","slug":"selulozik-boyalar","status":"publish","type":"page","link":"https:\/\/cubo.com.tr\/en\/selulozik-boyalar\/","title":{"rendered":"Cellulosic Paints"},"content":{"rendered":"<div id=\"fws_69f25bc1138e0\"  data-column-margin=\"default\" data-midnight=\"dark\"  class=\"wpb_row vc_row-fluid vc_row\"  style=\"padding-top: 0px; padding-bottom: 0px; \"><div class=\"row-bg-wrap\" data-bg-animation=\"none\" data-bg-animation-delay=\"\" data-bg-overlay=\"false\"><div class=\"inner-wrap row-bg-layer\" ><div class=\"row-bg viewport-desktop\"  style=\"\"><\/div><\/div><\/div><div class=\"row_col_wrap_12 col span_12 dark left\">\n\t<div  class=\"vc_col-sm-12 wpb_column column_container vc_column_container col no-extra-padding inherit_tablet inherit_phone\"  data-padding-pos=\"all\" data-has-bg-color=\"false\" data-bg-color=\"\" data-bg-opacity=\"1\" data-animation=\"\" data-delay=\"0\" >\n\t\t<div class=\"vc_column-inner\" >\n\t\t\t<div class=\"wpb_wrapper\">\n\t\t\t\t<div class=\"nectar-split-heading\" data-align=\"default\" data-m-align=\"inherit\" data-text-effect=\"default\" data-animation-type=\"line-reveal-by-space\" data-animation-delay=\"0\" data-animation-offset=\"\" data-m-rm-animation=\"\" data-stagger=\"\" data-custom-font-size=\"false\" ><h2 >Cellulosic Paints<\/h2><\/div><div class=\"woocommerce columns-4\">\n\t\t\n\t\t\n\t\t\n  <ul class=\"products columns-4\" data-n-lazy=\"off\" data-rm-m-hover=\"off\" data-n-desktop-columns=\"4\" data-n-desktop-small-columns=\"3\" data-n-tablet-columns=\"default\" data-n-phone-columns=\"default\" data-product-style=\"classic\">\n\n\n\n\t\t\t\n\t\t\t\t\n\t<li class=\"classic product type-product post-9287 status-publish first instock product_cat-akrilik-boyalar product_cat-endustriyel-benzer-urunler product_cat-insaat-ve-sanayi-boyalari product_cat-sanayi-boyalari product_cat-selulozik-boyalar has-post-thumbnail shipping-taxable product-type-simple\" >\n\n\n\t\n\n\t\t\t   <div class=\"product-wrap\">\n\t\t\t<a href=\"https:\/\/cubo.com.tr\/en\/selulozik-son-kat-boya\/\" aria-label=\"CELLULOSIC TOP COAT\"><img loading=\"lazy\" decoding=\"async\" width=\"300\" height=\"300\" src=\"https:\/\/cubo.com.tr\/wp-content\/uploads\/2024\/01\/SEL1-SELULOZIK-SON-KAT-BOYA-300x300.png\" class=\"attachment-woocommerce_thumbnail size-woocommerce_thumbnail\" alt=\"\" srcset=\"https:\/\/cubo.com.tr\/wp-content\/uploads\/2024\/01\/SEL1-SELULOZIK-SON-KAT-BOYA-300x300.png 300w, https:\/\/cubo.com.tr\/wp-content\/uploads\/2024\/01\/SEL1-SELULOZIK-SON-KAT-BOYA-1024x1024.png 1024w, https:\/\/cubo.com.tr\/wp-content\/uploads\/2024\/01\/SEL1-SELULOZIK-SON-KAT-BOYA-150x150.png 150w, https:\/\/cubo.com.tr\/wp-content\/uploads\/2024\/01\/SEL1-SELULOZIK-SON-KAT-BOYA-768x768.png 768w, https:\/\/cubo.com.tr\/wp-content\/uploads\/2024\/01\/SEL1-SELULOZIK-SON-KAT-BOYA-140x140.png 140w, https:\/\/cubo.com.tr\/wp-content\/uploads\/2024\/01\/SEL1-SELULOZIK-SON-KAT-BOYA-100x100.png 100w, https:\/\/cubo.com.tr\/wp-content\/uploads\/2024\/01\/SEL1-SELULOZIK-SON-KAT-BOYA-500x500.png 500w, https:\/\/cubo.com.tr\/wp-content\/uploads\/2024\/01\/SEL1-SELULOZIK-SON-KAT-BOYA-350x350.png 350w, https:\/\/cubo.com.tr\/wp-content\/uploads\/2024\/01\/SEL1-SELULOZIK-SON-KAT-BOYA-1000x1000.png 1000w, https:\/\/cubo.com.tr\/wp-content\/uploads\/2024\/01\/SEL1-SELULOZIK-SON-KAT-BOYA-800x800.png 800w, https:\/\/cubo.com.tr\/wp-content\/uploads\/2024\/01\/SEL1-SELULOZIK-SON-KAT-BOYA-600x600.png 600w, https:\/\/cubo.com.tr\/wp-content\/uploads\/2024\/01\/SEL1-SELULOZIK-SON-KAT-BOYA.png 1181w\" sizes=\"auto, (max-width: 300px) 100vw, 300px\" \/><\/a>\n\t\t\t<div class=\"product-add-to-cart\" data-nectar-quickview=\"false\"><a href=\"https:\/\/cubo.com.tr\/en\/selulozik-son-kat-boya\/\" aria-describedby=\"woocommerce_loop_add_to_cart_link_describedby_9287\" data-quantity=\"1\" class=\"button product_type_simple\" data-product_id=\"9287\" data-product_sku=\"\" aria-label=\"Read more about \u201cSEL\u00dcLOZ\u0130K SON KAT BOYA\u201d\" rel=\"nofollow\" data-success_message=\"\" data-no-translation=\"\" data-trp-gettext=\"\" data-no-translation-aria-label=\"\">Read more<\/a><span id=\"woocommerce_loop_add_to_cart_link_describedby_9287\" class=\"screen-reader-text\">\n\t<\/span><\/div>\t\t   <\/div>\n\t\t\t\t\n\t  \n\n\t\t<h2 class=\"woocommerce-loop-product__title\">CELLULOSIC TOP COAT<\/h2>\n\n\t\n\n\t\n<\/li>\n\t\t\t\n\t\t\t\t\n\t<li class=\"classic product type-product post-9290 status-publish instock product_cat-akrilik-boyalar product_cat-insaat-ve-sanayi-boyalari product_cat-sanayi-boyalari product_cat-selulozik-boyalar has-post-thumbnail shipping-taxable product-type-simple\" >\n\n\n\t\n\n\t\t\t   <div class=\"product-wrap\">\n\t\t\t<a href=\"https:\/\/cubo.com.tr\/en\/selulozik-vernik-parlak\/\" aria-label=\"CELLULOSIC GLOSSY VARNISH\"><img loading=\"lazy\" decoding=\"async\" width=\"300\" height=\"300\" src=\"https:\/\/cubo.com.tr\/wp-content\/uploads\/2024\/01\/SEL4-SELULOZIK-PARLAK-VERNIK-1-300x300.png\" class=\"attachment-woocommerce_thumbnail size-woocommerce_thumbnail\" alt=\"\" srcset=\"https:\/\/cubo.com.tr\/wp-content\/uploads\/2024\/01\/SEL4-SELULOZIK-PARLAK-VERNIK-1-300x300.png 300w, https:\/\/cubo.com.tr\/wp-content\/uploads\/2024\/01\/SEL4-SELULOZIK-PARLAK-VERNIK-1-1024x1024.png 1024w, https:\/\/cubo.com.tr\/wp-content\/uploads\/2024\/01\/SEL4-SELULOZIK-PARLAK-VERNIK-1-150x150.png 150w, https:\/\/cubo.com.tr\/wp-content\/uploads\/2024\/01\/SEL4-SELULOZIK-PARLAK-VERNIK-1-768x768.png 768w, https:\/\/cubo.com.tr\/wp-content\/uploads\/2024\/01\/SEL4-SELULOZIK-PARLAK-VERNIK-1-140x140.png 140w, https:\/\/cubo.com.tr\/wp-content\/uploads\/2024\/01\/SEL4-SELULOZIK-PARLAK-VERNIK-1-100x100.png 100w, https:\/\/cubo.com.tr\/wp-content\/uploads\/2024\/01\/SEL4-SELULOZIK-PARLAK-VERNIK-1-500x500.png 500w, https:\/\/cubo.com.tr\/wp-content\/uploads\/2024\/01\/SEL4-SELULOZIK-PARLAK-VERNIK-1-350x350.png 350w, https:\/\/cubo.com.tr\/wp-content\/uploads\/2024\/01\/SEL4-SELULOZIK-PARLAK-VERNIK-1-1000x1000.png 1000w, https:\/\/cubo.com.tr\/wp-content\/uploads\/2024\/01\/SEL4-SELULOZIK-PARLAK-VERNIK-1-800x800.png 800w, https:\/\/cubo.com.tr\/wp-content\/uploads\/2024\/01\/SEL4-SELULOZIK-PARLAK-VERNIK-1-600x600.png 600w, https:\/\/cubo.com.tr\/wp-content\/uploads\/2024\/01\/SEL4-SELULOZIK-PARLAK-VERNIK-1.png 1181w\" sizes=\"auto, (max-width: 300px) 100vw, 300px\" \/><\/a>\n\t\t\t<div class=\"product-add-to-cart\" data-nectar-quickview=\"false\"><a href=\"https:\/\/cubo.com.tr\/en\/selulozik-vernik-parlak\/\" aria-describedby=\"woocommerce_loop_add_to_cart_link_describedby_9290\" data-quantity=\"1\" class=\"button product_type_simple\" data-product_id=\"9290\" data-product_sku=\"\" aria-label=\"Read more about \u201cSEL\u00dcLOZ\u0130K VERN\u0130K PARLAK\u201d\" rel=\"nofollow\" data-success_message=\"\" data-no-translation=\"\" data-trp-gettext=\"\" data-no-translation-aria-label=\"\">Read more<\/a><span id=\"woocommerce_loop_add_to_cart_link_describedby_9290\" class=\"screen-reader-text\">\n\t<\/span><\/div>\t\t   <\/div>\n\t\t\t\t\n\t  \n\n\t\t<h2 class=\"woocommerce-loop-product__title\">CELLULOSIC GLOSSY VARNISH<\/h2>\n\n\t\n\n\t\n<\/li>\n\t\t\t\n\t\t\t\t\n\t<li class=\"classic product type-product post-9288 status-publish instock product_cat-akrilik-boyalar product_cat-insaat-ve-sanayi-boyalari product_cat-sanayi-boyalari product_cat-selulozik-boyalar has-post-thumbnail shipping-taxable product-type-simple\" >\n\n\n\t\n\n\t\t\t   <div class=\"product-wrap\">\n\t\t\t<a href=\"https:\/\/cubo.com.tr\/en\/selulozik-vernik-ipek-mat\/\" aria-label=\"CELLULOSIC SILK MATT VARNISH\"><img loading=\"lazy\" decoding=\"async\" width=\"300\" height=\"300\" src=\"https:\/\/cubo.com.tr\/wp-content\/uploads\/2024\/01\/SEL2-SELULOZIK-IPEK-MAT-VERNIK-1-300x300.png\" class=\"attachment-woocommerce_thumbnail size-woocommerce_thumbnail\" alt=\"\" srcset=\"https:\/\/cubo.com.tr\/wp-content\/uploads\/2024\/01\/SEL2-SELULOZIK-IPEK-MAT-VERNIK-1-300x300.png 300w, https:\/\/cubo.com.tr\/wp-content\/uploads\/2024\/01\/SEL2-SELULOZIK-IPEK-MAT-VERNIK-1-1024x1024.png 1024w, https:\/\/cubo.com.tr\/wp-content\/uploads\/2024\/01\/SEL2-SELULOZIK-IPEK-MAT-VERNIK-1-150x150.png 150w, https:\/\/cubo.com.tr\/wp-content\/uploads\/2024\/01\/SEL2-SELULOZIK-IPEK-MAT-VERNIK-1-768x768.png 768w, https:\/\/cubo.com.tr\/wp-content\/uploads\/2024\/01\/SEL2-SELULOZIK-IPEK-MAT-VERNIK-1-140x140.png 140w, https:\/\/cubo.com.tr\/wp-content\/uploads\/2024\/01\/SEL2-SELULOZIK-IPEK-MAT-VERNIK-1-100x100.png 100w, https:\/\/cubo.com.tr\/wp-content\/uploads\/2024\/01\/SEL2-SELULOZIK-IPEK-MAT-VERNIK-1-500x500.png 500w, https:\/\/cubo.com.tr\/wp-content\/uploads\/2024\/01\/SEL2-SELULOZIK-IPEK-MAT-VERNIK-1-350x350.png 350w, https:\/\/cubo.com.tr\/wp-content\/uploads\/2024\/01\/SEL2-SELULOZIK-IPEK-MAT-VERNIK-1-1000x1000.png 1000w, https:\/\/cubo.com.tr\/wp-content\/uploads\/2024\/01\/SEL2-SELULOZIK-IPEK-MAT-VERNIK-1-800x800.png 800w, https:\/\/cubo.com.tr\/wp-content\/uploads\/2024\/01\/SEL2-SELULOZIK-IPEK-MAT-VERNIK-1-600x600.png 600w, https:\/\/cubo.com.tr\/wp-content\/uploads\/2024\/01\/SEL2-SELULOZIK-IPEK-MAT-VERNIK-1.png 1181w\" sizes=\"auto, (max-width: 300px) 100vw, 300px\" \/><\/a>\n\t\t\t<div class=\"product-add-to-cart\" data-nectar-quickview=\"false\"><a href=\"https:\/\/cubo.com.tr\/en\/selulozik-vernik-ipek-mat\/\" aria-describedby=\"woocommerce_loop_add_to_cart_link_describedby_9288\" data-quantity=\"1\" class=\"button product_type_simple\" data-product_id=\"9288\" data-product_sku=\"\" aria-label=\"Read more about \u201cSEL\u00dcLOZ\u0130K VERN\u0130K \u0130PEK MAT\u201d\" rel=\"nofollow\" data-success_message=\"\" data-no-translation=\"\" data-trp-gettext=\"\" data-no-translation-aria-label=\"\">Read more<\/a><span id=\"woocommerce_loop_add_to_cart_link_describedby_9288\" class=\"screen-reader-text\">\n\t<\/span><\/div>\t\t   <\/div>\n\t\t\t\t\n\t  \n\n\t\t<h2 class=\"woocommerce-loop-product__title\">CELLULOSIC SILK MATT VARNISH<\/h2>\n\n\t\n\n\t\n<\/li>\n\t\t\t\n\t\t\t\t\n\t<li class=\"classic product type-product post-9289 status-publish last instock product_cat-akrilik-boyalar product_cat-insaat-ve-sanayi-boyalari product_cat-sanayi-boyalari product_cat-selulozik-boyalar has-post-thumbnail shipping-taxable product-type-simple\" >\n\n\n\t\n\n\t\t\t   <div class=\"product-wrap\">\n\t\t\t<a href=\"https:\/\/cubo.com.tr\/en\/selulozik-vernik-mat\/\" aria-label=\"CELLULOSIC MATT VARNISH\"><img loading=\"lazy\" decoding=\"async\" width=\"300\" height=\"300\" src=\"https:\/\/cubo.com.tr\/wp-content\/uploads\/2024\/01\/SEL3-SELULOZIK-MAT-VERNIK-300x300.png\" class=\"attachment-woocommerce_thumbnail size-woocommerce_thumbnail\" alt=\"\" srcset=\"https:\/\/cubo.com.tr\/wp-content\/uploads\/2024\/01\/SEL3-SELULOZIK-MAT-VERNIK-300x300.png 300w, https:\/\/cubo.com.tr\/wp-content\/uploads\/2024\/01\/SEL3-SELULOZIK-MAT-VERNIK-1024x1024.png 1024w, https:\/\/cubo.com.tr\/wp-content\/uploads\/2024\/01\/SEL3-SELULOZIK-MAT-VERNIK-150x150.png 150w, https:\/\/cubo.com.tr\/wp-content\/uploads\/2024\/01\/SEL3-SELULOZIK-MAT-VERNIK-768x768.png 768w, https:\/\/cubo.com.tr\/wp-content\/uploads\/2024\/01\/SEL3-SELULOZIK-MAT-VERNIK-140x140.png 140w, https:\/\/cubo.com.tr\/wp-content\/uploads\/2024\/01\/SEL3-SELULOZIK-MAT-VERNIK-100x100.png 100w, https:\/\/cubo.com.tr\/wp-content\/uploads\/2024\/01\/SEL3-SELULOZIK-MAT-VERNIK-500x500.png 500w, https:\/\/cubo.com.tr\/wp-content\/uploads\/2024\/01\/SEL3-SELULOZIK-MAT-VERNIK-350x350.png 350w, https:\/\/cubo.com.tr\/wp-content\/uploads\/2024\/01\/SEL3-SELULOZIK-MAT-VERNIK-1000x1000.png 1000w, https:\/\/cubo.com.tr\/wp-content\/uploads\/2024\/01\/SEL3-SELULOZIK-MAT-VERNIK-800x800.png 800w, https:\/\/cubo.com.tr\/wp-content\/uploads\/2024\/01\/SEL3-SELULOZIK-MAT-VERNIK-600x600.png 600w, https:\/\/cubo.com.tr\/wp-content\/uploads\/2024\/01\/SEL3-SELULOZIK-MAT-VERNIK.png 1181w\" sizes=\"auto, (max-width: 300px) 100vw, 300px\" \/><\/a>\n\t\t\t<div class=\"product-add-to-cart\" data-nectar-quickview=\"false\"><a href=\"https:\/\/cubo.com.tr\/en\/selulozik-vernik-mat\/\" aria-describedby=\"woocommerce_loop_add_to_cart_link_describedby_9289\" data-quantity=\"1\" class=\"button product_type_simple\" data-product_id=\"9289\" data-product_sku=\"\" aria-label=\"Read more about \u201cSEL\u00dcLOZ\u0130K VERN\u0130K MAT\u201d\" rel=\"nofollow\" data-success_message=\"\" data-no-translation=\"\" data-trp-gettext=\"\" data-no-translation-aria-label=\"\">Read more<\/a><span id=\"woocommerce_loop_add_to_cart_link_describedby_9289\" class=\"screen-reader-text\">\n\t<\/span><\/div>\t\t   <\/div>\n\t\t\t\t\n\t  \n\n\t\t<h2 class=\"woocommerce-loop-product__title\">CELLULOSIC MATT VARNISH<\/h2>\n\n\t\n\n\t\n<\/li>\n\t\t\t\n\t\t\t\t\n\t<li class=\"classic product type-product post-9291 status-publish first instock product_cat-akrilik-boyalar product_cat-insaat-ve-sanayi-boyalari product_cat-sanayi-boyalari product_cat-selulozik-boyalar has-post-thumbnail shipping-taxable product-type-simple\" >\n\n\n\t\n\n\t\t\t   <div class=\"product-wrap\">\n\t\t\t<a href=\"https:\/\/cubo.com.tr\/en\/selulozik-dolgu-vernigi\/\" aria-label=\"CELLULOSIC FILLED VARNISH\"><img loading=\"lazy\" decoding=\"async\" width=\"300\" height=\"300\" src=\"https:\/\/cubo.com.tr\/wp-content\/uploads\/2024\/01\/SEL5-SELULOZIK-DOLGU-VERNIGI-300x300.png\" class=\"attachment-woocommerce_thumbnail size-woocommerce_thumbnail\" alt=\"\" srcset=\"https:\/\/cubo.com.tr\/wp-content\/uploads\/2024\/01\/SEL5-SELULOZIK-DOLGU-VERNIGI-300x300.png 300w, https:\/\/cubo.com.tr\/wp-content\/uploads\/2024\/01\/SEL5-SELULOZIK-DOLGU-VERNIGI-1024x1024.png 1024w, https:\/\/cubo.com.tr\/wp-content\/uploads\/2024\/01\/SEL5-SELULOZIK-DOLGU-VERNIGI-150x150.png 150w, https:\/\/cubo.com.tr\/wp-content\/uploads\/2024\/01\/SEL5-SELULOZIK-DOLGU-VERNIGI-768x768.png 768w, https:\/\/cubo.com.tr\/wp-content\/uploads\/2024\/01\/SEL5-SELULOZIK-DOLGU-VERNIGI-140x140.png 140w, https:\/\/cubo.com.tr\/wp-content\/uploads\/2024\/01\/SEL5-SELULOZIK-DOLGU-VERNIGI-100x100.png 100w, https:\/\/cubo.com.tr\/wp-content\/uploads\/2024\/01\/SEL5-SELULOZIK-DOLGU-VERNIGI-500x500.png 500w, https:\/\/cubo.com.tr\/wp-content\/uploads\/2024\/01\/SEL5-SELULOZIK-DOLGU-VERNIGI-350x350.png 350w, https:\/\/cubo.com.tr\/wp-content\/uploads\/2024\/01\/SEL5-SELULOZIK-DOLGU-VERNIGI-1000x1000.png 1000w, https:\/\/cubo.com.tr\/wp-content\/uploads\/2024\/01\/SEL5-SELULOZIK-DOLGU-VERNIGI-800x800.png 800w, https:\/\/cubo.com.tr\/wp-content\/uploads\/2024\/01\/SEL5-SELULOZIK-DOLGU-VERNIGI-600x600.png 600w, https:\/\/cubo.com.tr\/wp-content\/uploads\/2024\/01\/SEL5-SELULOZIK-DOLGU-VERNIGI.png 1181w\" sizes=\"auto, (max-width: 300px) 100vw, 300px\" \/><\/a>\n\t\t\t<div class=\"product-add-to-cart\" data-nectar-quickview=\"false\"><a href=\"https:\/\/cubo.com.tr\/en\/selulozik-dolgu-vernigi\/\" aria-describedby=\"woocommerce_loop_add_to_cart_link_describedby_9291\" data-quantity=\"1\" class=\"button product_type_simple\" data-product_id=\"9291\" data-product_sku=\"\" aria-label=\"Read more about \u201cSEL\u00dcLOZ\u0130K DOLGU VERN\u0130\u011e\u0130\u201d\" rel=\"nofollow\" data-success_message=\"\" data-no-translation=\"\" data-trp-gettext=\"\" data-no-translation-aria-label=\"\">Read more<\/a><span id=\"woocommerce_loop_add_to_cart_link_describedby_9291\" class=\"screen-reader-text\">\n\t<\/span><\/div>\t\t   <\/div>\n\t\t\t\t\n\t  \n\n\t\t<h2 class=\"woocommerce-loop-product__title\">CELLULOSIC FILLED VARNISH<\/h2>\n\n\t\n\n\t\n<\/li>\n\t\t\t\n\t\t\t\t\n\t<li class=\"classic product type-product post-9292 status-publish instock product_cat-akrilik-boyalar product_cat-insaat-ve-sanayi-boyalari product_cat-sanayi-boyalari product_cat-selulozik-boyalar has-post-thumbnail shipping-taxable product-type-simple\" >\n\n\n\t\n\n\t\t\t   <div class=\"product-wrap\">\n\t\t\t<a href=\"https:\/\/cubo.com.tr\/en\/selulozik-astar\/\" aria-label=\"CELLULOSIC PRIMER\"><img loading=\"lazy\" decoding=\"async\" width=\"300\" height=\"300\" src=\"https:\/\/cubo.com.tr\/wp-content\/uploads\/2024\/01\/SEL6-SELULOZIK-ASTAR-300x300.png\" class=\"attachment-woocommerce_thumbnail size-woocommerce_thumbnail\" alt=\"\" srcset=\"https:\/\/cubo.com.tr\/wp-content\/uploads\/2024\/01\/SEL6-SELULOZIK-ASTAR-300x300.png 300w, https:\/\/cubo.com.tr\/wp-content\/uploads\/2024\/01\/SEL6-SELULOZIK-ASTAR-1024x1024.png 1024w, https:\/\/cubo.com.tr\/wp-content\/uploads\/2024\/01\/SEL6-SELULOZIK-ASTAR-150x150.png 150w, https:\/\/cubo.com.tr\/wp-content\/uploads\/2024\/01\/SEL6-SELULOZIK-ASTAR-768x768.png 768w, https:\/\/cubo.com.tr\/wp-content\/uploads\/2024\/01\/SEL6-SELULOZIK-ASTAR-140x140.png 140w, https:\/\/cubo.com.tr\/wp-content\/uploads\/2024\/01\/SEL6-SELULOZIK-ASTAR-100x100.png 100w, https:\/\/cubo.com.tr\/wp-content\/uploads\/2024\/01\/SEL6-SELULOZIK-ASTAR-500x500.png 500w, https:\/\/cubo.com.tr\/wp-content\/uploads\/2024\/01\/SEL6-SELULOZIK-ASTAR-350x350.png 350w, https:\/\/cubo.com.tr\/wp-content\/uploads\/2024\/01\/SEL6-SELULOZIK-ASTAR-1000x1000.png 1000w, https:\/\/cubo.com.tr\/wp-content\/uploads\/2024\/01\/SEL6-SELULOZIK-ASTAR-800x800.png 800w, https:\/\/cubo.com.tr\/wp-content\/uploads\/2024\/01\/SEL6-SELULOZIK-ASTAR-600x600.png 600w, https:\/\/cubo.com.tr\/wp-content\/uploads\/2024\/01\/SEL6-SELULOZIK-ASTAR.png 1181w\" sizes=\"auto, (max-width: 300px) 100vw, 300px\" \/><\/a>\n\t\t\t<div class=\"product-add-to-cart\" data-nectar-quickview=\"false\"><a href=\"https:\/\/cubo.com.tr\/en\/selulozik-astar\/\" aria-describedby=\"woocommerce_loop_add_to_cart_link_describedby_9292\" data-quantity=\"1\" class=\"button product_type_simple\" data-product_id=\"9292\" data-product_sku=\"\" aria-label=\"Read more about \u201cSEL\u00dcLOZ\u0130K ASTAR\u201d\" rel=\"nofollow\" data-success_message=\"\" data-no-translation=\"\" data-trp-gettext=\"\" data-no-translation-aria-label=\"\">Read more<\/a><span id=\"woocommerce_loop_add_to_cart_link_describedby_9292\" class=\"screen-reader-text\">\n\t<\/span><\/div>\t\t   <\/div>\n\t\t\t\t\n\t  \n\n\t\t<h2 class=\"woocommerce-loop-product__title\">CELLULOSIC PRIMER<\/h2>\n\n\t\n\n\t\n<\/li>\n\t\t\t\n\t\t<\/ul>\n\n\t\t\n\t<\/div>\n\t\t\t<\/div> \n\t\t<\/div>\n\t<\/div> \n<\/div><\/div>","protected":false},"excerpt":{"rendered":"","protected":false},"author":1,"featured_media":0,"parent":0,"menu_order":0,"comment_status":"closed","ping_status":"closed","template":"","meta":{"inline_featured_image":false,"footnotes":"","_links_to":"","_links_to_target":""},"class_list":["post-11314","page","type-page","status-publish"],"_links":{"self":[{"href":"https:\/\/cubo.com.tr\/en\/wp-json\/wp\/v2\/pages\/11314","targetHints":{"allow":["GET"]}}],"collection":[{"href":"https:\/\/cubo.com.tr\/en\/wp-json\/wp\/v2\/pages"}],"about":[{"href":"https:\/\/cubo.com.tr\/en\/wp-json\/wp\/v2\/types\/page"}],"author":[{"embeddable":true,"href":"https:\/\/cubo.com.tr\/en\/wp-json\/wp\/v2\/users\/1"}],"replies":[{"embeddable":true,"href":"https:\/\/cubo.com.tr\/en\/wp-json\/wp\/v2\/comments?post=11314"}],"version-history":[{"count":3,"href":"https:\/\/cubo.com.tr\/en\/wp-json\/wp\/v2\/pages\/11314\/revisions"}],"predecessor-version":[{"id":11317,"href":"https:\/\/cubo.com.tr\/en\/wp-json\/wp\/v2\/pages\/11314\/revisions\/11317"}],"wp:attachment":[{"href":"https:\/\/cubo.com.tr\/en\/wp-json\/wp\/v2\/media?parent=11314"}],"curies":[{"name":"wp","href":"https:\/\/api.w.org\/{rel}","templated":true}]}}