{"id":11332,"date":"2024-02-28T16:05:17","date_gmt":"2024-02-28T13:05:17","guid":{"rendered":"https:\/\/cubo.com.tr\/?page_id=11332"},"modified":"2024-03-05T13:48:18","modified_gmt":"2024-03-05T10:48:18","slug":"nereden-alabilirim","status":"publish","type":"page","link":"https:\/\/cubo.com.tr\/en\/nereden-alabilirim\/","title":{"rendered":"Where can i buy it?"},"content":{"rendered":"<div id=\"fws_69fb693dd6190\"  data-column-margin=\"default\" data-midnight=\"dark\"  class=\"wpb_row vc_row-fluid vc_row\"  style=\"padding-top: 0px; padding-bottom: 0px; \"><div class=\"row-bg-wrap\" data-bg-animation=\"none\" data-bg-animation-delay=\"\" data-bg-overlay=\"false\"><div class=\"inner-wrap row-bg-layer\" ><div class=\"row-bg viewport-desktop\"  style=\"\"><\/div><\/div><\/div><div class=\"row_col_wrap_12 col span_12 dark left\">\n\t<div  class=\"vc_col-sm-12 wpb_column column_container vc_column_container col no-extra-padding inherit_tablet inherit_phone\"  data-padding-pos=\"all\" data-has-bg-color=\"false\" data-bg-color=\"\" data-bg-opacity=\"1\" data-animation=\"\" data-delay=\"0\" >\n\t\t<div class=\"vc_column-inner\" >\n\t\t\t<div class=\"wpb_wrapper\">\n\t\t\t\t<div class=\"nectar-split-heading\" data-align=\"default\" data-m-align=\"inherit\" data-text-effect=\"default\" data-animation-type=\"line-reveal-by-space\" data-animation-delay=\"0\" data-animation-offset=\"\" data-m-rm-animation=\"\" data-stagger=\"\" data-custom-font-size=\"false\" ><h2 >Where can i buy it?<\/h2><\/div>\n<div class=\"wpb_text_column wpb_content_element\" >\n\t<div class=\"wpb_wrapper\">\n\t\t    <script>\n        var ajaxurl = 'https:\/\/cubo.com.tr\/wp-admin\/admin-ajax.php';\n    <\/script>\n    <style>\n        .bayi-container {\n            min-height: 600px;\n        }\n\n        .bayi-eklentisi-form select {\n            \/*-webkit-appearance: none;*\/\n            padding: 7px 40px 7px 12px;\n            margin: 0 10px;\n            width: 50%;\n            border: 1px solid #e8eaed;\n            border-radius: 5px;\n            background: #fff;\n            box-shadow: 0 1px 3px -2px #9098a9;\n            cursor: pointer;\n            font-family: inherit;\n            font-size: 16px;\n            transition: all 150ms ease;\n        }\n\n        .bayi-eklentisi-form {\n            display: flex;\n            width: 100%;\n            margin: 10px 0;\n        }\n\n        #bayi-listesi {\n            display: grid;\n            grid-template-columns: repeat(auto-fit, minmax(50%, 1fr));\n        }\n\t\t\n\t\t@media (max-width: 1200px) {\n\t\t\t#bayi-listesi {\n\t\t\t\tgrid-template-columns: repeat(auto-fit, minmax(0, 100%));\n\t\t\t}\n\t\t}\n\n\n        .bayi {\n            display: block;\n            width: 100%;\n\t\t\tword-wrap: break-word;\n        }\n\t\t\n\t\t.bayi * {\n\t\t\tword-wrap: break-word;\n\t\t}\n\n        .bayi-bilgiler {\n            margin: 10px;\n            padding: 10px;\n            border: 1px solid black;\n        }\n\t\t\n\t\t.bayi-bilgiler p {\n\t\t\tpadding-bottom: 7px !important;\n\t\t}\n\t\t\n\t\t.bayi-isim {\n\t\t\tword-wrap: break-word;\n\t\t\tfont-size: 25px;\n\t\t\tline-height:40px;\n\t\t}\n\n        .kutu-container {\n            display: flex;\n            flex-wrap: wrap;\n        }\n\n        .kutu {\n            border: 1px solid black;\n            margin: 5px;\n            padding: 10px;\n      \n            cursor: pointer;\n        }\n\n        .cesit-aktif {\n            border: 2px solid #E20613\n        }\n    <\/style>\n\n    <div class=\"bayi-container\">\n        <div class=\"kutu-container\">\n                            <div class=\"kutu cesit-aktif\" data-id=\"4\">Construction and Industrial Paints<\/div>\n                            <div class=\"kutu\" data-id=\"5\">Effect Paints and Coatings<\/div>\n                            <div class=\"kutu\" data-id=\"6\">Construction Chemicals<\/div>\n                            <div class=\"kutu\" data-id=\"7\">Heat Insulation and Waterproofing<\/div>\n                    <\/div>\n        <div class=\"bayi-eklentisi-form\">\n            <select name=\"il\" id=\"il\" onchange=\"ilceleri_listele()\">\n                <option value=\"-1\">Please select province<\/option>\n            <\/select>\n            <select name=\"ilce\" id=\"ilce\" onchange=\"BayiKontrol()\">\n                <option value=\"-1\">Please select district<\/option>\n            <\/select>\n        <\/div>\n        <div id=\"bayi-listesi\">\n        <\/div>\n    <\/div>\n\n\n\t<\/div>\n<\/div>\n\n\n\n\n\t\t\t<\/div> \n\t\t<\/div>\n\t<\/div> \n<\/div><\/div>","protected":false},"excerpt":{"rendered":"Nereden Alabilirim? \u0130n\u015faat ve Sanayi Boyalar\u0131 Efekt Boya ve Kaplamalar Yap\u0131 Kimyasallar\u0131 Is\u0131 ve Su Yal\u0131t\u0131m\u0131 \u0130l Se\u00e7iniz \u0130l\u00e7e Se\u00e7iniz","protected":false},"author":1,"featured_media":0,"parent":0,"menu_order":0,"comment_status":"closed","ping_status":"closed","template":"","meta":{"inline_featured_image":false,"footnotes":"","_links_to":"","_links_to_target":""},"class_list":["post-11332","page","type-page","status-publish"],"_links":{"self":[{"href":"https:\/\/cubo.com.tr\/en\/wp-json\/wp\/v2\/pages\/11332","targetHints":{"allow":["GET"]}}],"collection":[{"href":"https:\/\/cubo.com.tr\/en\/wp-json\/wp\/v2\/pages"}],"about":[{"href":"https:\/\/cubo.com.tr\/en\/wp-json\/wp\/v2\/types\/page"}],"author":[{"embeddable":true,"href":"https:\/\/cubo.com.tr\/en\/wp-json\/wp\/v2\/users\/1"}],"replies":[{"embeddable":true,"href":"https:\/\/cubo.com.tr\/en\/wp-json\/wp\/v2\/comments?post=11332"}],"version-history":[{"count":3,"href":"https:\/\/cubo.com.tr\/en\/wp-json\/wp\/v2\/pages\/11332\/revisions"}],"predecessor-version":[{"id":11892,"href":"https:\/\/cubo.com.tr\/en\/wp-json\/wp\/v2\/pages\/11332\/revisions\/11892"}],"wp:attachment":[{"href":"https:\/\/cubo.com.tr\/en\/wp-json\/wp\/v2\/media?parent=11332"}],"curies":[{"name":"wp","href":"https:\/\/api.w.org\/{rel}","templated":true}]}}