{"id":12704,"date":"2024-03-27T15:41:11","date_gmt":"2024-03-27T12:41:11","guid":{"rendered":"https:\/\/cubo.com.tr\/?page_id=12704"},"modified":"2024-03-27T15:43:12","modified_gmt":"2024-03-27T12:43:12","slug":"yakinda","status":"publish","type":"page","link":"https:\/\/cubo.com.tr\/en\/yakinda\/","title":{"rendered":"Yak\u0131nda"},"content":{"rendered":"<div id=\"fws_69f2877015131\"  data-column-margin=\"default\" data-midnight=\"dark\"  class=\"wpb_row vc_row-fluid vc_row\"  style=\"padding-top: 0px; padding-bottom: 0px; \"><div class=\"row-bg-wrap\" data-bg-animation=\"none\" data-bg-animation-delay=\"\" data-bg-overlay=\"false\"><div class=\"inner-wrap row-bg-layer\" ><div class=\"row-bg viewport-desktop\"  style=\"\"><\/div><\/div><\/div><div class=\"row_col_wrap_12 col span_12 dark left\">\n\t<div  class=\"vc_col-sm-12 wpb_column column_container vc_column_container col no-extra-padding inherit_tablet inherit_phone\"  data-padding-pos=\"all\" data-has-bg-color=\"false\" data-bg-color=\"\" data-bg-opacity=\"1\" data-animation=\"\" data-delay=\"0\" >\n\t\t<div class=\"vc_column-inner\" >\n\t\t\t<div class=\"wpb_wrapper\">\n\t\t\t\t<div class=\"divider-wrap\" data-alignment=\"default\"><div style=\"height: 100px;\" class=\"divider\"><\/div><\/div><div class=\"nectar-split-heading  font_size_2vw\" data-align=\"default\" data-m-align=\"inherit\" data-text-effect=\"default\" data-animation-type=\"default\" data-animation-delay=\"0\" data-animation-offset=\"\" data-m-rm-animation=\"\" data-stagger=\"\" data-custom-font-size=\"true\" style=\"font-size: 2vw; line-height: 2.2vw;\"><div class=\"heading-line\" > <div><p style=\"text-align: center\">We are entering a new era in the magical world of colors! We will be here\nwith a change full of innovative and inspiring solutions for each of your\nprojects.<\/p> <\/div> <\/div><div class=\"heading-line\" > <div><p>&nbsp;<\/p> <\/div> <\/div><div class=\"heading-line\" > <div><p style=\"text-align: center\">A Colorful Renewal is Approaching.<\/p> <\/div> <\/div><\/div>\n\t\t\t<\/div> \n\t\t<\/div>\n\t<\/div> \n<\/div><\/div>","protected":false},"excerpt":{"rendered":"Renklerin b\u00fcy\u00fcl\u00fc d\u00fcnyas\u0131nda yeni bir d\u00f6neme giriyoruz! Her bir projeniz i\u00e7in yenilik\u00e7i ve ilham verici \u00e7\u00f6z\u00fcmlerle dolu de\u011fi\u015fim ile kar\u015f\u0131n\u0131zda olaca\u011f\u0131z. &nbsp; Renkli Bir Yenilenme\u00a0Yakla\u015f\u0131yor.","protected":false},"author":1,"featured_media":0,"parent":0,"menu_order":0,"comment_status":"closed","ping_status":"closed","template":"","meta":{"inline_featured_image":false,"footnotes":"","_links_to":"","_links_to_target":""},"class_list":["post-12704","page","type-page","status-publish"],"_links":{"self":[{"href":"https:\/\/cubo.com.tr\/en\/wp-json\/wp\/v2\/pages\/12704","targetHints":{"allow":["GET"]}}],"collection":[{"href":"https:\/\/cubo.com.tr\/en\/wp-json\/wp\/v2\/pages"}],"about":[{"href":"https:\/\/cubo.com.tr\/en\/wp-json\/wp\/v2\/types\/page"}],"author":[{"embeddable":true,"href":"https:\/\/cubo.com.tr\/en\/wp-json\/wp\/v2\/users\/1"}],"replies":[{"embeddable":true,"href":"https:\/\/cubo.com.tr\/en\/wp-json\/wp\/v2\/comments?post=12704"}],"version-history":[{"count":2,"href":"https:\/\/cubo.com.tr\/en\/wp-json\/wp\/v2\/pages\/12704\/revisions"}],"predecessor-version":[{"id":12706,"href":"https:\/\/cubo.com.tr\/en\/wp-json\/wp\/v2\/pages\/12704\/revisions\/12706"}],"wp:attachment":[{"href":"https:\/\/cubo.com.tr\/en\/wp-json\/wp\/v2\/media?parent=12704"}],"curies":[{"name":"wp","href":"https:\/\/api.w.org\/{rel}","templated":true}]}}