{"id":14234,"date":"2024-09-16T16:01:30","date_gmt":"2024-09-16T13:01:30","guid":{"rendered":"https:\/\/cubo.com.tr\/?page_id=14234"},"modified":"2024-09-16T17:35:00","modified_gmt":"2024-09-16T14:35:00","slug":"urun-katalogu","status":"publish","type":"page","link":"https:\/\/cubo.com.tr\/en\/urun-katalogu\/","title":{"rendered":"\u00dcR\u00dcN KATALO\u011eU"},"content":{"rendered":"<div id=\"fws_69e0cdd9206a7\"  data-column-margin=\"default\" data-midnight=\"dark\"  class=\"wpb_row vc_row-fluid vc_row\"  style=\"padding-top: 0px; padding-bottom: 0px; \"><div class=\"row-bg-wrap\" data-bg-animation=\"none\" data-bg-animation-delay=\"\" data-bg-overlay=\"false\"><div class=\"inner-wrap row-bg-layer\" ><div class=\"row-bg viewport-desktop\"  style=\"\"><\/div><\/div><\/div><div class=\"row_col_wrap_12 col span_12 dark left\">\n\t<div  class=\"vc_col-sm-6 wpb_column column_container vc_column_container col no-extra-padding inherit_tablet inherit_phone\"  data-padding-pos=\"all\" data-has-bg-color=\"false\" data-bg-color=\"\" data-bg-opacity=\"1\" data-animation=\"\" data-delay=\"0\" >\n\t\t<div class=\"vc_column-inner\" >\n\t\t\t<div class=\"wpb_wrapper\">\n\t\t\t\t<div class=\"nectar-split-heading  font_size_35px\" data-align=\"center\" data-m-align=\"inherit\" data-text-effect=\"default\" data-animation-type=\"line-reveal-by-space\" data-animation-delay=\"0\" data-animation-offset=\"\" data-m-rm-animation=\"\" data-stagger=\"\" data-custom-font-size=\"true\" style=\"font-size: 35px; line-height: 37.8px;\"><h3 >\u00dcR\u00dcN KATALO\u011eU<\/h3><\/div><div class=\"img-with-aniamtion-wrap center custom-size\" data-max-width=\"100%\" data-max-width-mobile=\"default\" data-shadow=\"none\" data-animation=\"fade-in-from-bottom\" >\n      <div class=\"inner\">\n        <div class=\"hover-wrap\"> \n          <div class=\"hover-wrap-inner\">\n            <a href=\"https:\/\/cubo.com.tr\/wp-content\/uploads\/2024-URUN-KATALOGU.pdf\" target=\"_blank\" class=\"center\">\n              <img loading=\"lazy\" decoding=\"async\" class=\"img-with-animation skip-lazy\" data-delay=\"0\" height=\"300\" width=\"212\" data-animation=\"fade-in-from-bottom\" src=\"https:\/\/cubo.com.tr\/wp-content\/uploads\/Urun-Katalogu-Kapak-TR-212x300.jpg\" alt=\"\" srcset=\"https:\/\/cubo.com.tr\/wp-content\/uploads\/Urun-Katalogu-Kapak-TR-212x300.jpg 212w, https:\/\/cubo.com.tr\/wp-content\/uploads\/Urun-Katalogu-Kapak-TR-724x1024.jpg 724w, https:\/\/cubo.com.tr\/wp-content\/uploads\/Urun-Katalogu-Kapak-TR-768x1086.jpg 768w, https:\/\/cubo.com.tr\/wp-content\/uploads\/Urun-Katalogu-Kapak-TR-1087x1536.jpg 1087w, https:\/\/cubo.com.tr\/wp-content\/uploads\/Urun-Katalogu-Kapak-TR-1449x2048.jpg 1449w, https:\/\/cubo.com.tr\/wp-content\/uploads\/Urun-Katalogu-Kapak-TR-8x12.jpg 8w, https:\/\/cubo.com.tr\/wp-content\/uploads\/Urun-Katalogu-Kapak-TR-600x848.jpg 600w, https:\/\/cubo.com.tr\/wp-content\/uploads\/Urun-Katalogu-Kapak-TR-scaled.jpg 1811w\" sizes=\"auto, (max-width: 212px) 100vw, 212px\" \/>\n            <\/a>\n          <\/div>\n        <\/div>\n      <\/div>\n      <\/div>\n\t\t\t<\/div> \n\t\t<\/div>\n\t<\/div> \n\n\t<div  class=\"vc_col-sm-6 wpb_column column_container vc_column_container col no-extra-padding inherit_tablet inherit_phone\"  data-padding-pos=\"all\" data-has-bg-color=\"false\" data-bg-color=\"\" data-bg-opacity=\"1\" data-animation=\"\" data-delay=\"0\" >\n\t\t<div class=\"vc_column-inner\" >\n\t\t\t<div class=\"wpb_wrapper\">\n\t\t\t\t<div class=\"nectar-split-heading  font_size_34px\" data-align=\"center\" data-m-align=\"inherit\" data-text-effect=\"default\" data-animation-type=\"line-reveal-by-space\" data-animation-delay=\"0\" data-animation-offset=\"\" data-m-rm-animation=\"\" data-stagger=\"\" data-custom-font-size=\"true\" style=\"font-size: 34px; line-height: 36.72px;\"><h3 >PRODUCT CATALOGUE<\/h3><\/div><div class=\"img-with-aniamtion-wrap center custom-size\" data-max-width=\"100%\" data-max-width-mobile=\"default\" data-shadow=\"none\" data-animation=\"fade-in-from-bottom\" >\n      <div class=\"inner\">\n        <div class=\"hover-wrap\"> \n          <div class=\"hover-wrap-inner\">\n            <img loading=\"lazy\" decoding=\"async\" class=\"img-with-animation skip-lazy\" data-delay=\"0\" height=\"300\" width=\"212\" data-animation=\"fade-in-from-bottom\" src=\"https:\/\/cubo.com.tr\/wp-content\/uploads\/KAPAK-PRODUCT-CATALOGUE-212x300.jpg\" alt=\"\" srcset=\"https:\/\/cubo.com.tr\/wp-content\/uploads\/KAPAK-PRODUCT-CATALOGUE-212x300.jpg 212w, https:\/\/cubo.com.tr\/wp-content\/uploads\/KAPAK-PRODUCT-CATALOGUE-724x1024.jpg 724w, https:\/\/cubo.com.tr\/wp-content\/uploads\/KAPAK-PRODUCT-CATALOGUE-768x1086.jpg 768w, https:\/\/cubo.com.tr\/wp-content\/uploads\/KAPAK-PRODUCT-CATALOGUE-1086x1536.jpg 1086w, https:\/\/cubo.com.tr\/wp-content\/uploads\/KAPAK-PRODUCT-CATALOGUE-1448x2048.jpg 1448w, https:\/\/cubo.com.tr\/wp-content\/uploads\/KAPAK-PRODUCT-CATALOGUE-8x12.jpg 8w, https:\/\/cubo.com.tr\/wp-content\/uploads\/KAPAK-PRODUCT-CATALOGUE-600x848.jpg 600w, https:\/\/cubo.com.tr\/wp-content\/uploads\/KAPAK-PRODUCT-CATALOGUE-scaled.jpg 1810w\" sizes=\"auto, (max-width: 212px) 100vw, 212px\" \/>\n          <\/div>\n        <\/div>\n      <\/div>\n    <\/div>\n\t\t\t<\/div> \n\t\t<\/div>\n\t<\/div> \n<\/div><\/div>","protected":false},"excerpt":{"rendered":"\u00dcR\u00dcN KATALO\u011eU PRODUCT CATALOGUE","protected":false},"author":1,"featured_media":0,"parent":0,"menu_order":0,"comment_status":"closed","ping_status":"closed","template":"","meta":{"inline_featured_image":false,"footnotes":"","_links_to":"","_links_to_target":""},"class_list":["post-14234","page","type-page","status-publish"],"_links":{"self":[{"href":"https:\/\/cubo.com.tr\/en\/wp-json\/wp\/v2\/pages\/14234","targetHints":{"allow":["GET"]}}],"collection":[{"href":"https:\/\/cubo.com.tr\/en\/wp-json\/wp\/v2\/pages"}],"about":[{"href":"https:\/\/cubo.com.tr\/en\/wp-json\/wp\/v2\/types\/page"}],"author":[{"embeddable":true,"href":"https:\/\/cubo.com.tr\/en\/wp-json\/wp\/v2\/users\/1"}],"replies":[{"embeddable":true,"href":"https:\/\/cubo.com.tr\/en\/wp-json\/wp\/v2\/comments?post=14234"}],"version-history":[{"count":7,"href":"https:\/\/cubo.com.tr\/en\/wp-json\/wp\/v2\/pages\/14234\/revisions"}],"predecessor-version":[{"id":14246,"href":"https:\/\/cubo.com.tr\/en\/wp-json\/wp\/v2\/pages\/14234\/revisions\/14246"}],"wp:attachment":[{"href":"https:\/\/cubo.com.tr\/en\/wp-json\/wp\/v2\/media?parent=14234"}],"curies":[{"name":"wp","href":"https:\/\/api.w.org\/{rel}","templated":true}]}}