{"id":6278,"date":"2023-12-06T16:08:45","date_gmt":"2023-12-06T13:08:45","guid":{"rendered":"https:\/\/cubo.com.tr\/?page_id=6278"},"modified":"2024-01-23T15:22:12","modified_gmt":"2024-01-23T12:22:12","slug":"sponsorluklar","status":"publish","type":"page","link":"https:\/\/cubo.com.tr\/en\/sponsorluklar\/","title":{"rendered":"Sponsorships"},"content":{"rendered":"<div id=\"fws_69fb693e0d4fb\"  data-column-margin=\"default\" data-midnight=\"dark\"  class=\"wpb_row vc_row-fluid vc_row\"  style=\"padding-top: 0px; padding-bottom: 0px; \"><div class=\"row-bg-wrap\" data-bg-animation=\"none\" data-bg-animation-delay=\"\" data-bg-overlay=\"false\"><div class=\"inner-wrap row-bg-layer\" ><div class=\"row-bg viewport-desktop\"  style=\"\"><\/div><\/div><\/div><div class=\"row_col_wrap_12 col span_12 dark left\">\n\t<div  class=\"vc_col-sm-12 wpb_column column_container vc_column_container col no-extra-padding inherit_tablet inherit_phone\"  data-padding-pos=\"all\" data-has-bg-color=\"false\" data-bg-color=\"\" data-bg-opacity=\"1\" data-animation=\"\" data-delay=\"0\" >\n\t\t<div class=\"vc_column-inner\" >\n\t\t\t<div class=\"wpb_wrapper\">\n\t\t\t\t<div  data-transition=\"fade\" data-overall_style=\"classic\" data-flexible-height=\"true\" data-animate-in-effect=\"fade-in\" data-fullscreen=\"true\" data-button-sizing=\"regular\" data-button-styling=\"btn_with_count\" data-autorotate=\"5000\" data-parallax=\"false\" data-parallax-disable-mobile=\"\" data-caption-trans=\"fade_in_from_bottom\" data-parallax-style=\"bg_only\" data-bg-animation=\"none\" data-full-width=\"true\" class=\"nectar-slider-wrap\" id=\"nectar-slider-instance-1\"><div class=\"swiper-container\"  data-tho=\"auto\" data-tco=\"auto\" data-pho=\"auto\" data-pco=\"auto\" data-loop=\"true\" data-height=\"650\" data-min-height=\"\" data-arrows=\"true\" data-bullets=\"true\" data-bullet_style=\"see_through\" data-bullet_position=\"bottom\" data-desktop-swipe=\"false\" data-settings=\"\"> <div class=\"swiper-wrapper\"><div class=\"swiper-slide\" data-desktop-content-width=\"auto\" data-tablet-content-width=\"auto\" data-bg-alignment=\"bottom\" data-color-scheme=\"light\" data-x-pos=\"left\" data-y-pos=\"middle\" ><div class=\"slide-bg-wrap\"><div class=\"image-bg\" style=\"background-image: url(https:\/\/cubo.com.tr\/wp-content\/uploads\/2023\/12\/antalyakultursanat.jpg);\"> &nbsp; <\/div><\/div><div class=\"container\">\n\t\t\t\t\t\t<div class=\"content\"><h2 class=\"ns-heading-el\"><b>Antalya K\u00fclt\u00fcr Sanat<\/b><\/h2><\/div>\n\t\t\t\t\t\t\t\t<\/div><!--\/container--><div class=\"video-texture\"> <span class=\"ie-fix\"><\/span> <\/div><\/div> <!--\/swiper-slide--><div class=\"swiper-slide\" data-desktop-content-width=\"auto\" data-tablet-content-width=\"auto\" data-bg-alignment=\"bottom\" data-color-scheme=\"light\" data-x-pos=\"left\" data-y-pos=\"middle\" ><div class=\"slide-bg-wrap\"><div class=\"image-bg\" style=\"background-image: url(https:\/\/cubo.com.tr\/wp-content\/uploads\/2023\/12\/antalyaspor.jpg);\"> &nbsp; <\/div><\/div><div class=\"container\">\n\t\t\t\t\t\t<div class=\"content\"><h2 class=\"ns-heading-el\"><b>Antalyaspor<\/b><\/h2><\/div>\n\t\t\t\t\t\t\t\t<\/div><!--\/container--><div class=\"video-texture\"> <span class=\"ie-fix\"><\/span> <\/div><\/div> <!--\/swiper-slide--><div class=\"swiper-slide\" data-desktop-content-width=\"auto\" data-tablet-content-width=\"auto\" data-bg-alignment=\"center\" data-color-scheme=\"light\" data-x-pos=\"left\" data-y-pos=\"middle\" ><div class=\"slide-bg-wrap\"><div class=\"image-bg\" style=\"background-image: url(https:\/\/cubo.com.tr\/wp-content\/uploads\/2023\/12\/muse_contemporary.jpg);\"> &nbsp; <\/div><\/div><div class=\"container\">\n\t\t\t\t\t\t<div class=\"content\"><h2 class=\"ns-heading-el\"><b>MUSE CONTEMPORARY<\/b><\/h2><\/div>\n\t\t\t\t\t\t\t\t<\/div><!--\/container--><div class=\"video-texture\"> <span class=\"ie-fix\"><\/span> <\/div><\/div> <!--\/swiper-slide--><\/div><a href=\"#\" aria-label=\"Previous\" class=\"slider-prev\"><i class=\"icon-salient-left-arrow\"><\/i> <div class=\"slide-count\"> <span class=\"slide-current\">1<\/span> <i class=\"icon-salient-right-line\"><\/i> <span class=\"slide-total\"><\/span> <\/div> <\/a>\n\t\t\t\t\t\t<a href=\"#\" aria-label=\"Next\" class=\"slider-next\"><i class=\"icon-salient-right-arrow\"><\/i> <div class=\"slide-count\"> <span class=\"slide-current\">1<\/span> <i class=\"icon-salient-right-line\"><\/i> <span class=\"slide-total\"><\/span> <\/div> <\/a><div class=\"container normal-container slider-pagination-wrap\"><div class=\"slider-pagination\"><\/div><\/div><div class=\"nectar-slider-loading\"> <span class=\"loading-icon none\">   <\/span> <\/div> <\/div> \n\t\t\t\t\t\n\t\t\t\t\t<\/div>\n\t\t\t<\/div> \n\t\t<\/div>\n\t<\/div> \n<\/div><\/div>\n\t\t<div id=\"fws_69fb693e394f1\"  data-column-margin=\"default\" data-midnight=\"dark\"  class=\"wpb_row vc_row-fluid vc_row\"  style=\"padding-top: 0px; padding-bottom: 0px; \"><div class=\"row-bg-wrap\" data-bg-animation=\"none\" data-bg-animation-delay=\"\" data-bg-overlay=\"false\"><div class=\"inner-wrap row-bg-layer\" ><div class=\"row-bg viewport-desktop\"  style=\"\"><\/div><\/div><\/div><div class=\"row_col_wrap_12 col span_12 dark left\">\n\t<div  class=\"vc_col-sm-12 wpb_column column_container vc_column_container col no-extra-padding inherit_tablet inherit_phone\"  data-padding-pos=\"all\" data-has-bg-color=\"false\" data-bg-color=\"\" data-bg-opacity=\"1\" data-animation=\"\" data-delay=\"0\" >\n\t\t<div class=\"vc_column-inner\" >\n\t\t\t<div class=\"wpb_wrapper\">\n\t\t\t\t\n<div class=\"wpb_text_column wpb_content_element\" >\n\t<div class=\"wpb_wrapper\">\n\t\t<h3><\/h3>\n<p>&nbsp;<\/p>\n<h3><strong>ANTALYA K\u00dcLT\u00dcR SANAT<\/strong><\/h3>\n<p>Cubo, Sanata Renk Kat\u0131yor!<\/p>\n<p>Sanat\u0131 ve k\u00fclt\u00fcr\u00fc desteklemekten b\u00fcy\u00fck bir gurur duyuyoruz. Sponsor oldu\u011fumuz Antalya K\u00fclt\u00fcr Sanat, yarat\u0131c\u0131l\u0131\u011f\u0131n, esteti\u011fin ve sanatsal ifadenin bulu\u015fma noktas\u0131d\u0131r. Burada, sanatseverlerle bulu\u015farak onlara ilham veren bir ortam yaratmay\u0131 ama\u00e7l\u0131yoruz.<\/p>\n<p>Bu k\u00fclt\u00fcr sanat merkezi, sanat\u0131n farkl\u0131 disiplinlerini bir araya getirerek sadece renkleri de\u011fil, ayn\u0131 zamanda d\u00fc\u015f\u00fcnceleri, duygular\u0131 ve hikayeleri de payla\u015fan bir topluluk olu\u015fturuyor. Cubo olarak, bu benzersiz mekan\u0131n bir par\u00e7as\u0131 olmaktan dolay\u0131 b\u00fcy\u00fck bir mutluluk duyuyoruz.<\/p>\n<h3><\/h3>\n<p>&nbsp;<\/p>\n<h3>\n<strong>ANTALYASPOR<\/strong><\/h3>\n<p>Futbolun Renkli Co\u015fkusu!<\/p>\n<p>Cubo, sporun heyecan\u0131n\u0131 ve birle\u015ftirici g\u00fcc\u00fcn\u00fc kutlamak i\u00e7in gururla Antalyaspor tak\u0131m\u0131n\u0131n resmi sponsoru olarak yer ald\u0131. Bu heyecan verici ortakl\u0131k, sadece bir futbol tak\u0131m\u0131na de\u011fil, ayn\u0131 zamanda futbolun ruhunu ve tutkusunu payla\u015fan bir toplulu\u011fa destek verme f\u0131rsat\u0131n\u0131 simgeledi.<\/p>\n<p>Antalyaspor, ba\u015far\u0131lar\u0131yla ve sahadaki tutkular\u0131yla tan\u0131nan, \u015fampiyonluk yolunda ilerleyen bir g\u00fc\u00e7. Cubo olarak, bu enerji dolu tak\u0131m\u0131n renklerine olan ba\u011fl\u0131l\u0131\u011f\u0131m\u0131z\u0131 ve tutkumuzu gururla payla\u015ft\u0131k. Bu i\u015fbirli\u011fi, sadece futbolun sahadaki zaferlerini de\u011fil, ayn\u0131 zamanda toplumumuzdaki sporun birle\u015ftirici g\u00fcc\u00fcn\u00fc kutlamak i\u00e7in bir f\u0131rsat sundu.<\/p>\n<p>&nbsp;<\/p>\n<h3><strong>MUSE CONTEMPORARY<\/strong><\/h3>\n<p>Sanat\u0131n Renkli D\u00fcnyas\u0131<\/p>\n<p>Cubo, sanat\u0131n g\u00fcc\u00fc ve ifade \u00f6zg\u00fcrl\u00fc\u011f\u00fcne olan inanc\u0131n\u0131 Muse Contemporary ile birle\u015ftiriyor. Bu heyecan verici i\u015fbirli\u011fi, sanat\u0131n ve renklerin s\u0131n\u0131rlar\u0131 zorlayarak, k\u00fclt\u00fcrler aras\u0131 bir diyalog yaratma amac\u0131n\u0131 ta\u015f\u0131yor. Cubo olarak, sanat\u0131n evrenselli\u011fi ve yarat\u0131c\u0131l\u0131\u011f\u0131n \u00f6nemi konusundaki inanc\u0131m\u0131z\u0131 Muse Contemporary ile payla\u015fmaktan gurur duyuyoruz.<\/p>\n<p>Muse Contemporary, sanat d\u00fcnyas\u0131nda bir ge\u00e7it olu\u015fturarak sanat\u00e7\u0131lar, galeriler ve k\u00fclt\u00fcr kurumlar\u0131 aras\u0131nda i\u015fbirli\u011fini kolayla\u015ft\u0131r\u0131yor. Cubo olarak, bu misyonun par\u00e7as\u0131 olmaktan dolay\u0131 b\u00fcy\u00fck bir memnuniyet duyuyor ve sanat\u0131n evrensel dilindeki bu \u00f6nemli yolculukta Muse Contemporary ile birlikte ilerliyoruz. Sanat, renkler ve yarat\u0131c\u0131l\u0131kla dolu bu ortakl\u0131k, k\u00fclt\u00fcrleri bir araya getirme ve d\u00fcnya \u00e7ap\u0131nda sanat\u0131n g\u00fczelliklerini payla\u015fma hedefimizi\u00a0yans\u0131t\u0131yor.<\/p>\n\t<\/div>\n<\/div>\n\n\n\n\n\t\t\t<\/div> \n\t\t<\/div>\n\t<\/div> \n<\/div><\/div>","protected":false},"excerpt":{"rendered":"","protected":false},"author":1,"featured_media":0,"parent":0,"menu_order":0,"comment_status":"closed","ping_status":"closed","template":"","meta":{"inline_featured_image":false,"footnotes":"","_links_to":"","_links_to_target":""},"class_list":["post-6278","page","type-page","status-publish"],"_links":{"self":[{"href":"https:\/\/cubo.com.tr\/en\/wp-json\/wp\/v2\/pages\/6278","targetHints":{"allow":["GET"]}}],"collection":[{"href":"https:\/\/cubo.com.tr\/en\/wp-json\/wp\/v2\/pages"}],"about":[{"href":"https:\/\/cubo.com.tr\/en\/wp-json\/wp\/v2\/types\/page"}],"author":[{"embeddable":true,"href":"https:\/\/cubo.com.tr\/en\/wp-json\/wp\/v2\/users\/1"}],"replies":[{"embeddable":true,"href":"https:\/\/cubo.com.tr\/en\/wp-json\/wp\/v2\/comments?post=6278"}],"version-history":[{"count":7,"href":"https:\/\/cubo.com.tr\/en\/wp-json\/wp\/v2\/pages\/6278\/revisions"}],"predecessor-version":[{"id":8279,"href":"https:\/\/cubo.com.tr\/en\/wp-json\/wp\/v2\/pages\/6278\/revisions\/8279"}],"wp:attachment":[{"href":"https:\/\/cubo.com.tr\/en\/wp-json\/wp\/v2\/media?parent=6278"}],"curies":[{"name":"wp","href":"https:\/\/api.w.org\/{rel}","templated":true}]}}