{"id":6539,"date":"2023-12-13T13:53:45","date_gmt":"2023-12-13T10:53:45","guid":{"rendered":"https:\/\/cubo.com.tr\/?page_id=6539"},"modified":"2024-02-02T01:18:02","modified_gmt":"2024-02-01T22:18:02","slug":"ilyada","status":"publish","type":"page","link":"https:\/\/cubo.com.tr\/en\/ilyada\/","title":{"rendered":"\u0130lyada"},"content":{"rendered":"<div id=\"fws_69f5489c11500\"  data-column-margin=\"default\" data-midnight=\"dark\"  class=\"wpb_row vc_row-fluid vc_row full-width-section\"  style=\"padding-top: 0px; padding-bottom: 0px; \"><div class=\"row-bg-wrap\" data-bg-animation=\"none\" data-bg-animation-delay=\"\" data-bg-overlay=\"false\"><div class=\"inner-wrap row-bg-layer\" ><div class=\"row-bg viewport-desktop\"  style=\"\"><\/div><\/div><\/div><div class=\"row_col_wrap_12 col span_12 dark left\">\n\t<div  class=\"vc_col-sm-12 wpb_column column_container vc_column_container col no-extra-padding inherit_tablet inherit_phone\"  data-padding-pos=\"all\" data-has-bg-color=\"false\" data-bg-color=\"\" data-bg-opacity=\"1\" data-animation=\"\" data-delay=\"0\" >\n\t\t<div class=\"vc_column-inner\" >\n\t\t\t<div class=\"wpb_wrapper\">\n\t\t\t\t\t\t\t<rs-module-wrap id=\"rev_slider_error_1_wrapper\">\n\t\t\t\t<rs-module id=\"rev_slider_error_1\">\n\t\t\t\t\t<div class=\"rs_error_message_box\">\n\t\t\t\t\t\t<div class=\"rs_error_message_oops\">There is nothing to show here!<\/div>\n\t\t\t\t\t\t<div class=\"rs_error_message_content\">Slider with alias art-gallery1 not found.<\/div>\n\t\t\t\t\t<\/div>\n\t\t\t\t<\/rs-module>\n\t\t\t<\/rs-module-wrap>\n\t\t\t<script>\n\t\t\t\tvar rs_eslider = document.getElementById(\"rev_slider_error_1\");\n\t\t\t\trs_eslider.style.display = \"none\";\n\t\t\t\tconsole.log(\"Slider with alias art-gallery1 not found.\");\n\t\t\t<\/script>\n\n\t\t\t<\/div> \n\t\t<\/div>\n\t<\/div> \n<\/div><\/div>\n\t\t<div id=\"fws_69f5489c1259f\"  data-column-margin=\"default\" data-midnight=\"dark\"  class=\"wpb_row vc_row-fluid vc_row\"  style=\"padding-top: 0px; padding-bottom: 0px; \"><div class=\"row-bg-wrap\" data-bg-animation=\"none\" data-bg-animation-delay=\"\" data-bg-overlay=\"false\"><div class=\"inner-wrap row-bg-layer\" ><div class=\"row-bg viewport-desktop\"  style=\"\"><\/div><\/div><\/div><div class=\"row_col_wrap_12 col span_12 dark left\">\n\t<div  class=\"vc_col-sm-12 wpb_column column_container vc_column_container col no-extra-padding inherit_tablet inherit_phone\"  data-padding-pos=\"all\" data-has-bg-color=\"false\" data-bg-color=\"\" data-bg-opacity=\"1\" data-animation=\"\" data-delay=\"0\" >\n\t\t<div class=\"vc_column-inner\" >\n\t\t\t<div class=\"wpb_wrapper\">\n\t\t\t\t<div class=\"divider-wrap\" data-alignment=\"default\"><div style=\"height: 200px;\" class=\"divider\"><\/div><\/div><div class=\"nectar-split-heading\" data-align=\"center\" data-m-align=\"inherit\" data-text-effect=\"default\" data-animation-type=\"line-reveal-by-space\" data-animation-delay=\"0\" data-animation-offset=\"\" data-m-rm-animation=\"\" data-stagger=\"\" data-custom-font-size=\"false\" ><h2 >Sophisticated and Calm Colour<\/h2><\/div><div class=\"divider-wrap\" data-alignment=\"default\"><div style=\"height: 200px;\" class=\"divider\"><\/div><\/div><div id=\"fws_69f5489c12f8c\" data-midnight=\"\" data-column-margin=\"default\" class=\"wpb_row vc_row-fluid vc_row inner_row  left_padding_50px\"  style=\"\"><div class=\"row-bg-wrap\"> <div class=\"row-bg\" ><\/div> <\/div><div class=\"row_col_wrap_12_inner col span_12  left\">\n\t<div  class=\"vc_col-sm-12 wpb_column column_container vc_column_container col child_column no-extra-padding inherit_tablet inherit_phone\"   data-padding-pos=\"all\" data-has-bg-color=\"false\" data-bg-color=\"\" data-bg-opacity=\"1\" data-animation=\"\" data-delay=\"0\" >\n\t\t<div class=\"vc_column-inner\" >\n\t\t<div class=\"wpb_wrapper\">\n\t\t\t<div class=\"nectar-split-heading\" data-align=\"default\" data-m-align=\"inherit\" data-text-effect=\"default\" data-animation-type=\"line-reveal-by-space\" data-animation-delay=\"0\" data-animation-offset=\"\" data-m-rm-animation=\"\" data-stagger=\"\" data-custom-font-size=\"false\" ><h3 >Benzer Renkler<\/h3><\/div><div class=\"nectar-split-heading\" data-align=\"default\" data-m-align=\"inherit\" data-text-effect=\"default\" data-animation-type=\"line-reveal-by-space\" data-animation-delay=\"0\" data-animation-offset=\"\" data-m-rm-animation=\"\" data-stagger=\"\" data-custom-font-size=\"false\" ><p >\u0130stedi\u011finiz tonu yakalaman\u0131z i\u00e7in benzer renklere g\u00f6z at\u0131n<\/p><\/div><div class=\"woocommerce columns-3\">\n\t\t\n\t\t\t\t\t<div class=\"nectar-woo-flickity\" data-wrap=\"wrap\" data-drag-scale=\"\" data-animation=\"none\" data-group-columns=\"default\" data-overflow=\"hidden\" data-mobile-col-width=\"100%\" data-autorotate=\"\" data-autorotate-speed=\"5000\" data-item-shadow=\"\" data-controls=\"bottom-pagination\">\n\n\t\t\n\t\t\n  <ul class=\"products columns-3\" data-n-lazy=\"off\" data-rm-m-hover=\"off\" data-n-desktop-columns=\"4\" data-n-desktop-small-columns=\"3\" data-n-tablet-columns=\"default\" data-n-phone-columns=\"default\" data-product-style=\"classic\">\n\n\n\n\t\t\t\n\t\t\t\t\n\t<li class=\"classic product type-product post-9687 status-publish first instock product_cat-canli-renkler product_cat-ic-cephe-renkler product_cat-soguk-renkler product_cat-yesil has-post-thumbnail shipping-taxable product-type-simple\" >\n\n\n\t\n\n\t\t\t   <div class=\"product-wrap\">\n\t\t\t<a href=\"https:\/\/cubo.com.tr\/en\/doruk\/\" aria-label=\"Doruk\"><img loading=\"lazy\" decoding=\"async\" width=\"300\" height=\"300\" src=\"https:\/\/cubo.com.tr\/wp-content\/uploads\/2024\/01\/52_doruk_c6007_kova-300x300.png\" class=\"attachment-woocommerce_thumbnail size-woocommerce_thumbnail\" alt=\"\" srcset=\"https:\/\/cubo.com.tr\/wp-content\/uploads\/2024\/01\/52_doruk_c6007_kova-300x300.png 300w, https:\/\/cubo.com.tr\/wp-content\/uploads\/2024\/01\/52_doruk_c6007_kova-150x150.png 150w, https:\/\/cubo.com.tr\/wp-content\/uploads\/2024\/01\/52_doruk_c6007_kova-140x140.png 140w, https:\/\/cubo.com.tr\/wp-content\/uploads\/2024\/01\/52_doruk_c6007_kova-100x100.png 100w, https:\/\/cubo.com.tr\/wp-content\/uploads\/2024\/01\/52_doruk_c6007_kova-500x500.png 500w, https:\/\/cubo.com.tr\/wp-content\/uploads\/2024\/01\/52_doruk_c6007_kova-350x350.png 350w\" sizes=\"auto, (max-width: 300px) 100vw, 300px\" \/><\/a>\n\t\t\t<div class=\"product-add-to-cart\" data-nectar-quickview=\"false\"><a href=\"https:\/\/cubo.com.tr\/en\/doruk\/\" aria-describedby=\"woocommerce_loop_add_to_cart_link_describedby_9687\" data-quantity=\"1\" class=\"button product_type_simple\" data-product_id=\"9687\" data-product_sku=\"\" aria-label=\"Read more about \u201cDoruk\u201d\" rel=\"nofollow\" data-success_message=\"\" data-no-translation=\"\" data-trp-gettext=\"\" data-no-translation-aria-label=\"\">Read more<\/a><span id=\"woocommerce_loop_add_to_cart_link_describedby_9687\" class=\"screen-reader-text\">\n\t<\/span><\/div>\t\t   <\/div>\n\t\t\t\t\n\t  \n\n\t\t<h2 class=\"woocommerce-loop-product__title\">Doruk<\/h2>\n\n\t\n\n\t\n<\/li>\n\t\t\t\n\t\t\t\t\n\t<li class=\"classic product type-product post-9686 status-publish instock product_cat-canli-renkler product_cat-ic-cephe-renkler product_cat-soguk-renkler product_cat-yesil has-post-thumbnail shipping-taxable product-type-simple\" >\n\n\n\t\n\n\t\t\t   <div class=\"product-wrap\">\n\t\t\t<a href=\"https:\/\/cubo.com.tr\/en\/ilayda\/\" aria-label=\"\u0130lyada\"><img loading=\"lazy\" decoding=\"async\" width=\"300\" height=\"300\" src=\"https:\/\/cubo.com.tr\/wp-content\/uploads\/2024\/01\/44_ilyada_c6006_kova-300x300.png\" class=\"attachment-woocommerce_thumbnail size-woocommerce_thumbnail\" alt=\"\" srcset=\"https:\/\/cubo.com.tr\/wp-content\/uploads\/2024\/01\/44_ilyada_c6006_kova-300x300.png 300w, https:\/\/cubo.com.tr\/wp-content\/uploads\/2024\/01\/44_ilyada_c6006_kova-150x150.png 150w, https:\/\/cubo.com.tr\/wp-content\/uploads\/2024\/01\/44_ilyada_c6006_kova-140x140.png 140w, https:\/\/cubo.com.tr\/wp-content\/uploads\/2024\/01\/44_ilyada_c6006_kova-100x100.png 100w, https:\/\/cubo.com.tr\/wp-content\/uploads\/2024\/01\/44_ilyada_c6006_kova-500x500.png 500w, https:\/\/cubo.com.tr\/wp-content\/uploads\/2024\/01\/44_ilyada_c6006_kova-350x350.png 350w\" sizes=\"auto, (max-width: 300px) 100vw, 300px\" \/><\/a>\n\t\t\t<div class=\"product-add-to-cart\" data-nectar-quickview=\"false\"><a href=\"https:\/\/cubo.com.tr\/en\/ilayda\/\" aria-describedby=\"woocommerce_loop_add_to_cart_link_describedby_9686\" data-quantity=\"1\" class=\"button product_type_simple\" data-product_id=\"9686\" data-product_sku=\"\" aria-label=\"Read more about \u201c\u0130lyada\u201d\" rel=\"nofollow\" data-success_message=\"\" data-no-translation=\"\" data-trp-gettext=\"\" data-no-translation-aria-label=\"\">Read more<\/a><span id=\"woocommerce_loop_add_to_cart_link_describedby_9686\" class=\"screen-reader-text\">\n\t<\/span><\/div>\t\t   <\/div>\n\t\t\t\t\n\t  \n\n\t\t<h2 class=\"woocommerce-loop-product__title\">\u0130lyada<\/h2>\n\n\t\n\n\t\n<\/li>\n\t\t\t\n\t\t\t\t\n\t<li class=\"classic product type-product post-9685 status-publish instock product_cat-ic-cephe-renkler product_cat-pastel-renkler product_cat-soguk-renkler product_cat-yesil has-post-thumbnail shipping-taxable product-type-simple\" >\n\n\n\t\n\n\t\t\t   <div class=\"product-wrap\">\n\t\t\t<a href=\"https:\/\/cubo.com.tr\/en\/zambak\/\" aria-label=\"Zambak\"><img loading=\"lazy\" decoding=\"async\" width=\"300\" height=\"300\" src=\"https:\/\/cubo.com.tr\/wp-content\/uploads\/2024\/01\/28_zambak_c5007_kova-300x300.png\" class=\"attachment-woocommerce_thumbnail size-woocommerce_thumbnail\" alt=\"\" srcset=\"https:\/\/cubo.com.tr\/wp-content\/uploads\/2024\/01\/28_zambak_c5007_kova-300x300.png 300w, https:\/\/cubo.com.tr\/wp-content\/uploads\/2024\/01\/28_zambak_c5007_kova-150x150.png 150w, https:\/\/cubo.com.tr\/wp-content\/uploads\/2024\/01\/28_zambak_c5007_kova-140x140.png 140w, https:\/\/cubo.com.tr\/wp-content\/uploads\/2024\/01\/28_zambak_c5007_kova-100x100.png 100w, https:\/\/cubo.com.tr\/wp-content\/uploads\/2024\/01\/28_zambak_c5007_kova-500x500.png 500w, https:\/\/cubo.com.tr\/wp-content\/uploads\/2024\/01\/28_zambak_c5007_kova-350x350.png 350w\" sizes=\"auto, (max-width: 300px) 100vw, 300px\" \/><\/a>\n\t\t\t<div class=\"product-add-to-cart\" data-nectar-quickview=\"false\"><a href=\"https:\/\/cubo.com.tr\/en\/zambak\/\" aria-describedby=\"woocommerce_loop_add_to_cart_link_describedby_9685\" data-quantity=\"1\" class=\"button product_type_simple\" data-product_id=\"9685\" data-product_sku=\"\" aria-label=\"Read more about \u201cZambak\u201d\" rel=\"nofollow\" data-success_message=\"\" data-no-translation=\"\" data-trp-gettext=\"\" data-no-translation-aria-label=\"\">Read more<\/a><span id=\"woocommerce_loop_add_to_cart_link_describedby_9685\" class=\"screen-reader-text\">\n\t<\/span><\/div>\t\t   <\/div>\n\t\t\t\t\n\t  \n\n\t\t<h2 class=\"woocommerce-loop-product__title\">Zambak<\/h2>\n\n\t\n\n\t\n<\/li>\n\t\t\t\n\t\t\t\t\n\t<li class=\"classic product type-product post-9684 status-publish last instock product_cat-canli-renkler product_cat-ic-cephe-renkler product_cat-sicak-renkler product_cat-yesil has-post-thumbnail shipping-taxable product-type-simple\" >\n\n\n\t\n\n\t\t\t   <div class=\"product-wrap\">\n\t\t\t<a href=\"https:\/\/cubo.com.tr\/en\/buz-beyazi\/\" aria-label=\"Buz Beyaz\u0131\"><img loading=\"lazy\" decoding=\"async\" width=\"300\" height=\"300\" src=\"https:\/\/cubo.com.tr\/wp-content\/uploads\/2024\/01\/23_buzbeyazi_c6001_kova-300x300.png\" class=\"attachment-woocommerce_thumbnail size-woocommerce_thumbnail\" alt=\"\" srcset=\"https:\/\/cubo.com.tr\/wp-content\/uploads\/2024\/01\/23_buzbeyazi_c6001_kova-300x300.png 300w, https:\/\/cubo.com.tr\/wp-content\/uploads\/2024\/01\/23_buzbeyazi_c6001_kova-150x150.png 150w, https:\/\/cubo.com.tr\/wp-content\/uploads\/2024\/01\/23_buzbeyazi_c6001_kova-140x140.png 140w, https:\/\/cubo.com.tr\/wp-content\/uploads\/2024\/01\/23_buzbeyazi_c6001_kova-100x100.png 100w, https:\/\/cubo.com.tr\/wp-content\/uploads\/2024\/01\/23_buzbeyazi_c6001_kova-500x500.png 500w, https:\/\/cubo.com.tr\/wp-content\/uploads\/2024\/01\/23_buzbeyazi_c6001_kova-350x350.png 350w\" sizes=\"auto, (max-width: 300px) 100vw, 300px\" \/><\/a>\n\t\t\t<div class=\"product-add-to-cart\" data-nectar-quickview=\"false\"><a href=\"https:\/\/cubo.com.tr\/en\/buz-beyazi\/\" aria-describedby=\"woocommerce_loop_add_to_cart_link_describedby_9684\" data-quantity=\"1\" class=\"button product_type_simple\" data-product_id=\"9684\" data-product_sku=\"\" aria-label=\"Read more about \u201cBuz Beyaz\u0131\u201d\" rel=\"nofollow\" data-success_message=\"\" data-no-translation=\"\" data-trp-gettext=\"\" data-no-translation-aria-label=\"\">Read more<\/a><span id=\"woocommerce_loop_add_to_cart_link_describedby_9684\" class=\"screen-reader-text\">\n\t<\/span><\/div>\t\t   <\/div>\n\t\t\t\t\n\t  \n\n\t\t<h2 class=\"woocommerce-loop-product__title\">Buz Beyaz\u0131<\/h2>\n\n\t\n\n\t\n<\/li>\n\t\t\t\n\t\t\t\t\n\t<li class=\"classic product type-product post-9683 status-publish first instock product_cat-ic-cephe-renkler product_cat-pastel-renkler product_cat-sicak-renkler product_cat-yesil has-post-thumbnail shipping-taxable product-type-simple\" >\n\n\n\t\n\n\t\t\t   <div class=\"product-wrap\">\n\t\t\t<a href=\"https:\/\/cubo.com.tr\/en\/cigdem\/\" aria-label=\"\u00c7i\u011fdem\"><img loading=\"lazy\" decoding=\"async\" width=\"300\" height=\"300\" src=\"https:\/\/cubo.com.tr\/wp-content\/uploads\/2024\/01\/14_cigdem_c5009_kova-300x300.png\" class=\"attachment-woocommerce_thumbnail size-woocommerce_thumbnail\" alt=\"\" srcset=\"https:\/\/cubo.com.tr\/wp-content\/uploads\/2024\/01\/14_cigdem_c5009_kova-300x300.png 300w, https:\/\/cubo.com.tr\/wp-content\/uploads\/2024\/01\/14_cigdem_c5009_kova-150x150.png 150w, https:\/\/cubo.com.tr\/wp-content\/uploads\/2024\/01\/14_cigdem_c5009_kova-140x140.png 140w, https:\/\/cubo.com.tr\/wp-content\/uploads\/2024\/01\/14_cigdem_c5009_kova-100x100.png 100w, https:\/\/cubo.com.tr\/wp-content\/uploads\/2024\/01\/14_cigdem_c5009_kova-500x500.png 500w, https:\/\/cubo.com.tr\/wp-content\/uploads\/2024\/01\/14_cigdem_c5009_kova-350x350.png 350w\" sizes=\"auto, (max-width: 300px) 100vw, 300px\" \/><\/a>\n\t\t\t<div class=\"product-add-to-cart\" data-nectar-quickview=\"false\"><a href=\"https:\/\/cubo.com.tr\/en\/cigdem\/\" aria-describedby=\"woocommerce_loop_add_to_cart_link_describedby_9683\" data-quantity=\"1\" class=\"button product_type_simple\" data-product_id=\"9683\" data-product_sku=\"\" aria-label=\"Read more about \u201c\u00c7i\u011fdem\u201d\" rel=\"nofollow\" data-success_message=\"\" data-no-translation=\"\" data-trp-gettext=\"\" data-no-translation-aria-label=\"\">Read more<\/a><span id=\"woocommerce_loop_add_to_cart_link_describedby_9683\" class=\"screen-reader-text\">\n\t<\/span><\/div>\t\t   <\/div>\n\t\t\t\t\n\t  \n\n\t\t<h2 class=\"woocommerce-loop-product__title\">\u00c7i\u011fdem<\/h2>\n\n\t\n\n\t\n<\/li>\n\t\t\t\n\t\t\t\t\n\t<li class=\"classic product type-product post-9682 status-publish instock product_cat-ic-cephe-renkler product_cat-pastel-renkler product_cat-sicak-renkler product_cat-yesil has-post-thumbnail shipping-taxable product-type-simple\" >\n\n\n\t\n\n\t\t\t   <div class=\"product-wrap\">\n\t\t\t<a href=\"https:\/\/cubo.com.tr\/en\/esinti\/\" aria-label=\"Esinti\"><img loading=\"lazy\" decoding=\"async\" width=\"300\" height=\"300\" src=\"https:\/\/cubo.com.tr\/wp-content\/uploads\/2023\/12\/esinti_c6005_kova-300x300.png\" class=\"attachment-woocommerce_thumbnail size-woocommerce_thumbnail\" alt=\"\" srcset=\"https:\/\/cubo.com.tr\/wp-content\/uploads\/2023\/12\/esinti_c6005_kova-300x300.png 300w, https:\/\/cubo.com.tr\/wp-content\/uploads\/2023\/12\/esinti_c6005_kova-150x150.png 150w, https:\/\/cubo.com.tr\/wp-content\/uploads\/2023\/12\/esinti_c6005_kova-140x140.png 140w, https:\/\/cubo.com.tr\/wp-content\/uploads\/2023\/12\/esinti_c6005_kova-100x100.png 100w, https:\/\/cubo.com.tr\/wp-content\/uploads\/2023\/12\/esinti_c6005_kova-500x500.png 500w, https:\/\/cubo.com.tr\/wp-content\/uploads\/2023\/12\/esinti_c6005_kova-350x350.png 350w\" sizes=\"auto, (max-width: 300px) 100vw, 300px\" \/><\/a>\n\t\t\t<div class=\"product-add-to-cart\" data-nectar-quickview=\"false\"><a href=\"https:\/\/cubo.com.tr\/en\/esinti\/\" aria-describedby=\"woocommerce_loop_add_to_cart_link_describedby_9682\" data-quantity=\"1\" class=\"button product_type_simple\" data-product_id=\"9682\" data-product_sku=\"\" aria-label=\"Read more about \u201cEsinti\u201d\" rel=\"nofollow\" data-success_message=\"\" data-no-translation=\"\" data-trp-gettext=\"\" data-no-translation-aria-label=\"\">Read more<\/a><span id=\"woocommerce_loop_add_to_cart_link_describedby_9682\" class=\"screen-reader-text\">\n\t<\/span><\/div>\t\t   <\/div>\n\t\t\t\t\n\t  \n\n\t\t<h2 class=\"woocommerce-loop-product__title\">Esinti<\/h2>\n\n\t\n\n\t\n<\/li>\n\t\t\t\n\t\t<\/ul>\n\n\t\t <\/div> \n\t<\/div><div class=\"divider-wrap\" data-alignment=\"default\"><div style=\"height: 150px;\" class=\"divider\"><\/div><\/div>\n\t\t<\/div> \n\t<\/div>\n\t<\/div> \n<\/div><\/div>\n\t\t\t<\/div> \n\t\t<\/div>\n\t<\/div> \n<\/div><\/div>\n\t\t<div id=\"fws_69f5489c19dc5\"  data-column-margin=\"default\" data-midnight=\"dark\"  class=\"wpb_row vc_row-fluid vc_row full-width-content vc_row-o-equal-height vc_row-flex vc_row-o-content-top\"  style=\"padding-top: 0px; padding-bottom: 0px; \"><div class=\"row-bg-wrap\" data-bg-animation=\"none\" data-bg-animation-delay=\"\" data-bg-overlay=\"false\"><div class=\"inner-wrap row-bg-layer\" ><div class=\"row-bg viewport-desktop\"  style=\"\"><\/div><\/div><\/div><div class=\"row_col_wrap_12 col span_12 dark left\">\n\t<div  class=\"vc_col-sm-12 wpb_column column_container vc_column_container col no-extra-padding inherit_tablet inherit_phone\"  data-padding-pos=\"all\" data-has-bg-color=\"false\" data-bg-color=\"\" data-bg-opacity=\"1\" data-animation=\"\" data-delay=\"0\" >\n\t\t<div class=\"vc_column-inner\" >\n\t\t\t<div class=\"wpb_wrapper\">\n\t\t\t\t\n\t\t\t<\/div> \n\t\t<\/div>\n\t<\/div> \n<\/div><\/div>","protected":false},"excerpt":{"rendered":"","protected":false},"author":1,"featured_media":0,"parent":0,"menu_order":0,"comment_status":"closed","ping_status":"closed","template":"","meta":{"inline_featured_image":false,"footnotes":"","_links_to":"","_links_to_target":""},"class_list":["post-6539","page","type-page","status-publish"],"_links":{"self":[{"href":"https:\/\/cubo.com.tr\/en\/wp-json\/wp\/v2\/pages\/6539","targetHints":{"allow":["GET"]}}],"collection":[{"href":"https:\/\/cubo.com.tr\/en\/wp-json\/wp\/v2\/pages"}],"about":[{"href":"https:\/\/cubo.com.tr\/en\/wp-json\/wp\/v2\/types\/page"}],"author":[{"embeddable":true,"href":"https:\/\/cubo.com.tr\/en\/wp-json\/wp\/v2\/users\/1"}],"replies":[{"embeddable":true,"href":"https:\/\/cubo.com.tr\/en\/wp-json\/wp\/v2\/comments?post=6539"}],"version-history":[{"count":22,"href":"https:\/\/cubo.com.tr\/en\/wp-json\/wp\/v2\/pages\/6539\/revisions"}],"predecessor-version":[{"id":9909,"href":"https:\/\/cubo.com.tr\/en\/wp-json\/wp\/v2\/pages\/6539\/revisions\/9909"}],"wp:attachment":[{"href":"https:\/\/cubo.com.tr\/en\/wp-json\/wp\/v2\/media?parent=6539"}],"curies":[{"name":"wp","href":"https:\/\/api.w.org\/{rel}","templated":true}]}}