{"id":8130,"date":"2024-01-22T13:25:59","date_gmt":"2024-01-22T10:25:59","guid":{"rendered":"https:\/\/cubo.com.tr\/?page_id=8130"},"modified":"2024-01-23T01:59:09","modified_gmt":"2024-01-22T22:59:09","slug":"gizlilik-politikasi","status":"publish","type":"page","link":"https:\/\/cubo.com.tr\/en\/gizlilik-politikasi\/","title":{"rendered":"Privacy Policy"},"content":{"rendered":"<div id=\"fws_69fb692e229a0\"  data-column-margin=\"default\" data-midnight=\"dark\"  class=\"wpb_row vc_row-fluid vc_row\"  style=\"padding-top: 0px; padding-bottom: 0px; \"><div class=\"row-bg-wrap\" data-bg-animation=\"none\" data-bg-animation-delay=\"\" data-bg-overlay=\"false\"><div class=\"inner-wrap row-bg-layer\" ><div class=\"row-bg viewport-desktop\"  style=\"\"><\/div><\/div><\/div><div class=\"row_col_wrap_12 col span_12 dark left\">\n\t<div  class=\"vc_col-sm-12 wpb_column column_container vc_column_container col no-extra-padding inherit_tablet inherit_phone\"  data-padding-pos=\"all\" data-has-bg-color=\"false\" data-bg-color=\"\" data-bg-opacity=\"1\" data-animation=\"\" data-delay=\"0\" >\n\t\t<div class=\"vc_column-inner\" >\n\t\t\t<div class=\"wpb_wrapper\">\n\t\t\t\t\n<div class=\"wpb_text_column wpb_content_element\" >\n\t<div class=\"wpb_wrapper\">\n\t\t<h3><\/h3>\n<h3><strong>Gizlilik ve Kullan\u0131m Ko\u015fullar\u0131<\/strong><\/h3>\n<p>&nbsp;<\/p>\n<p>Kullan\u0131c\u0131lar\u0131n http:\/\/www.cubo.com.tr adresindeki web sitemize (&#8220;Sitemiz&#8221;) ili\u015fkin olarak a\u015fa\u011f\u0131da belirtilen Kullan\u0131m Ko\u015fullar\u0131 benimsenmi\u015ftir. Bu internet sitesine girmeniz veya bu internet sitesindeki herhangi bir bilgiyi kullanman\u0131z a\u015fa\u011f\u0131daki ko\u015fullar\u0131 kabul etti\u011finiz anlam\u0131na gelir.<\/p>\n<p>BA\u015eERG\u00dcN BOYA VE K\u0130MYA \u0130N\u015eAAT SANAY\u0130 ve T\u0130CARET A.\u015e. kullan\u0131c\u0131lar\u0131 taraf\u0131ndan sunulan ki\u015fisel verileri yasal zorunluluklar (\u00f6rne\u011fin bir mahkeme karar\u0131 ile talep edilmesi hali) d\u0131\u015f\u0131nda a\u00e7\u0131klamaz, \u00fc\u00e7\u00fcnc\u00fc ki\u015filere satmaz, kiralamaz ve\/veya hi\u00e7bir \u015fekilde kulland\u0131rmaz. Detayl\u0131 bilgi i\u00e7in <a href=\"https:\/\/cubo.com.tr\/en\/kvkk\/\"><u>Ki\u015fisel Verilerin Korunmas\u0131 ve Ayd\u0131nlatma Metnini<\/u><\/a> inceleyebilirsiniz.<\/p>\n<p>Bilgilere sadece yetkili BA\u015eERG\u00dcN BOYA VE K\u0130MYA \u0130N\u015eAAT SANAY\u0130 ve T\u0130CARET A.\u015e. \u015eirket personeli ve bilgileri gizli tutmay\u0131 kabul etmi\u015f olan temsilcilerimiz eri\u015febilirler. Ancak BA\u015eERG\u00dcN BOYA VE K\u0130MYA \u0130N\u015eAAT SANAY\u0130 ve T\u0130CARET A.\u015e. \u015eirketi kusuru olmaks\u0131z\u0131n bu bilgilere \u00fc\u00e7\u00fcnc\u00fc ki\u015filerin eri\u015fimi nedeniyle do\u011facak zararlardan BA\u015eERG\u00dcN BOYA VE K\u0130MYA \u0130N\u015eAAT SANAY\u0130 ve T\u0130CARET A.\u015e.\u00a0 sorumlu olmaz.<\/p>\n<p>BA\u015eERG\u00dcN BOYA VE K\u0130MYA \u0130N\u015eAAT SANAY\u0130 ve T\u0130CARET A.\u015e. sitesindeki ba\u011flant\u0131lar arac\u0131l\u0131\u011f\u0131yla kullan\u0131c\u0131lar\u0131n gidece\u011fi di\u011fer sitelerin, BA\u015eERG\u00dcN BOYA VE K\u0130MYA \u0130N\u015eAAT SANAY\u0130 ve T\u0130CARET A.\u015e. &#8216;nin Kullan\u0131m Ko\u015fullar\u0131na uyaca\u011f\u0131n\u0131 garanti etmez.<\/p>\n<p>Sitemizin di\u011fer internet-web sitelerine ba\u011flant\u0131 verdi\u011fi hallerde t\u00fcm kullan\u0131m ve i\u015flemler i\u00e7in o sitelere ait kullan\u0131m \u015fartlar\u0131 ge\u00e7erlidir. Sitemizden reklam, banner, i\u00e7erik g\u00f6rmek veya ba\u015fka herhangi bir ama\u00e7 ile ula\u015f\u0131lan di\u011fer web sitelerinden bilgi kullan\u0131mlar\u0131, keza sitelerin etik ilkeleri, gizlilik-g\u00fcvenlik prensipleri, servis kalitesi ve di\u011fer uygulamalar\u0131 sebebi ile olu\u015fabilecek ihtilaf, maddi-manevi zarar ve kay\u0131plardan BA\u015eERG\u00dcN BOYA VE K\u0130MYA \u0130N\u015eAAT SANAY\u0130 ve T\u0130CARET A.\u015e. sorumlu de\u011fildir.<\/p>\n<p>Sitemizden do\u011frudan veya dolayl\u0131 olarak kullan\u0131lan \u00f6\u011feler dahil Sitemiz \u00fczerinden sa\u011flanan bilgiler ve i\u00e7erikle ilgili olarak a\u00e7\u0131k\u00e7a veya dolayl\u0131 olarak garanti vermeyiz; hi\u00e7bir taahh\u00fctte veya beyanda bulunmay\u0131z. Siteye g\u00f6nderilen yorum ve bilgilerin g\u00fcvenilmesi gereken tavsiye niteli\u011finde olmas\u0131 ama\u00e7lanmamaktad\u0131r. Sitedeki yanl\u0131\u015flardan veya kusurlardan dolay\u0131 sorumluluk kabul etmeyiz ve Sitede yer alan bilgi ve g\u00f6r\u00fc\u015fler temelindeki kararlar sadece kullan\u0131c\u0131 sorumlulu\u011fundad\u0131r.<\/p>\n<p>Sitemizde yer alan her t\u00fcrl\u00fc bilgi, i\u00e7erik ile bunlar\u0131n d\u00fczenlenmesi ve k\u0131smen\/tamamen kullan\u0131m\u0131 konusunda (BA\u015eERG\u00dcN BOYA VE K\u0130MYA \u0130N\u015eAAT SANAY\u0130 ve T\u0130CARET A.\u015e. ile anla\u015fmas\u0131na g\u00f6re \u00fc\u00e7\u00fcnc\u00fc \u015fah\u0131slara ait olanlar hari\u00e7) t\u00fcm fikri-s\u0131nai haklar ve m\u00fclkiyet haklar\u0131 BA\u015eERG\u00dcN BOYA VE K\u0130MYA \u0130N\u015eAAT SANAY\u0130 ve T\u0130CARET A.\u015e. Ye aittir. \u0130nternet sitesinde bulunan hi\u00e7bir materyal; \u00f6nceden izin al\u0131nmadan ve kaynak g\u00f6sterilmeden, kod ve yaz\u0131l\u0131m da dahil olmak \u00fczere, de\u011fi\u015ftirilemez, kopyalanamaz, \u00e7o\u011falt\u0131lamaz, ba\u015fka bir lisana \u00e7evrilemez, yeniden yay\u0131mlanamaz, ba\u015fka bir bilgisayara y\u00fcklenemez, postalanamaz, iletilemez, sunulamaz ya da da\u011f\u0131t\u0131lamaz. \u0130nternet sitesinin b\u00fct\u00fcn\u00fc veya bir k\u0131sm\u0131 ba\u015fka bir internet sitesinde izinsiz olarak kullan\u0131lamaz. Aksine hareketler hukuki ve cezai sorumlulu\u011fu gerektirir. BA\u015eERG\u00dcN BOYA VE K\u0130MYA \u0130N\u015eAAT SANAY\u0130 ve T\u0130CARET A.\u015e.\u2019nin burada a\u00e7\u0131k\u00e7a belirtilmeyen di\u011fer t\u00fcm haklar\u0131 sakl\u0131d\u0131r.<\/p>\n<p>Kullan\u0131c\u0131lar\u0131n \u00fcyelik sistemine dahil olmas\u0131 durumunda BA\u015eERG\u00dcN BOYA VE K\u0130MYA \u0130N\u015eAAT SANAY\u0130 ve T\u0130CARET A.\u015e.\u00a0 taraf\u0131ndan kendilerine verilen kullan\u0131c\u0131 ad\u0131 veya kay\u0131tl\u0131 e-posta adresiyle yapaca\u011f\u0131 her t\u00fcrl\u00fc i\u015flemden bizzat kendisinin sorumlu oldu\u011funu ve BA\u015eERG\u00dcN BOYA VE K\u0130MYA \u0130N\u015eAAT SANAY\u0130 ve T\u0130CARET A.\u015e.\u2019de olu\u015fturulmu\u015f her bir kullan\u0131c\u0131 ad\u0131 i\u00e7in yaln\u0131zca bir adet e-posta tan\u0131mlanabilece\u011fini, tan\u0131mlanan e-posta adresinin de\u011fi\u015ftirilemeyece\u011fini, yeni bir e-posta adresinin ancak \u201cSitemiz\u201d \u00fczerinde yeni bir kullan\u0131c\u0131 olu\u015fturulmas\u0131 halinde tan\u0131mlan\u0131labilece\u011fini kabul ederler.<\/p>\n<p>\u00dcyelik sistemi kullan\u0131lmas\u0131 durumunda \u015fifre sadece ilgili kullan\u0131c\u0131n\u0131n bilgisi dahilindedir. Kullan\u0131c\u0131 \u015fifresi unutuldu\u011fu takdirde BA\u015eERG\u00dcN BOYA VE K\u0130MYA \u0130N\u015eAAT SANAY\u0130 ve T\u0130CARET A.\u015e., talep \u00fczerine kullan\u0131c\u0131n\u0131n kay\u0131tl\u0131 e-posta adresine yeni \u015fifre olu\u015fturabilmek i\u00e7in bir ba\u011flant\u0131 g\u00f6nderecektir. \u015eifrenin belirlenmesi ve korunmas\u0131 tamam\u0131yla kullan\u0131c\u0131n\u0131n kendi sorumlulu\u011fundad\u0131r ve BA\u015eERG\u00dcN BOYA VE K\u0130MYA \u0130N\u015eAAT SANAY\u0130 ve T\u0130CARET A.\u015e. \u015fifre kullan\u0131m\u0131ndan do\u011facak sorunlardan ve\/veya olu\u015fabilecek zararlardan sorumlu de\u011fildir.<\/p>\n<p>BA\u015eERG\u00dcN BOYA VE K\u0130MYA \u0130N\u015eAAT SANAY\u0130 ve T\u0130CARET A.\u015e. herhangi bir zamanda sistemin \u00e7al\u0131\u015fmas\u0131n\u0131 ge\u00e7ici bir s\u00fcre ask\u0131ya alabilir veya tamamen durdurabilir. Bu nedenle BA\u015eERG\u00dcN BOYA VE K\u0130MYA \u0130N\u015eAAT SANAY\u0130 ve T\u0130CARET A.\u015e.\u2019nin kullan\u0131c\u0131lar\u0131na veya \u00fc\u00e7\u00fcnc\u00fc ki\u015filere kar\u015f\u0131 hi\u00e7bir sorumlulu\u011fu olmayacakt\u0131r.<\/p>\n<p>BA\u015eERG\u00dcN BOYA VE K\u0130MYA \u0130N\u015eAAT SANAY\u0130 ve T\u0130CARET A.\u015e. kullan\u0131c\u0131lar\u0131n sistemden yararlanmalar\u0131 s\u0131ras\u0131nda ortamda bulunduracaklar\u0131 dosyalar\u0131n, mesajlar\u0131n baz\u0131lar\u0131n\u0131 veya tamam\u0131n\u0131 uygun g\u00f6rece\u011fi periyotlarla yedekleme ve silme yetkisine sahiptir. Yedekleme ve silme i\u015flemlerinden dolay\u0131 BA\u015eERG\u00dcN BOYA VE K\u0130MYA \u0130N\u015eAAT SANAY\u0130 ve T\u0130CARET A.\u015e.\u00a0 Sorumlu tutulmayacakt\u0131r.<\/p>\n<p>BA\u015eERG\u00dcN BOYA VE K\u0130MYA \u0130N\u015eAAT SANAY\u0130 ve T\u0130CARET A.\u015e., ileride do\u011facak teknik zaruretler ve mevzuata uyum amac\u0131yla i\u015fbu Kullan\u0131m Ko\u015fullar\u0131n\u0131n uygulamas\u0131nda de\u011fi\u015fiklikler yapabilir, mevcut maddelerini de\u011fi\u015ftirebilir veya yeni maddeler ilave edebilir. Yapt\u0131\u011f\u0131m\u0131z de\u011fi\u015fikliklerden haberdar olabilmeniz i\u00e7in bu Gizlilik ve Kullan\u0131m \u015eartlar\u0131n\u0131 d\u00fczenli olarak kontrol ediniz. Sitemizi kullanmaya devam ediyorsan\u0131z bu de\u011fi\u015fiklikleri kabul etti\u011finiz varsay\u0131lacakt\u0131r. Bu de\u011fi\u015fiklikleri kabul etmiyorsan\u0131z Sitemizi kullanmamal\u0131s\u0131n\u0131z.<\/p>\n<p>BA\u015eERG\u00dcN BOYA VE K\u0130MYA \u0130N\u015eAAT SANAY\u0130 ve T\u0130CARET A.\u015e. i\u015fbu her t\u00fcr hizmet, \u00fcr\u00fcn, kampanya, vs. bilgiler ve Sitemizi kullanma\/\u00fcyelik ko\u015fullar\u0131n\u0131 \u00f6nceden bir ihtara gerek olmaks\u0131z\u0131n de\u011fi\u015ftirme, i\u00e7eri\u011fini yeniden d\u00fczenleme, yay\u0131n\u0131 durdurma ve\/veya duraklatma hakk\u0131n\u0131 sakl\u0131 tutar. De\u011fi\u015fiklikler, Sitemiz \u2019de yay\u0131nlanmas\u0131yla y\u00fcr\u00fcrl\u00fc\u011fe girerler. Sitemizin kullan\u0131m\u0131 ya da Sitemize ile bu de\u011fi\u015fiklikler de kabul edilmi\u015f say\u0131l\u0131r. Bu ko\u015fullar link verilen di\u011fer web sayfalar\u0131\/uygulamalar i\u00e7in de ge\u00e7erlidir. BA\u015eERG\u00dcN BOYA VE K\u0130MYA \u0130N\u015eAAT SANAY\u0130 ve T\u0130CARET A.\u015e. s\u00f6zle\u015fmenin ihlali, haks\u0131z fiil, ihmal veya di\u011fer sebepler neticesinde; i\u015flemin kesintiye u\u011framas\u0131, hata, ihmal, kesinti, silinme, kay\u0131p, i\u015flemin veya ileti\u015fimin gecikmesi, bilgisayar vir\u00fcs\u00fc, ileti\u015fim hatas\u0131, h\u0131rs\u0131zl\u0131k, imha veya izinsiz olarak kay\u0131tlara girilmesi, de\u011fi\u015ftirilmesi veya kullan\u0131lmas\u0131 hususunda ve durumunda herhangi bir sorumluluk kabul etmez.<\/p>\n<p>Sitemizin b\u00f6cek ve\/veya vir\u00fcs i\u00e7ermedi\u011fine dair garanti vermeyiz ve beyan veya taahh\u00fctte bulunmay\u0131z ve uygun vir\u00fcs kontrol yaz\u0131l\u0131m\u0131n\u0131n kurulmas\u0131n\u0131 sa\u011flamaktan kullan\u0131c\u0131 sorumludur. Kullan\u0131c\u0131, Sitemiz\u2019deki, y\u00fcklenmeye (download) ve\/veya payla\u015f\u0131ma m\u00fcsait dosya, bilgi ve belgelerin, vir\u00fcslerden, wormlardan, truva atlar\u0131ndan, dialer programlar\u0131ndan spam, spyware veya bunlar gibi di\u011fer her t\u00fcrl\u00fc k\u00f6t\u00fc ve zarar verme ama\u00e7l\u0131 kodlardan veya materyallerden ar\u0131nd\u0131r\u0131lamam\u0131\u015f olabilece\u011fini ve bu hususlarda Sitemizin garanti vermedi\u011fini kabul etmektedir. Bu tip k\u00f6t\u00fc ve zarar verme ama\u00e7l\u0131 programlar\u0131n, kodlar\u0131n veya materyallerin \u00f6nlenmesi, veri giri\u015f- \u00e7\u0131k\u0131\u015flar\u0131n\u0131n do\u011frulu\u011fu veya herhangi bir kay\u0131p verinin geri kazan\u0131lmas\u0131 i\u00e7in gereken t\u00fcm yaz\u0131l\u0131m ve donan\u0131m ihtiya\u00e7lar\u0131n\u0131 kar\u015f\u0131lamak, bak\u0131m ve g\u00fcncellemelerini yapmak tamamen kullan\u0131c\u0131n\u0131n sorumlulu\u011fundad\u0131r.<\/p>\n<p>Bu t\u00fcr k\u00f6t\u00fc ama\u00e7l\u0131 programlar, kodlar veya materyallerin sebep olabilece\u011fi, veri yanl\u0131\u015fl\u0131klar\u0131 veya kay\u0131plar\u0131ndan dolay\u0131 kullan\u0131c\u0131n\u0131n veya \u00fc\u00e7\u00fcnc\u00fc ki\u015filerin u\u011frayabilece\u011fi hi\u00e7bir zarardan BA\u015eERG\u00dcN BOYA VE K\u0130MYA \u0130N\u015eAAT SANAY\u0130 ve T\u0130CARET A.\u015e. sorumlu de\u011fildir.<\/p>\n<p>Sitemizle veya Sitemizin, Sitemize ba\u011flant\u0131 yap\u0131lan web sitelerinin ve g\u00f6nderilen materyallerin kullan\u0131m\u0131yla, kullan\u0131lamamas\u0131yla ya da kullan\u0131m sonu\u00e7lar\u0131yla ba\u011flant\u0131l\u0131 olarak kullan\u0131c\u0131n\u0131n neden oldu\u011fu do\u011frudan, \u00f6zel, dolayl\u0131 ya da tesad\u00fcfi zarar veya ziyanlardan BA\u015eERG\u00dcN BOYA VE K\u0130MYA \u0130N\u015eAAT SANAY\u0130 ve T\u0130CARET A.\u015e. sorumlu tutulamaz.<\/p>\n<p>Ek bilgi almak istedi\u011finiz konularda 0 242 258 16 30 numaral\u0131 telefonumuzdan veya info@cubo.com.tr eposta adresinden BA\u015eERG\u00dcN BOYA VE K\u0130MYA \u0130N\u015eAAT SANAY\u0130 ve T\u0130CARET A.\u015e. Ye dan\u0131\u015fabilirsiniz.<\/p>\n<p>&nbsp;<\/p>\n\t<\/div>\n<\/div>\n\n\n\n\n\t\t\t<\/div> \n\t\t<\/div>\n\t<\/div> \n<\/div><\/div>","protected":false},"excerpt":{"rendered":"Gizlilik ve Kullan\u0131m Ko\u015fullar\u0131 &nbsp; Kullan\u0131c\u0131lar\u0131n http:\/\/www.cubo.com.tr adresindeki web sitemize (\"Sitemiz\") ili\u015fkin olarak a\u015fa\u011f\u0131da belirtilen Kullan\u0131m Ko\u015fullar\u0131 benimsenmi\u015ftir. Bu internet sitesine girmeniz veya bu internet sitesindeki herhangi bir bilgiyi kullanman\u0131z...","protected":false},"author":1,"featured_media":0,"parent":0,"menu_order":0,"comment_status":"closed","ping_status":"closed","template":"","meta":{"inline_featured_image":false,"footnotes":"","_links_to":"","_links_to_target":""},"class_list":["post-8130","page","type-page","status-publish"],"_links":{"self":[{"href":"https:\/\/cubo.com.tr\/en\/wp-json\/wp\/v2\/pages\/8130","targetHints":{"allow":["GET"]}}],"collection":[{"href":"https:\/\/cubo.com.tr\/en\/wp-json\/wp\/v2\/pages"}],"about":[{"href":"https:\/\/cubo.com.tr\/en\/wp-json\/wp\/v2\/types\/page"}],"author":[{"embeddable":true,"href":"https:\/\/cubo.com.tr\/en\/wp-json\/wp\/v2\/users\/1"}],"replies":[{"embeddable":true,"href":"https:\/\/cubo.com.tr\/en\/wp-json\/wp\/v2\/comments?post=8130"}],"version-history":[{"count":5,"href":"https:\/\/cubo.com.tr\/en\/wp-json\/wp\/v2\/pages\/8130\/revisions"}],"predecessor-version":[{"id":8269,"href":"https:\/\/cubo.com.tr\/en\/wp-json\/wp\/v2\/pages\/8130\/revisions\/8269"}],"wp:attachment":[{"href":"https:\/\/cubo.com.tr\/en\/wp-json\/wp\/v2\/media?parent=8130"}],"curies":[{"name":"wp","href":"https:\/\/api.w.org\/{rel}","templated":true}]}}