{"id":8272,"date":"2024-01-23T02:10:18","date_gmt":"2024-01-22T23:10:18","guid":{"rendered":"https:\/\/cubo.com.tr\/?page_id=8272"},"modified":"2024-01-23T02:12:36","modified_gmt":"2024-01-22T23:12:36","slug":"cerez-politikasi","status":"publish","type":"page","link":"https:\/\/cubo.com.tr\/en\/cerez-politikasi\/","title":{"rendered":"\u00c7erez Politikas\u0131"},"content":{"rendered":"<div id=\"fws_69f4ba7a42323\"  data-column-margin=\"default\" data-midnight=\"dark\"  class=\"wpb_row vc_row-fluid vc_row\"  style=\"padding-top: 0px; padding-bottom: 0px; \"><div class=\"row-bg-wrap\" data-bg-animation=\"none\" data-bg-animation-delay=\"\" data-bg-overlay=\"false\"><div class=\"inner-wrap row-bg-layer\" ><div class=\"row-bg viewport-desktop\"  style=\"\"><\/div><\/div><\/div><div class=\"row_col_wrap_12 col span_12 dark left\">\n\t<div  class=\"vc_col-sm-12 wpb_column column_container vc_column_container col no-extra-padding inherit_tablet inherit_phone\"  data-padding-pos=\"all\" data-has-bg-color=\"false\" data-bg-color=\"\" data-bg-opacity=\"1\" data-animation=\"\" data-delay=\"0\" >\n\t\t<div class=\"vc_column-inner\" >\n\t\t\t<div class=\"wpb_wrapper\">\n\t\t\t\t\n<div class=\"wpb_text_column wpb_content_element\" >\n\t<div class=\"wpb_wrapper\">\n\t\t<h3><\/h3>\n<h3>\u00c7EREZ POL\u0130T\u0130KASI<\/h3>\n<p>&nbsp;<\/p>\n<p class=\"is-text-semibold\">www.cubo.com.tr sitesinde \u00e7erez(ler) kullan\u0131lmaktad\u0131r. \u00c7erezler, web sitesi ziyaret\u00e7ilerinin web sitesi kullan\u0131m\u0131n\u0131 analiz etmek amac\u0131yla bilgisayara, tablet ve cep telefonu gibi mobil cihazlara b\u0131rak\u0131lan bir t\u00fcr tan\u0131mlama dosyalar\u0131d\u0131r. Taray\u0131c\u0131n\u0131z\u0131n \u00e7erez ayarlar\u0131na g\u00f6re \u00e7erezleri kabul edebilir veya kabul etmeyebilirsiniz. Herhangi bir internet sitesi tekrar ziyaret edildi\u011finde \u00e7erezler, bilgisayarlar\u0131n tan\u0131nmas\u0131n\u0131 sa\u011flar. E\u011fer \u00e7erezleri devre d\u0131\u015f\u0131 b\u0131rakmak ya da konu ile ilgili daha fazla bilgi almak isterseniz, l\u00fctfen \u00c7erez Politikas\u0131\u2019n\u0131 okuyunuz. Taray\u0131c\u0131n\u0131zdan \u00c7erez ayarlar\u0131n\u0131z\u0131 de\u011fi\u015ftirmedi\u011finiz s\u00fcrece, bu sitedeki \u00e7erez kullan\u0131m\u0131n\u0131 kabul etmi\u015f olaca\u011f\u0131n\u0131z\u0131 \u00f6zellikle belirtmek isteriz.<\/p>\n<p>BA\u015eERG\u00dcN BOYA VE K\u0130MYA \u0130N\u015eAAT SANAY\u0130 ve T\u0130CARET A.\u015e. (www.cubo.com.tr) olarak, web sitemizi ziyaret eden kullan\u0131c\u0131lar\u0131n ki\u015fisel verilerinin gizlili\u011finin sa\u011flanmas\u0131 ve korunmas\u0131 amac\u0131yla gerekli teknik ve idari \u00f6nlemleri al\u0131yoruz. Ki\u015fisel verilerinizi 6698 say\u0131l\u0131 Ki\u015fisel Verilerin Korunmas\u0131 Kanunu ve ilgili mevzuata uygun olarak i\u015fliyor, bu ki\u015fisel verileri gerekli oldu\u011fu s\u00fcre boyunca muhafaza ediyor, bu s\u00fcrenin sonunda siliyor, anonimle\u015ftiriyor veya imha ediyoruz.<\/p>\n<p>www.cubo.com.tr adl\u0131 web sitemizden gerekti\u011fi gibi yararlan\u0131labilmek ve sitemizi geli\u015ftirilebilmek i\u00e7in \u00e7erezler (cookie) kullan\u0131lmaktad\u0131r. Bununla birlikte siz \u00e7erez kullan\u0131lmas\u0131n\u0131 istemiyorsan\u0131z, taray\u0131c\u0131n\u0131z\u0131n ayarlar\u0131ndan \u00e7erezleri silebilir ve\/veya engelleyebilirsiniz. Ancak bu, web sitemizin gerekti\u011fi gibi kullanabilmesini olumsuz etkileyebilecektir. Taray\u0131c\u0131n\u0131zdan \u00e7erez ayarlar\u0131n\u0131z\u0131 de\u011fi\u015ftirmedi\u011finiz s\u00fcrece, web sitemizdeki \u00e7erez kullan\u0131m\u0131n\u0131 kabul etmi\u015f oldu\u011funuzu varsayaca\u011f\u0131z.<\/p>\n<p>Toplanan ki\u015fisel verilerle ilgili Politikam\u0131z\u0131 ve ilkelerimizi\u00a0<a href=\"https:\/\/cubo.com.tr\/en\/gizlilik-politikasi\/\">https:\/\/cubo.com.tr\/gizlilik-politikasi <\/a>adresinde yer alan Ki\u015fisel Verilerin Korunmas\u0131 ve Gizlilik Politikas\u0131\u2019nda okuyabilirsiniz.<\/p>\n<p class=\"is-text-semibold\"><strong>\u00c7erez nedir?<\/strong><\/p>\n<p>\u00c7erezler, ziyaret etti\u011finiz internet siteleri taraf\u0131ndan taray\u0131c\u0131lar arac\u0131l\u0131\u011f\u0131yla cihaz\u0131n\u0131za veya a\u011f sunucusuna depolanan bilgilerin, \u015fifrelerin kaydedildi\u011fi, o internet sitesine tekrar girildi\u011finde bilgilerinizin hat\u0131rlanarak giri\u015f yap\u0131ld\u0131\u011f\u0131 metin dosyas\u0131, kod veya yaz\u0131l\u0131m \u00f6\u011fesidir.<\/p>\n<p class=\"is-text-semibold\">\u00c7erezler nas\u0131l kullan\u0131l\u0131r?<\/p>\n<p>\u0130nternete eri\u015fim sa\u011flayan ara\u00e7lara (bilgisayar, tablet, telefon vd.) y\u00fcklenen \u00e7erezler veya elde edilen bilgiler a\u015fa\u011f\u0131da yaz\u0131l\u0131 ama\u00e7larla toplanmaktad\u0131r:<\/p>\n<ul>\n<li>istatistiksel analizleri yap\u0131labilmek,<\/li>\n<li>web sitesi g\u00fcvenlik \u00f6nlemlerini g\u00fcncelleyebilmek,<\/li>\n<li>web sitesinin kullan\u0131labilirli\u011fi ve performans\u0131n\u0131 art\u0131rabilmek,<\/li>\n<li>web sitesini geli\u015ftirebilmek ve web sitesinde sunulan \u00f6zellikleri sizlerin tercihlerine g\u00f6re ki\u015fiselle\u015ftirebilmek,<\/li>\n<li>web sitemizin, kullan\u0131c\u0131lar\u0131n ve \u015eirketimizin hukuki ve ticari menfaatlerini koruyabilmek,<\/li>\n<li>\u015eirketimizin 5651 say\u0131l\u0131 Internet Ortam\u0131nda Yap\u0131lan Yay\u0131nlar\u0131n D\u00fczenlenmesi ve Bu Yay\u0131nlar Yoluyla \u0130\u015flenen Su\u00e7larla M\u00fccadele Edilmesi Hakk\u0131nda Kanun ve Internet Ortam\u0131nda Yap\u0131lan Yay\u0131nlar\u0131n D\u00fczenlenmesine Dair Usul ve Esaslar Hakk\u0131nda Y\u00f6netmelik gere\u011fince yasal ve ticari sorumluluklar\u0131n\u0131 yerine getirebilmek i\u00e7in<\/li>\n<\/ul>\n<p class=\"is-text-semibold\"><strong>Web Sitemizde Kullan\u0131lan \u00c7erez T\u00fcrleri:<\/strong><\/p>\n<ul>\n<li>Ge\u00e7ici \u00e7erezler:<\/li>\n<li>Kal\u0131c\u0131 \u00e7erezler:<\/li>\n<li>Zorunlu \u00c7erezler:<\/li>\n<li>Performans ve analiz \u00e7erezleri:<\/li>\n<li>\u0130\u015flevsellik \u00e7erezleri:<\/li>\n<li>\u0130zleme \u00e7erezleri:<\/li>\n<\/ul>\n<p class=\"is-text-semibold\"><strong>\u00c7erezleri nas\u0131l kontrol edebilirsiniz?<\/strong><\/p>\n<p>Web sitemizi kulland\u0131\u011f\u0131n\u0131z taktirde \u00e7erezleri otomatik olarak kabul etti\u011finiz varsay\u0131lacakt\u0131r. Bununla birlikte siz \u00e7erezleri kontrol edebilir veya silebilirsiniz. \u00c7erezleri silmenin veya engellemenin \u00e7e\u015fitli yollar\u0131 bulunmaktad\u0131r. \u0130nternete eri\u015fim sa\u011flad\u0131\u011f\u0131n\u0131z cihazdaki \u00e7erezleri silebilir veya 3. taraf \u00e7erezlerini engelleyebilirsiniz. Ayr\u0131ca belli baz\u0131 sitelerden \u00e7erezleri engelleyebilir veya ayr\u0131m yapmaks\u0131z\u0131n t\u00fcm \u00e7erezleri engelleyebilir veya internet eri\u015fimine son verdi\u011finizde hali haz\u0131rdaki t\u00fcm \u00e7erezleri silebilirsiniz. B\u00f6ylece \u00e7erezlerin cihaz\u0131n\u0131zda kaydedilmesine engel olabilirsiniz.<\/p>\n<p>CUBO&#8217;a ait web sitelerine farkl\u0131 cihazlar \u00fczerinden eri\u015fiyorsan\u0131z, her bir cihaz i\u00e7in (bilgisayar, tablet, telefon gibi) internet taray\u0131c\u0131n\u0131z\u0131n \u00e7erez ayarlar\u0131n\u0131n tercihlerinize uygun olarak d\u00fczenlenip d\u00fczenlenmedi\u011fini kontrol edebilirsiniz. Bir veya daha fazla \u00e7erez kategorisini engellerseniz, mevcut \u00e7erezler ile bilgi toplamaya devam edebiliriz, ancak engellenen \u00e7erezlerin kullan\u0131m\u0131na derhal son verilecektir.<\/p>\n<p>\u00c7erezleri silmeyi tercih ederseniz ilgili web sitesindeki tercihleriniz de silinecektir. Ayr\u0131ca, \u00e7erezleri tamamen engellemeyi tercih ederseniz bu eyleminiz www.cubo.com.tr sitemizi kullan\u0131m\u0131n\u0131z\u0131 etkileyebilir, web sitemizin belirli b\u00f6l\u00fcmlerini g\u00f6r\u00fcnt\u00fcleyemeyebilir veya sizin i\u00e7in \u00f6zelle\u015ftirilmi\u015f olan bilgiler varsa art\u0131k eri\u015femeyebilirsiniz<\/p>\n<p class=\"is-text-semibold\">Kullan\u0131c\u0131 Anla\u015fmas\u0131<\/p>\n<p>\u00c7erezlerden baz\u0131lar\u0131n\u0131 veya hepsini silmeksizin veya engellemeksizin web sitemizi kullanmaya devam etti\u011finiz taktirde, silmedi\u011finiz veya engellemedi\u011finiz \u00e7erezlerin cihaz\u0131n\u0131za yerle\u015ftirebilece\u011fini kabul etmi\u015f oluyorsunuz.<\/p>\n<p class=\"is-text-semibold\"><strong>Contact us<\/strong><\/p>\n<p>CUBO olarak i\u015fbu \u00c7erez Politikas\u0131nda, ihtiya\u00e7lar veya yasalar\u0131n \u00f6ng\u00f6rd\u00fc\u011f\u00fc de\u011fi\u015fiklikler ve g\u00fcncellemeleri yapabiliriz. Bunlar\u0131 web sitemizi ziyaret ederek \u00f6\u011frenebilirsiniz.<\/p>\n<p>\u00c7erez Politikas\u0131na ili\u015fkin herhangi bir sorunuz olmas\u0131 halinde, kvkk@cubo.com.tr\u00a0adresten bizimle ileti\u015fime ge\u00e7ebilirsiniz.<\/p>\n<p class=\"is-text-bold is-text-center\">BA\u015eERG\u00dcN BOYA VE K\u0130MYA \u0130N\u015eAAT SANAY\u0130 ve T\u0130CARET A.\u015e.<\/p>\n\t<\/div>\n<\/div>\n\n\n\n\n\t\t\t<\/div> \n\t\t<\/div>\n\t<\/div> \n<\/div><\/div>","protected":false},"excerpt":{"rendered":"\u00c7EREZ POL\u0130T\u0130KASI &nbsp; www.cubo.com.tr sitesinde \u00e7erez(ler) kullan\u0131lmaktad\u0131r. \u00c7erezler, web sitesi ziyaret\u00e7ilerinin web sitesi kullan\u0131m\u0131n\u0131 analiz etmek amac\u0131yla bilgisayara, tablet ve cep telefonu gibi mobil cihazlara b\u0131rak\u0131lan bir t\u00fcr tan\u0131mlama dosyalar\u0131d\u0131r....","protected":false},"author":1,"featured_media":0,"parent":0,"menu_order":0,"comment_status":"closed","ping_status":"closed","template":"","meta":{"inline_featured_image":false,"footnotes":"","_links_to":"","_links_to_target":""},"class_list":["post-8272","page","type-page","status-publish"],"_links":{"self":[{"href":"https:\/\/cubo.com.tr\/en\/wp-json\/wp\/v2\/pages\/8272","targetHints":{"allow":["GET"]}}],"collection":[{"href":"https:\/\/cubo.com.tr\/en\/wp-json\/wp\/v2\/pages"}],"about":[{"href":"https:\/\/cubo.com.tr\/en\/wp-json\/wp\/v2\/types\/page"}],"author":[{"embeddable":true,"href":"https:\/\/cubo.com.tr\/en\/wp-json\/wp\/v2\/users\/1"}],"replies":[{"embeddable":true,"href":"https:\/\/cubo.com.tr\/en\/wp-json\/wp\/v2\/comments?post=8272"}],"version-history":[{"count":2,"href":"https:\/\/cubo.com.tr\/en\/wp-json\/wp\/v2\/pages\/8272\/revisions"}],"predecessor-version":[{"id":8274,"href":"https:\/\/cubo.com.tr\/en\/wp-json\/wp\/v2\/pages\/8272\/revisions\/8274"}],"wp:attachment":[{"href":"https:\/\/cubo.com.tr\/en\/wp-json\/wp\/v2\/media?parent=8272"}],"curies":[{"name":"wp","href":"https:\/\/api.w.org\/{rel}","templated":true}]}}