{"id":8290,"date":"2024-01-23T17:02:43","date_gmt":"2024-01-23T14:02:43","guid":{"rendered":"https:\/\/cubo.com.tr\/?page_id=8290"},"modified":"2024-08-26T15:30:43","modified_gmt":"2024-08-26T12:30:43","slug":"boyaci-kupu","status":"publish","type":"page","link":"https:\/\/cubo.com.tr\/en\/boyaci-kupu\/","title":{"rendered":"Tinting System"},"content":{"rendered":"<div id=\"home\"  data-column-margin=\"90px\" data-midnight=\"dark\" data-top-percent=\"6%\" data-bottom-percent=\"2%\"  class=\"wpb_row vc_row-fluid vc_row full-width-section vc_row-o-equal-height vc_row-flex vc_row-o-content-middle  reverse_columns_column_tablet reverse_columns_column_phone top_padding_tablet_8pct bottom_padding_tablet_8pct\"  style=\"padding-top: calc(100vw * 0.06); padding-bottom: calc(100vw * 0.02); \"><div class=\"row-bg-wrap\" data-bg-animation=\"none\" data-bg-animation-delay=\"\" data-bg-overlay=\"false\"><div class=\"inner-wrap row-bg-layer\" ><div class=\"row-bg viewport-desktop using-bg-color\"  style=\"background-color: #ffffff; \"><\/div><\/div><\/div><div class=\"row_col_wrap_12 col span_12 dark left\">\n\t<div  class=\"vc_col-sm-6 vc_col-xs-12 wpb_column column_container vc_column_container col no-extra-padding inherit_tablet inherit_phone\"  data-padding-pos=\"all\" data-has-bg-color=\"false\" data-bg-color=\"\" data-bg-opacity=\"1\" data-animation=\"\" data-delay=\"0\" >\n\t\t<div class=\"vc_column-inner\" >\n\t\t\t<div class=\"wpb_wrapper\">\n\t\t\t\t<div class=\"img-with-aniamtion-wrap\" data-max-width=\"100%\" data-max-width-mobile=\"default\" data-shadow=\"none\" data-animation=\"none\" >\n      <div class=\"inner\">\n        <div class=\"hover-wrap\"> \n          <div class=\"hover-wrap-inner\">\n            <img loading=\"lazy\" decoding=\"async\" class=\"img-with-animation skip-lazy\" data-delay=\"0\" height=\"996\" width=\"700\" data-animation=\"none\" src=\"https:\/\/cubo.com.tr\/wp-content\/uploads\/2024\/02\/boyacikupu_transparent.png\" alt=\"\" srcset=\"https:\/\/cubo.com.tr\/wp-content\/uploads\/2024\/02\/boyacikupu_transparent.png 700w, https:\/\/cubo.com.tr\/wp-content\/uploads\/2024\/02\/boyacikupu_transparent-211x300.png 211w, https:\/\/cubo.com.tr\/wp-content\/uploads\/2024\/02\/boyacikupu_transparent-600x854.png 600w\" sizes=\"auto, (max-width: 700px) 100vw, 700px\" \/>\n          <\/div>\n        <\/div>\n      <\/div>\n    <\/div>\n\t\t\t<\/div> \n\t\t<\/div>\n\t<\/div> \n\n\t<div style=\"z-index: 100; \" class=\"vc_col-sm-6 vc_col-xs-12 wpb_column column_container vc_column_container col padding-4-percent el_spacing_10px no-extra-padding_tablet no-extra-padding_phone\"  data-padding-pos=\"right\" data-has-bg-color=\"false\" data-bg-color=\"\" data-bg-opacity=\"1\" data-animation=\"\" data-delay=\"0\" >\n\t\t<div class=\"vc_column-inner\" >\n\t\t\t<div class=\"wpb_wrapper\">\n\t\t\t\t<div id=\"fws_69e0b8627031c\" data-midnight=\"\" data-column-margin=\"default\" class=\"wpb_row vc_row-fluid vc_row inner_row\"  style=\"\"><div class=\"row-bg-wrap\"> <div class=\"row-bg\" ><\/div> <\/div><div class=\"row_col_wrap_12_inner col span_12  left\">\n\t<div  class=\"vc_col-sm-12 wpb_column column_container vc_column_container col child_column has-animation no-extra-padding el_spacing_5px inherit_tablet inherit_phone\"   data-padding-pos=\"all\" data-has-bg-color=\"false\" data-bg-color=\"\" data-bg-opacity=\"1\" data-animation=\"fade-in-from-bottom\" data-delay=\"0\" >\n\t\t<div class=\"vc_column-inner\" >\n\t\t<div class=\"wpb_wrapper\">\n\t\t\t<div class=\"img-with-aniamtion-wrap\" data-max-width=\"100%\" data-max-width-mobile=\"default\" data-shadow=\"none\" data-animation=\"none\" >\n      <div class=\"inner\">\n        <div class=\"hover-wrap\"> \n          <div class=\"hover-wrap-inner\">\n            <img loading=\"lazy\" decoding=\"async\" class=\"img-with-animation skip-lazy\" data-delay=\"0\" height=\"836\" width=\"1600\" data-animation=\"none\" src=\"https:\/\/cubo.com.tr\/wp-content\/uploads\/2024\/04\/boyaci-kupu-logo-1.png\" alt=\"\" srcset=\"https:\/\/cubo.com.tr\/wp-content\/uploads\/2024\/04\/boyaci-kupu-logo-1.png 1600w, https:\/\/cubo.com.tr\/wp-content\/uploads\/2024\/04\/boyaci-kupu-logo-1-300x157.png 300w, https:\/\/cubo.com.tr\/wp-content\/uploads\/2024\/04\/boyaci-kupu-logo-1-1024x535.png 1024w, https:\/\/cubo.com.tr\/wp-content\/uploads\/2024\/04\/boyaci-kupu-logo-1-768x401.png 768w, https:\/\/cubo.com.tr\/wp-content\/uploads\/2024\/04\/boyaci-kupu-logo-1-1536x803.png 1536w, https:\/\/cubo.com.tr\/wp-content\/uploads\/2024\/04\/boyaci-kupu-logo-1-600x314.png 600w\" sizes=\"auto, (max-width: 1600px) 100vw, 1600px\" \/>\n          <\/div>\n        <\/div>\n      <\/div>\n    <\/div>\n<div class=\"wpb_text_column wpb_content_element\" >\n\t<div class=\"wpb_wrapper\">\n\t\t<p>Boyac\u0131 K\u00fcp\u00fc Tinting System consists of a computer system with formulas, a color making machine\nand a set of mixers.<br \/>\nWith this system, you can expand your color world and options and get the color\nyou dream of by coloring the Cubo product you want.<\/p>\n<p>In this system, Water Based Interior Paints, Water Based Exterior Paints and Water Based Exterior\nCoatings and Decorative Effect Paints can be colored.<\/p>\n<p>You can get this service from our dealers.<\/p>\n\t<\/div>\n<\/div>\n\n\n\n\n\t\t<\/div> \n\t<\/div>\n\t<\/div> \n<\/div><\/div>\n\t\t\t<\/div> \n\t\t<\/div>\n\t<\/div> \n<\/div><\/div>\n\t\t<div id=\"fws_69e0b86271770\"  data-column-margin=\"default\" data-midnight=\"dark\"  class=\"wpb_row vc_row-fluid vc_row\"  style=\"padding-top: 0px; padding-bottom: 0px; \"><div class=\"row-bg-wrap\" data-bg-animation=\"none\" data-bg-animation-delay=\"\" data-bg-overlay=\"false\"><div class=\"inner-wrap row-bg-layer\" ><div class=\"row-bg viewport-desktop\"  style=\"\"><\/div><\/div><\/div><div class=\"row_col_wrap_12 col span_12 dark left\">\n\t<div  class=\"vc_col-sm-12 wpb_column column_container vc_column_container col no-extra-padding inherit_tablet inherit_phone\"  data-padding-pos=\"all\" data-has-bg-color=\"false\" data-bg-color=\"\" data-bg-opacity=\"1\" data-animation=\"\" data-delay=\"0\" >\n\t\t<div class=\"vc_column-inner\" >\n\t\t\t<div class=\"wpb_wrapper\">\n\t\t\t\t\n<div class=\"wpb_text_column wpb_content_element\" >\n\t<div class=\"wpb_wrapper\">\n\t\t<p>&nbsp;<\/p>\n<p><strong>INTERIOR PAINT PRODUCTS;<\/strong><\/p>\n<ul>\n<li>MAESTRO EXTENT FULL MATT Interior Paint, in 2.5 L, 7.5 L and 15 L packages,<\/li>\n<li>CUBOSOFT SEMI MATT Interior Paint in 2.5 L, 7.5 L, 12.5 L and 15 L packages,<\/li>\n<li>CUBOSOFT MATT Interior Paint in 2.5 L, 7.5 L, 12.5 L and 15 L packages,<\/li>\n<li>CUBOSOFT SILK ULTRA Interior Paint in 2.5 L, 7.5 L and 15 L packages,<\/li>\n<li>CUBOPLAST ULTRA SILICONE MATT Interior Paint in 2.5 L, 7.5 L and 15 L packages,<\/li>\n<li>CUBOPLAST ULTRA PLASTIC MATT Interior Paint in 2.5 L, 7.5 L and 15 L packages,<\/li>\n<li>CUBOPLAST SILICONE Interior Wall Paint in 2.5 L, 7.5 L, 20 Kg and 15 L packages,<\/li>\n<li>PANEL DOOR PAINT, in 0.75 L, 2.5 L and 15 L packages,<\/li>\n<\/ul>\n<p><strong>EXTERIOR PAINT PRODUCTS;<\/strong><\/p>\n<ul>\n<li>ACRYTECH F SILK Exterior Paint, in 2.5 L and 15 L packages,<\/li>\n<li>ACRYTECH F MATT Exterior Paint in 2.5 L and 15 L packages,<\/li>\n<li>KOMFORT SILICONE Exterior Paint in 2.5 L, 7.5 L and 15 L packages,<\/li>\n<li>KOMFORT ACRYLIC Exterior Paint in 2.5 L, 7.5 L and 15 L packages,<\/li>\n<\/ul>\n<p><strong>EXTERIOR CLADDING PRODUCTS;<\/strong><\/p>\n<ul>\n<li>ACRYTECH F GRATED Exterior Cladding, 25 Kg packaging,<\/li>\n<li>KOMFORT SILICONE GRATED Siding, 25 Kg packaging,<\/li>\n<li>KOMFORT ACRYLIC GRATED Exterior Cladding, 25 Kg packaging,<\/li>\n<\/ul>\n<p><strong>METAL AND WOOD SURFACE PAINT PRODUCTS;<\/strong><\/p>\n<ul>\n<li>CONSEPT LUXURY ODORLESS GLOSSY Paint in 0.75 L, 2.5 L and 15 L packages.<\/li>\n<\/ul>\n<p><strong>CUBOARTE ACRYLIC PAINTS AND COATINGS PRODUCTS;<\/strong><\/p>\n<ul>\n<li>CUBOARTE PERLATO, in 1 L, 2.5 L and 15 L packages,<\/li>\n<li>CUBOARTE SABBIOSO, in 1 L, 2.5 L packages,<\/li>\n<li>CUBOARTE PERLA, in 1 L, 2.5 L packages,<\/li>\n<li>CUBOARTE VELLUTO, in 1 L, 2.5 L packages,<\/li>\n<li>CUBOARTE VISO DIVERSO, in 1 L, 2.5 L packages,<\/li>\n<li>CUBOARTE MARMORIZZARE in 4 Kg, 10 Kg and 20 Kg packages,<\/li>\n<li>CUBOARTE SOMNIUM, in 4 Kg packaging,<\/li>\n<li>CUBOARTE EFFECTO FINISH, in 1 L, 2.5 L packages,<\/li>\n<li>CUBOARTE VERNICE STORICA, in 1 L packaging,<\/li>\n<li>CUBOARTE DECO FONDO, in 1 L, 2.5 L and 15 L packages.<\/li>\n<\/ul>\n\t<\/div>\n<\/div>\n\n\n\n<div class=\"divider-wrap\" data-alignment=\"default\"><div style=\"height: 150px;\" class=\"divider\"><\/div><\/div>\n\t\t\t<\/div> \n\t\t<\/div>\n\t<\/div> \n<\/div><\/div>\n\t\t<div id=\"fws_69e0b8627249f\"  data-column-margin=\"default\" data-midnight=\"dark\"  class=\"wpb_row vc_row-fluid vc_row\"  style=\"padding-top: 0px; padding-bottom: 0px; \"><div class=\"row-bg-wrap\" data-bg-animation=\"none\" data-bg-animation-delay=\"\" data-bg-overlay=\"false\"><div class=\"inner-wrap row-bg-layer\" ><div class=\"row-bg viewport-desktop\"  style=\"\"><\/div><\/div><\/div><div class=\"row_col_wrap_12 col span_12 dark left\">\n\t<div  class=\"vc_col-sm-12 wpb_column column_container vc_column_container col no-extra-padding inherit_tablet inherit_phone\"  data-padding-pos=\"all\" data-has-bg-color=\"false\" data-bg-color=\"\" data-bg-opacity=\"1\" data-animation=\"\" data-delay=\"0\" >\n\t\t<div class=\"vc_column-inner\" >\n\t\t\t<div class=\"wpb_wrapper\">\n\t\t\t\t<div class=\"divider-wrap\" data-alignment=\"default\"><div style=\"height: 50px;\" class=\"divider\"><\/div><\/div>\n\t\t\t<\/div> \n\t\t<\/div>\n\t<\/div> \n<\/div><\/div>","protected":false},"excerpt":{"rendered":"Boyac\u0131 K\u00fcp\u00fc Renklendirme Sistemi, form\u00fcllerin yer ald\u0131\u011f\u0131 bilgisayar sistemi, renk yapma makinesi ve kar\u0131\u015ft\u0131r\u0131c\u0131 setinden olu\u015fur. Bu sistem ile, renk d\u00fcnyan\u0131z\u0131 ve se\u00e7eneklerinizi geni\u015fleterek hayal etti\u011finiz rengi istedi\u011finiz Cubo \u00fcr\u00fcn\u00fcnde...","protected":false},"author":1,"featured_media":0,"parent":0,"menu_order":0,"comment_status":"closed","ping_status":"closed","template":"","meta":{"inline_featured_image":false,"footnotes":"","_links_to":"","_links_to_target":""},"class_list":["post-8290","page","type-page","status-publish"],"_links":{"self":[{"href":"https:\/\/cubo.com.tr\/en\/wp-json\/wp\/v2\/pages\/8290","targetHints":{"allow":["GET"]}}],"collection":[{"href":"https:\/\/cubo.com.tr\/en\/wp-json\/wp\/v2\/pages"}],"about":[{"href":"https:\/\/cubo.com.tr\/en\/wp-json\/wp\/v2\/types\/page"}],"author":[{"embeddable":true,"href":"https:\/\/cubo.com.tr\/en\/wp-json\/wp\/v2\/users\/1"}],"replies":[{"embeddable":true,"href":"https:\/\/cubo.com.tr\/en\/wp-json\/wp\/v2\/comments?post=8290"}],"version-history":[{"count":25,"href":"https:\/\/cubo.com.tr\/en\/wp-json\/wp\/v2\/pages\/8290\/revisions"}],"predecessor-version":[{"id":13513,"href":"https:\/\/cubo.com.tr\/en\/wp-json\/wp\/v2\/pages\/8290\/revisions\/13513"}],"wp:attachment":[{"href":"https:\/\/cubo.com.tr\/en\/wp-json\/wp\/v2\/media?parent=8290"}],"curies":[{"name":"wp","href":"https:\/\/api.w.org\/{rel}","templated":true}]}}