{"id":8370,"date":"2024-01-23T19:02:39","date_gmt":"2024-01-23T16:02:39","guid":{"rendered":"https:\/\/cubo.com.tr\/?page_id=8370"},"modified":"2025-08-14T15:12:22","modified_gmt":"2025-08-14T12:12:22","slug":"komfort-silikonlu-dis-cephe-astari","status":"publish","type":"page","link":"https:\/\/cubo.com.tr\/en\/komfort-silikonlu-dis-cephe-astari\/","title":{"rendered":"KOMFORT SILICONE EXTERIOR PRIMER"},"content":{"rendered":"<div id=\"home\"  data-column-margin=\"default\" data-midnight=\"dark\"  class=\"wpb_row vc_row-fluid vc_row vc_row-o-equal-height vc_row-flex vc_row-o-content-middle  top_padding_tablet_8pct bottom_padding_tablet_8pct\"  style=\"padding-top: 0px; padding-bottom: 0px; \"><div class=\"row-bg-wrap\" data-bg-animation=\"none\" data-bg-animation-delay=\"\" data-bg-overlay=\"false\"><div class=\"inner-wrap row-bg-layer\" ><div class=\"row-bg viewport-desktop using-bg-color\"  style=\"background-color: #ffffff; \"><\/div><\/div><\/div><div class=\"row_col_wrap_12 col span_12 dark left\">\n\t<div  class=\"vc_col-sm-2\/5 vc_col-xs-12 wpb_column column_container vc_column_container col no-extra-padding right_margin_tablet_auto right_margin_phone_auto left_margin_tablet_auto left_margin_phone_auto inherit_tablet inherit_phone max_width_tablet_600px max_width_phone_420px\"  data-padding-pos=\"all\" data-has-bg-color=\"false\" data-bg-color=\"\" data-bg-opacity=\"1\" data-animation=\"\" data-delay=\"0\" >\n\t\t<div class=\"vc_column-inner\" >\n\t\t\t<div class=\"wpb_wrapper\">\n\t\t\t\t<div class=\"img-with-aniamtion-wrap\" data-max-width=\"100%\" data-max-width-mobile=\"default\" data-shadow=\"none\" data-animation=\"none\" >\n      <div class=\"inner\">\n        <div class=\"hover-wrap\"> \n          <div class=\"hover-wrap-inner\">\n            <img loading=\"lazy\" decoding=\"async\" class=\"img-with-animation skip-lazy\" data-delay=\"0\" height=\"1181\" width=\"1181\" data-animation=\"none\" src=\"https:\/\/cubo.com.tr\/wp-content\/uploads\/Komfort-Silikonlu-Dis-Cephe-Astari-1.png\" alt=\"\"  \/>\n          <\/div>\n        <\/div>\n      <\/div>\n    <\/div>\n\t\t\t<\/div> \n\t\t<\/div>\n\t<\/div> \n\n\t<div style=\"z-index: 100; \" class=\"vc_col-sm-3\/5 vc_col-xs-12 wpb_column column_container vc_column_container col padding-7-percent max_width_desktop_1000px top_margin_tablet_40px right_margin_tablet_auto right_margin_phone_auto left_margin_tablet_auto left_margin_phone_auto no-extra-padding_tablet no-extra-padding_phone max_width_tablet_600px max_width_phone_420px\"  data-padding-pos=\"left-right\" data-has-bg-color=\"false\" data-bg-color=\"\" data-bg-opacity=\"1\" data-animation=\"\" data-delay=\"0\" >\n\t\t<div class=\"vc_column-inner\" >\n\t\t\t<div class=\"wpb_wrapper\">\n\t\t\t\t<div class=\"divider-wrap\" data-alignment=\"default\"><div style=\"height: 50px;\" class=\"divider\"><\/div><\/div><div id=\"fws_69e0cdb058abc\" data-midnight=\"\" data-column-margin=\"40px\" class=\"wpb_row vc_row-fluid vc_row inner_row\"  style=\"\"><div class=\"row-bg-wrap\"> <div class=\"row-bg\" ><\/div> <\/div><div class=\"row_col_wrap_12_inner col span_12  left\">\n\t<div  class=\"vc_col-sm-12 wpb_column column_container vc_column_container col child_column has-animation no-extra-padding inherit_tablet inherit_phone\"   data-padding-pos=\"all\" data-has-bg-color=\"false\" data-bg-color=\"\" data-bg-opacity=\"1\" data-animation=\"fade-in-from-bottom\" data-delay=\"0\" >\n\t\t<div class=\"vc_column-inner\" >\n\t\t<div class=\"wpb_wrapper\">\n\t\t\t\n<div class=\"wpb_text_column wpb_content_element  vc_custom_1738130250670\" >\n\t<div class=\"wpb_wrapper\">\n\t\t<h2>KOMFORT S\u0130L\u0130KONLU<\/h2>\n<h2>EXTERIOR PRIMER<\/h2>\n<p>&nbsp;<\/p>\n\t<\/div>\n<\/div>\n\n\n\n<div class=\"nectar-split-heading  font_size_&#8221;0-9vw&#8221;\" data-align=\"&#8221;default&#8221;\" data-m-align=\"&#8221;inherit&#8221;\" data-text-effect=\"&#8221;default&#8221;\" data-animation-type=\"&#8221;line-reveal-by-space&#8221;\" data-animation-delay=\"0\" data-animation-offset=\"\" data-m-rm-animation=\"\" data-stagger=\"\" data-custom-font-size=\"true\" style=\"font-size: 0vw; line-height: 0vw;\"><\/div><p style=\"font-size: 20px;color: #4e4e4e;line-height: 2em;text-align: left\" class=\"vc_custom_heading vc_do_custom_heading\" >It is a water-based, acrylic copolymer binder-based, silicone, matte, filled exterior primer.<\/p>\n\t\t<\/div> \n\t<\/div>\n\t<\/div> \n<\/div><\/div><div id=\"fws_69e0cdb059bd0\" data-midnight=\"\" data-column-margin=\"default\" class=\"wpb_row vc_row-fluid vc_row inner_row  bottom_padding_tablet_40px bottom_padding_phone_40px\"  style=\"\"><div class=\"row-bg-wrap\"> <div class=\"row-bg\" ><\/div> <\/div><div class=\"row_col_wrap_12_inner col span_12  left\">\n\t<div  class=\"vc_col-sm-12 wpb_column column_container vc_column_container col child_column has-animation no-extra-padding inherit_tablet inherit_phone\"   data-padding-pos=\"all\" data-has-bg-color=\"false\" data-bg-color=\"\" data-bg-opacity=\"1\" data-animation=\"fade-in-from-bottom\" data-delay=\"0\" >\n\t\t<div class=\"vc_column-inner\" >\n\t\t<div class=\"wpb_wrapper\">\n\t\t\t<div class=\"iwithtext\"><div class=\"iwt-icon\"> <img decoding=\"async\" src=\"https:\/\/cubo.com.tr\/wp-content\/uploads\/2024\/01\/icon_4.png\" alt=\"\" \/> <\/div><div class=\"iwt-text\"> <span style=\"color: #2e2e2e;\">White<\/span> <\/div><div class=\"clear\"><\/div><\/div><div class=\"iwithtext\"><div class=\"iwt-icon\"> <img decoding=\"async\" src=\"https:\/\/cubo.com.tr\/wp-content\/uploads\/2024\/01\/icon_5.png\" alt=\"\" \/> <\/div><div class=\"iwt-text\"> <span style=\"color: #2e2e2e;\">Water Based<\/span> <\/div><div class=\"clear\"><\/div><\/div><div class=\"iwithtext\"><div class=\"iwt-icon\"> <img decoding=\"async\" src=\"https:\/\/cubo.com.tr\/wp-content\/uploads\/2024\/01\/packageNewIcon-1.png\" alt=\"\" \/> <\/div><div class=\"iwt-text\"> 20 kg <\/div><div class=\"clear\"><\/div><\/div>\n\t\t<\/div> \n\t<\/div>\n\t<\/div> \n<\/div><\/div>\n\t\t\t<\/div> \n\t\t<\/div>\n\t<\/div> \n<\/div><\/div>\n\t\t<div id=\"fws_69e0cdb05b1ab\"  data-column-margin=\"default\" data-midnight=\"dark\"  class=\"wpb_row vc_row-fluid vc_row\"  style=\"padding-top: 0px; padding-bottom: 0px; \"><div class=\"row-bg-wrap\" data-bg-animation=\"none\" data-bg-animation-delay=\"\" data-bg-overlay=\"false\"><div class=\"inner-wrap row-bg-layer\" ><div class=\"row-bg viewport-desktop\"  style=\"\"><\/div><\/div><\/div><div class=\"row_col_wrap_12 col span_12 dark left\">\n\t<div  class=\"vc_col-sm-12 wpb_column column_container vc_column_container col no-extra-padding inherit_tablet inherit_phone\"  data-padding-pos=\"all\" data-has-bg-color=\"false\" data-bg-color=\"\" data-bg-opacity=\"1\" data-animation=\"\" data-delay=\"0\" >\n\t\t<div class=\"vc_column-inner\" >\n\t\t\t<div class=\"wpb_wrapper\">\n\t\t\t\t<div class=\"divider-wrap\" data-alignment=\"default\"><div style=\"height: 50px;\" class=\"divider\"><\/div><\/div><div class=\"nectar-split-heading\" data-align=\"default\" data-m-align=\"inherit\" data-text-effect=\"default\" data-animation-type=\"line-reveal-by-space\" data-animation-delay=\"0\" data-animation-offset=\"\" data-m-rm-animation=\"\" data-stagger=\"\" data-custom-font-size=\"false\" ><h3 >Surface Preparation and Application<\/h3><\/div>\n<div class=\"wpb_text_column wpb_content_element\" >\n\t<div class=\"wpb_wrapper\">\n\t\t<p>Application surfaces should be cleaned from all kinds of dirt, oil and dust. Loose, blistered and cracked surfaces should be repaired. After the surface is cleaned and reinforced, it is thinned from the specified rate and applied in one coat with a roller. The application surface and ambient temperature should be between +5 \u00baC - +30 \u00baC.<\/p>\n\t<\/div>\n<\/div>\n\n\n\n\n\t\t\t<\/div> \n\t\t<\/div>\n\t<\/div> \n<\/div><\/div>\n\t\t<div id=\"fws_69e0cdb05c24c\"  data-column-margin=\"default\" data-midnight=\"dark\"  class=\"wpb_row vc_row-fluid vc_row\"  style=\"padding-top: 0px; padding-bottom: 0px; \"><div class=\"row-bg-wrap\" data-bg-animation=\"none\" data-bg-animation-delay=\"\" data-bg-overlay=\"false\"><div class=\"inner-wrap row-bg-layer\" ><div class=\"row-bg viewport-desktop\"  style=\"\"><\/div><\/div><\/div><div class=\"row_col_wrap_12 col span_12 dark left\">\n\t<div  class=\"vc_col-sm-4 wpb_column column_container vc_column_container col no-extra-padding inherit_tablet inherit_phone\"  data-padding-pos=\"all\" data-has-bg-color=\"false\" data-bg-color=\"\" data-bg-opacity=\"1\" data-animation=\"\" data-delay=\"0\" >\n\t\t<div class=\"vc_column-inner\" >\n\t\t\t<div class=\"wpb_wrapper\">\n\t\t\t\t<div class=\"iwithtext\"><div class=\"iwt-icon\"> <img decoding=\"async\" src=\"https:\/\/cubo.com.tr\/wp-content\/uploads\/2024\/01\/icon_9.png\" alt=\"\" \/> <\/div><div class=\"iwt-text\"> <span style=\"color: #2e2e2e;\">Thinning Rate<\/span><br \/>\n<span style=\"font-size: medium; color: #4e4e4e;\">%10<\/span> <\/div><div class=\"clear\"><\/div><\/div><div class=\"iwithtext\"><div class=\"iwt-icon\"> <img decoding=\"async\" src=\"https:\/\/cubo.com.tr\/wp-content\/uploads\/2024\/01\/icon_10.png\" alt=\"\" \/> <\/div><div class=\"iwt-text\"> <span style=\"color: #2e2e2e;\">Consumption (in 1 coat)<\/span><br \/>\n<span style=\"font-size: medium;\"><span style=\"color: #4e4e4e;\">7 &#8211; 11 m\u00b2<\/span><\/span> <\/div><div class=\"clear\"><\/div><\/div><div class=\"iwithtext\"><div class=\"iwt-icon\"> <img decoding=\"async\" src=\"https:\/\/cubo.com.tr\/wp-content\/uploads\/2024\/01\/m2NewIcon.png\" alt=\"\" \/> <\/div><div class=\"iwt-text\"> Paintable Area m\u00b2<br \/>\n<span style=\"font-size: medium; color: #003300;\">20 kg ile 180 m\u00b2<\/span><span style=\"font-size: medium;\"><br \/>\n<\/span> <\/div><div class=\"clear\"><\/div><\/div><div class=\"iwithtext\"><div class=\"iwt-icon\"> <img decoding=\"async\" src=\"https:\/\/cubo.com.tr\/wp-content\/uploads\/2024\/01\/icon_11.png\" alt=\"\" \/> <\/div><div class=\"iwt-text\"> <span style=\"color: #2e2e2e;\">Number of Application Coats<\/span><br \/>\n<span style=\"font-size: medium;\"><span style=\"color: #4e4e4e;\">One Coat<\/span><\/span> <\/div><div class=\"clear\"><\/div><\/div>\n\t\t\t<\/div> \n\t\t<\/div>\n\t<\/div> \n\n\t<div  class=\"vc_col-sm-4 wpb_column column_container vc_column_container col no-extra-padding inherit_tablet inherit_phone\"  data-padding-pos=\"all\" data-has-bg-color=\"false\" data-bg-color=\"\" data-bg-opacity=\"1\" data-animation=\"\" data-delay=\"0\" >\n\t\t<div class=\"vc_column-inner\" >\n\t\t\t<div class=\"wpb_wrapper\">\n\t\t\t\t<div class=\"iwithtext\"><div class=\"iwt-icon\"> <img decoding=\"async\" src=\"https:\/\/cubo.com.tr\/wp-content\/uploads\/2024\/01\/icon_8.png\" alt=\"\" \/> <\/div><div class=\"iwt-text\"> Drying Time<br \/>\n<span style=\"font-size: medium;\">24 Hour<\/span> <\/div><div class=\"clear\"><\/div><\/div><div class=\"iwithtext\"><div class=\"iwt-icon\"> <img decoding=\"async\" src=\"https:\/\/cubo.com.tr\/wp-content\/uploads\/2024\/01\/icon_7.png\" alt=\"\" \/> <\/div><div class=\"iwt-text\"> Recommended Application Apparatus<br \/>\n<span style=\"font-size: medium;\">Rulo<\/span> <\/div><div class=\"clear\"><\/div><\/div><div class=\"iwithtext\"><div class=\"iwt-icon\"> <img decoding=\"async\" src=\"https:\/\/cubo.com.tr\/wp-content\/uploads\/2024\/01\/tds_icon.png\" alt=\"\" \/> <\/div><div class=\"iwt-text\"> <a href=\"https:\/\/cubo.com.tr\/wp-content\/uploads\/KOMFORT-SILIKONLU-1.pdf\">TDS<\/a> <\/div><div class=\"clear\"><\/div><\/div><div class=\"iwithtext\"><div class=\"iwt-icon\"> <img decoding=\"async\" src=\"https:\/\/cubo.com.tr\/wp-content\/uploads\/2024\/01\/msds_icon.png\" alt=\"\" \/> <\/div><div class=\"iwt-text translation-block\">You can send an e-mail to info@cubo.com.tr for your MSDS request.<\/div><div class=\"clear\"><\/div><\/div>\n\t\t\t<\/div> \n\t\t<\/div>\n\t<\/div> \n\n\t<div  class=\"vc_col-sm-4 wpb_column column_container vc_column_container col no-extra-padding inherit_tablet inherit_phone\"  data-padding-pos=\"all\" data-has-bg-color=\"false\" data-bg-color=\"\" data-bg-opacity=\"1\" data-animation=\"\" data-delay=\"0\" >\n\t\t<div class=\"vc_column-inner\" >\n\t\t\t<div class=\"wpb_wrapper\">\n\t\t\t\t\n\t\t\t<\/div> \n\t\t<\/div>\n\t<\/div> \n<\/div><\/div>\n\t\t<div id=\"fws_69e0cdb05e9bd\"  data-column-margin=\"default\" data-midnight=\"dark\" data-top-percent=\"8%\" data-bottom-percent=\"8%\"  class=\"wpb_row vc_row-fluid vc_row full-width-section\"  style=\"padding-top: calc(100vw * 0.08); padding-bottom: calc(100vw * 0.08); \"><div class=\"row-bg-wrap\" data-bg-animation=\"none\" data-bg-animation-delay=\"\" data-bg-overlay=\"false\"><div class=\"inner-wrap row-bg-layer\" ><div class=\"row-bg viewport-desktop\"  style=\"\"><\/div><\/div><\/div><div class=\"row_col_wrap_12 col span_12 dark left\">\n\t<div  class=\"vc_col-sm-12 wpb_column column_container vc_column_container col no-extra-padding inherit_tablet inherit_phone\"  data-padding-pos=\"all\" data-has-bg-color=\"false\" data-bg-color=\"\" data-bg-opacity=\"1\" data-animation=\"\" data-delay=\"0\" >\n\t\t<div class=\"vc_column-inner\" >\n\t\t\t<div class=\"wpb_wrapper\">\n\t\t\t\t<div class=\"nectar-split-heading\" data-align=\"default\" data-m-align=\"inherit\" data-text-effect=\"default\" data-animation-type=\"line-reveal-by-space\" data-animation-delay=\"0\" data-animation-offset=\"\" data-m-rm-animation=\"\" data-stagger=\"\" data-custom-font-size=\"false\" ><h3 >Other products in the category<\/h3><\/div><div class=\"woocommerce columns-3\">\n\t\t\n\t\t\t\t\t<div class=\"nectar-woo-flickity\" data-wrap=\"no-wrap\" data-drag-scale=\"true\" data-animation=\"fade-in-side\" data-group-columns=\"default\" data-overflow=\"visible\" data-mobile-col-width=\"100%\" data-autorotate=\"\" data-autorotate-speed=\"5000\" data-item-shadow=\"\" data-controls=\"bottom-pagination\">\n\n\t\t\n\t\t\n  <ul class=\"products columns-3\" data-n-lazy=\"off\" data-rm-m-hover=\"off\" data-n-desktop-columns=\"4\" data-n-desktop-small-columns=\"3\" data-n-tablet-columns=\"default\" data-n-phone-columns=\"default\" data-product-style=\"classic\">\n\n\n\n\t\t\t\n\t\t\t\t\n\t<li class=\"classic product type-product post-9151 status-publish first instock product_cat-astarlar-ve-macunlar product_cat-dis-mekan-boyalari product_cat-insaat-boyalari product_cat-insaat-ve-sanayi-boyalari has-post-thumbnail shipping-taxable product-type-simple\" >\n\n\n\t\n\n\t\t\t   <div class=\"product-wrap\">\n\t\t\t<a href=\"https:\/\/cubo.com.tr\/en\/acrylic-putty-ext-dis-cephe-macunu\/\" aria-label=\"ACRYLIC PUTTY- EXT EXTERIOR PUTTY\"><img loading=\"lazy\" decoding=\"async\" width=\"300\" height=\"300\" src=\"https:\/\/cubo.com.tr\/wp-content\/uploads\/Acrylic-Putty-Ext-1.png\" class=\"attachment-woocommerce_thumbnail size-woocommerce_thumbnail\" alt=\"\" \/><\/a>\n\t\t\t<div class=\"product-add-to-cart\" data-nectar-quickview=\"false\"><a href=\"https:\/\/cubo.com.tr\/en\/acrylic-putty-ext-dis-cephe-macunu\/\" aria-describedby=\"woocommerce_loop_add_to_cart_link_describedby_9151\" data-quantity=\"1\" class=\"button product_type_simple\" data-product_id=\"9151\" data-product_sku=\"\" aria-label=\"Read more about \u201cACRYLIC PUTTY - EXT DI\u015e CEPHE MACUNU\u201d\" rel=\"nofollow\" data-success_message=\"\" data-no-translation=\"\" data-trp-gettext=\"\" data-no-translation-aria-label=\"\">Read more<\/a><span id=\"woocommerce_loop_add_to_cart_link_describedby_9151\" class=\"screen-reader-text\">\n\t<\/span><\/div>\t\t   <\/div>\n\t\t\t\t\n\t  \n\n\t\t<h2 class=\"woocommerce-loop-product__title\">ACRYLIC PUTTY - EXT EXTERIOR PUTTY<\/h2>\n\n\t\n\n\t\n<\/li>\n\t\t\t\n\t\t\t\t\n\t<li class=\"classic product type-product post-9150 status-publish instock product_cat-astarlar-ve-macunlar product_cat-ic-mekan-boyalari product_cat-insaat-boyalari product_cat-insaat-ve-sanayi-boyalari has-post-thumbnail shipping-taxable product-type-simple\" >\n\n\n\t\n\n\t\t\t   <div class=\"product-wrap\">\n\t\t\t<a href=\"https:\/\/cubo.com.tr\/en\/acrylic-putty-int-ic-cephe-macunu\/\" aria-label=\"ACRYLIC PUTTY- INT INTERIOR PUTTY\"><img loading=\"lazy\" decoding=\"async\" width=\"300\" height=\"300\" src=\"https:\/\/cubo.com.tr\/wp-content\/uploads\/Acrylic-Putty-Int-1.png\" class=\"attachment-woocommerce_thumbnail size-woocommerce_thumbnail\" alt=\"\" \/><\/a>\n\t\t\t<div class=\"product-add-to-cart\" data-nectar-quickview=\"false\"><a href=\"https:\/\/cubo.com.tr\/en\/acrylic-putty-int-ic-cephe-macunu\/\" aria-describedby=\"woocommerce_loop_add_to_cart_link_describedby_9150\" data-quantity=\"1\" class=\"button product_type_simple\" data-product_id=\"9150\" data-product_sku=\"\" aria-label=\"Read more about \u201cACRYLIC PUTTY- INT \u0130\u00c7 CEPHE MACUNU\u201d\" rel=\"nofollow\" data-success_message=\"\" data-no-translation=\"\" data-trp-gettext=\"\" data-no-translation-aria-label=\"\">Read more<\/a><span id=\"woocommerce_loop_add_to_cart_link_describedby_9150\" class=\"screen-reader-text\">\n\t<\/span><\/div>\t\t   <\/div>\n\t\t\t\t\n\t  \n\n\t\t<h2 class=\"woocommerce-loop-product__title\">ACRYLIC PUTTY- INT INTERIOR PUTTY<\/h2>\n\n\t\n\n\t\n<\/li>\n\t\t\t\n\t\t\t\t\n\t<li class=\"classic product type-product post-9149 status-publish instock product_cat-astarlar-ve-macunlar product_cat-dis-mekan-boyalari product_cat-ic-mekan-boyalari product_cat-insaat-boyalari product_cat-insaat-ve-sanayi-boyalari has-post-thumbnail shipping-taxable product-type-simple\" >\n\n\n\t\n\n\t\t\t   <div class=\"product-wrap\">\n\t\t\t<a href=\"https:\/\/cubo.com.tr\/en\/brut-beton-astari\/\" aria-label=\"EXPOSED CONCRETE PRIMER\"><img loading=\"lazy\" decoding=\"async\" width=\"300\" height=\"300\" src=\"https:\/\/cubo.com.tr\/wp-content\/uploads\/Brut-Beton-Astari-2.png\" class=\"attachment-woocommerce_thumbnail size-woocommerce_thumbnail\" alt=\"\" \/><\/a>\n\t\t\t<div class=\"product-add-to-cart\" data-nectar-quickview=\"false\"><a href=\"https:\/\/cubo.com.tr\/en\/brut-beton-astari\/\" aria-describedby=\"woocommerce_loop_add_to_cart_link_describedby_9149\" data-quantity=\"1\" class=\"button product_type_simple\" data-product_id=\"9149\" data-product_sku=\"\" aria-label=\"Read more about \u201cBR\u00dcT BETON ASTARI\u201d\" rel=\"nofollow\" data-success_message=\"\" data-no-translation=\"\" data-trp-gettext=\"\" data-no-translation-aria-label=\"\">Read more<\/a><span id=\"woocommerce_loop_add_to_cart_link_describedby_9149\" class=\"screen-reader-text\">\n\t<\/span><\/div>\t\t   <\/div>\n\t\t\t\t\n\t  \n\n\t\t<h2 class=\"woocommerce-loop-product__title\">EXPOSED CONCRETE PRIMER<\/h2>\n\n\t\n\n\t\n<\/li>\n\t\t\t\n\t\t\t\t\n\t<li class=\"classic product type-product post-9148 status-publish last instock product_cat-astarlar-ve-macunlar product_cat-dis-mekan-boyalari product_cat-insaat-boyalari product_cat-insaat-ve-sanayi-boyalari has-post-thumbnail shipping-taxable product-type-simple\" >\n\n\n\t\n\n\t\t\t   <div class=\"product-wrap\">\n\t\t\t<a href=\"https:\/\/cubo.com.tr\/en\/dekoratif-siva-astari\/\" aria-label=\"DECORATIVE PLASTER PRIMER\"><img loading=\"lazy\" decoding=\"async\" width=\"300\" height=\"300\" src=\"https:\/\/cubo.com.tr\/wp-content\/uploads\/Dekoratif-Siva-Astari-1.png\" class=\"attachment-woocommerce_thumbnail size-woocommerce_thumbnail\" alt=\"\" \/><\/a>\n\t\t\t<div class=\"product-add-to-cart\" data-nectar-quickview=\"false\"><a href=\"https:\/\/cubo.com.tr\/en\/dekoratif-siva-astari\/\" aria-describedby=\"woocommerce_loop_add_to_cart_link_describedby_9148\" data-quantity=\"1\" class=\"button product_type_simple\" data-product_id=\"9148\" data-product_sku=\"\" aria-label=\"Read more about \u201cDEKORAT\u0130F SIVA ASTARI\u201d\" rel=\"nofollow\" data-success_message=\"\" data-no-translation=\"\" data-trp-gettext=\"\" data-no-translation-aria-label=\"\">Read more<\/a><span id=\"woocommerce_loop_add_to_cart_link_describedby_9148\" class=\"screen-reader-text\">\n\t<\/span><\/div>\t\t   <\/div>\n\t\t\t\t\n\t  \n\n\t\t<h2 class=\"woocommerce-loop-product__title\">DECORATIVE PLASTER PRIMER<\/h2>\n\n\t\n\n\t\n<\/li>\n\t\t\t\n\t\t\t\t\n\t<li class=\"classic product type-product post-9147 status-publish first instock product_cat-astarlar-ve-macunlar product_cat-dis-mekan-boyalari product_cat-insaat-boyalari product_cat-insaat-ve-sanayi-boyalari has-post-thumbnail shipping-taxable product-type-simple\" >\n\n\n\t\n\n\t\t\t   <div class=\"product-wrap\">\n\t\t\t<a href=\"https:\/\/cubo.com.tr\/en\/komfort-silikonlu-dis-cephe-astari\/\" aria-label=\"KOMFORT SILICONE EXTERIOR PRIMER\"><img loading=\"lazy\" decoding=\"async\" width=\"300\" height=\"300\" src=\"https:\/\/cubo.com.tr\/wp-content\/uploads\/Komfort-Silikonlu-Dis-Cephe-Astari-1.png\" class=\"attachment-woocommerce_thumbnail size-woocommerce_thumbnail\" alt=\"\" \/><\/a>\n\t\t\t<div class=\"product-add-to-cart\" data-nectar-quickview=\"false\"><a href=\"https:\/\/cubo.com.tr\/en\/komfort-silikonlu-dis-cephe-astari\/\" aria-describedby=\"woocommerce_loop_add_to_cart_link_describedby_9147\" data-quantity=\"1\" class=\"button product_type_simple\" data-product_id=\"9147\" data-product_sku=\"\" aria-label=\"Read more about \u201cKOMFORT S\u0130L\u0130KONLU DI\u015e CEPHE ASTARI\u201d\" rel=\"nofollow\" data-success_message=\"\" data-no-translation=\"\" data-trp-gettext=\"\" data-no-translation-aria-label=\"\">Read more<\/a><span id=\"woocommerce_loop_add_to_cart_link_describedby_9147\" class=\"screen-reader-text\">\n\t<\/span><\/div>\t\t   <\/div>\n\t\t\t\t\n\t  \n\n\t\t<h2 class=\"woocommerce-loop-product__title\">KOMFORT SILICONE EXTERIOR PRIMER<\/h2>\n\n\t\n\n\t\n<\/li>\n\t\t\t\n\t\t\t\t\n\t<li class=\"classic product type-product post-9146 status-publish instock product_cat-astarlar-ve-macunlar product_cat-dis-mekan-boyalari product_cat-insaat-boyalari product_cat-insaat-ve-sanayi-boyalari has-post-thumbnail shipping-taxable product-type-simple\" >\n\n\n\t\n\n\t\t\t   <div class=\"product-wrap\">\n\t\t\t<a href=\"https:\/\/cubo.com.tr\/en\/acrytech-primer-astar\/\" aria-label=\"ACRYTECH PRIMER\"><img loading=\"lazy\" decoding=\"async\" width=\"300\" height=\"300\" src=\"https:\/\/cubo.com.tr\/wp-content\/uploads\/Acrytech-Primer-2.png\" class=\"attachment-woocommerce_thumbnail size-woocommerce_thumbnail\" alt=\"\" \/><\/a>\n\t\t\t<div class=\"product-add-to-cart\" data-nectar-quickview=\"false\"><a href=\"https:\/\/cubo.com.tr\/en\/acrytech-primer-astar\/\" aria-describedby=\"woocommerce_loop_add_to_cart_link_describedby_9146\" data-quantity=\"1\" class=\"button product_type_simple\" data-product_id=\"9146\" data-product_sku=\"\" aria-label=\"Read more about \u201cACRYTECH PRIMER ASTAR\u201d\" rel=\"nofollow\" data-success_message=\"\" data-no-translation=\"\" data-trp-gettext=\"\" data-no-translation-aria-label=\"\">Read more<\/a><span id=\"woocommerce_loop_add_to_cart_link_describedby_9146\" class=\"screen-reader-text\">\n\t<\/span><\/div>\t\t   <\/div>\n\t\t\t\t\n\t  \n\n\t\t<h2 class=\"woocommerce-loop-product__title\">ACRYTECH PRIMER<\/h2>\n\n\t\n\n\t\n<\/li>\n\t\t\t\n\t\t\t\t\n\t<li class=\"classic product type-product post-9145 status-publish instock product_cat-astarlar-ve-macunlar product_cat-dis-mekan-boyalari product_cat-ic-mekan-boyalari product_cat-insaat-boyalari product_cat-insaat-ve-sanayi-boyalari has-post-thumbnail shipping-taxable product-type-simple\" >\n\n\n\t\n\n\t\t\t   <div class=\"product-wrap\">\n\t\t\t<a href=\"https:\/\/cubo.com.tr\/en\/donusum-astari\/\" aria-label=\"TRANSFORMATION PRIMER\"><img loading=\"lazy\" decoding=\"async\" width=\"300\" height=\"300\" src=\"https:\/\/cubo.com.tr\/wp-content\/uploads\/Donusum-Astari-2.png\" class=\"attachment-woocommerce_thumbnail size-woocommerce_thumbnail\" alt=\"\" \/><\/a>\n\t\t\t<div class=\"product-add-to-cart\" data-nectar-quickview=\"false\"><a href=\"https:\/\/cubo.com.tr\/en\/donusum-astari\/\" aria-describedby=\"woocommerce_loop_add_to_cart_link_describedby_9145\" data-quantity=\"1\" class=\"button product_type_simple\" data-product_id=\"9145\" data-product_sku=\"\" aria-label=\"Read more about \u201cD\u00d6N\u00dc\u015e\u00dcM ASTARI\u201d\" rel=\"nofollow\" data-success_message=\"\" data-no-translation=\"\" data-trp-gettext=\"\" data-no-translation-aria-label=\"\">Read more<\/a><span id=\"woocommerce_loop_add_to_cart_link_describedby_9145\" class=\"screen-reader-text\">\n\t<\/span><\/div>\t\t   <\/div>\n\t\t\t\t\n\t  \n\n\t\t<h2 class=\"woocommerce-loop-product__title\">TRANSFORMATION PRIMER<\/h2>\n\n\t\n\n\t\n<\/li>\n\t\t\t\n\t\t\t\t\n\t<li class=\"classic product type-product post-9144 status-publish last instock product_cat-astarlar-ve-macunlar product_cat-dis-mekan-boyalari product_cat-ic-mekan-boyalari product_cat-insaat-boyalari product_cat-insaat-ve-sanayi-boyalari has-post-thumbnail shipping-taxable product-type-simple\" >\n\n\n\t\n\n\t\t\t   <div class=\"product-wrap\">\n\t\t\t<a href=\"https:\/\/cubo.com.tr\/en\/universal-primer-astar\/\" aria-label=\"UNIVERSAL PRIMER\"><img loading=\"lazy\" decoding=\"async\" width=\"300\" height=\"300\" src=\"https:\/\/cubo.com.tr\/wp-content\/uploads\/Universal-Primer-2.png\" class=\"attachment-woocommerce_thumbnail size-woocommerce_thumbnail\" alt=\"\" \/><\/a>\n\t\t\t<div class=\"product-add-to-cart\" data-nectar-quickview=\"false\"><a href=\"https:\/\/cubo.com.tr\/en\/universal-primer-astar\/\" aria-describedby=\"woocommerce_loop_add_to_cart_link_describedby_9144\" data-quantity=\"1\" class=\"button product_type_simple\" data-product_id=\"9144\" data-product_sku=\"\" aria-label=\"Read more about \u201cUNIVERSAL PRIMER ASTAR\u201d\" rel=\"nofollow\" data-success_message=\"\" data-no-translation=\"\" data-trp-gettext=\"\" data-no-translation-aria-label=\"\">Read more<\/a><span id=\"woocommerce_loop_add_to_cart_link_describedby_9144\" class=\"screen-reader-text\">\n\t<\/span><\/div>\t\t   <\/div>\n\t\t\t\t\n\t  \n\n\t\t<h2 class=\"woocommerce-loop-product__title\">UNIVERSAL PRIMER<\/h2>\n\n\t\n\n\t\n<\/li>\n\t\t\t\n\t\t<\/ul>\n\n\t\t <\/div> \n\t<\/div>\n\t\t\t<\/div> \n\t\t<\/div>\n\t<\/div> \n<\/div><\/div>","protected":false},"excerpt":{"rendered":"","protected":false},"author":2,"featured_media":0,"parent":0,"menu_order":0,"comment_status":"closed","ping_status":"closed","template":"","meta":{"inline_featured_image":false,"footnotes":"","_links_to":"","_links_to_target":""},"class_list":["post-8370","page","type-page","status-publish"],"_links":{"self":[{"href":"https:\/\/cubo.com.tr\/en\/wp-json\/wp\/v2\/pages\/8370","targetHints":{"allow":["GET"]}}],"collection":[{"href":"https:\/\/cubo.com.tr\/en\/wp-json\/wp\/v2\/pages"}],"about":[{"href":"https:\/\/cubo.com.tr\/en\/wp-json\/wp\/v2\/types\/page"}],"author":[{"embeddable":true,"href":"https:\/\/cubo.com.tr\/en\/wp-json\/wp\/v2\/users\/2"}],"replies":[{"embeddable":true,"href":"https:\/\/cubo.com.tr\/en\/wp-json\/wp\/v2\/comments?post=8370"}],"version-history":[{"count":17,"href":"https:\/\/cubo.com.tr\/en\/wp-json\/wp\/v2\/pages\/8370\/revisions"}],"predecessor-version":[{"id":14706,"href":"https:\/\/cubo.com.tr\/en\/wp-json\/wp\/v2\/pages\/8370\/revisions\/14706"}],"wp:attachment":[{"href":"https:\/\/cubo.com.tr\/en\/wp-json\/wp\/v2\/media?parent=8370"}],"curies":[{"name":"wp","href":"https:\/\/api.w.org\/{rel}","templated":true}]}}