{"id":8443,"date":"2024-01-23T21:07:49","date_gmt":"2024-01-23T18:07:49","guid":{"rendered":"https:\/\/cubo.com.tr\/?page_id=8443"},"modified":"2025-09-16T11:22:30","modified_gmt":"2025-09-16T08:22:30","slug":"cubo-tas-vernigi-1","status":"publish","type":"page","link":"https:\/\/cubo.com.tr\/en\/cubo-tas-vernigi-1\/","title":{"rendered":"STONE VARNISH"},"content":{"rendered":"<div id=\"home\"  data-column-margin=\"default\" data-midnight=\"dark\"  class=\"wpb_row vc_row-fluid vc_row vc_row-o-equal-height vc_row-flex vc_row-o-content-middle  top_padding_tablet_8pct bottom_padding_tablet_8pct\"  style=\"padding-top: 0px; padding-bottom: 0px; \"><div class=\"row-bg-wrap\" data-bg-animation=\"none\" data-bg-animation-delay=\"\" data-bg-overlay=\"false\"><div class=\"inner-wrap row-bg-layer\" ><div class=\"row-bg viewport-desktop using-bg-color\"  style=\"background-color: #ffffff; \"><\/div><\/div><\/div><div class=\"row_col_wrap_12 col span_12 dark left\">\n\t<div  class=\"vc_col-sm-2\/5 vc_col-xs-12 wpb_column column_container vc_column_container col no-extra-padding right_margin_tablet_auto right_margin_phone_auto left_margin_tablet_auto left_margin_phone_auto inherit_tablet inherit_phone max_width_tablet_600px max_width_phone_420px\"  data-padding-pos=\"all\" data-has-bg-color=\"false\" data-bg-color=\"\" data-bg-opacity=\"1\" data-animation=\"\" data-delay=\"0\" >\n\t\t<div class=\"vc_column-inner\" >\n\t\t\t<div class=\"wpb_wrapper\">\n\t\t\t\t<div class=\"img-with-aniamtion-wrap\" data-max-width=\"100%\" data-max-width-mobile=\"default\" data-shadow=\"none\" data-animation=\"none\" >\n      <div class=\"inner\">\n        <div class=\"hover-wrap\"> \n          <div class=\"hover-wrap-inner\">\n            <img loading=\"lazy\" decoding=\"async\" class=\"img-with-animation skip-lazy\" data-delay=\"0\" height=\"1181\" width=\"1181\" data-animation=\"none\" src=\"https:\/\/cubo.com.tr\/wp-content\/uploads\/TAS-VERNIGI-1.png\" alt=\"\"  \/>\n          <\/div>\n        <\/div>\n      <\/div>\n    <\/div>\n\t\t\t<\/div> \n\t\t<\/div>\n\t<\/div> \n\n\t<div style=\"z-index: 100; \" class=\"vc_col-sm-3\/5 vc_col-xs-12 wpb_column column_container vc_column_container col padding-7-percent max_width_desktop_1000px top_margin_tablet_40px right_margin_tablet_auto right_margin_phone_auto left_margin_tablet_auto left_margin_phone_auto no-extra-padding_tablet no-extra-padding_phone max_width_tablet_600px max_width_phone_420px\"  data-padding-pos=\"left-right\" data-has-bg-color=\"false\" data-bg-color=\"\" data-bg-opacity=\"1\" data-animation=\"\" data-delay=\"0\" >\n\t\t<div class=\"vc_column-inner\" >\n\t\t\t<div class=\"wpb_wrapper\">\n\t\t\t\t<div class=\"divider-wrap\" data-alignment=\"default\"><div style=\"height: 50px;\" class=\"divider\"><\/div><\/div><div id=\"fws_69f1a7cd57960\" data-midnight=\"\" data-column-margin=\"40px\" class=\"wpb_row vc_row-fluid vc_row inner_row\"  style=\"\"><div class=\"row-bg-wrap\"> <div class=\"row-bg\" ><\/div> <\/div><div class=\"row_col_wrap_12_inner col span_12  left\">\n\t<div  class=\"vc_col-sm-12 wpb_column column_container vc_column_container col child_column has-animation no-extra-padding inherit_tablet inherit_phone\"   data-padding-pos=\"all\" data-has-bg-color=\"false\" data-bg-color=\"\" data-bg-opacity=\"1\" data-animation=\"fade-in-from-bottom\" data-delay=\"0\" >\n\t\t<div class=\"vc_column-inner\" >\n\t\t<div class=\"wpb_wrapper\">\n\t\t\t\n<div class=\"wpb_text_column wpb_content_element  vc_custom_1718004451676\" >\n\t<div class=\"wpb_wrapper\">\n\t\t<h2>STONE VARNISH<\/h2>\n\t<\/div>\n<\/div>\n\n\n\n<div class=\"nectar-split-heading  font_size_&#8221;0-9vw&#8221;\" data-align=\"&#8221;default&#8221;\" data-m-align=\"&#8221;inherit&#8221;\" data-text-effect=\"&#8221;default&#8221;\" data-animation-type=\"&#8221;line-reveal-by-space&#8221;\" data-animation-delay=\"0\" data-animation-offset=\"\" data-m-rm-animation=\"\" data-stagger=\"\" data-custom-font-size=\"true\" style=\"font-size: 0vw; line-height: 0vw;\"><\/div><p style=\"font-size: 20px;color: #4e4e4e;line-height: 2em;text-align: left\" class=\"vc_custom_heading vc_do_custom_heading\" >Uyguland\u0131\u011f\u0131 emici y\u00fczeylerin do\u011fall\u0131\u011f\u0131n\u0131 koruyup, canl\u0131 g\u00f6r\u00fcn\u00fcm kazand\u0131ran, koruyucu, akrilik esasl\u0131,<br \/>\n\u015feffaf emprenye \u00fcr\u00fcnd\u00fcr.<\/p>\n\t\t<\/div> \n\t<\/div>\n\t<\/div> \n<\/div><\/div><div id=\"fws_69f1a7cd5879d\" data-midnight=\"\" data-column-margin=\"default\" class=\"wpb_row vc_row-fluid vc_row inner_row  bottom_padding_tablet_40px bottom_padding_phone_40px\"  style=\"\"><div class=\"row-bg-wrap\"> <div class=\"row-bg\" ><\/div> <\/div><div class=\"row_col_wrap_12_inner col span_12  left\">\n\t<div  class=\"vc_col-sm-12 wpb_column column_container vc_column_container col child_column has-animation no-extra-padding inherit_tablet inherit_phone\"   data-padding-pos=\"all\" data-has-bg-color=\"false\" data-bg-color=\"\" data-bg-opacity=\"1\" data-animation=\"fade-in-from-bottom\" data-delay=\"0\" >\n\t\t<div class=\"vc_column-inner\" >\n\t\t<div class=\"wpb_wrapper\">\n\t\t\t<div class=\"iwithtext\"><div class=\"iwt-icon\"> <img decoding=\"async\" src=\"https:\/\/cubo.com.tr\/wp-content\/uploads\/2024\/01\/icon_4.png\" alt=\"\" \/> <\/div><div class=\"iwt-text\"> <span style=\"color: #2e2e2e;\">Transparent<\/span> <\/div><div class=\"clear\"><\/div><\/div><div class=\"iwithtext\"><div class=\"iwt-icon\"> <img decoding=\"async\" src=\"https:\/\/cubo.com.tr\/wp-content\/uploads\/2024\/01\/icon_5.png\" alt=\"\" \/> <\/div><div class=\"iwt-text\"> <span style=\"color: #2e2e2e;\">Water Based<\/span> <\/div><div class=\"clear\"><\/div><\/div><div class=\"iwithtext\"><div class=\"iwt-icon\"> <img decoding=\"async\" src=\"https:\/\/cubo.com.tr\/wp-content\/uploads\/2024\/01\/icon_3.png\" alt=\"\" \/> <\/div><div class=\"iwt-text\"> Rutubete, hafif kimyasallara ve zor iklim ko\u015fullar\u0131na dayan\u0131kl\u0131d\u0131r. <\/div><div class=\"clear\"><\/div><\/div><div class=\"iwithtext\"><div class=\"iwt-icon\"> <img decoding=\"async\" src=\"https:\/\/cubo.com.tr\/wp-content\/uploads\/2024\/01\/packageNewIcon-1.png\" alt=\"\" \/> <\/div><div class=\"iwt-text\"> 0.75 L &#8211; 2.5 L &#8211; 15 L <\/div><div class=\"clear\"><\/div><\/div>\n\t\t<\/div> \n\t<\/div>\n\t<\/div> \n<\/div><\/div>\n\t\t\t<\/div> \n\t\t<\/div>\n\t<\/div> \n<\/div><\/div>\n\t\t<div id=\"fws_69f1a7cd598a4\"  data-column-margin=\"default\" data-midnight=\"dark\"  class=\"wpb_row vc_row-fluid vc_row\"  style=\"padding-top: 0px; padding-bottom: 0px; \"><div class=\"row-bg-wrap\" data-bg-animation=\"none\" data-bg-animation-delay=\"\" data-bg-overlay=\"false\"><div class=\"inner-wrap row-bg-layer\" ><div class=\"row-bg viewport-desktop\"  style=\"\"><\/div><\/div><\/div><div class=\"row_col_wrap_12 col span_12 dark left\">\n\t<div  class=\"vc_col-sm-12 wpb_column column_container vc_column_container col no-extra-padding inherit_tablet inherit_phone\"  data-padding-pos=\"all\" data-has-bg-color=\"false\" data-bg-color=\"\" data-bg-opacity=\"1\" data-animation=\"\" data-delay=\"0\" >\n\t\t<div class=\"vc_column-inner\" >\n\t\t\t<div class=\"wpb_wrapper\">\n\t\t\t\t<div class=\"nectar-split-heading\" data-align=\"default\" data-m-align=\"inherit\" data-text-effect=\"default\" data-animation-type=\"line-reveal-by-space\" data-animation-delay=\"0\" data-animation-offset=\"\" data-m-rm-animation=\"\" data-stagger=\"\" data-custom-font-size=\"false\" ><h3 >Surface Preparation and Application<\/h3><\/div><div class=\"nectar-split-heading\" data-align=\"default\" data-m-align=\"inherit\" data-text-effect=\"default\" data-animation-type=\"line-reveal-by-space\" data-animation-delay=\"0\" data-animation-offset=\"\" data-m-rm-animation=\"\" data-stagger=\"\" data-custom-font-size=\"false\" ><p >Uygulama yap\u0131lacak y\u00fczeyler her t\u00fcrl\u00fc kir, ya\u011f ve tozdan ar\u0131nd\u0131r\u0131lmal\u0131d\u0131r. Y\u00fczeyde varsa gev\u015fek, kabarm\u0131\u015f, \u00e7atlak zeminler tamir edilmelidir. Y\u00fczey temizlenip sa\u011flamla\u015ft\u0131r\u0131ld\u0131ktan sonra CUBO TA\u015e VERN\u0130\u011e\u0130, f\u0131r\u00e7a, rulo veya p\u00fcsk\u00fcrtme ile minimum 2 kat halinde uygulan\u0131r. Katlar aras\u0131nda 2-3 saat beklenmelidir. CUBO TA\u015e VERN\u0130\u011e\u0130 kullan\u0131ma haz\u0131rd\u0131r, gerekti\u011finde Rapid tiner ile % 5-10 oran\u0131nda inceltilebilir. Uygulama yap\u0131lacak y\u00fczey ve ortam s\u0131cakl\u0131\u011f\u0131 +5 \u00baC - +30 \u00baC aras\u0131nda olmas\u0131na dikkat edilmelidir.<\/p><\/div>\n\t\t\t<\/div> \n\t\t<\/div>\n\t<\/div> \n<\/div><\/div>\n\t\t<div id=\"fws_69f1a7cd5a43c\"  data-column-margin=\"default\" data-midnight=\"dark\"  class=\"wpb_row vc_row-fluid vc_row\"  style=\"padding-top: 0px; padding-bottom: 0px; \"><div class=\"row-bg-wrap\" data-bg-animation=\"none\" data-bg-animation-delay=\"\" data-bg-overlay=\"false\"><div class=\"inner-wrap row-bg-layer\" ><div class=\"row-bg viewport-desktop\"  style=\"\"><\/div><\/div><\/div><div class=\"row_col_wrap_12 col span_12 dark left\">\n\t<div  class=\"vc_col-sm-4 wpb_column column_container vc_column_container col no-extra-padding inherit_tablet inherit_phone\"  data-padding-pos=\"all\" data-has-bg-color=\"false\" data-bg-color=\"\" data-bg-opacity=\"1\" data-animation=\"\" data-delay=\"0\" >\n\t\t<div class=\"vc_column-inner\" >\n\t\t\t<div class=\"wpb_wrapper\">\n\t\t\t\t<div class=\"iwithtext\"><div class=\"iwt-icon\"> <img decoding=\"async\" src=\"https:\/\/cubo.com.tr\/wp-content\/uploads\/2024\/01\/icon_9.png\" alt=\"\" \/> <\/div><div class=\"iwt-text\"> <span style=\"color: #2e2e2e;\">Thinning Rate<\/span><br \/>\n<span style=\"font-size: medium; color: #4e4e4e;\">Ready to Use<\/span> <\/div><div class=\"clear\"><\/div><\/div><div class=\"iwithtext\"><div class=\"iwt-icon\"> <img decoding=\"async\" src=\"https:\/\/cubo.com.tr\/wp-content\/uploads\/2024\/01\/icon_10.png\" alt=\"\" \/> <\/div><div class=\"iwt-text\"> <span style=\"color: #2e2e2e;\">Consumption (in 1 coat)<\/span><br \/>\n<span style=\"font-size: medium;\"><span style=\"color: #4e4e4e;\">Uygulama yap\u0131lacak y\u00fczeye g\u00f6re de\u011fi\u015fkenlik g\u00f6stermektedir.<\/span><\/span> <\/div><div class=\"clear\"><\/div><\/div><div class=\"iwithtext\"><div class=\"iwt-icon\"> <img decoding=\"async\" src=\"https:\/\/cubo.com.tr\/wp-content\/uploads\/2024\/01\/icon_11.png\" alt=\"\" \/> <\/div><div class=\"iwt-text\"> <span style=\"color: #2e2e2e;\">Number of Application Coats<\/span><br \/>\n<span style=\"font-size: medium;\"><span style=\"color: #4e4e4e;\">Two coat<\/span><\/span> <\/div><div class=\"clear\"><\/div><\/div>\n\t\t\t<\/div> \n\t\t<\/div>\n\t<\/div> \n\n\t<div  class=\"vc_col-sm-4 wpb_column column_container vc_column_container col no-extra-padding inherit_tablet inherit_phone\"  data-padding-pos=\"all\" data-has-bg-color=\"false\" data-bg-color=\"\" data-bg-opacity=\"1\" data-animation=\"\" data-delay=\"0\" >\n\t\t<div class=\"vc_column-inner\" >\n\t\t\t<div class=\"wpb_wrapper\">\n\t\t\t\t<div class=\"iwithtext\"><div class=\"iwt-icon\"> <img decoding=\"async\" src=\"https:\/\/cubo.com.tr\/wp-content\/uploads\/2024\/01\/icon_8.png\" alt=\"\" \/> <\/div><div class=\"iwt-text\"> Drying Time<br \/>\n<span style=\"font-size: medium;\">24 Hour<\/span> <\/div><div class=\"clear\"><\/div><\/div><div class=\"iwithtext\"><div class=\"iwt-icon\"> <img decoding=\"async\" src=\"https:\/\/cubo.com.tr\/wp-content\/uploads\/2024\/01\/icon_7.png\" alt=\"\" \/> <\/div><div class=\"iwt-text\"> Recommended Application Apparatus<br \/>\n<span style=\"font-size: medium;\">Rulo, F\u0131r\u00e7a ve P\u00fcsk\u00fcrtme<\/span> <\/div><div class=\"clear\"><\/div><\/div><div class=\"iwithtext\"><div class=\"iwt-icon\"> <img decoding=\"async\" src=\"https:\/\/cubo.com.tr\/wp-content\/uploads\/2024\/01\/tds_icon.png\" alt=\"\" \/> <\/div><div class=\"iwt-text\"> <a href=\"https:\/\/cubo.com.tr\/wp-content\/uploads\/CUBO-TAS-VERNIGI-1.pdf\">TDS<\/a> <\/div><div class=\"clear\"><\/div><\/div><div class=\"iwithtext\"><div class=\"iwt-icon\"> <img decoding=\"async\" src=\"https:\/\/cubo.com.tr\/wp-content\/uploads\/2024\/01\/msds_icon.png\" alt=\"\" \/> <\/div><div class=\"iwt-text translation-block\">You can send an e-mail to info@cubo.com.tr for your MSDS request.<\/div><div class=\"clear\"><\/div><\/div>\n\t\t\t<\/div> \n\t\t<\/div>\n\t<\/div> \n\n\t<div  class=\"vc_col-sm-4 wpb_column column_container vc_column_container col no-extra-padding inherit_tablet inherit_phone\"  data-padding-pos=\"all\" data-has-bg-color=\"false\" data-bg-color=\"\" data-bg-opacity=\"1\" data-animation=\"\" data-delay=\"0\" >\n\t\t<div class=\"vc_column-inner\" >\n\t\t\t<div class=\"wpb_wrapper\">\n\t\t\t\t<div class=\"iwithtext\"><div class=\"iwt-icon\"> <img decoding=\"async\" src=\"https:\/\/cubo.com.tr\/wp-content\/uploads\/2024\/01\/icon_6.png\" alt=\"\" \/> <\/div><div class=\"iwt-text\"> Color Chart<br \/>\n<span style=\"font-size: medium;\">Transparent<\/span> <\/div><div class=\"clear\"><\/div><\/div>\n\t\t\t<\/div> \n\t\t<\/div>\n\t<\/div> \n<\/div><\/div>\n\t\t<div id=\"fws_69f1a7cd5c637\"  data-column-margin=\"default\" data-midnight=\"dark\" data-top-percent=\"8%\" data-bottom-percent=\"8%\"  class=\"wpb_row vc_row-fluid vc_row full-width-section\"  style=\"padding-top: calc(100vw * 0.08); padding-bottom: calc(100vw * 0.08); \"><div class=\"row-bg-wrap\" data-bg-animation=\"none\" data-bg-animation-delay=\"\" data-bg-overlay=\"false\"><div class=\"inner-wrap row-bg-layer\" ><div class=\"row-bg viewport-desktop\"  style=\"\"><\/div><\/div><\/div><div class=\"row_col_wrap_12 col span_12 dark left\">\n\t<div  class=\"vc_col-sm-12 wpb_column column_container vc_column_container col no-extra-padding inherit_tablet inherit_phone\"  data-padding-pos=\"all\" data-has-bg-color=\"false\" data-bg-color=\"\" data-bg-opacity=\"1\" data-animation=\"\" data-delay=\"0\" >\n\t\t<div class=\"vc_column-inner\" >\n\t\t\t<div class=\"wpb_wrapper\">\n\t\t\t\t<div class=\"nectar-split-heading\" data-align=\"default\" data-m-align=\"inherit\" data-text-effect=\"default\" data-animation-type=\"line-reveal-by-space\" data-animation-delay=\"0\" data-animation-offset=\"\" data-m-rm-animation=\"\" data-stagger=\"\" data-custom-font-size=\"false\" ><h3 >Other products in the category<\/h3><\/div><div class=\"woocommerce columns-4\">\n\t\t\n\t\t\t\t\t<div class=\"nectar-woo-flickity\" data-wrap=\"no-wrap\" data-drag-scale=\"true\" data-animation=\"fade-in-side\" data-group-columns=\"default\" data-overflow=\"visible\" data-mobile-col-width=\"100%\" data-autorotate=\"\" data-autorotate-speed=\"5000\" data-item-shadow=\"\" data-controls=\"bottom-pagination\">\n\n\t\t\n\t\t\n  <ul class=\"products columns-4\" data-n-lazy=\"off\" data-rm-m-hover=\"off\" data-n-desktop-columns=\"4\" data-n-desktop-small-columns=\"3\" data-n-tablet-columns=\"default\" data-n-phone-columns=\"default\" data-product-style=\"classic\">\n\n\n\n\t\t\t\n\t\t\t\t\n\t<li class=\"classic product type-product post-14825 status-publish first instock product_cat-insaat-boyalari product_cat-insaat-ve-sanayi-boyalari product_cat-ozel-amacli-urunler has-post-thumbnail shipping-taxable product-type-simple\" >\n\n\n\t\n\n\t\t\t   <div class=\"product-wrap\">\n\t\t\t<a href=\"https:\/\/cubo.com.tr\/en\/cuboset-cati-izolasyon-malzemesi\/\" aria-label=\"CUBOSET ROOF INSULATION MATERIAL\"><img loading=\"lazy\" decoding=\"async\" width=\"300\" height=\"300\" src=\"https:\/\/cubo.com.tr\/wp-content\/uploads\/Cuboset-Cati-Izolasyon-Malzemesi.png\" class=\"attachment-woocommerce_thumbnail size-woocommerce_thumbnail\" alt=\"\" \/><\/a>\n\t\t\t<div class=\"product-add-to-cart\" data-nectar-quickview=\"false\"><a href=\"https:\/\/cubo.com.tr\/en\/cuboset-cati-izolasyon-malzemesi\/\" aria-describedby=\"woocommerce_loop_add_to_cart_link_describedby_14825\" data-quantity=\"1\" class=\"button product_type_simple\" data-product_id=\"14825\" data-product_sku=\"\" aria-label=\"Read more about \u201cCUBOSET \u00c7ATI \u0130ZOLASYON MALZEMES\u0130\u201d\" rel=\"nofollow\" data-success_message=\"\" data-no-translation=\"\" data-trp-gettext=\"\" data-no-translation-aria-label=\"\">Read more<\/a><span id=\"woocommerce_loop_add_to_cart_link_describedby_14825\" class=\"screen-reader-text\">\n\t<\/span><\/div>\t\t   <\/div>\n\t\t\t\t\n\t  \n\n\t\t<h2 class=\"woocommerce-loop-product__title\">CUBOSET ROOF INSULATION MATERIAL<\/h2>\n\n\t\n\n\t\n<\/li>\n\t\t\t\n\t\t\t\t\n\t<li class=\"classic product type-product post-9255 status-publish instock product_cat-insaat-boyalari product_cat-insaat-ve-sanayi-boyalari product_cat-ozel-amacli-urunler has-post-thumbnail shipping-taxable product-type-simple\" >\n\n\n\t\n\n\t\t\t   <div class=\"product-wrap\">\n\t\t\t<a href=\"https:\/\/cubo.com.tr\/en\/cubo-road-w-su-bazli-yol-cizgi-boyasi\/\" aria-label=\"CUBO ROAD W - SU BAZLI YOL \u00c7\u0130ZG\u0130 BOYASI\"><img loading=\"lazy\" decoding=\"async\" width=\"300\" height=\"300\" src=\"https:\/\/cubo.com.tr\/wp-content\/uploads\/CuboRoad-W-Yol-Cizgi-Boyasi.png\" class=\"attachment-woocommerce_thumbnail size-woocommerce_thumbnail\" alt=\"\" \/><\/a>\n\t\t\t<div class=\"product-add-to-cart\" data-nectar-quickview=\"false\"><a href=\"https:\/\/cubo.com.tr\/en\/cubo-road-w-su-bazli-yol-cizgi-boyasi\/\" aria-describedby=\"woocommerce_loop_add_to_cart_link_describedby_9255\" data-quantity=\"1\" class=\"button product_type_simple\" data-product_id=\"9255\" data-product_sku=\"\" aria-label=\"Read more about \u201cCUBO ROAD W - SU BAZLI YOL \u00c7\u0130ZG\u0130 BOYASI\u201d\" rel=\"nofollow\" data-success_message=\"\" data-no-translation=\"\" data-trp-gettext=\"\" data-no-translation-aria-label=\"\">Read more<\/a><span id=\"woocommerce_loop_add_to_cart_link_describedby_9255\" class=\"screen-reader-text\">\n\t<\/span><\/div>\t\t   <\/div>\n\t\t\t\t\n\t  \n\n\t\t<h2 class=\"woocommerce-loop-product__title\">CUBO ROAD W - WATER BASED ROAD MARKING PAINT<\/h2>\n\n\t\n\n\t\n<\/li>\n\t\t\t\n\t\t\t\t\n\t<li class=\"classic product type-product post-9254 status-publish instock product_cat-insaat-boyalari product_cat-insaat-ve-sanayi-boyalari product_cat-ozel-amacli-urunler has-post-thumbnail shipping-taxable product-type-simple\" >\n\n\n\t\n\n\t\t\t   <div class=\"product-wrap\">\n\t\t\t<a href=\"https:\/\/cubo.com.tr\/en\/cubo-road-s-solventli-soguk-yol-cizgi-boyasi\/\" aria-label=\"CUBO ROAD S - SOLVENTL\u0130 SO\u011eUK YOL \u00c7\u0130ZG\u0130 BOYASI\"><img loading=\"lazy\" decoding=\"async\" width=\"300\" height=\"300\" src=\"https:\/\/cubo.com.tr\/wp-content\/uploads\/CUBO-ROAD-S-BUYUK-SOLVENTLI-SOGUK-YOL-CIZGI-BOYASI.png\" class=\"attachment-woocommerce_thumbnail size-woocommerce_thumbnail\" alt=\"\" \/><\/a>\n\t\t\t<div class=\"product-add-to-cart\" data-nectar-quickview=\"false\"><a href=\"https:\/\/cubo.com.tr\/en\/cubo-road-s-solventli-soguk-yol-cizgi-boyasi\/\" aria-describedby=\"woocommerce_loop_add_to_cart_link_describedby_9254\" data-quantity=\"1\" class=\"button product_type_simple\" data-product_id=\"9254\" data-product_sku=\"\" aria-label=\"Read more about \u201cCUBO ROAD S - SOLVENTL\u0130 SO\u011eUK YOL \u00c7\u0130ZG\u0130 BOYASI\u201d\" rel=\"nofollow\" data-success_message=\"\" data-no-translation=\"\" data-trp-gettext=\"\" data-no-translation-aria-label=\"\">Read more<\/a><span id=\"woocommerce_loop_add_to_cart_link_describedby_9254\" class=\"screen-reader-text\">\n\t<\/span><\/div>\t\t   <\/div>\n\t\t\t\t\n\t  \n\n\t\t<h2 class=\"woocommerce-loop-product__title\">CUBO ROAD S - SOLVENT COLD ROAD MARKING PAINT<\/h2>\n\n\t\n\n\t\n<\/li>\n\t\t\t\n\t\t\t\t\n\t<li class=\"classic product type-product post-9253 status-publish last instock product_cat-insaat-boyalari product_cat-insaat-ve-sanayi-boyalari product_cat-ozel-amacli-urunler has-post-thumbnail shipping-taxable product-type-simple\" >\n\n\n\t\n\n\t\t\t   <div class=\"product-wrap\">\n\t\t\t<a href=\"https:\/\/cubo.com.tr\/en\/tenis-kort-boyasi\/\" aria-label=\"TENNIS COURT PAINT\"><img loading=\"lazy\" decoding=\"async\" width=\"300\" height=\"300\" src=\"https:\/\/cubo.com.tr\/wp-content\/uploads\/Tenis-Kort-Boyasi.png\" class=\"attachment-woocommerce_thumbnail size-woocommerce_thumbnail\" alt=\"\" \/><\/a>\n\t\t\t<div class=\"product-add-to-cart\" data-nectar-quickview=\"false\"><a href=\"https:\/\/cubo.com.tr\/en\/tenis-kort-boyasi\/\" aria-describedby=\"woocommerce_loop_add_to_cart_link_describedby_9253\" data-quantity=\"1\" class=\"button product_type_simple\" data-product_id=\"9253\" data-product_sku=\"\" aria-label=\"Read more about \u201cTEN\u0130S KORT BOYASI\u201d\" rel=\"nofollow\" data-success_message=\"\" data-no-translation=\"\" data-trp-gettext=\"\" data-no-translation-aria-label=\"\">Read more<\/a><span id=\"woocommerce_loop_add_to_cart_link_describedby_9253\" class=\"screen-reader-text\">\n\t<\/span><\/div>\t\t   <\/div>\n\t\t\t\t\n\t  \n\n\t\t<h2 class=\"woocommerce-loop-product__title\">TENNIS COURT PAINT<\/h2>\n\n\t\n\n\t\n<\/li>\n\t\t\t\n\t\t\t\t\n\t<li class=\"classic product type-product post-9252 status-publish first instock product_cat-insaat-boyalari product_cat-insaat-ve-sanayi-boyalari product_cat-ozel-amacli-urunler has-post-thumbnail shipping-taxable product-type-simple\" >\n\n\n\t\n\n\t\t\t   <div class=\"product-wrap\">\n\t\t\t<a href=\"https:\/\/cubo.com.tr\/en\/cuboset-cati-izolasyon-malzemesi-elyafli-3\/\" aria-label=\"CUBOSET \u00c7ATI \u0130ZOLASYON MALZEMES\u0130 - ELYAFLI\"><img loading=\"lazy\" decoding=\"async\" width=\"300\" height=\"300\" src=\"https:\/\/cubo.com.tr\/wp-content\/uploads\/Cuboset-Cati-Izolasyon-Malzemesi-Elyafli-1.png\" class=\"attachment-woocommerce_thumbnail size-woocommerce_thumbnail\" alt=\"\" \/><\/a>\n\t\t\t<div class=\"product-add-to-cart\" data-nectar-quickview=\"false\"><a href=\"https:\/\/cubo.com.tr\/en\/cuboset-cati-izolasyon-malzemesi-elyafli-3\/\" aria-describedby=\"woocommerce_loop_add_to_cart_link_describedby_9252\" data-quantity=\"1\" class=\"button product_type_simple\" data-product_id=\"9252\" data-product_sku=\"\" aria-label=\"Read more about \u201cCUBOSET \u00c7ATI \u0130ZOLASYON MALZEMES\u0130 - ELYAFLI\u201d\" rel=\"nofollow\" data-success_message=\"\" data-no-translation=\"\" data-trp-gettext=\"\" data-no-translation-aria-label=\"\">Read more<\/a><span id=\"woocommerce_loop_add_to_cart_link_describedby_9252\" class=\"screen-reader-text\">\n\t<\/span><\/div>\t\t   <\/div>\n\t\t\t\t\n\t  \n\n\t\t<h2 class=\"woocommerce-loop-product__title\">CUBOSET \u00c7ATI \u0130ZOLASYON MALZEMES\u0130 &#8211; ELYAFLI<\/h2>\n\n\t\n\n\t\n<\/li>\n\t\t\t\n\t\t\t\t\n\t<li class=\"classic product type-product post-9251 status-publish instock product_cat-insaat-boyalari product_cat-insaat-ve-sanayi-boyalari product_cat-ozel-amacli-urunler has-post-thumbnail shipping-taxable product-type-simple\" >\n\n\n\t\n\n\t\t\t   <div class=\"product-wrap\">\n\t\t\t<a href=\"https:\/\/cubo.com.tr\/en\/is-orten\/\" aria-label=\"MAX \u0130S \u00d6RTEN\"><img loading=\"lazy\" decoding=\"async\" width=\"300\" height=\"300\" src=\"https:\/\/cubo.com.tr\/wp-content\/uploads\/Max-Is-Orten.png\" class=\"attachment-woocommerce_thumbnail size-woocommerce_thumbnail\" alt=\"\" \/><\/a>\n\t\t\t<div class=\"product-add-to-cart\" data-nectar-quickview=\"false\"><a href=\"https:\/\/cubo.com.tr\/en\/is-orten\/\" aria-describedby=\"woocommerce_loop_add_to_cart_link_describedby_9251\" data-quantity=\"1\" class=\"button product_type_simple\" data-product_id=\"9251\" data-product_sku=\"\" aria-label=\"Read more about \u201cMAX \u0130S \u00d6RTEN\u201d\" rel=\"nofollow\" data-success_message=\"\" data-no-translation=\"\" data-trp-gettext=\"\" data-no-translation-aria-label=\"\">Read more<\/a><span id=\"woocommerce_loop_add_to_cart_link_describedby_9251\" class=\"screen-reader-text\">\n\t<\/span><\/div>\t\t   <\/div>\n\t\t\t\t\n\t  \n\n\t\t<h2 class=\"woocommerce-loop-product__title\">MAX \u0130S \u00d6RTEN<\/h2>\n\n\t\n\n\t\n<\/li>\n\t\t\t\n\t\t\t\t\n\t<li class=\"classic product type-product post-9250 status-publish instock product_cat-insaat-boyalari product_cat-insaat-ve-sanayi-boyalari product_cat-ozel-amacli-urunler has-post-thumbnail shipping-taxable product-type-simple\" >\n\n\n\t\n\n\t\t\t   <div class=\"product-wrap\">\n\t\t\t<a href=\"https:\/\/cubo.com.tr\/en\/cubo-tas-vernigi-1\/\" aria-label=\"STONE VARNISH\"><img loading=\"lazy\" decoding=\"async\" width=\"300\" height=\"300\" src=\"https:\/\/cubo.com.tr\/wp-content\/uploads\/TAS-VERNIGI-1.png\" class=\"attachment-woocommerce_thumbnail size-woocommerce_thumbnail\" alt=\"\" \/><\/a>\n\t\t\t<div class=\"product-add-to-cart\" data-nectar-quickview=\"false\"><a href=\"https:\/\/cubo.com.tr\/en\/cubo-tas-vernigi-1\/\" aria-describedby=\"woocommerce_loop_add_to_cart_link_describedby_9250\" data-quantity=\"1\" class=\"button product_type_simple\" data-product_id=\"9250\" data-product_sku=\"\" aria-label=\"Read more about \u201cCUBO TA\u015e VERN\u0130\u011e\u0130\u201d\" rel=\"nofollow\" data-success_message=\"\" data-no-translation=\"\" data-trp-gettext=\"\" data-no-translation-aria-label=\"\">Read more<\/a><span id=\"woocommerce_loop_add_to_cart_link_describedby_9250\" class=\"screen-reader-text\">\n\t<\/span><\/div>\t\t   <\/div>\n\t\t\t\t\n\t  \n\n\t\t<h2 class=\"woocommerce-loop-product__title\">STONE VARNISH<\/h2>\n\n\t\n\n\t\n<\/li>\n\t\t\t\n\t\t<\/ul>\n\n\t\t <\/div> \n\t<\/div>\n\t\t\t<\/div> \n\t\t<\/div>\n\t<\/div> \n<\/div><\/div>","protected":false},"excerpt":{"rendered":"","protected":false},"author":2,"featured_media":0,"parent":0,"menu_order":0,"comment_status":"closed","ping_status":"closed","template":"","meta":{"inline_featured_image":false,"footnotes":"","_links_to":"","_links_to_target":""},"class_list":["post-8443","page","type-page","status-publish"],"_links":{"self":[{"href":"https:\/\/cubo.com.tr\/en\/wp-json\/wp\/v2\/pages\/8443","targetHints":{"allow":["GET"]}}],"collection":[{"href":"https:\/\/cubo.com.tr\/en\/wp-json\/wp\/v2\/pages"}],"about":[{"href":"https:\/\/cubo.com.tr\/en\/wp-json\/wp\/v2\/types\/page"}],"author":[{"embeddable":true,"href":"https:\/\/cubo.com.tr\/en\/wp-json\/wp\/v2\/users\/2"}],"replies":[{"embeddable":true,"href":"https:\/\/cubo.com.tr\/en\/wp-json\/wp\/v2\/comments?post=8443"}],"version-history":[{"count":20,"href":"https:\/\/cubo.com.tr\/en\/wp-json\/wp\/v2\/pages\/8443\/revisions"}],"predecessor-version":[{"id":15149,"href":"https:\/\/cubo.com.tr\/en\/wp-json\/wp\/v2\/pages\/8443\/revisions\/15149"}],"wp:attachment":[{"href":"https:\/\/cubo.com.tr\/en\/wp-json\/wp\/v2\/media?parent=8443"}],"curies":[{"name":"wp","href":"https:\/\/api.w.org\/{rel}","templated":true}]}}