{"id":8467,"date":"2024-01-23T21:45:40","date_gmt":"2024-01-23T18:45:40","guid":{"rendered":"https:\/\/cubo.com.tr\/?page_id=8467"},"modified":"2025-09-18T16:56:10","modified_gmt":"2025-09-18T13:56:10","slug":"echol-mat-ic-cephe-boyasi","status":"publish","type":"page","link":"https:\/\/cubo.com.tr\/en\/echol-mat-ic-cephe-boyasi\/","title":{"rendered":"ECHOL MATT INTERIOR PAINT"},"content":{"rendered":"<div id=\"home\"  data-column-margin=\"default\" data-midnight=\"dark\"  class=\"wpb_row vc_row-fluid vc_row vc_row-o-equal-height vc_row-flex vc_row-o-content-middle  top_padding_tablet_8pct bottom_padding_tablet_8pct\"  style=\"padding-top: 0px; padding-bottom: 0px; \"><div class=\"row-bg-wrap\" data-bg-animation=\"none\" data-bg-animation-delay=\"\" data-bg-overlay=\"false\"><div class=\"inner-wrap row-bg-layer\" ><div class=\"row-bg viewport-desktop using-bg-color\"  style=\"background-color: #ffffff; \"><\/div><\/div><\/div><div class=\"row_col_wrap_12 col span_12 dark left\">\n\t<div  class=\"vc_col-sm-2\/5 vc_col-xs-12 wpb_column column_container vc_column_container col no-extra-padding right_margin_tablet_auto right_margin_phone_auto left_margin_tablet_auto left_margin_phone_auto inherit_tablet inherit_phone max_width_tablet_600px max_width_phone_420px\"  data-padding-pos=\"all\" data-has-bg-color=\"false\" data-bg-color=\"\" data-bg-opacity=\"1\" data-animation=\"\" data-delay=\"0\" >\n\t\t<div class=\"vc_column-inner\" >\n\t\t\t<div class=\"wpb_wrapper\">\n\t\t\t\t<div class=\"img-with-aniamtion-wrap\" data-max-width=\"100%\" data-max-width-mobile=\"default\" data-shadow=\"none\" data-animation=\"none\" >\n      <div class=\"inner\">\n        <div class=\"hover-wrap\"> \n          <div class=\"hover-wrap-inner\">\n            <img loading=\"lazy\" decoding=\"async\" class=\"img-with-animation skip-lazy\" data-delay=\"0\" height=\"1181\" width=\"1181\" data-animation=\"none\" src=\"https:\/\/cubo.com.tr\/wp-content\/uploads\/Echol-Mat-1.png\" alt=\"\"  \/>\n          <\/div>\n        <\/div>\n      <\/div>\n    <\/div>\n\t\t\t<\/div> \n\t\t<\/div>\n\t<\/div> \n\n\t<div style=\"z-index: 100; \" class=\"vc_col-sm-3\/5 vc_col-xs-12 wpb_column column_container vc_column_container col padding-7-percent max_width_desktop_1000px top_margin_tablet_40px right_margin_tablet_auto right_margin_phone_auto left_margin_tablet_auto left_margin_phone_auto no-extra-padding_tablet no-extra-padding_phone max_width_tablet_600px max_width_phone_420px\"  data-padding-pos=\"left-right\" data-has-bg-color=\"false\" data-bg-color=\"\" data-bg-opacity=\"1\" data-animation=\"\" data-delay=\"0\" >\n\t\t<div class=\"vc_column-inner\" >\n\t\t\t<div class=\"wpb_wrapper\">\n\t\t\t\t<div class=\"divider-wrap\" data-alignment=\"default\"><div style=\"height: 50px;\" class=\"divider\"><\/div><\/div><div id=\"fws_69ea483ce0c4e\" data-midnight=\"\" data-column-margin=\"40px\" class=\"wpb_row vc_row-fluid vc_row inner_row\"  style=\"\"><div class=\"row-bg-wrap\"> <div class=\"row-bg\" ><\/div> <\/div><div class=\"row_col_wrap_12_inner col span_12  left\">\n\t<div  class=\"vc_col-sm-12 wpb_column column_container vc_column_container col child_column has-animation no-extra-padding inherit_tablet inherit_phone\"   data-padding-pos=\"all\" data-has-bg-color=\"false\" data-bg-color=\"\" data-bg-opacity=\"1\" data-animation=\"fade-in-from-bottom\" data-delay=\"0\" >\n\t\t<div class=\"vc_column-inner\" >\n\t\t<div class=\"wpb_wrapper\">\n\t\t\t\n<div class=\"wpb_text_column wpb_content_element  vc_custom_1755697843790\" >\n\t<div class=\"wpb_wrapper\">\n\t\t<h2>ECHOL MATT INTERIOR PAINT<\/h2>\n\t<\/div>\n<\/div>\n\n\n\n<div class=\"nectar-split-heading  font_size_&#8221;0-9vw&#8221;\" data-align=\"&#8221;default&#8221;\" data-m-align=\"&#8221;inherit&#8221;\" data-text-effect=\"&#8221;default&#8221;\" data-animation-type=\"&#8221;line-reveal-by-space&#8221;\" data-animation-delay=\"0\" data-animation-offset=\"\" data-m-rm-animation=\"\" data-stagger=\"\" data-custom-font-size=\"true\" style=\"font-size: 0vw; line-height: 0vw;\"><\/div><p style=\"font-size: 20px;color: #4e4e4e;line-height: 2em;text-align: left\" class=\"vc_custom_heading vc_do_custom_heading\" >Water-based, acrylic copolymer binder-based, matt, top coat interior paint.<\/p>\n\t\t<\/div> \n\t<\/div>\n\t<\/div> \n<\/div><\/div><div id=\"fws_69ea483ce1f8e\" data-midnight=\"\" data-column-margin=\"default\" class=\"wpb_row vc_row-fluid vc_row inner_row  bottom_padding_tablet_40px bottom_padding_phone_40px\"  style=\"\"><div class=\"row-bg-wrap\"> <div class=\"row-bg\" ><\/div> <\/div><div class=\"row_col_wrap_12_inner col span_12  left\">\n\t<div  class=\"vc_col-sm-12 wpb_column column_container vc_column_container col child_column has-animation no-extra-padding inherit_tablet inherit_phone\"   data-padding-pos=\"all\" data-has-bg-color=\"false\" data-bg-color=\"\" data-bg-opacity=\"1\" data-animation=\"fade-in-from-bottom\" data-delay=\"0\" >\n\t\t<div class=\"vc_column-inner\" >\n\t\t<div class=\"wpb_wrapper\">\n\t\t\t<div class=\"iwithtext\"><div class=\"iwt-icon\"> <img decoding=\"async\" src=\"https:\/\/cubo.com.tr\/wp-content\/uploads\/2024\/01\/icon_4.png\" alt=\"\" \/> <\/div><div class=\"iwt-text\"> <span style=\"color: #2e2e2e;\">Matt<\/span> <\/div><div class=\"clear\"><\/div><\/div><div class=\"iwithtext\"><div class=\"iwt-icon\"> <img decoding=\"async\" src=\"https:\/\/cubo.com.tr\/wp-content\/uploads\/2024\/01\/icon_5.png\" alt=\"\" \/> <\/div><div class=\"iwt-text\"> <span style=\"color: #2e2e2e;\">Water Based<\/span> <\/div><div class=\"clear\"><\/div><\/div><div class=\"iwithtext\"><div class=\"iwt-icon\"> <img decoding=\"async\" src=\"https:\/\/cubo.com.tr\/wp-content\/uploads\/2024\/01\/icon_3.png\" alt=\"\" \/> <\/div><div class=\"iwt-text\"> Odorless - Environmentally Friendly <\/div><div class=\"clear\"><\/div><\/div><div class=\"iwithtext\"><div class=\"iwt-icon\"> <img decoding=\"async\" src=\"https:\/\/cubo.com.tr\/wp-content\/uploads\/2024\/01\/icon_1.png\" alt=\"\" \/> <\/div><div class=\"iwt-text\"> 3,5 kg &#8211; 10 kg &#8211; 20 kg <\/div><div class=\"clear\"><\/div><\/div>\n\t\t<\/div> \n\t<\/div>\n\t<\/div> \n<\/div><\/div>\n\t\t\t<\/div> \n\t\t<\/div>\n\t<\/div> \n<\/div><\/div>\n\t\t<div id=\"fws_69ea483ce3708\"  data-column-margin=\"default\" data-midnight=\"dark\"  class=\"wpb_row vc_row-fluid vc_row\"  style=\"padding-top: 0px; padding-bottom: 0px; \"><div class=\"row-bg-wrap\" data-bg-animation=\"none\" data-bg-animation-delay=\"\" data-bg-overlay=\"false\"><div class=\"inner-wrap row-bg-layer\" ><div class=\"row-bg viewport-desktop\"  style=\"\"><\/div><\/div><\/div><div class=\"row_col_wrap_12 col span_12 dark left\">\n\t<div  class=\"vc_col-sm-12 wpb_column column_container vc_column_container col no-extra-padding inherit_tablet inherit_phone\"  data-padding-pos=\"all\" data-has-bg-color=\"false\" data-bg-color=\"\" data-bg-opacity=\"1\" data-animation=\"\" data-delay=\"0\" >\n\t\t<div class=\"vc_column-inner\" >\n\t\t\t<div class=\"wpb_wrapper\">\n\t\t\t\t<div class=\"divider-wrap\" data-alignment=\"default\"><div style=\"height: 50px;\" class=\"divider\"><\/div><\/div><div class=\"nectar-split-heading\" data-align=\"default\" data-m-align=\"inherit\" data-text-effect=\"default\" data-animation-type=\"line-reveal-by-space\" data-animation-delay=\"0\" data-animation-offset=\"\" data-m-rm-animation=\"\" data-stagger=\"\" data-custom-font-size=\"false\" ><h3 >Surface Preparation and Application<\/h3><\/div>\n<div class=\"wpb_text_column wpb_content_element\" >\n\t<div class=\"wpb_wrapper\">\n\t\t<p>Application surfaces should be cleaned from all kinds of dirt, oil and dust. Loose, blistered and cracked surfaces should be repaired. According to the condition of the surface, the area to be painted should be primed with a suitable primer. The paint should be thinned with water at the specified ratio and applied in 2 coats with a brush or roller. Wait at least 6 hours between coats. The application surface and ambient temperature should be between +5 \u00baC - +30 \u00baC.<\/p>\n\t<\/div>\n<\/div>\n\n\n\n\n\t\t\t<\/div> \n\t\t<\/div>\n\t<\/div> \n<\/div><\/div>\n\t\t<div id=\"fws_69ea483ce475c\"  data-column-margin=\"default\" data-midnight=\"dark\"  class=\"wpb_row vc_row-fluid vc_row\"  style=\"padding-top: 0px; padding-bottom: 0px; \"><div class=\"row-bg-wrap\" data-bg-animation=\"none\" data-bg-animation-delay=\"\" data-bg-overlay=\"false\"><div class=\"inner-wrap row-bg-layer\" ><div class=\"row-bg viewport-desktop\"  style=\"\"><\/div><\/div><\/div><div class=\"row_col_wrap_12 col span_12 dark left\">\n\t<div  class=\"vc_col-sm-4 wpb_column column_container vc_column_container col no-extra-padding inherit_tablet inherit_phone\"  data-padding-pos=\"all\" data-has-bg-color=\"false\" data-bg-color=\"\" data-bg-opacity=\"1\" data-animation=\"\" data-delay=\"0\" >\n\t\t<div class=\"vc_column-inner\" >\n\t\t\t<div class=\"wpb_wrapper\">\n\t\t\t\t<div class=\"iwithtext\"><div class=\"iwt-icon\"> <img decoding=\"async\" src=\"https:\/\/cubo.com.tr\/wp-content\/uploads\/2024\/01\/icon_9.png\" alt=\"\" \/> <\/div><div class=\"iwt-text\"> <span style=\"color: #2e2e2e;\">Thinning Rate<\/span><br \/>\n<span style=\"font-size: medium; color: #4e4e4e;\">%10 &#8211; %15<\/span> <\/div><div class=\"clear\"><\/div><\/div><div class=\"iwithtext\"><div class=\"iwt-icon\"> <img decoding=\"async\" src=\"https:\/\/cubo.com.tr\/wp-content\/uploads\/2024\/01\/icon_10.png\" alt=\"\" \/> <\/div><div class=\"iwt-text\"> <span style=\"color: #2e2e2e;\">Consumption (in 1 coat)<\/span><br \/>\n<span style=\"font-size: medium;\"><span style=\"color: #4e4e4e;\">8 &#8211; 12 m\u00b2<\/span><\/span> <\/div><div class=\"clear\"><\/div><\/div><div class=\"iwithtext\"><div class=\"iwt-icon\"> <img decoding=\"async\" src=\"https:\/\/cubo.com.tr\/wp-content\/uploads\/2024\/01\/icon_12.png\" alt=\"\" \/> <\/div><div class=\"iwt-text\"> Paintable Area m\u00b2<br \/>\n<span style=\"font-size: medium; color: #003300;\">3,5 kg ile 17,5 m\u00b2<br \/>\n10 kg ile 50 m\u00b2<br \/>\n<\/span><span style=\"font-size: medium;\"><span style=\"color: #003300;\">20 kg ile 100 m\u00b2<br \/>\n<\/span><br \/>\n<\/span> <\/div><div class=\"clear\"><\/div><\/div><div class=\"iwithtext\"><div class=\"iwt-icon\"> <img decoding=\"async\" src=\"https:\/\/cubo.com.tr\/wp-content\/uploads\/2024\/01\/icon_11.png\" alt=\"\" \/> <\/div><div class=\"iwt-text\"> <span style=\"color: #2e2e2e;\">Number of Application Coats<\/span><br \/>\n<span style=\"font-size: medium;\"><span style=\"color: #4e4e4e;\">Two coat<\/span><\/span> <\/div><div class=\"clear\"><\/div><\/div>\n\t\t\t<\/div> \n\t\t<\/div>\n\t<\/div> \n\n\t<div  class=\"vc_col-sm-4 wpb_column column_container vc_column_container col no-extra-padding inherit_tablet inherit_phone\"  data-padding-pos=\"all\" data-has-bg-color=\"false\" data-bg-color=\"\" data-bg-opacity=\"1\" data-animation=\"\" data-delay=\"0\" >\n\t\t<div class=\"vc_column-inner\" >\n\t\t\t<div class=\"wpb_wrapper\">\n\t\t\t\t<div class=\"iwithtext\"><div class=\"iwt-icon\"> <img decoding=\"async\" src=\"https:\/\/cubo.com.tr\/wp-content\/uploads\/2024\/01\/icon_8.png\" alt=\"\" \/> <\/div><div class=\"iwt-text\"> Drying Time<br \/>\n<span style=\"font-size: medium;\">24 Hour<\/span> <\/div><div class=\"clear\"><\/div><\/div><div class=\"iwithtext\"><div class=\"iwt-icon\"> <img decoding=\"async\" src=\"https:\/\/cubo.com.tr\/wp-content\/uploads\/2024\/01\/icon_7.png\" alt=\"\" \/> <\/div><div class=\"iwt-text\"> Recommended Application Apparatus<br \/>\n<span style=\"font-size: medium;\">Rulo, F\u0131r\u00e7a<\/span> <\/div><div class=\"clear\"><\/div><\/div><div class=\"iwithtext\"><div class=\"iwt-icon\"> <img decoding=\"async\" src=\"https:\/\/cubo.com.tr\/wp-content\/uploads\/2024\/01\/tds_icon.png\" alt=\"\" \/> <\/div><div class=\"iwt-text\"> <a href=\"https:\/\/cubo.com.tr\/wp-content\/uploads\/ECHOL-MAT-1.pdf\">TDS<\/a> <\/div><div class=\"clear\"><\/div><\/div><div class=\"iwithtext\"><div class=\"iwt-icon\"> <img decoding=\"async\" src=\"https:\/\/cubo.com.tr\/wp-content\/uploads\/2024\/03\/TSE-ikon-1-1.png\" alt=\"\" \/> <\/div><div class=\"iwt-text\"> <a href=\"https:\/\/cubo.com.tr\/wp-content\/uploads\/TS-5808.pdf\">TSE<\/a> <\/div><div class=\"clear\"><\/div><\/div><div class=\"iwithtext\"><div class=\"iwt-icon\"> <img decoding=\"async\" src=\"https:\/\/cubo.com.tr\/wp-content\/uploads\/2024\/01\/msds_icon.png\" alt=\"\" \/> <\/div><div class=\"iwt-text translation-block\">You can send an e-mail to info@cubo.com.tr for your MSDS request.<\/div><div class=\"clear\"><\/div><\/div>\n\t\t\t<\/div> \n\t\t<\/div>\n\t<\/div> \n\n\t<div  class=\"vc_col-sm-4 wpb_column column_container vc_column_container col no-extra-padding inherit_tablet inherit_phone\"  data-padding-pos=\"all\" data-has-bg-color=\"false\" data-bg-color=\"\" data-bg-opacity=\"1\" data-animation=\"\" data-delay=\"0\" >\n\t\t<div class=\"vc_column-inner\" >\n\t\t\t<div class=\"wpb_wrapper\">\n\t\t\t\t<div class=\"iwithtext\"><div class=\"iwt-icon\"> <img decoding=\"async\" src=\"https:\/\/cubo.com.tr\/wp-content\/uploads\/2024\/01\/icon_6.png\" alt=\"\" \/> <\/div><div class=\"iwt-text\"> Color Chart<br \/>\n<a href=\"https:\/\/cubo.com.tr\/wp-content\/uploads\/2024\/01\/cuboboya_iccephe_renk_kartelasi.pdf\"><span style=\"font-size: medium;\">CUBO Interior Color Chart<\/span><\/a> <\/div><div class=\"clear\"><\/div><\/div><div class=\"img-with-aniamtion-wrap  custom-size\" data-max-width=\"100%\" data-max-width-mobile=\"default\" data-shadow=\"none\" data-animation=\"none\" >\n      <div class=\"inner\">\n        <div class=\"hover-wrap\"> \n          <div class=\"hover-wrap-inner\">\n            <img loading=\"lazy\" decoding=\"async\" class=\"img-with-animation skip-lazy\" data-delay=\"0\" height=\"86\" width=\"300\" data-animation=\"none\" src=\"https:\/\/cubo.com.tr\/wp-content\/uploads\/2024\/04\/Basliksiz-5-300x86.png\" alt=\"\" srcset=\"https:\/\/cubo.com.tr\/wp-content\/uploads\/2024\/04\/Basliksiz-5-300x86.png 300w, https:\/\/cubo.com.tr\/wp-content\/uploads\/2024\/04\/Basliksiz-5.png 497w\" sizes=\"auto, (max-width: 300px) 100vw, 300px\" \/>\n          <\/div>\n        <\/div>\n      <\/div>\n    <\/div>\n<div class=\"wpb_text_column wpb_content_element\" >\n\t<div class=\"wpb_wrapper\">\n\t\t<p>Can be coloring with Boyac\u0131 K\u00fcp\u00fc tinting system.<\/p>\n\t<\/div>\n<\/div>\n\n\n\n\n\t\t\t<\/div> \n\t\t<\/div>\n\t<\/div> \n<\/div><\/div>\n\t\t<div id=\"fws_69ea483ce7c06\"  data-column-margin=\"default\" data-midnight=\"dark\" data-top-percent=\"8%\" data-bottom-percent=\"8%\"  class=\"wpb_row vc_row-fluid vc_row full-width-section\"  style=\"padding-top: calc(100vw * 0.08); padding-bottom: calc(100vw * 0.08); \"><div class=\"row-bg-wrap\" data-bg-animation=\"none\" data-bg-animation-delay=\"\" data-bg-overlay=\"false\"><div class=\"inner-wrap row-bg-layer\" ><div class=\"row-bg viewport-desktop\"  style=\"\"><\/div><\/div><\/div><div class=\"row_col_wrap_12 col span_12 dark left\">\n\t<div  class=\"vc_col-sm-12 wpb_column column_container vc_column_container col no-extra-padding inherit_tablet inherit_phone\"  data-padding-pos=\"all\" data-has-bg-color=\"false\" data-bg-color=\"\" data-bg-opacity=\"1\" data-animation=\"\" data-delay=\"0\" >\n\t\t<div class=\"vc_column-inner\" >\n\t\t\t<div class=\"wpb_wrapper\">\n\t\t\t\t<div class=\"nectar-split-heading\" data-align=\"default\" data-m-align=\"inherit\" data-text-effect=\"default\" data-animation-type=\"line-reveal-by-space\" data-animation-delay=\"0\" data-animation-offset=\"\" data-m-rm-animation=\"\" data-stagger=\"\" data-custom-font-size=\"false\" ><h3 >Other products in the category<\/h3><\/div><div class=\"woocommerce columns-3\">\n\t\t\n\t\t\t\t\t<div class=\"nectar-woo-flickity\" data-wrap=\"no-wrap\" data-drag-scale=\"true\" data-animation=\"fade-in-side\" data-group-columns=\"default\" data-overflow=\"visible\" data-mobile-col-width=\"100%\" data-autorotate=\"\" data-autorotate-speed=\"5000\" data-item-shadow=\"\" data-controls=\"bottom-pagination\">\n\n\t\t\n\t\t\n  <ul class=\"products columns-3\" data-n-lazy=\"off\" data-rm-m-hover=\"off\" data-n-desktop-columns=\"4\" data-n-desktop-small-columns=\"3\" data-n-tablet-columns=\"default\" data-n-phone-columns=\"default\" data-product-style=\"classic\">\n\n\n\n\t\t\t\n\t\t\t\t\n\t<li class=\"classic product type-product post-9256 status-publish first instock product_cat-echol-grubu-urunler product_cat-insaat-boyalari product_cat-insaat-ve-sanayi-boyalari has-post-thumbnail shipping-taxable product-type-simple\" >\n\n\n\t\n\n\t\t\t   <div class=\"product-wrap\">\n\t\t\t<a href=\"https:\/\/cubo.com.tr\/en\/echol-silikonlu-ipek-mat-ic-cephe-boyasi\/\" aria-label=\"ECHOL SILICONE SILK MATT INTERIOR PAINT\"><img loading=\"lazy\" decoding=\"async\" width=\"300\" height=\"300\" src=\"https:\/\/cubo.com.tr\/wp-content\/uploads\/Echol-Silikonlu-Ipek-Mat-1.png\" class=\"attachment-woocommerce_thumbnail size-woocommerce_thumbnail\" alt=\"\" \/><\/a>\n\t\t\t<div class=\"product-add-to-cart\" data-nectar-quickview=\"false\"><a href=\"https:\/\/cubo.com.tr\/en\/echol-silikonlu-ipek-mat-ic-cephe-boyasi\/\" aria-describedby=\"woocommerce_loop_add_to_cart_link_describedby_9256\" data-quantity=\"1\" class=\"button product_type_simple\" data-product_id=\"9256\" data-product_sku=\"\" aria-label=\"Read more about \u201cECHOL S\u0130L\u0130KONLU \u0130PEK MAT\u201d\" rel=\"nofollow\" data-success_message=\"\" data-no-translation=\"\" data-trp-gettext=\"\" data-no-translation-aria-label=\"\">Read more<\/a><span id=\"woocommerce_loop_add_to_cart_link_describedby_9256\" class=\"screen-reader-text\">\n\t<\/span><\/div>\t\t   <\/div>\n\t\t\t\t\n\t  \n\n\t\t<h2 class=\"woocommerce-loop-product__title\">ECHOL SILICONE SILK MATT INTERIOR PAINT<\/h2>\n\n\t\n\n\t\n<\/li>\n\t\t\t\n\t\t\t\t\n\t<li class=\"classic product type-product post-9257 status-publish instock product_cat-echol-grubu-urunler product_cat-insaat-boyalari product_cat-insaat-ve-sanayi-boyalari has-post-thumbnail shipping-taxable product-type-simple\" >\n\n\n\t\n\n\t\t\t   <div class=\"product-wrap\">\n\t\t\t<a href=\"https:\/\/cubo.com.tr\/en\/echol-silikonlu-mat-ic-cephe-boyasi\/\" aria-label=\"ECHOL SILICONE MATT INTERIOR PAINT\"><img loading=\"lazy\" decoding=\"async\" width=\"300\" height=\"300\" src=\"https:\/\/cubo.com.tr\/wp-content\/uploads\/Echol-Silikonlu-Mat-1.png\" class=\"attachment-woocommerce_thumbnail size-woocommerce_thumbnail\" alt=\"\" \/><\/a>\n\t\t\t<div class=\"product-add-to-cart\" data-nectar-quickview=\"false\"><a href=\"https:\/\/cubo.com.tr\/en\/echol-silikonlu-mat-ic-cephe-boyasi\/\" aria-describedby=\"woocommerce_loop_add_to_cart_link_describedby_9257\" data-quantity=\"1\" class=\"button product_type_simple\" data-product_id=\"9257\" data-product_sku=\"\" aria-label=\"Read more about \u201cECHOL S\u0130L\u0130KONLU MAT\u201d\" rel=\"nofollow\" data-success_message=\"\" data-no-translation=\"\" data-trp-gettext=\"\" data-no-translation-aria-label=\"\">Read more<\/a><span id=\"woocommerce_loop_add_to_cart_link_describedby_9257\" class=\"screen-reader-text\">\n\t<\/span><\/div>\t\t   <\/div>\n\t\t\t\t\n\t  \n\n\t\t<h2 class=\"woocommerce-loop-product__title\">ECHOL SILICONE MATT INTERIOR PAINT<\/h2>\n\n\t\n\n\t\n<\/li>\n\t\t\t\n\t\t\t\t\n\t<li class=\"classic product type-product post-9258 status-publish instock product_cat-echol-grubu-urunler product_cat-insaat-boyalari product_cat-insaat-ve-sanayi-boyalari has-post-thumbnail shipping-taxable product-type-simple\" >\n\n\n\t\n\n\t\t\t   <div class=\"product-wrap\">\n\t\t\t<a href=\"https:\/\/cubo.com.tr\/en\/echol-mat-ic-cephe-boyasi\/\" aria-label=\"ECHOL MATT INTERIOR PAINT\"><img loading=\"lazy\" decoding=\"async\" width=\"300\" height=\"300\" src=\"https:\/\/cubo.com.tr\/wp-content\/uploads\/Echol-Mat-1.png\" class=\"attachment-woocommerce_thumbnail size-woocommerce_thumbnail\" alt=\"\" \/><\/a>\n\t\t\t<div class=\"product-add-to-cart\" data-nectar-quickview=\"false\"><a href=\"https:\/\/cubo.com.tr\/en\/echol-mat-ic-cephe-boyasi\/\" aria-describedby=\"woocommerce_loop_add_to_cart_link_describedby_9258\" data-quantity=\"1\" class=\"button product_type_simple\" data-product_id=\"9258\" data-product_sku=\"\" aria-label=\"Read more about \u201cECHOL MAT\u201d\" rel=\"nofollow\" data-success_message=\"\" data-no-translation=\"\" data-trp-gettext=\"\" data-no-translation-aria-label=\"\">Read more<\/a><span id=\"woocommerce_loop_add_to_cart_link_describedby_9258\" class=\"screen-reader-text\">\n\t<\/span><\/div>\t\t   <\/div>\n\t\t\t\t\n\t  \n\n\t\t<h2 class=\"woocommerce-loop-product__title\">ECHOL MATT INTERIOR PAINT<\/h2>\n\n\t\n\n\t\n<\/li>\n\t\t\t\n\t\t\t\t\n\t<li class=\"classic product type-product post-9259 status-publish last instock product_cat-echol-grubu-urunler product_cat-insaat-boyalari product_cat-insaat-ve-sanayi-boyalari has-post-thumbnail shipping-taxable product-type-simple\" >\n\n\n\t\n\n\t\t\t   <div class=\"product-wrap\">\n\t\t\t<a href=\"https:\/\/cubo.com.tr\/en\/echol-silikonlu-dis-cephe-boyasi\/\" aria-label=\"ECHOL S\u0130L\u0130KONLU DI\u015e CEPHE\"><img loading=\"lazy\" decoding=\"async\" width=\"300\" height=\"300\" src=\"https:\/\/cubo.com.tr\/wp-content\/uploads\/Echol-Silikonlu-Dis-Cephe-2.png\" class=\"attachment-woocommerce_thumbnail size-woocommerce_thumbnail\" alt=\"\" \/><\/a>\n\t\t\t<div class=\"product-add-to-cart\" data-nectar-quickview=\"false\"><a href=\"https:\/\/cubo.com.tr\/en\/echol-silikonlu-dis-cephe-boyasi\/\" aria-describedby=\"woocommerce_loop_add_to_cart_link_describedby_9259\" data-quantity=\"1\" class=\"button product_type_simple\" data-product_id=\"9259\" data-product_sku=\"\" aria-label=\"Read more about \u201cECHOL S\u0130L\u0130KONLU DI\u015e CEPHE\u201d\" rel=\"nofollow\" data-success_message=\"\" data-no-translation=\"\" data-trp-gettext=\"\" data-no-translation-aria-label=\"\">Read more<\/a><span id=\"woocommerce_loop_add_to_cart_link_describedby_9259\" class=\"screen-reader-text\">\n\t<\/span><\/div>\t\t   <\/div>\n\t\t\t\t\n\t  \n\n\t\t<h2 class=\"woocommerce-loop-product__title\">ECHOL S\u0130L\u0130KONLU DI\u015e CEPHE<\/h2>\n\n\t\n\n\t\n<\/li>\n\t\t\t\n\t\t\t\t\n\t<li class=\"classic product type-product post-9260 status-publish first instock product_cat-echol-grubu-urunler product_cat-insaat-boyalari product_cat-insaat-ve-sanayi-boyalari has-post-thumbnail shipping-taxable product-type-simple\" >\n\n\n\t\n\n\t\t\t   <div class=\"product-wrap\">\n\t\t\t<a href=\"https:\/\/cubo.com.tr\/en\/echol-silikonlu-ic-dis-astar\/\" aria-label=\"ECHOL S\u0130L\u0130KONLU \u0130\u00c7 &amp; DI\u015e ASTAR\"><img loading=\"lazy\" decoding=\"async\" width=\"300\" height=\"300\" src=\"https:\/\/cubo.com.tr\/wp-content\/uploads\/Echol-Silikonlu-Ic-Dis-Astar-3.png\" class=\"attachment-woocommerce_thumbnail size-woocommerce_thumbnail\" alt=\"\" \/><\/a>\n\t\t\t<div class=\"product-add-to-cart\" data-nectar-quickview=\"false\"><a href=\"https:\/\/cubo.com.tr\/en\/echol-silikonlu-ic-dis-astar\/\" aria-describedby=\"woocommerce_loop_add_to_cart_link_describedby_9260\" data-quantity=\"1\" class=\"button product_type_simple\" data-product_id=\"9260\" data-product_sku=\"\" aria-label=\"Read more about \u201cECHOL S\u0130L\u0130KONLU \u0130\u00c7 &amp; DI\u015e ASTAR\u201d\" rel=\"nofollow\" data-success_message=\"\" data-no-translation=\"\" data-trp-gettext=\"\" data-no-translation-aria-label=\"\">Read more<\/a><span id=\"woocommerce_loop_add_to_cart_link_describedby_9260\" class=\"screen-reader-text\">\n\t<\/span><\/div>\t\t   <\/div>\n\t\t\t\t\n\t  \n\n\t\t<h2 class=\"woocommerce-loop-product__title\">ECHOL SILICONE INTERIOR &amp; EXTERIOR PRIMER<\/h2>\n\n\t\n\n\t\n<\/li>\n\t\t\t\n\t\t<\/ul>\n\n\t\t <\/div> \n\t<\/div>\n\t\t\t<\/div> \n\t\t<\/div>\n\t<\/div> \n<\/div><\/div>","protected":false},"excerpt":{"rendered":"","protected":false},"author":2,"featured_media":0,"parent":0,"menu_order":0,"comment_status":"closed","ping_status":"closed","template":"","meta":{"inline_featured_image":false,"footnotes":"","_links_to":"","_links_to_target":""},"class_list":["post-8467","page","type-page","status-publish"],"_links":{"self":[{"href":"https:\/\/cubo.com.tr\/en\/wp-json\/wp\/v2\/pages\/8467","targetHints":{"allow":["GET"]}}],"collection":[{"href":"https:\/\/cubo.com.tr\/en\/wp-json\/wp\/v2\/pages"}],"about":[{"href":"https:\/\/cubo.com.tr\/en\/wp-json\/wp\/v2\/types\/page"}],"author":[{"embeddable":true,"href":"https:\/\/cubo.com.tr\/en\/wp-json\/wp\/v2\/users\/2"}],"replies":[{"embeddable":true,"href":"https:\/\/cubo.com.tr\/en\/wp-json\/wp\/v2\/comments?post=8467"}],"version-history":[{"count":22,"href":"https:\/\/cubo.com.tr\/en\/wp-json\/wp\/v2\/pages\/8467\/revisions"}],"predecessor-version":[{"id":15202,"href":"https:\/\/cubo.com.tr\/en\/wp-json\/wp\/v2\/pages\/8467\/revisions\/15202"}],"wp:attachment":[{"href":"https:\/\/cubo.com.tr\/en\/wp-json\/wp\/v2\/media?parent=8467"}],"curies":[{"name":"wp","href":"https:\/\/api.w.org\/{rel}","templated":true}]}}