{"id":8918,"date":"2024-01-28T23:51:23","date_gmt":"2024-01-28T20:51:23","guid":{"rendered":"https:\/\/cubo.com.tr\/?page_id=8918"},"modified":"2026-02-05T11:02:56","modified_gmt":"2026-02-05T08:02:56","slug":"cubofix-cta-600s-flex-seramik-yapistirma-harci-c2te","status":"publish","type":"page","link":"https:\/\/cubo.com.tr\/en\/cubofix-cta-600s-flex-seramik-yapistirma-harci-c2te\/","title":{"rendered":"CUBOFIX CTA-600S FLEX CERAMIC ADHESIVE MORTAR - C2TE"},"content":{"rendered":"<div id=\"home\"  data-column-margin=\"default\" data-midnight=\"dark\"  class=\"wpb_row vc_row-fluid vc_row vc_row-o-equal-height vc_row-flex vc_row-o-content-middle  top_padding_tablet_8pct bottom_padding_tablet_8pct\"  style=\"padding-top: 0px; padding-bottom: 0px; \"><div class=\"row-bg-wrap\" data-bg-animation=\"none\" data-bg-animation-delay=\"\" data-bg-overlay=\"false\"><div class=\"inner-wrap row-bg-layer\" ><div class=\"row-bg viewport-desktop using-bg-color\"  style=\"background-color: #ffffff; \"><\/div><\/div><\/div><div class=\"row_col_wrap_12 col span_12 dark left\">\n\t<div  class=\"vc_col-sm-2\/5 vc_col-xs-12 wpb_column column_container vc_column_container col no-extra-padding right_margin_tablet_auto right_margin_phone_auto left_margin_tablet_auto left_margin_phone_auto inherit_tablet inherit_phone max_width_tablet_600px max_width_phone_420px\"  data-padding-pos=\"all\" data-has-bg-color=\"false\" data-bg-color=\"\" data-bg-opacity=\"1\" data-animation=\"\" data-delay=\"0\" >\n\t\t<div class=\"vc_column-inner\" >\n\t\t\t<div class=\"wpb_wrapper\">\n\t\t\t\t<div class=\"img-with-aniamtion-wrap\" data-max-width=\"100%\" data-max-width-mobile=\"default\" data-shadow=\"none\" data-animation=\"none\" >\n      <div class=\"inner\">\n        <div class=\"hover-wrap\"> \n          <div class=\"hover-wrap-inner\">\n            <img loading=\"lazy\" decoding=\"async\" class=\"img-with-animation skip-lazy\" data-delay=\"0\" height=\"1181\" width=\"1181\" data-animation=\"none\" src=\"https:\/\/cubo.com.tr\/wp-content\/uploads\/CuboFix-CTA-600S-Seramik-Flex-Yapistirma-Harci.png\" alt=\"\"  \/>\n          <\/div>\n        <\/div>\n      <\/div>\n    <\/div>\n\t\t\t<\/div> \n\t\t<\/div>\n\t<\/div> \n\n\t<div style=\"z-index: 100; \" class=\"vc_col-sm-3\/5 vc_col-xs-12 wpb_column column_container vc_column_container col padding-7-percent max_width_desktop_1000px top_margin_tablet_40px right_margin_tablet_auto right_margin_phone_auto left_margin_tablet_auto left_margin_phone_auto no-extra-padding_tablet no-extra-padding_phone max_width_tablet_600px max_width_phone_420px\"  data-padding-pos=\"left-right\" data-has-bg-color=\"false\" data-bg-color=\"\" data-bg-opacity=\"1\" data-animation=\"\" data-delay=\"0\" >\n\t\t<div class=\"vc_column-inner\" >\n\t\t\t<div class=\"wpb_wrapper\">\n\t\t\t\t<div class=\"divider-wrap\" data-alignment=\"default\"><div style=\"height: 50px;\" class=\"divider\"><\/div><\/div><div id=\"fws_69e8ff7985169\" data-midnight=\"\" data-column-margin=\"40px\" class=\"wpb_row vc_row-fluid vc_row inner_row\"  style=\"\"><div class=\"row-bg-wrap\"> <div class=\"row-bg\" ><\/div> <\/div><div class=\"row_col_wrap_12_inner col span_12  left\">\n\t<div  class=\"vc_col-sm-12 wpb_column column_container vc_column_container col child_column has-animation no-extra-padding inherit_tablet inherit_phone\"   data-padding-pos=\"all\" data-has-bg-color=\"false\" data-bg-color=\"\" data-bg-opacity=\"1\" data-animation=\"fade-in-from-bottom\" data-delay=\"0\" >\n\t\t<div class=\"vc_column-inner\" >\n\t\t<div class=\"wpb_wrapper\">\n\t\t\t\n<div class=\"wpb_text_column wpb_content_element  vc_custom_1712143929379\" >\n\t<div class=\"wpb_wrapper\">\n\t\t<h2>CUBOFIX CTA-600S FLEX CERAMIC ADHESIVE MORTAR - C2TE<\/h2>\n\t<\/div>\n<\/div>\n\n\n\n<div class=\"nectar-split-heading  font_size_&#8221;0-9vw&#8221;\" data-align=\"&#8221;default&#8221;\" data-m-align=\"&#8221;inherit&#8221;\" data-text-effect=\"&#8221;default&#8221;\" data-animation-type=\"&#8221;line-reveal-by-space&#8221;\" data-animation-delay=\"0\" data-animation-offset=\"\" data-m-rm-animation=\"\" data-stagger=\"\" data-custom-font-size=\"true\" style=\"font-size: 0vw; line-height: 0vw;\"><\/div><p style=\"font-size: 20px;color: #4e4e4e;line-height: 2em;text-align: left\" class=\"vc_custom_heading vc_do_custom_heading\" >Cement-based, polymer-added, single-component, tile, ceramic, granite and marble adhesive mortar with max. 60x60 cm dimensions, developed to be used indoors and outdoors with very high strength and adhesion, long working time, reduced slipping and increased flexibility.<\/p>\n\t\t<\/div> \n\t<\/div>\n\t<\/div> \n<\/div><\/div><div id=\"fws_69e8ff7986718\" data-midnight=\"\" data-column-margin=\"default\" class=\"wpb_row vc_row-fluid vc_row inner_row  bottom_padding_tablet_40px bottom_padding_phone_40px\"  style=\"\"><div class=\"row-bg-wrap\"> <div class=\"row-bg\" ><\/div> <\/div><div class=\"row_col_wrap_12_inner col span_12  left\">\n\t<div  class=\"vc_col-sm-12 wpb_column column_container vc_column_container col child_column has-animation no-extra-padding inherit_tablet inherit_phone\"   data-padding-pos=\"all\" data-has-bg-color=\"false\" data-bg-color=\"\" data-bg-opacity=\"1\" data-animation=\"fade-in-from-bottom\" data-delay=\"0\" >\n\t\t<div class=\"vc_column-inner\" >\n\t\t<div class=\"wpb_wrapper\">\n\t\t\t<div class=\"iwithtext\"><div class=\"iwt-icon\"> <img decoding=\"async\" src=\"https:\/\/cubo.com.tr\/wp-content\/uploads\/2024\/01\/icon_4.png\" alt=\"\" \/> <\/div><div class=\"iwt-text\"> <span style=\"color: #2e2e2e;\">Gray or White Powder<\/span> <\/div><div class=\"clear\"><\/div><\/div><div class=\"iwithtext\"><div class=\"iwt-icon\"> <img decoding=\"async\" src=\"https:\/\/cubo.com.tr\/wp-content\/uploads\/2024\/02\/liste_icon.png\" alt=\"\" \/> <\/div><div class=\"iwt-text\"> <span style=\"color: #2e2e2e;\">C2TE<\/span> <\/div><div class=\"clear\"><\/div><\/div><div class=\"iwithtext\"><div class=\"iwt-icon\"> <img decoding=\"async\" src=\"https:\/\/cubo.com.tr\/wp-content\/uploads\/2024\/01\/packageNewIcon.png\" alt=\"\" \/> <\/div><div class=\"iwt-text\"> 25 kg <\/div><div class=\"clear\"><\/div><\/div>\n\t\t<\/div> \n\t<\/div>\n\t<\/div> \n<\/div><\/div>\n\t\t\t<\/div> \n\t\t<\/div>\n\t<\/div> \n<\/div><\/div>\n\t\t<div id=\"fws_69e8ff7988254\"  data-column-margin=\"default\" data-midnight=\"dark\"  class=\"wpb_row vc_row-fluid vc_row\"  style=\"padding-top: 0px; padding-bottom: 0px; \"><div class=\"row-bg-wrap\" data-bg-animation=\"none\" data-bg-animation-delay=\"\" data-bg-overlay=\"false\"><div class=\"inner-wrap row-bg-layer\" ><div class=\"row-bg viewport-desktop\"  style=\"\"><\/div><\/div><\/div><div class=\"row_col_wrap_12 col span_12 dark left\">\n\t<div  class=\"vc_col-sm-12 wpb_column column_container vc_column_container col no-extra-padding inherit_tablet inherit_phone\"  data-padding-pos=\"all\" data-has-bg-color=\"false\" data-bg-color=\"\" data-bg-opacity=\"1\" data-animation=\"\" data-delay=\"0\" >\n\t\t<div class=\"vc_column-inner\" >\n\t\t\t<div class=\"wpb_wrapper\">\n\t\t\t\t<div class=\"divider-wrap\" data-alignment=\"default\"><div style=\"height: 50px;\" class=\"divider\"><\/div><\/div><div class=\"nectar-split-heading\" data-align=\"default\" data-m-align=\"inherit\" data-text-effect=\"default\" data-animation-type=\"line-reveal-by-space\" data-animation-delay=\"0\" data-animation-offset=\"\" data-m-rm-animation=\"\" data-stagger=\"\" data-custom-font-size=\"false\" ><h3 >Surface Preparation and Application<\/h3><\/div>\n\t\t\t<\/div> \n\t\t<\/div>\n\t<\/div> \n<\/div><\/div>\n\t\t<div id=\"fws_69e8ff798950f\"  data-column-margin=\"default\" data-midnight=\"dark\"  class=\"wpb_row vc_row-fluid vc_row\"  style=\"padding-top: 0px; padding-bottom: 0px; \"><div class=\"row-bg-wrap\" data-bg-animation=\"none\" data-bg-animation-delay=\"\" data-bg-overlay=\"false\"><div class=\"inner-wrap row-bg-layer\" ><div class=\"row-bg viewport-desktop\"  style=\"\"><\/div><\/div><\/div><div class=\"row_col_wrap_12 col span_12 dark left\">\n\t<div  class=\"vc_col-sm-4 wpb_column column_container vc_column_container col no-extra-padding inherit_tablet inherit_phone\"  data-padding-pos=\"all\" data-has-bg-color=\"false\" data-bg-color=\"\" data-bg-opacity=\"1\" data-animation=\"\" data-delay=\"0\" >\n\t\t<div class=\"vc_column-inner\" >\n\t\t\t<div class=\"wpb_wrapper\">\n\t\t\t\t<div class=\"iwithtext\"><div class=\"iwt-icon\"> <img decoding=\"async\" src=\"https:\/\/cubo.com.tr\/wp-content\/uploads\/2024\/01\/icon_9.png\" alt=\"\" \/> <\/div><div class=\"iwt-text\"> <span style=\"color: #2e2e2e;\">Thinning Rate<\/span><br \/>\n<span style=\"font-size: medium; color: #4e4e4e;\">6 &#8211; 7 L<\/span> <\/div><div class=\"clear\"><\/div><\/div><div class=\"iwithtext\"><div class=\"iwt-icon\"> <img decoding=\"async\" src=\"https:\/\/cubo.com.tr\/wp-content\/uploads\/2024\/01\/icon_10.png\" alt=\"\" \/> <\/div><div class=\"iwt-text\"> <span style=\"color: #2e2e2e;\">Consumption (in 1 coat)<\/span><br \/>\n<span style=\"font-size: medium;\"><span style=\"color: #4e4e4e;\">3-5 kg\/m\u00b2<\/span><\/span> <\/div><div class=\"clear\"><\/div><\/div>\n\t\t\t<\/div> \n\t\t<\/div>\n\t<\/div> \n\n\t<div  class=\"vc_col-sm-4 wpb_column column_container vc_column_container col no-extra-padding inherit_tablet inherit_phone\"  data-padding-pos=\"all\" data-has-bg-color=\"false\" data-bg-color=\"\" data-bg-opacity=\"1\" data-animation=\"\" data-delay=\"0\" >\n\t\t<div class=\"vc_column-inner\" >\n\t\t\t<div class=\"wpb_wrapper\">\n\t\t\t\t<div class=\"iwithtext\"><div class=\"iwt-icon\"> <img decoding=\"async\" src=\"https:\/\/cubo.com.tr\/wp-content\/uploads\/2024\/01\/icon_8.png\" alt=\"\" \/> <\/div><div class=\"iwt-text\"> Drying Time<br \/>\n<span style=\"font-size: medium;\">24 hours on floor - 8 hours on wall<\/span> <\/div><div class=\"clear\"><\/div><\/div><div class=\"iwithtext\"><div class=\"iwt-icon\"> <img decoding=\"async\" src=\"https:\/\/cubo.com.tr\/wp-content\/uploads\/2024\/02\/mala_icon.png\" alt=\"\" \/> <\/div><div class=\"iwt-text\"> Recommended Application Apparatus<br \/>\n<span style=\"font-size: medium;\">Trowel, Notched trowel<\/span> <\/div><div class=\"clear\"><\/div><\/div><div class=\"iwithtext\"><div class=\"iwt-icon\"> <img decoding=\"async\" src=\"https:\/\/cubo.com.tr\/wp-content\/uploads\/2024\/01\/tds_icon.png\" alt=\"\" \/> <\/div><div class=\"iwt-text\"> <a href=\"https:\/\/cubo.com.tr\/wp-content\/uploads\/CUBOFIX-CTA-600S-Seramik-Flex-Yapistirma-Harci-C2TE.pdf\">TDS<\/a> <\/div><div class=\"clear\"><\/div><\/div><div class=\"iwithtext\"><div class=\"iwt-icon\"> <img decoding=\"async\" src=\"https:\/\/cubo.com.tr\/wp-content\/uploads\/2024\/03\/TSE-ikon-1-1.png\" alt=\"\" \/> <\/div><div class=\"iwt-text\"> <a href=\"https:\/\/cubo.com.tr\/wp-content\/uploads\/TSE-12004-1-03-TSE-12004-1-SERAMIK-YAPISTIRMA-HARCI-.pdf\">TSE<\/a> <\/div><div class=\"clear\"><\/div><\/div><div class=\"iwithtext\"><div class=\"iwt-icon\"> <img decoding=\"async\" src=\"https:\/\/cubo.com.tr\/wp-content\/uploads\/2024\/01\/msds_icon.png\" alt=\"\" \/> <\/div><div class=\"iwt-text translation-block\">You can send an e-mail to info@cubo.com.tr for your MSDS request.<\/div><div class=\"clear\"><\/div><\/div>\n\t\t\t<\/div> \n\t\t<\/div>\n\t<\/div> \n\n\t<div  class=\"vc_col-sm-4 wpb_column column_container vc_column_container col no-extra-padding inherit_tablet inherit_phone\"  data-padding-pos=\"all\" data-has-bg-color=\"false\" data-bg-color=\"\" data-bg-opacity=\"1\" data-animation=\"\" data-delay=\"0\" >\n\t\t<div class=\"vc_column-inner\" >\n\t\t\t<div class=\"wpb_wrapper\">\n\t\t\t\t\n\t\t\t<\/div> \n\t\t<\/div>\n\t<\/div> \n<\/div><\/div>\n\t\t<div id=\"fws_69e8ff798c5e9\"  data-column-margin=\"default\" data-midnight=\"dark\" data-top-percent=\"8%\" data-bottom-percent=\"8%\"  class=\"wpb_row vc_row-fluid vc_row full-width-section\"  style=\"padding-top: calc(100vw * 0.08); padding-bottom: calc(100vw * 0.08); \"><div class=\"row-bg-wrap\" data-bg-animation=\"none\" data-bg-animation-delay=\"\" data-bg-overlay=\"false\"><div class=\"inner-wrap row-bg-layer\" ><div class=\"row-bg viewport-desktop\"  style=\"\"><\/div><\/div><\/div><div class=\"row_col_wrap_12 col span_12 dark left\">\n\t<div  class=\"vc_col-sm-12 wpb_column column_container vc_column_container col no-extra-padding inherit_tablet inherit_phone\"  data-padding-pos=\"all\" data-has-bg-color=\"false\" data-bg-color=\"\" data-bg-opacity=\"1\" data-animation=\"\" data-delay=\"0\" >\n\t\t<div class=\"vc_column-inner\" >\n\t\t\t<div class=\"wpb_wrapper\">\n\t\t\t\t<div class=\"nectar-split-heading\" data-align=\"default\" data-m-align=\"inherit\" data-text-effect=\"default\" data-animation-type=\"line-reveal-by-space\" data-animation-delay=\"0\" data-animation-offset=\"\" data-m-rm-animation=\"\" data-stagger=\"\" data-custom-font-size=\"false\" ><h3 >Other products in the category<\/h3><\/div><div class=\"woocommerce columns-3\">\n\t\t\n\t\t\t\t\t<div class=\"nectar-woo-flickity\" data-wrap=\"no-wrap\" data-drag-scale=\"true\" data-animation=\"fade-in-side\" data-group-columns=\"default\" data-overflow=\"visible\" data-mobile-col-width=\"100%\" data-autorotate=\"\" data-autorotate-speed=\"5000\" data-item-shadow=\"\" data-controls=\"bottom-pagination\">\n\n\t\t\n\t\t\n  <ul class=\"products columns-3\" data-n-lazy=\"off\" data-rm-m-hover=\"off\" data-n-desktop-columns=\"4\" data-n-desktop-small-columns=\"3\" data-n-tablet-columns=\"default\" data-n-phone-columns=\"default\" data-product-style=\"classic\">\n\n\n\n\t\t\t\n\t\t\t\t\n\t<li class=\"classic product type-product post-9322 status-publish first instock product_cat-cimento-esasli-yapistirici-ve-derz-dolgular product_cat-cubo-build-yapi-sistemleri product_cat-seramik-yapistirici-ve-derz-dolgular has-post-thumbnail shipping-taxable product-type-simple\" >\n\n\n\t\n\n\t\t\t   <div class=\"product-wrap\">\n\t\t\t<a href=\"https:\/\/cubo.com.tr\/en\/cubofix-cta-600h-havuz-seramik-yapistirima-harci-c2te\/\" aria-label=\"CUBOFIX CTA-600H HAVUZ SERAM\u0130K YAPI\u015eTIRIMA HARCI - C2TE\"><img loading=\"lazy\" decoding=\"async\" width=\"300\" height=\"300\" src=\"https:\/\/cubo.com.tr\/wp-content\/uploads\/CuboFix-CTA-600H-Havuz-Seramik-Yapistirma-Harci.png\" class=\"attachment-woocommerce_thumbnail size-woocommerce_thumbnail\" alt=\"\" \/><\/a>\n\t\t\t<div class=\"product-add-to-cart\" data-nectar-quickview=\"false\"><a href=\"https:\/\/cubo.com.tr\/en\/cubofix-cta-600h-havuz-seramik-yapistirima-harci-c2te\/\" aria-describedby=\"woocommerce_loop_add_to_cart_link_describedby_9322\" data-quantity=\"1\" class=\"button product_type_simple\" data-product_id=\"9322\" data-product_sku=\"\" aria-label=\"Read more about \u201cCUBOFIX CTA-600H HAVUZ SERAM\u0130K YAPI\u015eTIRIMA HARCI - C2TE\u201d\" rel=\"nofollow\" data-success_message=\"\" data-no-translation=\"\" data-trp-gettext=\"\" data-no-translation-aria-label=\"\">Read more<\/a><span id=\"woocommerce_loop_add_to_cart_link_describedby_9322\" class=\"screen-reader-text\">\n\t<\/span><\/div>\t\t   <\/div>\n\t\t\t\t\n\t  \n\n\t\t<h2 class=\"woocommerce-loop-product__title\">CUBOFIX CTA-600H HAVUZ SERAM\u0130K YAPI\u015eTIRIMA HARCI &#8211; C2TE<\/h2>\n\n\t\n\n\t\n<\/li>\n\t\t\t\n\t\t\t\t\n\t<li class=\"classic product type-product post-9330 status-publish instock product_cat-cimento-esasli-yapistirici-ve-derz-dolgular product_cat-cubo-build-yapi-sistemleri product_cat-seramik-yapistirici-ve-derz-dolgular has-post-thumbnail shipping-taxable product-type-simple\" >\n\n\n\t\n\n\t\t\t   <div class=\"product-wrap\">\n\t\t\t<a href=\"https:\/\/cubo.com.tr\/en\/cubofix-cdd-s700-silikonlu-flex-derz-dolgu-3-10-mm\/\" aria-label=\"CUBOFIX CDD-S700 S\u0130L\u0130KONLU FLEX DERZ DOLGU 3-10 MM - CG2WA\"><img loading=\"lazy\" decoding=\"async\" width=\"300\" height=\"300\" src=\"https:\/\/cubo.com.tr\/wp-content\/uploads\/CuboFix-CDD-S700-Silikonlu-Flex-Derz-Dolgu-20kg.png\" class=\"attachment-woocommerce_thumbnail size-woocommerce_thumbnail\" alt=\"\" \/><\/a>\n\t\t\t<div class=\"product-add-to-cart\" data-nectar-quickview=\"false\"><a href=\"https:\/\/cubo.com.tr\/en\/cubofix-cdd-s700-silikonlu-flex-derz-dolgu-3-10-mm\/\" aria-describedby=\"woocommerce_loop_add_to_cart_link_describedby_9330\" data-quantity=\"1\" class=\"button product_type_simple\" data-product_id=\"9330\" data-product_sku=\"\" aria-label=\"Read more about \u201cCUBOFIX CDD-S700 S\u0130L\u0130KONLU FLEX DERZ DOLGU 3-10 MM - CG2WA\u201d\" rel=\"nofollow\" data-success_message=\"\" data-no-translation=\"\" data-trp-gettext=\"\" data-no-translation-aria-label=\"\">Read more<\/a><span id=\"woocommerce_loop_add_to_cart_link_describedby_9330\" class=\"screen-reader-text\">\n\t<\/span><\/div>\t\t   <\/div>\n\t\t\t\t\n\t  \n\n\t\t<h2 class=\"woocommerce-loop-product__title\">CUBOFIX CDD-S700 SILICONE FLEX JOINT FILLER 3-10 MM \u2013 CG2WA<\/h2>\n\n\t\n\n\t\n<\/li>\n\t\t\t\n\t\t\t\t\n\t<li class=\"classic product type-product post-9331 status-publish instock product_cat-cimento-esasli-yapistirici-ve-derz-dolgular product_cat-cubo-build-yapi-sistemleri product_cat-seramik-yapistirici-ve-derz-dolgular has-post-thumbnail shipping-taxable product-type-simple\" >\n\n\n\t\n\n\t\t\t   <div class=\"product-wrap\">\n\t\t\t<a href=\"https:\/\/cubo.com.tr\/en\/cubo-fix-ultra-primer-seramik-ustu-astar\/\" aria-label=\"CUBOFIX CTP-001 ULTRA PRIMER (Primer on Ceramic)\"><img loading=\"lazy\" decoding=\"async\" width=\"300\" height=\"300\" src=\"https:\/\/cubo.com.tr\/wp-content\/uploads\/CuboFix-CTP-001-Ultra-Primer.png\" class=\"attachment-woocommerce_thumbnail size-woocommerce_thumbnail\" alt=\"\" \/><\/a>\n\t\t\t<div class=\"product-add-to-cart\" data-nectar-quickview=\"false\"><a href=\"https:\/\/cubo.com.tr\/en\/cubo-fix-ultra-primer-seramik-ustu-astar\/\" aria-describedby=\"woocommerce_loop_add_to_cart_link_describedby_9331\" data-quantity=\"1\" class=\"button product_type_simple\" data-product_id=\"9331\" data-product_sku=\"\" aria-label=\"Read more about \u201cCUBOFIX CTP-001 ULTRA PRIMER SERAM\u0130K \u00dcST\u00dc ASTAR\u201d\" rel=\"nofollow\" data-success_message=\"\" data-no-translation=\"\" data-trp-gettext=\"\" data-no-translation-aria-label=\"\">Read more<\/a><span id=\"woocommerce_loop_add_to_cart_link_describedby_9331\" class=\"screen-reader-text\">\n\t<\/span><\/div>\t\t   <\/div>\n\t\t\t\t\n\t  \n\n\t\t<h2 class=\"woocommerce-loop-product__title\">CUBOFIX CTP-001 ULTRA PRIMER (Primer on Ceramic)<\/h2>\n\n\t\n\n\t\n<\/li>\n\t\t\t\n\t\t\t\t\n\t<li class=\"classic product type-product post-9329 status-publish last instock product_cat-cimento-esasli-yapistirici-ve-derz-dolgular product_cat-cubo-build-yapi-sistemleri product_cat-seramik-yapistirici-ve-derz-dolgular has-post-thumbnail shipping-taxable product-type-simple\" >\n\n\n\t\n\n\t\t\t   <div class=\"product-wrap\">\n\t\t\t<a href=\"https:\/\/cubo.com.tr\/en\/cubofix-cdd-600-derz-dolgu-1-6-mm\/\" aria-label=\"CUBOFIX CDD-600 DERZ DOLGU 1-6 MM - CG2A\"><img loading=\"lazy\" decoding=\"async\" width=\"300\" height=\"300\" src=\"https:\/\/cubo.com.tr\/wp-content\/uploads\/CuboFix-CDD-600-Derz-Dolgu-20kg.png\" class=\"attachment-woocommerce_thumbnail size-woocommerce_thumbnail\" alt=\"\" \/><\/a>\n\t\t\t<div class=\"product-add-to-cart\" data-nectar-quickview=\"false\"><a href=\"https:\/\/cubo.com.tr\/en\/cubofix-cdd-600-derz-dolgu-1-6-mm\/\" aria-describedby=\"woocommerce_loop_add_to_cart_link_describedby_9329\" data-quantity=\"1\" class=\"button product_type_simple\" data-product_id=\"9329\" data-product_sku=\"\" aria-label=\"Read more about \u201cCUBOFIX CDD-600 DERZ DOLGU 1-6 MM - CG2A\u201d\" rel=\"nofollow\" data-success_message=\"\" data-no-translation=\"\" data-trp-gettext=\"\" data-no-translation-aria-label=\"\">Read more<\/a><span id=\"woocommerce_loop_add_to_cart_link_describedby_9329\" class=\"screen-reader-text\">\n\t<\/span><\/div>\t\t   <\/div>\n\t\t\t\t\n\t  \n\n\t\t<h2 class=\"woocommerce-loop-product__title\">CUBOFIX CDD-600 JOINT FILLER 1-6 MM- CG2A<\/h2>\n\n\t\n\n\t\n<\/li>\n\t\t\t\n\t\t\t\t\n\t<li class=\"classic product type-product post-9328 status-publish first instock product_cat-cimento-esasli-yapistirici-ve-derz-dolgular product_cat-cubo-build-yapi-sistemleri product_cat-seramik-yapistirici-ve-derz-dolgular has-post-thumbnail shipping-taxable product-type-simple\" >\n\n\n\t\n\n\t\t\t   <div class=\"product-wrap\">\n\t\t\t<a href=\"https:\/\/cubo.com.tr\/en\/cubofix-cmk-100-mahya-kiremidi-yapistirma-harci\/\" aria-label=\"CUBOFIX CMK-100 RIDGE TILE ADHESIVE MORTAR\"><img loading=\"lazy\" decoding=\"async\" width=\"300\" height=\"300\" src=\"https:\/\/cubo.com.tr\/wp-content\/uploads\/CuboFix-CMK-100-Mahya-Kiremidi-Yapistirma-Harci.png\" class=\"attachment-woocommerce_thumbnail size-woocommerce_thumbnail\" alt=\"\" \/><\/a>\n\t\t\t<div class=\"product-add-to-cart\" data-nectar-quickview=\"false\"><a href=\"https:\/\/cubo.com.tr\/en\/cubofix-cmk-100-mahya-kiremidi-yapistirma-harci\/\" aria-describedby=\"woocommerce_loop_add_to_cart_link_describedby_9328\" data-quantity=\"1\" class=\"button product_type_simple\" data-product_id=\"9328\" data-product_sku=\"\" aria-label=\"Read more about \u201cCUBOFIX CMK-100 MAHYA K\u0130REM\u0130D\u0130 YAPI\u015eTIRMA HARCI\u201d\" rel=\"nofollow\" data-success_message=\"\" data-no-translation=\"\" data-trp-gettext=\"\" data-no-translation-aria-label=\"\">Read more<\/a><span id=\"woocommerce_loop_add_to_cart_link_describedby_9328\" class=\"screen-reader-text\">\n\t<\/span><\/div>\t\t   <\/div>\n\t\t\t\t\n\t  \n\n\t\t<h2 class=\"woocommerce-loop-product__title\">CUBOFIX CMK-100 RIDGE TILE ADHESIVE MORTAR<\/h2>\n\n\t\n\n\t\n<\/li>\n\t\t\t\n\t\t\t\t\n\t<li class=\"classic product type-product post-9327 status-publish instock product_cat-cimento-esasli-yapistirici-ve-derz-dolgular product_cat-cubo-build-yapi-sistemleri product_cat-seramik-yapistirici-ve-derz-dolgular has-post-thumbnail shipping-taxable product-type-simple\" >\n\n\n\t\n\n\t\t\t   <div class=\"product-wrap\">\n\t\t\t<a href=\"https:\/\/cubo.com.tr\/en\/cubofix-cgb-100-gaz-beton-orgu-harci\/\" aria-label=\"CUBOFIX CGB-100 GAS CONCRETE MORTAR\"><img loading=\"lazy\" decoding=\"async\" width=\"300\" height=\"300\" src=\"https:\/\/cubo.com.tr\/wp-content\/uploads\/CuboFix-CGB-100-Gazbeton-Orgu-Harci.png\" class=\"attachment-woocommerce_thumbnail size-woocommerce_thumbnail\" alt=\"\" \/><\/a>\n\t\t\t<div class=\"product-add-to-cart\" data-nectar-quickview=\"false\"><a href=\"https:\/\/cubo.com.tr\/en\/cubofix-cgb-100-gaz-beton-orgu-harci\/\" aria-describedby=\"woocommerce_loop_add_to_cart_link_describedby_9327\" data-quantity=\"1\" class=\"button product_type_simple\" data-product_id=\"9327\" data-product_sku=\"\" aria-label=\"Read more about \u201cCUBOFIX CGB-100 GAZ BETON \u00d6RG\u00dc HARCI\u201d\" rel=\"nofollow\" data-success_message=\"\" data-no-translation=\"\" data-trp-gettext=\"\" data-no-translation-aria-label=\"\">Read more<\/a><span id=\"woocommerce_loop_add_to_cart_link_describedby_9327\" class=\"screen-reader-text\">\n\t<\/span><\/div>\t\t   <\/div>\n\t\t\t\t\n\t  \n\n\t\t<h2 class=\"woocommerce-loop-product__title\">CUBOFIX CGB-100 GAS CONCRETE MORTAR<\/h2>\n\n\t\n\n\t\n<\/li>\n\t\t\t\n\t\t\t\t\n\t<li class=\"classic product type-product post-9326 status-publish instock product_cat-cimento-esasli-yapistirici-ve-derz-dolgular product_cat-cubo-build-yapi-sistemleri product_cat-seramik-yapistirici-ve-derz-dolgular has-post-thumbnail shipping-taxable product-type-simple\" >\n\n\n\t\n\n\t\t\t   <div class=\"product-wrap\">\n\t\t\t<a href=\"https:\/\/cubo.com.tr\/en\/cubofix-ctb-100-tugla-ve-bims-yapistirma-harci\/\" aria-label=\"CUBOFIX CTB-100 BRICK AND BIMS ADHESIVE MORTAR\"><img loading=\"lazy\" decoding=\"async\" width=\"300\" height=\"300\" src=\"https:\/\/cubo.com.tr\/wp-content\/uploads\/CuboFix-CTB-100-Tugla-ve-Bims-Tugla-Yapistirma-Harci.png\" class=\"attachment-woocommerce_thumbnail size-woocommerce_thumbnail\" alt=\"\" \/><\/a>\n\t\t\t<div class=\"product-add-to-cart\" data-nectar-quickview=\"false\"><a href=\"https:\/\/cubo.com.tr\/en\/cubofix-ctb-100-tugla-ve-bims-yapistirma-harci\/\" aria-describedby=\"woocommerce_loop_add_to_cart_link_describedby_9326\" data-quantity=\"1\" class=\"button product_type_simple\" data-product_id=\"9326\" data-product_sku=\"\" aria-label=\"Read more about \u201cCUBOFIX CTB-100 TU\u011eLA VE B\u0130MS YAPI\u015eTIRMA HARCI\u201d\" rel=\"nofollow\" data-success_message=\"\" data-no-translation=\"\" data-trp-gettext=\"\" data-no-translation-aria-label=\"\">Read more<\/a><span id=\"woocommerce_loop_add_to_cart_link_describedby_9326\" class=\"screen-reader-text\">\n\t<\/span><\/div>\t\t   <\/div>\n\t\t\t\t\n\t  \n\n\t\t<h2 class=\"woocommerce-loop-product__title\">CUBOFIX CTB-100 BRICK AND BIMS ADHESIVE MORTAR<\/h2>\n\n\t\n\n\t\n<\/li>\n\t\t\t\n\t\t\t\t\n\t<li class=\"classic product type-product post-9325 status-publish last instock product_cat-cimento-esasli-yapistirici-ve-derz-dolgular product_cat-cubo-build-yapi-sistemleri product_cat-seramik-yapistirici-ve-derz-dolgular has-post-thumbnail shipping-taxable product-type-simple\" >\n\n\n\t\n\n\t\t\t   <div class=\"product-wrap\">\n\t\t\t<a href=\"https:\/\/cubo.com.tr\/en\/cubofix-cta-900gm-granit-mermer-flex-yapistirma-harci-c2tes2\/\" aria-label=\"CUBOFIX CTA-900GM GRAN\u0130T &amp; MERMER FLEX YAPI\u015eTIRMA HARCI - C2TES2\"><img loading=\"lazy\" decoding=\"async\" width=\"300\" height=\"300\" src=\"https:\/\/cubo.com.tr\/wp-content\/uploads\/CuboFix-CTA-900GM-GranitMermer-Flex-Yapistirma-Harci.png\" class=\"attachment-woocommerce_thumbnail size-woocommerce_thumbnail\" alt=\"\" \/><\/a>\n\t\t\t<div class=\"product-add-to-cart\" data-nectar-quickview=\"false\"><a href=\"https:\/\/cubo.com.tr\/en\/cubofix-cta-900gm-granit-mermer-flex-yapistirma-harci-c2tes2\/\" aria-describedby=\"woocommerce_loop_add_to_cart_link_describedby_9325\" data-quantity=\"1\" class=\"button product_type_simple\" data-product_id=\"9325\" data-product_sku=\"\" aria-label=\"Read more about \u201cCUBOFIX CTA-900GM GRAN\u0130T &amp; MERMER FLEX YAPI\u015eTIRMA HARCI - C2TES2\u201d\" rel=\"nofollow\" data-success_message=\"\" data-no-translation=\"\" data-trp-gettext=\"\" data-no-translation-aria-label=\"\">Read more<\/a><span id=\"woocommerce_loop_add_to_cart_link_describedby_9325\" class=\"screen-reader-text\">\n\t<\/span><\/div>\t\t   <\/div>\n\t\t\t\t\n\t  \n\n\t\t<h2 class=\"woocommerce-loop-product__title\">CUBOFIX CTA-900GM GRANITE &amp; MARBLE FLEX ADHESIVE MORTAR - C2TES2<\/h2>\n\n\t\n\n\t\n<\/li>\n\t\t\t\n\t\t<\/ul>\n\n\t\t <\/div> \n\t<\/div>\n\t\t\t<\/div> \n\t\t<\/div>\n\t<\/div> \n<\/div><\/div>","protected":false},"excerpt":{"rendered":"","protected":false},"author":2,"featured_media":0,"parent":0,"menu_order":0,"comment_status":"closed","ping_status":"closed","template":"","meta":{"inline_featured_image":false,"footnotes":"","_links_to":"","_links_to_target":""},"class_list":["post-8918","page","type-page","status-publish"],"_links":{"self":[{"href":"https:\/\/cubo.com.tr\/en\/wp-json\/wp\/v2\/pages\/8918","targetHints":{"allow":["GET"]}}],"collection":[{"href":"https:\/\/cubo.com.tr\/en\/wp-json\/wp\/v2\/pages"}],"about":[{"href":"https:\/\/cubo.com.tr\/en\/wp-json\/wp\/v2\/types\/page"}],"author":[{"embeddable":true,"href":"https:\/\/cubo.com.tr\/en\/wp-json\/wp\/v2\/users\/2"}],"replies":[{"embeddable":true,"href":"https:\/\/cubo.com.tr\/en\/wp-json\/wp\/v2\/comments?post=8918"}],"version-history":[{"count":16,"href":"https:\/\/cubo.com.tr\/en\/wp-json\/wp\/v2\/pages\/8918\/revisions"}],"predecessor-version":[{"id":15274,"href":"https:\/\/cubo.com.tr\/en\/wp-json\/wp\/v2\/pages\/8918\/revisions\/15274"}],"wp:attachment":[{"href":"https:\/\/cubo.com.tr\/en\/wp-json\/wp\/v2\/media?parent=8918"}],"curies":[{"name":"wp","href":"https:\/\/api.w.org\/{rel}","templated":true}]}}